{"id":11106,"date":"2025-03-18T15:35:46","date_gmt":"2025-03-18T14:35:46","guid":{"rendered":"https:\/\/verdeblu.com\/?post_type=product&#038;p=11106"},"modified":"2026-02-12T16:54:54","modified_gmt":"2026-02-12T15:54:54","slug":"miti-one","status":"publish","type":"product","link":"https:\/\/verdeblu.com\/it\/miti-one\/","title":{"rendered":"Miti One"},"content":{"rendered":"<p><strong>Miti One <\/strong> \/ Caicco\/Motor Sailer con Equipaggio <\/p>\n<p>Progettato e realizzato da un team multinazionale in base alle esigenze di un Armatore con 40 anni di esperienza nella navigazione, &#8220;Miti One&#8221; combina gli standard di progettazione, gestione della costruzione e equipaggiamento dei superyacht con l&#8217;artigianato tradizionale turco e un funzionamento ecocompatibile.<\/p>\n<p>Costruito nel rinomato cantiere navale Oguz Marin (Roxstar, Regina), &#8220;Miti One&#8221; \u00e8 stato varato nel 2021. Con uno scafo costruito in acciaio di alta qualit\u00e0 e costruito secondo la classe RINA per la conformit\u00e0 con la navigazione commerciale estesa maltese per la navigazione a lungo raggio in sicurezza e comfort, \u00e8 stata posta particolare attenzione al funzionamento ecocompatibile, come i pannelli solari ad alte prestazioni, che offrono silenzio e silenziosit\u00e0 all&#8217;ancoraggio con aria condizionata in modalit\u00e0 di ventilazione ad aria fresca alimentata da batterie e sistema di trattamento delle acque reflue prima dello scarico delle acque reflue.<\/p>\n<p>Il suo ampio spazio esterno combina aree ombreggiate e prendisole e una grande piattaforma di poppa per un facile accesso al mare, da dove gli ospiti possono divertirsi con i numerosi giochi d&#8217;acqua disponibili. Miti One \u00e8 inoltre dotato di un comodo tender da 5,2 m con un potente motore fuoribordo per sci d&#8217;acqua e altri giochi trainabili.<\/p>\n<p><strong> Sistemazione Ospiti <\/strong>  &#8220;Miti One&#8221; offre un volume impressionante di 198GT e pu\u00f2 ospitare fino a 11 persone in una cabina armatoriale, 3 cabine doppie di cui una con letto pullman e una cabina doppia, ciascuna con bagno privato. Gli interni luminosi e minimalisti contemporanei combinano noce, rovere e teak con effetti di luci a LED, marmi bianchi e neri nei bagni e comodi mobili contemporanei nell&#8217;ampia zona giorno sul ponte principale. Il salone e le cabine sono dotati di TV e un impianto audio consente di riprodurre musica sia all&#8217;interno che all&#8217;esterno, mentre una connessione Internet marina Starlink consente una copertura Internet ad alta velocit\u00e0 in qualsiasi luogo, comprese le aree appartate.<\/p>\n<p><strong>Equipaggio<\/strong> &#8220;Miti One&#8221; \u00e8 gestito da un equipaggio esperto di 6 persone, tra cui uno chef formato in cucina gourmet occidentale che combiner\u00e0 con la creativit\u00e0 e i sapori della cucina mediterranea e ottomana per offrire agli ospiti la migliore esperienza culinaria. Il Capitano, Ali Demirtokat,che vanta ben oltre 30 anni di esperienza in mare, \u00e8 di nazionalit\u00e0 turca e parla fluentemente turco, francese e inglese. Ha partecipato anche alla costruzone e alla consegna della barca. Anche il resto dell&#8217;equipaggio \u00e8 di nazionalit\u00e0 turca<br \/>\n<a href=\"https:\/\/youtu.be\/iRfWdzDJvIY\" &quot;_blank target=\"_blank\" rel=\"noopener\">GUARDA IL VIDEO!<\/a><\/p>\n","protected":false},"excerpt":{"rendered":"<p><span style=\"font-weight: bold;\">Bassa Stagione:<\/span> 60.000 \u20ac\/sett<br \/>\n<span style=\"font-weight: bold;\">Alta Stagione:<\/span> 80.000 \u20ac\/sett<br \/>\n<span style=\"font-weight: bold;\">Lunghezza mt:<\/span> 34.00<br \/>\n<span style=\"font-weight: bold;\">Cabine:<\/span> 5<br \/>\n<span style=\"font-weight: bold;\">Tipo di Yacht:<\/span> Yacht a Vela, Caicco<br \/>\n<span style=\"font-weight: bold;\">Anno:<\/span> 2021<\/p>\n","protected":false},"featured_media":11107,"template":"","meta":{"site-sidebar-layout":"default","site-content-layout":"","ast-site-content-layout":"default","site-content-style":"default","site-sidebar-style":"default","ast-global-header-display":"","ast-banner-title-visibility":"","ast-main-header-display":"","ast-hfb-above-header-display":"","ast-hfb-below-header-display":"","ast-hfb-mobile-header-display":"","site-post-title":"","ast-breadcrumbs-content":"","ast-featured-img":"","footer-sml-layout":"","theme-transparent-header-meta":"default","adv-header-id-meta":"","stick-header-meta":"default","header-above-stick-meta":"","header-main-stick-meta":"","header-below-stick-meta":"","astra-migrate-meta-layouts":"set","ast-page-background-enabled":"default","ast-page-background-meta":{"desktop":{"background-color":"var(--ast-global-color-4)","background-image":"","background-repeat":"repeat","background-position":"center center","background-size":"auto","background-attachment":"scroll","background-type":"","background-media":"","overlay-type":"","overlay-color":"","overlay-opacity":"","overlay-gradient":""},"tablet":{"background-color":"","background-image":"","background-repeat":"repeat","background-position":"center center","background-size":"auto","background-attachment":"scroll","background-type":"","background-media":"","overlay-type":"","overlay-color":"","overlay-opacity":"","overlay-gradient":""},"mobile":{"background-color":"","background-image":"","background-repeat":"repeat","background-position":"center center","background-size":"auto","background-attachment":"scroll","background-type":"","background-media":"","overlay-type":"","overlay-color":"","overlay-opacity":"","overlay-gradient":""}},"ast-content-background-meta":{"desktop":{"background-color":"var(--ast-global-color-5)","background-image":"","background-repeat":"repeat","background-position":"center center","background-size":"auto","background-attachment":"scroll","background-type":"","background-media":"","overlay-type":"","overlay-color":"","overlay-opacity":"","overlay-gradient":""},"tablet":{"background-color":"var(--ast-global-color-5)","background-image":"","background-repeat":"repeat","background-position":"center center","background-size":"auto","background-attachment":"scroll","background-type":"","background-media":"","overlay-type":"","overlay-color":"","overlay-opacity":"","overlay-gradient":""},"mobile":{"background-color":"var(--ast-global-color-5)","background-image":"","background-repeat":"repeat","background-position":"center center","background-size":"auto","background-attachment":"scroll","background-type":"","background-media":"","overlay-type":"","overlay-color":"","overlay-opacity":"","overlay-gradient":""}},"_joinchat":[]},"product_cat":[792,61,62],"product_tag":[],"class_list":{"0":"post-11106","1":"product","2":"type-product","3":"status-publish","4":"has-post-thumbnail","6":"product_cat-marmaris","7":"product_cat-noleggio-yacht-grecia","8":"product_cat-noleggio-yacht-turchia","9":"pa_cantieri-oguz-marine","10":"pa_lunghezza-34-mt","11":"desktop-align-left","12":"tablet-align-left","13":"mobile-align-left","15":"first","16":"instock","17":"shipping-taxable","18":"product-type-simple"},"acf":[],"_links":{"self":[{"href":"https:\/\/verdeblu.com\/it\/wp-json\/wp\/v2\/product\/11106","targetHints":{"allow":["GET"]}}],"collection":[{"href":"https:\/\/verdeblu.com\/it\/wp-json\/wp\/v2\/product"}],"about":[{"href":"https:\/\/verdeblu.com\/it\/wp-json\/wp\/v2\/types\/product"}],"wp:featuredmedia":[{"embeddable":true,"href":"https:\/\/verdeblu.com\/it\/wp-json\/wp\/v2\/media\/11107"}],"wp:attachment":[{"href":"https:\/\/verdeblu.com\/it\/wp-json\/wp\/v2\/media?parent=11106"}],"wp:term":[{"taxonomy":"product_cat","embeddable":true,"href":"https:\/\/verdeblu.com\/it\/wp-json\/wp\/v2\/product_cat?post=11106"},{"taxonomy":"product_tag","embeddable":true,"href":"https:\/\/verdeblu.com\/it\/wp-json\/wp\/v2\/product_tag?post=11106"}],"curies":[{"name":"wp","href":"https:\/\/api.w.org\/{rel}","templated":true}]}}