{"id":11546,"date":"2025-04-26T13:09:01","date_gmt":"2025-04-26T11:09:01","guid":{"rendered":"https:\/\/verdeblu.com\/?post_type=product&#038;p=11546"},"modified":"2025-11-29T23:04:13","modified_gmt":"2025-11-29T22:04:13","slug":"sanlorenzo-vittoria","status":"publish","type":"product","link":"https:\/\/verdeblu.com\/it\/sanlorenzo-vittoria\/","title":{"rendered":"Sanlorenzo Vittoria"},"content":{"rendered":"<p><strong>Vittoria<\/strong> \/ Motor Yacht Sanlorenzo con Equipaggio a Noleggio<\/p>\n<p><strong>VITTORIA<\/strong>, Sanlorenzo, \u00e9 un sofisticato yacht a motore varato nel 2020.<br \/>\nSi tratta di un modello SL106 (Sanlorenzo 106) e combina lo stile e il design inconfondibili dei motor yacht Sanlorenzo.<br \/>\nIl salone sul ponte principale \u00e8 collegato alla sala da pranzo tramite un percorso che crea un forte legame di continuit\u00e0 spaziale. Il risultato \u00e8 una percezione completa della lunghezza dello yacht e una profondit\u00e0 di campo molto rara per yacht di dimensioni simili.<br \/>\nL&#8217;utilizzo di materiali naturali, come legno e marmo, conferisce un fascino molto semplice e raffinato.<br \/>\nLe ampie finestrature del salone offrono una piacevole vista dal tetto dello yacht e la terrazza apribile avvicina gli ospiti al mare.<\/p>\n<p><strong>Sistemazione ospiti<\/strong>: Il Sanlorenzo SL 106 Vittoria offre alloggio per un massimo di 10 ospiti in 5 cabine.<br \/>\nLa suite armatoriale sul ponte principale, tre cabine matrimoniali e una cabina doppia sul ponte inferiore. Tutte le cabine sono dotate di bagno privato. <\/p>\n<p><strong>Equipaggio<\/strong>: L&#8217;equipaggio di Vittoria, in maggioranza composto da italiani \u00e9 composto da 4 membri, il Capitano Maurizio Cleva, con un esperienza di 20 anni, ha navigato non solo nelMediterraneo, ma anche nei Caraibi, Sud America e nell\u00d3ceano Atlantico <\/p>\n<p>&nbsp;<\/p>\n","protected":false},"excerpt":{"rendered":"<p><span style=\"font-weight: bold;\">Bassa Stagione:<\/span> 100.000 \u20ac\/sett<br \/>\n<span style=\"font-weight: bold;\">Ala Stagione:<\/span> 115.000 \u20ac\/sett<br \/>\n<span style=\"font-weight: bold;\">Lunghezza:<\/span> mt 32.20<br \/>\n<span style=\"font-weight: bold;\">Cabine:<\/span> 5<br \/>\n<span style=\"font-weight: bold;\">Tipo di Yacht:<\/span> Motor Yacht<br \/>\n<span style=\"font-weight: bold;\">Anno:<\/span> 2020<br \/>\n<span style=\"font-weight: bold;\">Modello:<\/span> Sanlorenzo SL 106<br \/>\n<span style=\"font-weight: bold;\">Cantiere:<\/span> Sanlorenzo<\/p>\n","protected":false},"featured_media":11603,"template":"","meta":{"site-sidebar-layout":"default","site-content-layout":"","ast-site-content-layout":"default","site-content-style":"default","site-sidebar-style":"default","ast-global-header-display":"","ast-banner-title-visibility":"","ast-main-header-display":"","ast-hfb-above-header-display":"","ast-hfb-below-header-display":"","ast-hfb-mobile-header-display":"","site-post-title":"","ast-breadcrumbs-content":"","ast-featured-img":"","footer-sml-layout":"","theme-transparent-header-meta":"default","adv-header-id-meta":"","stick-header-meta":"default","header-above-stick-meta":"","header-main-stick-meta":"","header-below-stick-meta":"","astra-migrate-meta-layouts":"set","ast-page-background-enabled":"default","ast-page-background-meta":{"desktop":{"background-color":"var(--ast-global-color-4)","background-image":"","background-repeat":"repeat","background-position":"center center","background-size":"auto","background-attachment":"scroll","background-type":"","background-media":"","overlay-type":"","overlay-color":"","overlay-opacity":"","overlay-gradient":""},"tablet":{"background-color":"","background-image":"","background-repeat":"repeat","background-position":"center center","background-size":"auto","background-attachment":"scroll","background-type":"","background-media":"","overlay-type":"","overlay-color":"","overlay-opacity":"","overlay-gradient":""},"mobile":{"background-color":"","background-image":"","background-repeat":"repeat","background-position":"center center","background-size":"auto","background-attachment":"scroll","background-type":"","background-media":"","overlay-type":"","overlay-color":"","overlay-opacity":"","overlay-gradient":""}},"ast-content-background-meta":{"desktop":{"background-color":"var(--ast-global-color-5)","background-image":"","background-repeat":"repeat","background-position":"center center","background-size":"auto","background-attachment":"scroll","background-type":"","background-media":"","overlay-type":"","overlay-color":"","overlay-opacity":"","overlay-gradient":""},"tablet":{"background-color":"var(--ast-global-color-5)","background-image":"","background-repeat":"repeat","background-position":"center center","background-size":"auto","background-attachment":"scroll","background-type":"","background-media":"","overlay-type":"","overlay-color":"","overlay-opacity":"","overlay-gradient":""},"mobile":{"background-color":"var(--ast-global-color-5)","background-image":"","background-repeat":"repeat","background-position":"center center","background-size":"auto","background-attachment":"scroll","background-type":"","background-media":"","overlay-type":"","overlay-color":"","overlay-opacity":"","overlay-gradient":""}},"_joinchat":[]},"product_cat":[22,40],"product_tag":[],"class_list":{"0":"post-11546","1":"product","2":"type-product","3":"status-publish","4":"has-post-thumbnail","6":"product_cat-destinazioni-yacht","7":"product_cat-noleggio-yacht-mediterraneo","8":"pa_cantieri-sanlorenzo","9":"pa_lunghezza-32-mt","10":"desktop-align-left","11":"tablet-align-left","12":"mobile-align-left","14":"first","15":"instock","16":"shipping-taxable","17":"product-type-simple"},"acf":[],"_links":{"self":[{"href":"https:\/\/verdeblu.com\/it\/wp-json\/wp\/v2\/product\/11546","targetHints":{"allow":["GET"]}}],"collection":[{"href":"https:\/\/verdeblu.com\/it\/wp-json\/wp\/v2\/product"}],"about":[{"href":"https:\/\/verdeblu.com\/it\/wp-json\/wp\/v2\/types\/product"}],"wp:featuredmedia":[{"embeddable":true,"href":"https:\/\/verdeblu.com\/it\/wp-json\/wp\/v2\/media\/11603"}],"wp:attachment":[{"href":"https:\/\/verdeblu.com\/it\/wp-json\/wp\/v2\/media?parent=11546"}],"wp:term":[{"taxonomy":"product_cat","embeddable":true,"href":"https:\/\/verdeblu.com\/it\/wp-json\/wp\/v2\/product_cat?post=11546"},{"taxonomy":"product_tag","embeddable":true,"href":"https:\/\/verdeblu.com\/it\/wp-json\/wp\/v2\/product_tag?post=11546"}],"curies":[{"name":"wp","href":"https:\/\/api.w.org\/{rel}","templated":true}]}}