{"id":11615,"date":"2025-06-21T18:58:52","date_gmt":"2025-06-21T16:58:52","guid":{"rendered":"https:\/\/verdeblu.com\/?post_type=product&#038;p=11615"},"modified":"2025-06-21T19:03:31","modified_gmt":"2025-06-21T17:03:31","slug":"kar","status":"publish","type":"product","link":"https:\/\/verdeblu.com\/it\/kar\/","title":{"rendered":"Kar"},"content":{"rendered":"<p><strong>KAR<\/strong> \/ Yacht a Motore con Equipaggio a Noleggio <\/p>\n<p>Nessun cantiere incarna lo stile e l&#8217;eleganza italiana come Riva, il cantiere navale pi\u00f9 rinomato al mondo. E KAR, Riva Folgore 88,  ne \u00e8 l&#8217;esempio perfetto. L&#8217;imbarcazione \u00e8 stata meticolosamente realizzata nel 2021 e poi completamente ristrutturata nel 2024.<br \/>\nKAR cattura l&#8217;essenza di uno yacht flybridge sportivo e contemporaneo: un mix perfetto di potenza, design all&#8217;avanguardia e bellezza eccezionale. Lo yacht,  dotato di stabilizzatori zero-speed e di una gamma di dotazioni personalizzate, garantisce un&#8217;esperienza di lusso straordinaria.<br \/>\nIl salone luminoso e spazioso accoglie gli ospiti con ampie finestre e dettagli architettonici distintivi, offrendo un&#8217;accogliente zona salotto con un lussuoso divano e una zona pranzo con un grande tavolo che pu\u00f2 ospitare comodamente fino a 10 persone. TV 55&#8243; + Decoder.<br \/> Tutti i televisori di bordo offrono Spotify, Netflix, Amazon Prime, Apple TV, Now e Disney Channel. Pay-per-view disponibile su richiesta.<br \/>\nEssendo uno yacht sportivo con flybridge, KAR sfrutta appieno i suoi spazi esterni, tra cui un&#8217;accogliente zona pranzo a poppa con 8 posti a sedere, riparata da un bimini e tende laterali, ampie sedute e zone relax sul flybridge e un&#8217;ulteriore zona living a prua con tavolo e divano a C, riparata da una tenda personalizzata.<br \/>\nL&#8217;ampio beach club di poppa, dotato di una doccia molto confortevole, offre un facile accesso al mare.<\/p>\n<p><strong>Sistemazione ospiti<\/strong>. Con 4 cabine sul ponte inferiore, KAR pu\u00f2 ospitare fino a 8 persone, tutte sapientemente accudite da un equipaggio dedicato di 4 persone.<br \/>\n\u2013 L\u2019ampia suite armatoriale a tutto baglio vanta un letto king-size, un ampio bagno e una grande cabina armadio.<br \/>\n\u2013 Due suite VIP a prua dispongono di letti queen-size, con bagno privato.<br \/>\n\u2013 La cabina doppia per gli ospiti \u00e8 altrettanto spaziosa, con bagno privato e armadio.<br \/>\nSul ponte inferiore si trova  la cucina ben attrezzata.<br \/>\n<strong>Equipaggio<\/strong>: Kar ha 4 membri equipaggio guidati dall&#8217;esperto Com.te<br \/>\nArturo Arena, un appassionato uomo di mare di origini italiane e greche.<\/p>\n","protected":false},"excerpt":{"rendered":"<p><span style=\"font-weight: bold;\">Bassa Stagione:<\/span> 65.000 \u20ac\/sett<br \/>\n<span style=\"font-weight: bold;\">Alta Stagione:<\/span> 75.000 \u20ac\/sett<br \/>\n<span style=\"font-weight: bold;\">Lunghezza mt:<\/span> 26.92<br \/>\n<span style=\"font-weight: bold;\">Cabine:<\/span> 4<br \/>\n<span style=\"font-weight: bold;\">Tipo di Yacht:<\/span> Motor Yacht<br \/>\n<span style=\"font-weight: bold;\">Anno:<\/span> 2021 &#8211; Refit 2024<br \/>\n<span style=\"font-weight: bold;\">Modello:<\/span> Riva Folgore 88<br \/>\n<span style=\"font-weight: bold;\">Cantiere:<\/span> Riva<\/p>\n","protected":false},"featured_media":11616,"template":"","meta":{"site-sidebar-layout":"default","site-content-layout":"","ast-site-content-layout":"default","site-content-style":"default","site-sidebar-style":"default","ast-global-header-display":"","ast-banner-title-visibility":"","ast-main-header-display":"","ast-hfb-above-header-display":"","ast-hfb-below-header-display":"","ast-hfb-mobile-header-display":"","site-post-title":"","ast-breadcrumbs-content":"","ast-featured-img":"","footer-sml-layout":"","theme-transparent-header-meta":"default","adv-header-id-meta":"","stick-header-meta":"default","header-above-stick-meta":"","header-main-stick-meta":"","header-below-stick-meta":"","astra-migrate-meta-layouts":"set","ast-page-background-enabled":"default","ast-page-background-meta":{"desktop":{"background-color":"var(--ast-global-color-4)","background-image":"","background-repeat":"repeat","background-position":"center center","background-size":"auto","background-attachment":"scroll","background-type":"","background-media":"","overlay-type":"","overlay-color":"","overlay-opacity":"","overlay-gradient":""},"tablet":{"background-color":"","background-image":"","background-repeat":"repeat","background-position":"center center","background-size":"auto","background-attachment":"scroll","background-type":"","background-media":"","overlay-type":"","overlay-color":"","overlay-opacity":"","overlay-gradient":""},"mobile":{"background-color":"","background-image":"","background-repeat":"repeat","background-position":"center center","background-size":"auto","background-attachment":"scroll","background-type":"","background-media":"","overlay-type":"","overlay-color":"","overlay-opacity":"","overlay-gradient":""}},"ast-content-background-meta":{"desktop":{"background-color":"var(--ast-global-color-5)","background-image":"","background-repeat":"repeat","background-position":"center center","background-size":"auto","background-attachment":"scroll","background-type":"","background-media":"","overlay-type":"","overlay-color":"","overlay-opacity":"","overlay-gradient":""},"tablet":{"background-color":"var(--ast-global-color-5)","background-image":"","background-repeat":"repeat","background-position":"center center","background-size":"auto","background-attachment":"scroll","background-type":"","background-media":"","overlay-type":"","overlay-color":"","overlay-opacity":"","overlay-gradient":""},"mobile":{"background-color":"var(--ast-global-color-5)","background-image":"","background-repeat":"repeat","background-position":"center center","background-size":"auto","background-attachment":"scroll","background-type":"","background-media":"","overlay-type":"","overlay-color":"","overlay-opacity":"","overlay-gradient":""}},"_joinchat":[]},"product_cat":[1123,76,128,90,22,89,56,772,92,91,47],"product_tag":[819,522,863],"class_list":{"0":"post-11615","1":"product","2":"type-product","3":"status-publish","4":"has-post-thumbnail","6":"product_cat-noleggio-yacht-capri","7":"product_cat-noleggio-yacht-costa-azzurra","8":"product_cat-noleggio-yacht-costa-smeralda","9":"product_cat-noleggio-yacht-costiera-amalfitana","10":"product_cat-destinazioni-yacht","11":"product_cat-noleggio-yacht-isole-pontine","12":"product_cat-noleggio-yacht-italia","13":"product_cat-noleggio-yacht-porto-cervo","14":"product_cat-noleggio-yacht-sardegna","15":"product_cat-noleggio-yacht-sicilia","16":"product_cat-noleggio-yacht-motore","17":"product_tag-charter","18":"product_tag-yacht-a-motore","19":"product_tag-yacht-a-noleggio","20":"pa_cantieri-riva","21":"pa_lunghezza-26-mt","22":"desktop-align-left","23":"tablet-align-left","24":"mobile-align-left","26":"first","27":"instock","28":"shipping-taxable","29":"product-type-simple"},"acf":[],"_links":{"self":[{"href":"https:\/\/verdeblu.com\/it\/wp-json\/wp\/v2\/product\/11615","targetHints":{"allow":["GET"]}}],"collection":[{"href":"https:\/\/verdeblu.com\/it\/wp-json\/wp\/v2\/product"}],"about":[{"href":"https:\/\/verdeblu.com\/it\/wp-json\/wp\/v2\/types\/product"}],"wp:featuredmedia":[{"embeddable":true,"href":"https:\/\/verdeblu.com\/it\/wp-json\/wp\/v2\/media\/11616"}],"wp:attachment":[{"href":"https:\/\/verdeblu.com\/it\/wp-json\/wp\/v2\/media?parent=11615"}],"wp:term":[{"taxonomy":"product_cat","embeddable":true,"href":"https:\/\/verdeblu.com\/it\/wp-json\/wp\/v2\/product_cat?post=11615"},{"taxonomy":"product_tag","embeddable":true,"href":"https:\/\/verdeblu.com\/it\/wp-json\/wp\/v2\/product_tag?post=11615"}],"curies":[{"name":"wp","href":"https:\/\/api.w.org\/{rel}","templated":true}]}}