{"id":11621,"date":"2025-11-24T13:12:16","date_gmt":"2025-11-24T12:12:16","guid":{"rendered":"https:\/\/verdeblu.com\/?post_type=product&#038;p=11621"},"modified":"2025-12-01T21:26:44","modified_gmt":"2025-12-01T20:26:44","slug":"swan-resilient-4","status":"publish","type":"product","link":"https:\/\/verdeblu.com\/it\/swan-resilient-4\/","title":{"rendered":"Swan Resilient 4"},"content":{"rendered":"<p><strong>RESILIENT 4 <\/strong> \/ Yacht a Vela con Equipaggio a Noleggio <\/p>\n<p>Resilient4 \u00e8 un magnifico Yacht a Vela costruito nel 2024 da Nautor&#8217;s Swan, per offrire avventure a vela senza pari.<br \/>\nLo yacht a vela &#8216;Resilient 4&#8217;, lungo 23,99 m\/78&#8217;8&#8243;, \u00e8 un nuovo, eccellente superyacht per il mercato del charter di lusso. Consegnato dal cantiere finlandese Nautor Swan e con interni progettati dallo Studio designer americano Nauta Yachts,<br \/>\nLa barca offre prestazioni di navigazione eccezionali,comodi spazi in coperta per una magica vita all&#8217;aperto.<br \/>\nResilient 4 \u00e8 la scelta perfetta per chi cerca prestazioni, lusso e un design senza tempo in mare aperto e comfort e intrattenimento a bordo. Resilient 4 \u00e8 costruito con uno scafo e una sovrastruttura in vetroresina. Resilient 4 naviga comodamente a 9 nodi. <br \/>\nGli interni contemporanei ed eleganti creano un&#8217;atmosfera serena e accogliente, fondendo un&#8217;estetica moderna con il massimo del comfort.<br \/>\nQualunque siano le vostre attivit\u00e0 a bordo, scoprirete che alcune funzionalit\u00e0 straordinarie sono perfettamente integrate per aiutarvi, in particolare la connettivit\u00e0 Wi-Fi, che vi permetter\u00e0 di rimanere connesso in ogni momento, se lo desiderate..<br \/> Dotato di una selezione di giochi d&#8217;acqua, Resilient 4 permette a voi e ai vostri ospiti di trasformare il Mediterraneo nel vostro parco giochi privato. Tra questi, il principale \u00e8 lo sci nautico, estremamente divertente sia per i principianti che per i professionisti pi\u00f9 esperti. \u00c8 inoltre disponibile un SEABOB per navigare e immergersi in tutta agilit\u00e0 e  un wakeboard per consentire agli ospiti di sfoggiare velocit\u00e0.<br \/>\nQuando \u00e8 il momento di spostarsi dalla terraferma al mare, non potrebbe essere pi\u00f9 facile con un Williams Jet Tenders da 3,3 m\/10&#8217;10&#8221;.<br<<\/p>\n<p>Ospitato nelle magiche acque del Mediterraneo tutto l&#8217;anno, Resilient 4 \u00e8 pronto per il vostro prossimo noleggio di uno yacht di lusso. Lasciate che Resilient 4 scopra per voi  luoghi magici, il cibo e le esperienze del Mediterraneo.<br \/>\n<strong>Sistemazione Ospiti <\/strong>:  Progettato con eleganza e precisione, lo yacht dispone di 3 lussuose cabine, che possono ospitare comodamente fino a 6 persone, insieme a 3 membri dell&#8217;equipaggio altamente qualificati.  <br \/>\n<strong>Equipaggio <\/strong><br \/> : Pu\u00f2 ospitare fino a 3 membri dell&#8217;equipaggio a bordo , per garantire un&#8217;esperienza di noleggio di yacht di lusso all&#8217;insegna del relax. L&#8217;equiaggo \u00e8 italiano e il comandante, Enrico Mastroianni, nonostante la giovane et\u00e0 vanta gi\u00e0 una notevole esperienza di navigazione.<\/p>\n","protected":false},"excerpt":{"rendered":"<p><span style=\"font-weight: bold;\">Bassa Stagione:<\/span> 38.000 \u20ac\/sett<br \/>\n<span style=\"font-weight: bold;\">Alta Stagione:<\/span> 42.000  \u20ac\/sett<br \/>\n<span style=\"font-weight: bold;\">Lunghezza mt:<\/span> 23,99<br \/>\n<span style=\"font-weight: bold;\">Cabine:<\/span> 3<br \/>\n<span style=\"font-weight: bold;\">Tipo di Yacht:<\/span>Performance Sailing yacht<br \/>\n<span style=\"font-weight: bold;\">Anno:<\/span> 2024<br \/>\n<span style=\"font-weight: bold;\">Designer:<\/span> German Freers<br \/>\n<span style=\"font-weight: bold;\">Cantiere:<\/span> Nautor Swan<\/p>\n","protected":false},"featured_media":11725,"template":"","meta":{"site-sidebar-layout":"default","site-content-layout":"","ast-site-content-layout":"default","site-content-style":"default","site-sidebar-style":"default","ast-global-header-display":"","ast-banner-title-visibility":"","ast-main-header-display":"","ast-hfb-above-header-display":"","ast-hfb-below-header-display":"","ast-hfb-mobile-header-display":"","site-post-title":"","ast-breadcrumbs-content":"","ast-featured-img":"","footer-sml-layout":"","theme-transparent-header-meta":"default","adv-header-id-meta":"","stick-header-meta":"default","header-above-stick-meta":"","header-main-stick-meta":"","header-below-stick-meta":"","astra-migrate-meta-layouts":"set","ast-page-background-enabled":"default","ast-page-background-meta":{"desktop":{"background-color":"var(--ast-global-color-4)","background-image":"","background-repeat":"repeat","background-position":"center center","background-size":"auto","background-attachment":"scroll","background-type":"","background-media":"","overlay-type":"","overlay-color":"","overlay-opacity":"","overlay-gradient":""},"tablet":{"background-color":"","background-image":"","background-repeat":"repeat","background-position":"center center","background-size":"auto","background-attachment":"scroll","background-type":"","background-media":"","overlay-type":"","overlay-color":"","overlay-opacity":"","overlay-gradient":""},"mobile":{"background-color":"","background-image":"","background-repeat":"repeat","background-position":"center center","background-size":"auto","background-attachment":"scroll","background-type":"","background-media":"","overlay-type":"","overlay-color":"","overlay-opacity":"","overlay-gradient":""}},"ast-content-background-meta":{"desktop":{"background-color":"var(--ast-global-color-5)","background-image":"","background-repeat":"repeat","background-position":"center center","background-size":"auto","background-attachment":"scroll","background-type":"","background-media":"","overlay-type":"","overlay-color":"","overlay-opacity":"","overlay-gradient":""},"tablet":{"background-color":"var(--ast-global-color-5)","background-image":"","background-repeat":"repeat","background-position":"center center","background-size":"auto","background-attachment":"scroll","background-type":"","background-media":"","overlay-type":"","overlay-color":"","overlay-opacity":"","overlay-gradient":""},"mobile":{"background-color":"var(--ast-global-color-5)","background-image":"","background-repeat":"repeat","background-position":"center center","background-size":"auto","background-attachment":"scroll","background-type":"","background-media":"","overlay-type":"","overlay-color":"","overlay-opacity":"","overlay-gradient":""}},"_joinchat":[]},"product_cat":[1123,76,128,90,22,56,1137,772,92,91,46],"product_tag":[],"class_list":{"0":"post-11621","1":"product","2":"type-product","3":"status-publish","4":"has-post-thumbnail","6":"product_cat-noleggio-yacht-capri","7":"product_cat-noleggio-yacht-costa-azzurra","8":"product_cat-noleggio-yacht-costa-smeralda","9":"product_cat-noleggio-yacht-costiera-amalfitana","10":"product_cat-destinazioni-yacht","11":"product_cat-noleggio-yacht-italia","12":"product_cat-noleggio-yacht-monaco","13":"product_cat-noleggio-yacht-porto-cervo","14":"product_cat-noleggio-yacht-sardegna","15":"product_cat-noleggio-yacht-sicilia","16":"product_cat-noleggio-yacht-vela","17":"pa_cantieri-nautors-swan","18":"pa_lunghezza-24-mt","19":"desktop-align-left","20":"tablet-align-left","21":"mobile-align-left","23":"first","24":"instock","25":"shipping-taxable","26":"product-type-simple"},"acf":[],"_links":{"self":[{"href":"https:\/\/verdeblu.com\/it\/wp-json\/wp\/v2\/product\/11621","targetHints":{"allow":["GET"]}}],"collection":[{"href":"https:\/\/verdeblu.com\/it\/wp-json\/wp\/v2\/product"}],"about":[{"href":"https:\/\/verdeblu.com\/it\/wp-json\/wp\/v2\/types\/product"}],"wp:featuredmedia":[{"embeddable":true,"href":"https:\/\/verdeblu.com\/it\/wp-json\/wp\/v2\/media\/11725"}],"wp:attachment":[{"href":"https:\/\/verdeblu.com\/it\/wp-json\/wp\/v2\/media?parent=11621"}],"wp:term":[{"taxonomy":"product_cat","embeddable":true,"href":"https:\/\/verdeblu.com\/it\/wp-json\/wp\/v2\/product_cat?post=11621"},{"taxonomy":"product_tag","embeddable":true,"href":"https:\/\/verdeblu.com\/it\/wp-json\/wp\/v2\/product_tag?post=11621"}],"curies":[{"name":"wp","href":"https:\/\/api.w.org\/{rel}","templated":true}]}}