{"id":1200,"date":"2023-11-08T11:24:18","date_gmt":"2023-11-08T10:24:18","guid":{"rendered":"https:\/\/nuovo.verdeblu.com\/?post_type=product&#038;p=1200"},"modified":"2024-10-29T20:57:11","modified_gmt":"2024-10-29T19:57:11","slug":"bold","status":"publish","type":"product","link":"https:\/\/verdeblu.com\/it\/bold\/","title":{"rendered":"Bold"},"content":{"rendered":"<p>Aree invernali: Doha, Qatar &#8211; 2022 FIFA Word Cup &#8211; Maldive<br \/>\nBOLD \u00e8 il quinto, pi\u00f9 grande e pi\u00f9 recente superyacht in costruzione dal principale cantiere australiano di yacht di lusso SILVERYACHTS.<br \/>\nLo yacht unisce l&#8217; efficienza del leader mondiale e la supremazia tecnica. Lavorando in collaborazione con rinomati yacht designer, Espen \u00d8ino, Silver Yachts mette in mostra la flessibilit\u00e0 unica delle loro efficienti piattaforme<br \/>\nAccomodation BOLD offre 8 cabine ospiti che comprendono una suite armatoriale, tre VIP cabine ospiti e quattro cabine ospiti doppie. La suite armatoriale comprende a cabina armatoriale con bagno privato per Lui e per Lei e un salone privato con accesso diretto ponti esterni.<br \/>\nQuesto straordinario Explorer Yacht \u00e8 completo di piattaforma per elicotteri, ampia gamma dei water toys e una gran quantit\u00e0 di tenders.<br \/>\nQuesto Mega Yacht di lusso \u00e9 ideale per gruppi di familiari e amici,<br \/>\nEquipaggio Capitano + 19 membri dell&#8217;equipaggio.<\/p>\n","protected":false},"excerpt":{"rendered":"<p><span style=\"font-weight: bold;\">Bassa Stagione:<\/span> 875.000 \u20ac\/sett<br \/>\n<span style=\"font-weight: bold;\">Alta Stagione:<\/span> 875.000 \u20ac\/sett<br \/>\n<span style=\"font-weight: bold;\">Lunghezza mt:<\/span> 85.3<br \/>\n<span style=\"font-weight: bold;\">Cabine:<\/span> 8<br \/>\n<span style=\"font-weight: bold;\">Tipo di Yacht:<\/span> Explorer Yacht<br \/>\n<span style=\"font-weight: bold;\">Anno:<\/span> 2019<br \/>\n<span style=\"font-weight: bold;\">Modello:<\/span><br \/>\n<span style=\"font-weight: bold;\">Cantiere:<\/span> Silver Yachts<\/p>\n","protected":false},"featured_media":1204,"template":"","meta":{"site-sidebar-layout":"default","site-content-layout":"","ast-site-content-layout":"default","site-content-style":"default","site-sidebar-style":"default","ast-global-header-display":"","ast-banner-title-visibility":"","ast-main-header-display":"","ast-hfb-above-header-display":"","ast-hfb-below-header-display":"","ast-hfb-mobile-header-display":"","site-post-title":"","ast-breadcrumbs-content":"","ast-featured-img":"","footer-sml-layout":"","theme-transparent-header-meta":"default","adv-header-id-meta":"","stick-header-meta":"default","header-above-stick-meta":"","header-main-stick-meta":"","header-below-stick-meta":"","astra-migrate-meta-layouts":"set","ast-page-background-enabled":"default","ast-page-background-meta":{"desktop":{"background-color":"var(--ast-global-color-4)","background-image":"","background-repeat":"repeat","background-position":"center center","background-size":"auto","background-attachment":"scroll","background-type":"","background-media":"","overlay-type":"","overlay-color":"","overlay-opacity":"","overlay-gradient":""},"tablet":{"background-color":"","background-image":"","background-repeat":"repeat","background-position":"center center","background-size":"auto","background-attachment":"scroll","background-type":"","background-media":"","overlay-type":"","overlay-color":"","overlay-opacity":"","overlay-gradient":""},"mobile":{"background-color":"","background-image":"","background-repeat":"repeat","background-position":"center center","background-size":"auto","background-attachment":"scroll","background-type":"","background-media":"","overlay-type":"","overlay-color":"","overlay-opacity":"","overlay-gradient":""}},"ast-content-background-meta":{"desktop":{"background-color":"var(--ast-global-color-5)","background-image":"","background-repeat":"repeat","background-position":"center center","background-size":"auto","background-attachment":"scroll","background-type":"","background-media":"","overlay-type":"","overlay-color":"","overlay-opacity":"","overlay-gradient":""},"tablet":{"background-color":"var(--ast-global-color-5)","background-image":"","background-repeat":"repeat","background-position":"center center","background-size":"auto","background-attachment":"scroll","background-type":"","background-media":"","overlay-type":"","overlay-color":"","overlay-opacity":"","overlay-gradient":""},"mobile":{"background-color":"var(--ast-global-color-5)","background-image":"","background-repeat":"repeat","background-position":"center center","background-size":"auto","background-attachment":"scroll","background-type":"","background-media":"","overlay-type":"","overlay-color":"","overlay-opacity":"","overlay-gradient":""}},"_joinchat":[]},"product_cat":[22,43,45],"product_tag":[499],"class_list":{"0":"post-1200","1":"product","2":"type-product","3":"status-publish","4":"has-post-thumbnail","6":"product_cat-destinazioni-yacht","7":"product_cat-noleggio-yacht-oceano-indiano","8":"product_cat-tipologie-yacht","9":"product_tag-oltre-50mt","10":"pa_cantieri-silver-yachts","11":"pa_lunghezza-85-mt","12":"desktop-align-left","13":"tablet-align-left","14":"mobile-align-left","16":"first","17":"instock","18":"shipping-taxable","19":"product-type-simple"},"acf":[],"_links":{"self":[{"href":"https:\/\/verdeblu.com\/it\/wp-json\/wp\/v2\/product\/1200","targetHints":{"allow":["GET"]}}],"collection":[{"href":"https:\/\/verdeblu.com\/it\/wp-json\/wp\/v2\/product"}],"about":[{"href":"https:\/\/verdeblu.com\/it\/wp-json\/wp\/v2\/types\/product"}],"wp:featuredmedia":[{"embeddable":true,"href":"https:\/\/verdeblu.com\/it\/wp-json\/wp\/v2\/media\/1204"}],"wp:attachment":[{"href":"https:\/\/verdeblu.com\/it\/wp-json\/wp\/v2\/media?parent=1200"}],"wp:term":[{"taxonomy":"product_cat","embeddable":true,"href":"https:\/\/verdeblu.com\/it\/wp-json\/wp\/v2\/product_cat?post=1200"},{"taxonomy":"product_tag","embeddable":true,"href":"https:\/\/verdeblu.com\/it\/wp-json\/wp\/v2\/product_tag?post=1200"}],"curies":[{"name":"wp","href":"https:\/\/api.w.org\/{rel}","templated":true}]}}