{"id":12100,"date":"2025-08-02T21:58:41","date_gmt":"2025-08-02T19:58:41","guid":{"rendered":"https:\/\/verdeblu.com\/?post_type=product&#038;p=12100"},"modified":"2026-01-22T16:24:43","modified_gmt":"2026-01-22T15:24:43","slug":"full-moon","status":"publish","type":"product","link":"https:\/\/verdeblu.com\/it\/full-moon\/","title":{"rendered":"Full Moon"},"content":{"rendered":"<p><strong>FULL MOON<\/strong> \/ Noleggio Catamarano Moon a Vela  Eco Sostenibile<\/p>\n<p><strong>FULL MOON<\/strong>&#8220;FULL MOON&#8221;, Il primo esemplare della nuova serie MOON 60 SAIL Gen. 2, un mix straordinario di design all&#8217;avanguardia e comfort raffinato. Consegnato nell&#8217;agosto 2024 come esclusivo yacht dimostrativo del cantiere, FULL MOON ha onorato solo i saloni nautici pi\u00f9 prestigiosi.<\/p>\n<p>Dai ponti rivestiti in teak e dall&#8217;ampio salone con vetrate a tutta altezza, alle finiture in legno su misura, alle superfici in quarzo e agli inserti in pelle, ogni dettaglio \u00e8 stato attentamente studiato. Soffici divani, rivestimenti di lusso ed elementi decorativi creano un&#8217;atmosfera calda e accogliente.<\/p>\n<p>FULL MOON \u00e8 progettato per una navigazione entusiasmante e una manovrabilit\u00e0 senza sforzo. Dotata di un elegante albero e boma in alluminio verniciato nero, vele Hydranet e un avanzato sistema di avvolgimento elettrico, offre prestazioni fluide in tutte le condizioni. Due motori Yanmar da 110 CV, eliche di prua ed eliche pieghevoli garantiscono manovre precise e navigazioni a lungo raggio.<\/p>\n<p>Naviga in tutta sicurezza grazie alla suite elettronica di alto livello dello yacht, che include chart plotter, radar, pilota automatico, AIS e una telecamera di parcheggio a 360 gradi. Un sistema Wi-Fi 5G\/LTE ti mantiene connesso ovunque nel mondo.<\/p>\n<p>Un sistema di aria condizionata completo, un impianto audio JL Audio premium con subwoofer e una TV da 65 pollici rendono il relax e l&#8217;intrattenimento semplicissimi. La cucina ben attrezzata include due frigoriferi, una cantinetta vino, una macchina per il ghiaccio e una lavastoviglie.<\/p>\n<p>Godetevi la vita all&#8217;aperto con un ampio flybridge dotato di bar, frigorifero, macchina per il ghiaccio e tavolini. <br \/>La piattaforma idraulica consente un facile accesso al tender, mentre l&#8217;ampio pozzetto offre lo spazio perfetto per pranzi e cene all&#8217;aperto e per socializzare. Di notte, l&#8217;illuminazione subacquea RGBW aggiunge un tocco magico all&#8217;ambiente circostante.<\/p>\n<p><strong>Sistemazione Ospiti<\/strong>: Con una capienza massima di 10 ospiti in 5 cabine splendidamente arredate, tra cui una lussuosa suite armatoriale e una cabina VIP, FULL MOON \u00e8 un&#8217;oasi di eleganza e privacy. Ogni cabina dispone di bagno privato, mentre gli alloggi separati per l&#8217;equipaggio garantiscono un servizio di prima qualit\u00e0 a bordo. La cucina centrale \u00e8 dotata di elettrodomestici di alta qualit\u00e0, perfetta per esperienze culinarie gourmet.<\/p>\n<p><strong>Equipaggio<\/strong>: Con un equipaggio dedicato di quattro persone che offre un servizio di prim&#8217;ordine, una cucina premium e un&#8217;esperta abilit\u00e0 marinara, la tua vacanza \u00e8 nelle migliori mani.<\/p>\n<p><strong>Itinerario 2025 <\/strong>: <br \/>\nFULL MOON \u00e8 uno yacht a noleggio di lusso con base a Palma, disponibile per crociere a Ibiza con un supplemento. Godetevi un comfort elegante, un servizio eccellente e indimenticabili avventure alle Baleari.<\/p>\n<p><a href=\"https:\/\/vimeo.com\/1095858153?share=copy\" target=\"_blank\" rel=\"noopener\">GUARDA QUI IL VIDEO DI FULL MOON<\/a><br \/>\n&nbsp;<\/p>\n","protected":false},"excerpt":{"rendered":"<p><span style=\"font-weight: bold;\">Bassa Stagione<\/span> 37.000\u20ac\/sett-<br \/>\n<span style=\"font-weight: bold;\">Alta Stagione:<\/span> 45.000\u20ac\/sett-<br \/>\n<span style=\"font-weight: bold;\">Lungh mt:<\/span> 19.33 metri (63&#8242; 5&#8243;)<br \/>\n<span style=\"font-weight: bold;\">Cabine:<\/span> 5 &#8211; <strong>Equipaggio <\/strong> 3<br \/>\n<span style=\"font-weight: bold;\">Tipo di Yacht:<\/span> Catamarano Eco Sostenibile a Vela<br \/>\n<span style=\"font-weight: bold;\">Anno:<\/span> 2024<br \/>\n<span style=\"font-weight: bold;\">Cantiere: <\/span> Moon Yacht<\/p>\n","protected":false},"featured_media":12204,"template":"","meta":{"site-sidebar-layout":"default","site-content-layout":"","ast-site-content-layout":"default","site-content-style":"default","site-sidebar-style":"default","ast-global-header-display":"","ast-banner-title-visibility":"","ast-main-header-display":"","ast-hfb-above-header-display":"","ast-hfb-below-header-display":"","ast-hfb-mobile-header-display":"","site-post-title":"","ast-breadcrumbs-content":"","ast-featured-img":"","footer-sml-layout":"","theme-transparent-header-meta":"default","adv-header-id-meta":"","stick-header-meta":"default","header-above-stick-meta":"","header-main-stick-meta":"","header-below-stick-meta":"","astra-migrate-meta-layouts":"set","ast-page-background-enabled":"default","ast-page-background-meta":{"desktop":{"background-color":"var(--ast-global-color-4)","background-image":"","background-repeat":"repeat","background-position":"center center","background-size":"auto","background-attachment":"scroll","background-type":"","background-media":"","overlay-type":"","overlay-color":"","overlay-opacity":"","overlay-gradient":""},"tablet":{"background-color":"","background-image":"","background-repeat":"repeat","background-position":"center center","background-size":"auto","background-attachment":"scroll","background-type":"","background-media":"","overlay-type":"","overlay-color":"","overlay-opacity":"","overlay-gradient":""},"mobile":{"background-color":"","background-image":"","background-repeat":"repeat","background-position":"center center","background-size":"auto","background-attachment":"scroll","background-type":"","background-media":"","overlay-type":"","overlay-color":"","overlay-opacity":"","overlay-gradient":""}},"ast-content-background-meta":{"desktop":{"background-color":"var(--ast-global-color-5)","background-image":"","background-repeat":"repeat","background-position":"center center","background-size":"auto","background-attachment":"scroll","background-type":"","background-media":"","overlay-type":"","overlay-color":"","overlay-opacity":"","overlay-gradient":""},"tablet":{"background-color":"var(--ast-global-color-5)","background-image":"","background-repeat":"repeat","background-position":"center center","background-size":"auto","background-attachment":"scroll","background-type":"","background-media":"","overlay-type":"","overlay-color":"","overlay-opacity":"","overlay-gradient":""},"mobile":{"background-color":"var(--ast-global-color-5)","background-image":"","background-repeat":"repeat","background-position":"center center","background-size":"auto","background-attachment":"scroll","background-type":"","background-media":"","overlay-type":"","overlay-color":"","overlay-opacity":"","overlay-gradient":""}},"_joinchat":[]},"product_cat":[48,837,85,84,836,40,92,46],"product_tag":[519,1048,498,521,1082,842,523,1102,520],"class_list":{"0":"post-12100","1":"product","2":"type-product","3":"status-publish","4":"has-post-thumbnail","6":"product_cat-catamarano-noleggio","7":"product_cat-noleggio-yacht-formentera","8":"product_cat-noleggio-yacht-ibiza","9":"product_cat-noleggio-yacht-isole-baleari","10":"product_cat-noleggio-yacht-maiorca","11":"product_cat-noleggio-yacht-mediterraneo","12":"product_cat-noleggio-yacht-sardegna","13":"product_cat-noleggio-yacht-vela","14":"product_tag-catamarano","15":"product_tag-catamarano-motore","16":"product_tag-34mt-50mt","17":"product_tag-mega-yacht","18":"product_tag-pannelli-solari","19":"product_tag-superyacht","20":"product_tag-yacht-a-vela","21":"product_tag-yacht-con-equipaggio","22":"product_tag-yacht-green","23":"pa_cantieri-moon-yacht","24":"pa_lunghezza-19-mt","25":"desktop-align-left","26":"tablet-align-left","27":"mobile-align-left","29":"first","30":"instock","31":"shipping-taxable","32":"product-type-simple"},"acf":[],"_links":{"self":[{"href":"https:\/\/verdeblu.com\/it\/wp-json\/wp\/v2\/product\/12100","targetHints":{"allow":["GET"]}}],"collection":[{"href":"https:\/\/verdeblu.com\/it\/wp-json\/wp\/v2\/product"}],"about":[{"href":"https:\/\/verdeblu.com\/it\/wp-json\/wp\/v2\/types\/product"}],"wp:featuredmedia":[{"embeddable":true,"href":"https:\/\/verdeblu.com\/it\/wp-json\/wp\/v2\/media\/12204"}],"wp:attachment":[{"href":"https:\/\/verdeblu.com\/it\/wp-json\/wp\/v2\/media?parent=12100"}],"wp:term":[{"taxonomy":"product_cat","embeddable":true,"href":"https:\/\/verdeblu.com\/it\/wp-json\/wp\/v2\/product_cat?post=12100"},{"taxonomy":"product_tag","embeddable":true,"href":"https:\/\/verdeblu.com\/it\/wp-json\/wp\/v2\/product_tag?post=12100"}],"curies":[{"name":"wp","href":"https:\/\/api.w.org\/{rel}","templated":true}]}}