{"id":12269,"date":"2025-10-07T21:27:49","date_gmt":"2025-10-07T19:27:49","guid":{"rendered":"https:\/\/verdeblu.com\/?post_type=product&#038;p=12269"},"modified":"2025-10-08T08:19:32","modified_gmt":"2025-10-08T06:19:32","slug":"good-life","status":"publish","type":"product","link":"https:\/\/verdeblu.com\/it\/good-life\/","title":{"rendered":"Good Life"},"content":{"rendered":"<p><strong>GOOD LIFE<\/strong>\/ Caicco a motore e\/o a vela a Noleggio <\/p>\n<p><strong>GOOD LIFE<\/strong>,\u00e8 uno yacht moderno, varato nel 2021 con il nome di PURA VIDA e ha una lunghezza di 35 mt.<br \/>\nIl Caicco Good Life \u00e8 disponibile per il noleggio, in particolare in Grecia con base ad Atene.<br \/>\nSi tratta di un caicco (o gulet) costruito nel 2021 e rinnovato nel 2025 che pu\u00f2 ospitare fino a 10 persone e offre un&#8217;ampia gamma di comfort e attrezzature per gli sport acquatici, come jet ski e attrezzatura per lo snorkeling. Dispone inoltre di un Deck Jacuzzi, aria condizionata e connessione wi-fi satellitare. Tra i conforts ricordiamo: una splendida vasca ad idromassaggio Jacuzzi sul ponte, il comodo flybridge e la lunga lista di giochi d&#8217;acqua tra cui 2 moto d&#8217;acqua, 2 Seabob, Ringo, kayak, sup, banana, sci d&#8217;acqua (adulti e bambini), wakeboard, kneeboard.\n<\/p>\n<p><strong>Sistemazione Ospiti<\/strong>:<br \/>\nPu\u00f2 ospitare fino a 10 persone pi\u00f9 6 ospiti aggiuntivi. Dispone di 5 cabine doppie di cui 4 con Queen Beds (1 master + 4 double) con 5 bagni e servizi come aria condizionata, TV LED, sistema audio e connessione Wi-Fi. .<\/p>\n<p><strong>Equipaggio<\/strong>: L&#8217;equipaggio \u00e8 composto da 6 membri di nazionalit\u00e0 turca. Il capitano Veysel Bozuyuk \u00e8 turco. <\/p>\n<p><a href=\"https:\/\/www.youtube.com\/watch?v=gvKLEdwmwWA\" target=\"_blank\" rel=\"noopener\"> GUARDA IL VIDEO <\/a><\/p>\n","protected":false},"excerpt":{"rendered":"<p><span style=\"font-weight: bold\">Bassa Stagione:<\/span> \u20ac50.000\/sett<br \/>\n<span style=\"font-weight: bold\">Alta Stagione:<\/span> \u20ac70.000\/sett <br \/\n<span style=\"font-weight: bold\">Media Stagione:<\/span> \u20ac60.000\/sett <br \/\n<span style=\"font-weight: bold\">Lunghezza:<\/span> 35.00 mt (114&#8242; 10&#8243;) <br \/>\n<span style=\"font-weight: bold\">Cabine:<\/span> 5 <br \/>\n<span style=\"font-weight: bold\">Tipo di Yacht:<\/span> Caicco Sailing\/Motor Yacht <br \/>\n<span style=\"font-weight: bold\">Anno:<\/span> 2021, Refit 2025<br \/>\n<span style=\"font-weight: bold\">Modello:<\/span> caicco turco <br \/>\n<span style=\"font-weight: bold\">Cantiere:<\/span> Other<\/p>\n","protected":false},"featured_media":12270,"template":"","meta":{"site-sidebar-layout":"default","site-content-layout":"","ast-site-content-layout":"default","site-content-style":"default","site-sidebar-style":"default","ast-global-header-display":"","ast-banner-title-visibility":"","ast-main-header-display":"","ast-hfb-above-header-display":"","ast-hfb-below-header-display":"","ast-hfb-mobile-header-display":"","site-post-title":"","ast-breadcrumbs-content":"","ast-featured-img":"","footer-sml-layout":"","theme-transparent-header-meta":"default","adv-header-id-meta":"","stick-header-meta":"default","header-above-stick-meta":"","header-main-stick-meta":"","header-below-stick-meta":"","astra-migrate-meta-layouts":"set","ast-page-background-enabled":"default","ast-page-background-meta":{"desktop":{"background-color":"var(--ast-global-color-4)","background-image":"","background-repeat":"repeat","background-position":"center center","background-size":"auto","background-attachment":"scroll","background-type":"","background-media":"","overlay-type":"","overlay-color":"","overlay-opacity":"","overlay-gradient":""},"tablet":{"background-color":"","background-image":"","background-repeat":"repeat","background-position":"center center","background-size":"auto","background-attachment":"scroll","background-type":"","background-media":"","overlay-type":"","overlay-color":"","overlay-opacity":"","overlay-gradient":""},"mobile":{"background-color":"","background-image":"","background-repeat":"repeat","background-position":"center center","background-size":"auto","background-attachment":"scroll","background-type":"","background-media":"","overlay-type":"","overlay-color":"","overlay-opacity":"","overlay-gradient":""}},"ast-content-background-meta":{"desktop":{"background-color":"var(--ast-global-color-5)","background-image":"","background-repeat":"repeat","background-position":"center center","background-size":"auto","background-attachment":"scroll","background-type":"","background-media":"","overlay-type":"","overlay-color":"","overlay-opacity":"","overlay-gradient":""},"tablet":{"background-color":"var(--ast-global-color-5)","background-image":"","background-repeat":"repeat","background-position":"center center","background-size":"auto","background-attachment":"scroll","background-type":"","background-media":"","overlay-type":"","overlay-color":"","overlay-opacity":"","overlay-gradient":""},"mobile":{"background-color":"var(--ast-global-color-5)","background-image":"","background-repeat":"repeat","background-position":"center center","background-size":"auto","background-attachment":"scroll","background-type":"","background-media":"","overlay-type":"","overlay-color":"","overlay-opacity":"","overlay-gradient":""}},"_joinchat":[]},"product_cat":[1128,791,1008,22,787,1009,40,62,46],"product_tag":[797,498,798,799,523],"class_list":{"0":"post-12269","1":"product","2":"type-product","3":"status-publish","4":"has-post-thumbnail","6":"product_cat-noleggio-yacht-bodrum","7":"product_cat-caicco","8":"product_cat-corfu-grecia-ionica","9":"product_cat-destinazioni-yacht","10":"product_cat-grecia-ionica","11":"product_cat-lefkas-grecia-ionica","12":"product_cat-noleggio-yacht-mediterraneo","13":"product_cat-noleggio-yacht-turchia","14":"product_cat-noleggio-yacht-vela","15":"product_tag-caicco","16":"product_tag-34mt-50mt","17":"product_tag-mediterraneo","18":"product_tag-turchia","19":"product_tag-yacht-a-vela","20":"pa_cantieri-other","21":"pa_lunghezza-35-mt","22":"desktop-align-left","23":"tablet-align-left","24":"mobile-align-left","26":"first","27":"instock","28":"shipping-taxable","29":"product-type-simple"},"acf":[],"_links":{"self":[{"href":"https:\/\/verdeblu.com\/it\/wp-json\/wp\/v2\/product\/12269","targetHints":{"allow":["GET"]}}],"collection":[{"href":"https:\/\/verdeblu.com\/it\/wp-json\/wp\/v2\/product"}],"about":[{"href":"https:\/\/verdeblu.com\/it\/wp-json\/wp\/v2\/types\/product"}],"wp:featuredmedia":[{"embeddable":true,"href":"https:\/\/verdeblu.com\/it\/wp-json\/wp\/v2\/media\/12270"}],"wp:attachment":[{"href":"https:\/\/verdeblu.com\/it\/wp-json\/wp\/v2\/media?parent=12269"}],"wp:term":[{"taxonomy":"product_cat","embeddable":true,"href":"https:\/\/verdeblu.com\/it\/wp-json\/wp\/v2\/product_cat?post=12269"},{"taxonomy":"product_tag","embeddable":true,"href":"https:\/\/verdeblu.com\/it\/wp-json\/wp\/v2\/product_tag?post=12269"}],"curies":[{"name":"wp","href":"https:\/\/api.w.org\/{rel}","templated":true}]}}