{"id":12424,"date":"2025-11-14T00:20:00","date_gmt":"2025-11-13T23:20:00","guid":{"rendered":"https:\/\/verdeblu.com\/?post_type=product&#038;p=12424"},"modified":"2025-12-01T22:51:12","modified_gmt":"2025-12-01T21:51:12","slug":"twins","status":"publish","type":"product","link":"https:\/\/verdeblu.com\/it\/twins\/","title":{"rendered":"Navetta Custom Line Twins"},"content":{"rendered":"<p><strong>TWINS<\/strong> \/ Motor Yacht Ferretti Custom Line a Noleggio<\/p>\n<p>Varata nel 2025, TWINS \u00e8 una nuovissima Navetta 30 di Ferretti Custom Line che vanta il volume pi\u00f9 grande della sua categoria, con ben 199 GT, combinando il design italiano contemporaneo con una funzionalit\u00e0 eccezionale. <\/p>\n<p>TWINS offre un grande comfort  grazie ai suoi stabilizzatori, che garantiscono una navigazione fluida sia all&#8217;ancora che in crociera. I suoi avanzati sistemi di riduzione del rumore e delle vibrazioni aumentano ancor piu il senso di pace e relax a bordo. <br \/> <br \/>\nUn&#8217;altra  delle caratteristiche distintive del mototor yacht Twins \u00e8 l&#8217;ampio prendisole, completo di lettini , perfetto per godere delle viste panoramiche e fare bagni di sole, se si vuole , in totale privacy.<\/p>\n<p>Con consumi di carburante eccezionalmente bassi e un design che privilegia sia le prestazioni che il lusso, TWINS \u00e8 un&#8217;ottima scelta per gli ospiti che desiderano un&#8217;esperienza di noleggio yacht straordinaria e raffinata in Italia, lungo le sue coste e le sue meravigliose isole.<\/p>\n<p><strong>Sistemazione Ospiti<\/strong>: TWINS pu\u00f2 accogliere comodamente  10\/11 persone in 5 eleganti cabine:<br \/>\n1 una spaziosa Master Suite sul ponte principale, 2 cabine VIP e 2 cabine twin di cui  una convertibile in matrimoniale e una con cuccetta Pullman nel lower deck.<\/p>\n<p><strong>Equipaggio<\/strong>: l&#8217;equipaggio \u00e9 altamente qualificato e professionale ed \u00e9 composto dal Comandante Giuseppe Urz\u00ec (italiano, di lunga esperienza) e da altri 5 membri che si prenderanno cura di ogni dettaglio, offrendo agli ospiti un servizio dedicato e un soggiorno indimenticabile.<\/p>\n","protected":false},"excerpt":{"rendered":"<p><span style=\"font-weight: bold;\">Bassa Stagione<\/span> 100.000.\u20ac\/sett-<br \/>\n<span style=\"font-weight: bold;\">Alta Stagione:<\/span> 115.000 \u20ac\/sett<br \/>\n<span style=\"font-weight: bold;\">Lungh mt:<\/span> 30 (98&#8242;,5&#8221;)<br \/>\n<span style=\"font-weight: bold;\">Cabine:<\/span> 5 &#8211; <strong>Equipaggio <\/strong> 6<br \/>\n<span style=\"font-weight: bold;\">Tipo di Yacht:<\/span> Yacht a Motore<br \/>\n<span style=\"font-weight: bold;\">Modello:<\/span> Navetta Custom Line<br \/>\n<span style=\"font-weight: bold;\">Anno:<\/span> 2025<br \/>\n<span style=\"font-weight: bold;\">Cantiere: <\/span> Ferretti Custom Line<\/p>\n","protected":false},"featured_media":12717,"template":"","meta":{"site-sidebar-layout":"default","site-content-layout":"","ast-site-content-layout":"default","site-content-style":"default","site-sidebar-style":"default","ast-global-header-display":"","ast-banner-title-visibility":"","ast-main-header-display":"","ast-hfb-above-header-display":"","ast-hfb-below-header-display":"","ast-hfb-mobile-header-display":"","site-post-title":"","ast-breadcrumbs-content":"","ast-featured-img":"","footer-sml-layout":"","theme-transparent-header-meta":"default","adv-header-id-meta":"","stick-header-meta":"default","header-above-stick-meta":"","header-main-stick-meta":"","header-below-stick-meta":"","astra-migrate-meta-layouts":"set","ast-page-background-enabled":"default","ast-page-background-meta":{"desktop":{"background-color":"var(--ast-global-color-4)","background-image":"","background-repeat":"repeat","background-position":"center center","background-size":"auto","background-attachment":"scroll","background-type":"","background-media":"","overlay-type":"","overlay-color":"","overlay-opacity":"","overlay-gradient":""},"tablet":{"background-color":"","background-image":"","background-repeat":"repeat","background-position":"center center","background-size":"auto","background-attachment":"scroll","background-type":"","background-media":"","overlay-type":"","overlay-color":"","overlay-opacity":"","overlay-gradient":""},"mobile":{"background-color":"","background-image":"","background-repeat":"repeat","background-position":"center center","background-size":"auto","background-attachment":"scroll","background-type":"","background-media":"","overlay-type":"","overlay-color":"","overlay-opacity":"","overlay-gradient":""}},"ast-content-background-meta":{"desktop":{"background-color":"var(--ast-global-color-5)","background-image":"","background-repeat":"repeat","background-position":"center center","background-size":"auto","background-attachment":"scroll","background-type":"","background-media":"","overlay-type":"","overlay-color":"","overlay-opacity":"","overlay-gradient":""},"tablet":{"background-color":"var(--ast-global-color-5)","background-image":"","background-repeat":"repeat","background-position":"center center","background-size":"auto","background-attachment":"scroll","background-type":"","background-media":"","overlay-type":"","overlay-color":"","overlay-opacity":"","overlay-gradient":""},"mobile":{"background-color":"var(--ast-global-color-5)","background-image":"","background-repeat":"repeat","background-position":"center center","background-size":"auto","background-attachment":"scroll","background-type":"","background-media":"","overlay-type":"","overlay-color":"","overlay-opacity":"","overlay-gradient":""}},"_joinchat":[]},"product_cat":[1123,128,90,22,114,89,56,108,1017,772,92,91,118,45,47],"product_tag":[497,1176,522,1102,912],"class_list":{"0":"post-12424","1":"product","2":"type-product","3":"status-publish","4":"has-post-thumbnail","6":"product_cat-noleggio-yacht-capri","7":"product_cat-noleggio-yacht-costa-smeralda","8":"product_cat-noleggio-yacht-costiera-amalfitana","9":"product_cat-destinazioni-yacht","10":"product_cat-noleggio-yacht-ischia","11":"product_cat-noleggio-yacht-isole-pontine","12":"product_cat-noleggio-yacht-italia","13":"product_cat-noleggio-yacht-palmarola","14":"product_cat-noleggio-yacht-ponza","15":"product_cat-noleggio-yacht-porto-cervo","16":"product_cat-noleggio-yacht-sardegna","17":"product_cat-noleggio-yacht-sicilia","18":"product_cat-noleggio-yacht-sorrento","19":"product_cat-tipologie-yacht","20":"product_cat-noleggio-yacht-motore","21":"product_tag-24mt-34mt","22":"product_tag-noleggio-yacht-sardegna","23":"product_tag-yacht-a-motore","24":"product_tag-yacht-con-equipaggio","25":"product_tag-yacht-di-lusso","26":"pa_cantieri-ferretti-custom-line","27":"pa_lunghezza-30-mt","28":"desktop-align-left","29":"tablet-align-left","30":"mobile-align-left","32":"first","33":"instock","34":"shipping-taxable","35":"product-type-simple"},"acf":[],"_links":{"self":[{"href":"https:\/\/verdeblu.com\/it\/wp-json\/wp\/v2\/product\/12424","targetHints":{"allow":["GET"]}}],"collection":[{"href":"https:\/\/verdeblu.com\/it\/wp-json\/wp\/v2\/product"}],"about":[{"href":"https:\/\/verdeblu.com\/it\/wp-json\/wp\/v2\/types\/product"}],"wp:featuredmedia":[{"embeddable":true,"href":"https:\/\/verdeblu.com\/it\/wp-json\/wp\/v2\/media\/12717"}],"wp:attachment":[{"href":"https:\/\/verdeblu.com\/it\/wp-json\/wp\/v2\/media?parent=12424"}],"wp:term":[{"taxonomy":"product_cat","embeddable":true,"href":"https:\/\/verdeblu.com\/it\/wp-json\/wp\/v2\/product_cat?post=12424"},{"taxonomy":"product_tag","embeddable":true,"href":"https:\/\/verdeblu.com\/it\/wp-json\/wp\/v2\/product_tag?post=12424"}],"curies":[{"name":"wp","href":"https:\/\/api.w.org\/{rel}","templated":true}]}}