{"id":12743,"date":"2025-11-30T15:39:47","date_gmt":"2025-11-30T14:39:47","guid":{"rendered":"https:\/\/verdeblu.com\/?post_type=product&#038;p=12743"},"modified":"2025-12-01T17:18:54","modified_gmt":"2025-12-01T16:18:54","slug":"sunreef-dessus","status":"publish","type":"product","link":"https:\/\/verdeblu.com\/it\/sunreef-dessus\/","title":{"rendered":"Sunreef 60 Dessus"},"content":{"rendered":"<p><strong>Sunreef DESSUS<\/strong> \/ Noleggio Catamarano di Lusso a Vela Sunreef 60<\/p>\n<p><strong>Dessus<\/strong>&#8220;, catamarano a Vela Sunreef 60 fa parte della gamma di modelli  del cantiere Sunreef Yachts ed \u00e8 un capolavoro di lusso, design, efficienza e modernit\u00e0. <br \/>\nIl catamarano Sunreef 60 Dessus \u00e8 stato costruito nel 2022 ed \u00e8 di base in Croazia, al Marina Ka\u0161tela, poco fuori Spalato. Dessus offre un&#8217;esperienza di noleggio straordinaria, caratterizzata da eleganza, comfort e raffinatezza. ma anche da praticit\u00e0 e rispetto per l&#8217;ambiente e l&#8217;ambiente marino. <\/p>\n<p>L&#8217;attrezzatura della barca comprende una randa classica, pannelli solari, un radar, un generatore, un plotter GPS e barbecue. La barca Dispone inoltre di TV a schermo piatto, riscaldamento, aria condizionata, lavatrice e impianto audio. <br \/> <br \/>\nLa cucina completamente attrezzata comprende un forno a microonde, una lavastoviglie, un produttore di ghiaccio, un congelatore e un frigorifero. <br \/>\nIl catamarano Dessus \u00e9 dotato di una spaziosa zona relax centrale ed offre viste panoramiche e opzioni di layout illimitate, aprendosi senza soluzione di continuit\u00e0 sia sulla terrazza di prua che sul pozzetto. La prua dispone di un comodo salone, riparato dal sole e dal vento, mentre il salone di poppa si fonde con un generoso pozzetto e l&#8217;ampia piattaforma di poppa. Insieme, queste aree creano uno spazio aperto e versatile creando flessibilit\u00e0 e grande libert\u00e0 di movimento. <br \/>\nIl flybridge,  di 36 m\u00b2, \u00e8 un paradiso per il tempo libero, dotato di ampi spazio per l&#8217;arredamento, angolo bar, barbecue e ampi prendisole.<\/p>\n<p><strong>Sistemazione Ospiti<\/strong>: Dessus pu\u00f2 ospitare fino ad 8 persone in 4 cabine ensuite. IL layout  comprende una lussuosa suite armatoriale con cabina armadio, scrivania, divano, TV a scomparsa e un grande bagno: un ambiente ideale per rilassarsi dopo una giornata al sole; una cabina VIP e due cabine Twin di cui una con letti trasformabili in matrimoniale <\/p>\n<p><strong>Equipaggio<\/strong>: L&#8217;equipaggio di Dessus \u00e9 composto dal Comandante pi\u00f9 altri 2 membri: un bravo Chef e una gentilissima Hostess che si prenderanno cura degli ospiti durante la crociera contribuendo a rederla una esperienza indimenticabile.<\/p>\n<p><strong>Itinerario 2025\/2026 <\/strong>:<br \/>\nMediterraneo Est, Croazia, Spalato, Montenegro, Dubrovnik<\/p>\n","protected":false},"excerpt":{"rendered":"<p><span style=\"font-weight: bold;\">Bassa Stagione<\/span> 24.000\u20ac\/sett-<br \/>\n<span style=\"font-weight: bold;\">Alta Stagione:<\/span> 42.000\/sett<br \/>\n<span style=\"font-weight: bold;\">Lungh mt:<\/span> 18.30<br \/>\n<span style=\"font-weight: bold;\">Cabine:<\/span> 4 &#8211; <strong>Equipaggio <\/strong> 3<br \/>\n<span style=\"font-weight: bold;\">Tipo di Yacht:<\/span> Catamarano  a Vela<br \/>\n<span style=\"font-weight: bold;\">Anno:<\/span> 2022<br \/>\n<span style=\"font-weight: bold;\">Cantiere: <\/span> Sunreef Yachts<\/p>\n","protected":false},"featured_media":12750,"template":"","meta":{"site-sidebar-layout":"default","site-content-layout":"","ast-site-content-layout":"default","site-content-style":"default","site-sidebar-style":"default","ast-global-header-display":"","ast-banner-title-visibility":"","ast-main-header-display":"","ast-hfb-above-header-display":"","ast-hfb-below-header-display":"","ast-hfb-mobile-header-display":"","site-post-title":"","ast-breadcrumbs-content":"","ast-featured-img":"","footer-sml-layout":"","theme-transparent-header-meta":"default","adv-header-id-meta":"","stick-header-meta":"default","header-above-stick-meta":"","header-main-stick-meta":"","header-below-stick-meta":"","astra-migrate-meta-layouts":"set","ast-page-background-enabled":"default","ast-page-background-meta":{"desktop":{"background-color":"var(--ast-global-color-4)","background-image":"","background-repeat":"repeat","background-position":"center center","background-size":"auto","background-attachment":"scroll","background-type":"","background-media":"","overlay-type":"","overlay-color":"","overlay-opacity":"","overlay-gradient":""},"tablet":{"background-color":"","background-image":"","background-repeat":"repeat","background-position":"center center","background-size":"auto","background-attachment":"scroll","background-type":"","background-media":"","overlay-type":"","overlay-color":"","overlay-opacity":"","overlay-gradient":""},"mobile":{"background-color":"","background-image":"","background-repeat":"repeat","background-position":"center center","background-size":"auto","background-attachment":"scroll","background-type":"","background-media":"","overlay-type":"","overlay-color":"","overlay-opacity":"","overlay-gradient":""}},"ast-content-background-meta":{"desktop":{"background-color":"var(--ast-global-color-5)","background-image":"","background-repeat":"repeat","background-position":"center center","background-size":"auto","background-attachment":"scroll","background-type":"","background-media":"","overlay-type":"","overlay-color":"","overlay-opacity":"","overlay-gradient":""},"tablet":{"background-color":"var(--ast-global-color-5)","background-image":"","background-repeat":"repeat","background-position":"center center","background-size":"auto","background-attachment":"scroll","background-type":"","background-media":"","overlay-type":"","overlay-color":"","overlay-opacity":"","overlay-gradient":""},"mobile":{"background-color":"var(--ast-global-color-5)","background-image":"","background-repeat":"repeat","background-position":"center center","background-size":"auto","background-attachment":"scroll","background-type":"","background-media":"","overlay-type":"","overlay-color":"","overlay-opacity":"","overlay-gradient":""}},"_joinchat":[]},"product_cat":[48,59,22,1133,1136,60,75,53],"product_tag":[],"class_list":{"0":"post-12743","1":"product","2":"type-product","3":"status-publish","4":"has-post-thumbnail","6":"product_cat-catamarano-noleggio","7":"product_cat-noleggio-yacht-croazia","8":"product_cat-destinazioni-yacht","9":"product_cat-noleggio-yacht-dubrovnik","10":"product_cat-noleggio-yacht-hvar","11":"product_cat-noleggio-yacht-montenegro","12":"product_cat-noleggio-yacht-spalato","13":"product_cat-noleggio-yacht-solare","14":"pa_cantieri-sunreef-yachts","15":"pa_lunghezza-32","16":"desktop-align-left","17":"tablet-align-left","18":"mobile-align-left","20":"first","21":"instock","22":"shipping-taxable","23":"product-type-simple"},"acf":[],"_links":{"self":[{"href":"https:\/\/verdeblu.com\/it\/wp-json\/wp\/v2\/product\/12743","targetHints":{"allow":["GET"]}}],"collection":[{"href":"https:\/\/verdeblu.com\/it\/wp-json\/wp\/v2\/product"}],"about":[{"href":"https:\/\/verdeblu.com\/it\/wp-json\/wp\/v2\/types\/product"}],"wp:featuredmedia":[{"embeddable":true,"href":"https:\/\/verdeblu.com\/it\/wp-json\/wp\/v2\/media\/12750"}],"wp:attachment":[{"href":"https:\/\/verdeblu.com\/it\/wp-json\/wp\/v2\/media?parent=12743"}],"wp:term":[{"taxonomy":"product_cat","embeddable":true,"href":"https:\/\/verdeblu.com\/it\/wp-json\/wp\/v2\/product_cat?post=12743"},{"taxonomy":"product_tag","embeddable":true,"href":"https:\/\/verdeblu.com\/it\/wp-json\/wp\/v2\/product_tag?post=12743"}],"curies":[{"name":"wp","href":"https:\/\/api.w.org\/{rel}","templated":true}]}}