{"id":13575,"date":"2026-01-26T08:30:01","date_gmt":"2026-01-26T07:30:01","guid":{"rendered":"https:\/\/verdeblu.com\/?post_type=product&#038;p=13575"},"modified":"2026-04-16T13:09:46","modified_gmt":"2026-04-16T11:09:46","slug":"marie-joseph-sunreef-eco-80","status":"publish","type":"product","link":"https:\/\/verdeblu.com\/it\/marie-joseph-sunreef-eco-80\/","title":{"rendered":"Sunreef 80 Eco  Marie Joseph"},"content":{"rendered":"<p><strong>Catamarano Sunreef 80 Eco Marie Joseph <\/strong> \/ Noleggio Catamarano Elettrico di Lusso<\/p>\n<p><strong>Marie Joseph <\/strong>\u00e8 un catamarano di lusso Sunreef 80 Eco che offre un&#8217;esperienza di noleggio contemporanea caratterizzata da spazio, comfort e silenzio.Lo yacht a vela &#8216;Marie-Joseph&#8217; da 23,95 m\/78&#8217;7&#8243; costruito dal cantiere polacco Sunreef Yachts \u00e8 completamente elettrico e alimentato da tecnologia solare integrata, consentendo un funzionamento senza carburante e prolungando il tempo trascorso all&#8217;ancora in completa tranquillit\u00e0. L&#8217;assenza di rumore del motore migliora la vita a bordo, creando un ambiente rilassato e immersivo sia in navigazione che a riposo.<br \/>\nIl salone del ponte principale \u00e8 progettato per socializzare in tutta tranquillit\u00e0, con finestre panoramiche, sedute di grandi dimensioni, una zona pranzo versatile e un bar a prua con pianoforte e TV a scomparsa. Gli spazi esterni includono un ampio flybridge con lettini prendisole e angolo bar, nonch\u00e9 un pozzetto di poppa a tutto baglio con accesso diretto alla piattaforma da bagno.Conforts: Wi-Fi, Aria condizionata, Water Toys. Marie-Joseph \u00e8 costruita con uno scafo e una sovrastruttura in vetroresina. Dotata di due motori Volvo Penta, naviga comodamente a 8 nodi, raggiunge una velocit\u00e0 massima di 11 nodi e ha un&#8217;autonomia fino a 2.100 miglia nautiche grazie ai suoi serbatoi di carburante da 8.400 litri a 6 nodi.Quando non siete in crociera, Marie-Joseph offre a bordo un&#8217;incredibile selezione di giochi d&#8217;acqua e accessori per consentire a voi e ai vostri ospiti di entrare in contatto con l&#8217;acqua circostante. Tra questi, i principali sono due SEABOB, che offrono un&#8217;esperienza davvero straordinaria, permettendovi di scivolare sulla superficie o nuotare tra i pesci in tutta tranquillit\u00e0 e sicurezza. Inoltre, sono disponibili wakeboard, cos\u00ec gli ospiti possono sfoggiare la propria abilit\u00e0 a tutta velocit\u00e0. Un&#8217;altra caratteristica eccellente sono i kayak, un modo tranquillo e rilassante per passare il tempo. Se ci\u00f2 non bastasse, Marie-Joseph offre anche paddleboard e attrezzatura per lo snorkeling. Marie-Joseph dispone anche di un Williams Jet Tenders da 5,19 m\/17&#8242; per trasportarvi con facilit\u00e0.<\/p>\n<p><strong>Sistemazione Ospiti<\/strong>: Con una capacit\u00e0 massima di otto ospiti, Marie Joseph offre un layout equilibrato a quattro cabine, ideale per famiglie o gruppi di amici. Lo scafo di dritta \u00e8 dedicato a una spaziosa e luminosa suite armatoriale con area salotto, tavolo da trucco, cabina armadio, TV a scomparsa e bagno privato. Ulteriori alloggi includono un&#8217;ampia cabina VIP e due cabine ospiti identiche, ciascuna delle quali offre comfort e privacy.<\/p>\n<p><strong>Equipaggio<\/strong>: in grado di ospitare a bordo fino a 4 membri dell&#8217;equipaggio per garantire un&#8217;esperienza di noleggio di yacht di lusso all&#8217;insegna del relax.<\/p>\n<p><strong>Itinerario 2026 <\/strong>:Area di base Oceano Indiano.<br \/>\nDisponibile per crociere alle isole Seichelles.<\/p>\n","protected":false},"excerpt":{"rendered":"<p><strong>Bassa Stagione<\/strong> 79.000\u20ac\/sett-<br \/>\n<strong>Alta Stagione:<\/strong> 89.000\u20ac\/sett-<br \/>\n<strong>Lungh mt:<\/strong> 78&#8217;7 \/ 23.95m<br \/>\n<strong>Cabine:<\/strong> 4 &#8211; <strong>Equipaggio <\/strong> 4<br \/>\n<strong>Tipo di Yacht:<\/strong> Catamarano elettrico e a vela<br \/>\n<strong>Anno:<\/strong> 2022<br \/>\n<strong>Cantiere: <\/strong> Sunreef Yachts<\/p>\n","protected":false},"featured_media":13576,"template":"","meta":{"site-sidebar-layout":"default","site-content-layout":"","ast-site-content-layout":"default","site-content-style":"default","site-sidebar-style":"default","ast-global-header-display":"","ast-banner-title-visibility":"","ast-main-header-display":"","ast-hfb-above-header-display":"","ast-hfb-below-header-display":"","ast-hfb-mobile-header-display":"","site-post-title":"","ast-breadcrumbs-content":"","ast-featured-img":"","footer-sml-layout":"","theme-transparent-header-meta":"default","adv-header-id-meta":"","stick-header-meta":"default","header-above-stick-meta":"","header-main-stick-meta":"","header-below-stick-meta":"","astra-migrate-meta-layouts":"set","ast-page-background-enabled":"default","ast-page-background-meta":{"desktop":{"background-color":"var(--ast-global-color-4)","background-image":"","background-repeat":"repeat","background-position":"center center","background-size":"auto","background-attachment":"scroll","background-type":"","background-media":"","overlay-type":"","overlay-color":"","overlay-opacity":"","overlay-gradient":""},"tablet":{"background-color":"","background-image":"","background-repeat":"repeat","background-position":"center center","background-size":"auto","background-attachment":"scroll","background-type":"","background-media":"","overlay-type":"","overlay-color":"","overlay-opacity":"","overlay-gradient":""},"mobile":{"background-color":"","background-image":"","background-repeat":"repeat","background-position":"center center","background-size":"auto","background-attachment":"scroll","background-type":"","background-media":"","overlay-type":"","overlay-color":"","overlay-opacity":"","overlay-gradient":""}},"ast-content-background-meta":{"desktop":{"background-color":"var(--ast-global-color-5)","background-image":"","background-repeat":"repeat","background-position":"center center","background-size":"auto","background-attachment":"scroll","background-type":"","background-media":"","overlay-type":"","overlay-color":"","overlay-opacity":"","overlay-gradient":""},"tablet":{"background-color":"var(--ast-global-color-5)","background-image":"","background-repeat":"repeat","background-position":"center center","background-size":"auto","background-attachment":"scroll","background-type":"","background-media":"","overlay-type":"","overlay-color":"","overlay-opacity":"","overlay-gradient":""},"mobile":{"background-color":"var(--ast-global-color-5)","background-image":"","background-repeat":"repeat","background-position":"center center","background-size":"auto","background-attachment":"scroll","background-type":"","background-media":"","overlay-type":"","overlay-color":"","overlay-opacity":"","overlay-gradient":""}},"_joinchat":[]},"product_cat":[48,22,803,43,46,53,54,55],"product_tag":[519,1273,778,523],"class_list":{"0":"post-13575","1":"product","2":"type-product","3":"status-publish","4":"has-post-thumbnail","6":"product_cat-catamarano-noleggio","7":"product_cat-destinazioni-yacht","8":"product_cat-green-yacht","9":"product_cat-noleggio-yacht-oceano-indiano","10":"product_cat-noleggio-yacht-vela","11":"product_cat-noleggio-yacht-solare","12":"product_cat-noleggio-yacht-elettrico","13":"product_cat-noleggio-yacht-ibrido","14":"product_tag-catamarano","15":"product_tag-catamarano-elettrico","16":"product_tag-sunreef-yachts","17":"product_tag-yacht-a-vela","18":"pa_cantieri-sunreef-yachts","19":"desktop-align-left","20":"tablet-align-left","21":"mobile-align-left","23":"first","24":"instock","25":"shipping-taxable","26":"product-type-simple"},"acf":[],"_links":{"self":[{"href":"https:\/\/verdeblu.com\/it\/wp-json\/wp\/v2\/product\/13575","targetHints":{"allow":["GET"]}}],"collection":[{"href":"https:\/\/verdeblu.com\/it\/wp-json\/wp\/v2\/product"}],"about":[{"href":"https:\/\/verdeblu.com\/it\/wp-json\/wp\/v2\/types\/product"}],"wp:featuredmedia":[{"embeddable":true,"href":"https:\/\/verdeblu.com\/it\/wp-json\/wp\/v2\/media\/13576"}],"wp:attachment":[{"href":"https:\/\/verdeblu.com\/it\/wp-json\/wp\/v2\/media?parent=13575"}],"wp:term":[{"taxonomy":"product_cat","embeddable":true,"href":"https:\/\/verdeblu.com\/it\/wp-json\/wp\/v2\/product_cat?post=13575"},{"taxonomy":"product_tag","embeddable":true,"href":"https:\/\/verdeblu.com\/it\/wp-json\/wp\/v2\/product_tag?post=13575"}],"curies":[{"name":"wp","href":"https:\/\/api.w.org\/{rel}","templated":true}]}}