{"id":1409,"date":"2023-11-12T13:36:46","date_gmt":"2023-11-12T12:36:46","guid":{"rendered":"https:\/\/nuovo.verdeblu.com\/?post_type=product&#038;p=1409"},"modified":"2025-04-17T08:15:30","modified_gmt":"2025-04-17T06:15:30","slug":"marla","status":"publish","type":"product","link":"https:\/\/verdeblu.com\/it\/marla\/","title":{"rendered":"Marla"},"content":{"rendered":"<p>Marla (ex T.J. Esperanza) , \u00e8 stato costruita nel 1999 dal famoso cantiere navale olandese Amels e rinnovato nel 2015\/2016.<br \/>\nLo yacht \u00e8 stato progettato da Terence Disdale, che \u00e8 responsabile per i suoi splendidi esterni e interni. Le sue linee eleganti e belle, i suoi splendidi arredi e le sue straordinarie strutture per il tempo libero e l&#8217;intrattenimento, la rendono la barca ideale per socializzare e intrattenere con la famiglia e gli amici.<br \/>\nIl suo eccezionale Capitano Manolis, guida un equipaggio altamente qualificato e professionale di 12 membri.<br \/>\nMarla pu\u00f2 ospitare fino a 12 persone in 6 cabine, tra cui una master suite, 2 cabine doppie e 2 cabine twin e 1 con letti a castello, garantendo un&#8217;esperienza di navigazione di lusso estremamente confortevole.<br \/>\nLo yacht realizzato in acciaio e alluminio, pu\u00f2 raggiungere una velocit\u00e0 massima di 15,4 nodi e una velocit\u00e0 di crociera di 13 nodi.<\/p>\n","protected":false},"excerpt":{"rendered":"<p><span style=\"font-weight: bold;\">Bassa Stagione:<\/span> 165.000 \u20ac\/sett<br \/>\n<span style=\"font-weight: bold;\">Alta Stagione:<\/span> 200.000 \u20ac\/sett<br \/>\n<span style=\"font-weight: bold;\">Lunghezza mt:<\/span> 50<br \/>\n<span style=\"font-weight: bold;\">Cabine:<\/span> 6<br \/>\n<span style=\"font-weight: bold;\">Tipo di Yacht:<\/span> Mega Yacht<br \/>\n<span style=\"font-weight: bold;\">Anno:<\/span> 1999<br \/>\n<span style=\"font-weight: bold;\">Modello:<\/span><br \/>\n<span style=\"font-weight: bold;\">Cantiere:<\/span> Amels<\/p>\n","protected":false},"featured_media":1410,"template":"","meta":{"site-sidebar-layout":"default","site-content-layout":"","ast-site-content-layout":"default","site-content-style":"default","site-sidebar-style":"default","ast-global-header-display":"","ast-banner-title-visibility":"","ast-main-header-display":"","ast-hfb-above-header-display":"","ast-hfb-below-header-display":"","ast-hfb-mobile-header-display":"","site-post-title":"","ast-breadcrumbs-content":"","ast-featured-img":"","footer-sml-layout":"","theme-transparent-header-meta":"default","adv-header-id-meta":"","stick-header-meta":"default","header-above-stick-meta":"","header-main-stick-meta":"","header-below-stick-meta":"","astra-migrate-meta-layouts":"set","ast-page-background-enabled":"default","ast-page-background-meta":{"desktop":{"background-color":"var(--ast-global-color-4)","background-image":"","background-repeat":"repeat","background-position":"center center","background-size":"auto","background-attachment":"scroll","background-type":"","background-media":"","overlay-type":"","overlay-color":"","overlay-opacity":"","overlay-gradient":""},"tablet":{"background-color":"","background-image":"","background-repeat":"repeat","background-position":"center center","background-size":"auto","background-attachment":"scroll","background-type":"","background-media":"","overlay-type":"","overlay-color":"","overlay-opacity":"","overlay-gradient":""},"mobile":{"background-color":"","background-image":"","background-repeat":"repeat","background-position":"center center","background-size":"auto","background-attachment":"scroll","background-type":"","background-media":"","overlay-type":"","overlay-color":"","overlay-opacity":"","overlay-gradient":""}},"ast-content-background-meta":{"desktop":{"background-color":"var(--ast-global-color-5)","background-image":"","background-repeat":"repeat","background-position":"center center","background-size":"auto","background-attachment":"scroll","background-type":"","background-media":"","overlay-type":"","overlay-color":"","overlay-opacity":"","overlay-gradient":""},"tablet":{"background-color":"var(--ast-global-color-5)","background-image":"","background-repeat":"repeat","background-position":"center center","background-size":"auto","background-attachment":"scroll","background-type":"","background-media":"","overlay-type":"","overlay-color":"","overlay-opacity":"","overlay-gradient":""},"mobile":{"background-color":"var(--ast-global-color-5)","background-image":"","background-repeat":"repeat","background-position":"center center","background-size":"auto","background-attachment":"scroll","background-type":"","background-media":"","overlay-type":"","overlay-color":"","overlay-opacity":"","overlay-gradient":""}},"_joinchat":[]},"product_cat":[59,22,61,40,49,45],"product_tag":[498,521],"class_list":{"0":"post-1409","1":"product","2":"type-product","3":"status-publish","4":"has-post-thumbnail","6":"product_cat-noleggio-yacht-croazia","7":"product_cat-destinazioni-yacht","8":"product_cat-noleggio-yacht-grecia","9":"product_cat-noleggio-yacht-mediterraneo","10":"product_cat-mega-yacht-noleggio","11":"product_cat-tipologie-yacht","12":"product_tag-34mt-50mt","13":"product_tag-mega-yacht","14":"pa_cantieri-amels","15":"pa_lunghezza-50-mt","16":"desktop-align-left","17":"tablet-align-left","18":"mobile-align-left","20":"first","21":"instock","22":"shipping-taxable","23":"product-type-simple"},"acf":[],"_links":{"self":[{"href":"https:\/\/verdeblu.com\/it\/wp-json\/wp\/v2\/product\/1409","targetHints":{"allow":["GET"]}}],"collection":[{"href":"https:\/\/verdeblu.com\/it\/wp-json\/wp\/v2\/product"}],"about":[{"href":"https:\/\/verdeblu.com\/it\/wp-json\/wp\/v2\/types\/product"}],"wp:featuredmedia":[{"embeddable":true,"href":"https:\/\/verdeblu.com\/it\/wp-json\/wp\/v2\/media\/1410"}],"wp:attachment":[{"href":"https:\/\/verdeblu.com\/it\/wp-json\/wp\/v2\/media?parent=1409"}],"wp:term":[{"taxonomy":"product_cat","embeddable":true,"href":"https:\/\/verdeblu.com\/it\/wp-json\/wp\/v2\/product_cat?post=1409"},{"taxonomy":"product_tag","embeddable":true,"href":"https:\/\/verdeblu.com\/it\/wp-json\/wp\/v2\/product_tag?post=1409"}],"curies":[{"name":"wp","href":"https:\/\/api.w.org\/{rel}","templated":true}]}}