{"id":1518,"date":"2023-11-13T21:46:29","date_gmt":"2023-11-13T20:46:29","guid":{"rendered":"https:\/\/nuovo.verdeblu.com\/?post_type=product&#038;p=1518"},"modified":"2025-04-17T11:45:53","modified_gmt":"2025-04-17T09:45:53","slug":"falcomoscata","status":"publish","type":"product","link":"https:\/\/verdeblu.com\/it\/falcomoscata\/","title":{"rendered":"Falco Moscata"},"content":{"rendered":"<p><strong>FALCO MOSCATA <\/strong>\/ Mega Yacht a Noleggio <br \/>\nNOTA: nel 2025 lo yacht sar\u00e0 disponibile dal 28 Luglio in poi in Italia ed alle Isole Baleari .<\/p>\n<p>Consegnato nel 2010 (refitting 2022), FALCO MOSCATA, yacht a noleggio, \u00e8 il primo yacht a motore della linea Picchiotti Vitruvius di Perini Navi. Costruito in alluminio su progetto di Philippe Briand, il superyacht offre un&#8217;impressionante autonomia di oltre 5.500 miglia nautiche a 12 nodi di velocit\u00e0 di crociera ed \u00e8 dotato di stabilizzatori estensibili per un maggiore comfort in mare.<\/p>\n<p>Il Vitruvius\/Picchiotti FALCO MOSCATA ha ricevuto il certificato <strong>GREEN PLUS PLATINUM<\/strong>, nonch\u00e9 il premio <strong>GREEN Yacht of the Year<\/strong> in riconoscimento del suo comprovato impegno per l&#8217;eccellenza ambientale.<br \/>\nIl premio Green Platinum \u00e8 il certificato verde di pi\u00f9 alto livello che uno yacht pu\u00f2 ottenere. Con questo obiettivo il target principale della progettazione era la riduzione della CO2.<\/p>\n<p><strong>Sistemazione Ospiti<\/strong>: 5 cabine per 9 ospiti a dormire e 10 in navigazione <\/p>\n<p><strong>Equipaggio <\/strong>: L&#8217;equipaggio \u00e9 composto dal Comandante + 8 altri membri.<\/p>\n","protected":false},"excerpt":{"rendered":"<p><span style=\"font-weight: bold;\">Bassa Stagione:<\/span> su richiesta<br \/>\n<span style=\"font-weight: bold;\">Alta Stagione:<\/span> su richiesta<br \/>\n<span style=\"font-weight: bold;\">Lunghezza mt:<\/span> 50<br \/>\n<span style=\"font-weight: bold;\">Cabine:<\/span> 5<br \/>\n<span style=\"font-weight: bold;\">Tipo di Yacht:<\/span> Motor Yacht<br \/>\n<span style=\"font-weight: bold;\">Anno:<\/span> 2010 &#8211; Refit 2022<br \/>\n<span style=\"font-weight: bold;\">Modello:<\/span> Vitruvius<br \/>\n<span style=\"font-weight: bold;\">Cantiere:<\/span> Picchiotti\/Perini Navi<\/p>\n","protected":false},"featured_media":1519,"template":"","meta":{"site-sidebar-layout":"default","site-content-layout":"","ast-site-content-layout":"default","site-content-style":"default","site-sidebar-style":"default","ast-global-header-display":"","ast-banner-title-visibility":"","ast-main-header-display":"","ast-hfb-above-header-display":"","ast-hfb-below-header-display":"","ast-hfb-mobile-header-display":"","site-post-title":"","ast-breadcrumbs-content":"","ast-featured-img":"","footer-sml-layout":"","theme-transparent-header-meta":"default","adv-header-id-meta":"","stick-header-meta":"default","header-above-stick-meta":"","header-main-stick-meta":"","header-below-stick-meta":"","astra-migrate-meta-layouts":"set","ast-page-background-enabled":"default","ast-page-background-meta":{"desktop":{"background-color":"var(--ast-global-color-4)","background-image":"","background-repeat":"repeat","background-position":"center center","background-size":"auto","background-attachment":"scroll","background-type":"","background-media":"","overlay-type":"","overlay-color":"","overlay-opacity":"","overlay-gradient":""},"tablet":{"background-color":"","background-image":"","background-repeat":"repeat","background-position":"center center","background-size":"auto","background-attachment":"scroll","background-type":"","background-media":"","overlay-type":"","overlay-color":"","overlay-opacity":"","overlay-gradient":""},"mobile":{"background-color":"","background-image":"","background-repeat":"repeat","background-position":"center center","background-size":"auto","background-attachment":"scroll","background-type":"","background-media":"","overlay-type":"","overlay-color":"","overlay-opacity":"","overlay-gradient":""}},"ast-content-background-meta":{"desktop":{"background-color":"var(--ast-global-color-5)","background-image":"","background-repeat":"repeat","background-position":"center center","background-size":"auto","background-attachment":"scroll","background-type":"","background-media":"","overlay-type":"","overlay-color":"","overlay-opacity":"","overlay-gradient":""},"tablet":{"background-color":"var(--ast-global-color-5)","background-image":"","background-repeat":"repeat","background-position":"center center","background-size":"auto","background-attachment":"scroll","background-type":"","background-media":"","overlay-type":"","overlay-color":"","overlay-opacity":"","overlay-gradient":""},"mobile":{"background-color":"var(--ast-global-color-5)","background-image":"","background-repeat":"repeat","background-position":"center center","background-size":"auto","background-attachment":"scroll","background-type":"","background-media":"","overlay-type":"","overlay-color":"","overlay-opacity":"","overlay-gradient":""}},"_joinchat":[]},"product_cat":[88,1123,98,128,90,22,837,85,84,56,87,836,40,49,772,939,94,92,91,50,47],"product_tag":[498,521,522,912,520],"class_list":{"0":"post-1518","1":"product","2":"type-product","3":"status-publish","4":"has-post-thumbnail","6":"product_cat-noleggio-yacht-arcipelago-toscano","7":"product_cat-noleggio-yacht-capri","8":"product_cat-noleggio-yacht-cinque-terre","9":"product_cat-noleggio-yacht-costa-smeralda","10":"product_cat-noleggio-yacht-costiera-amalfitana","11":"product_cat-destinazioni-yacht","12":"product_cat-noleggio-yacht-formentera","13":"product_cat-noleggio-yacht-ibiza","14":"product_cat-noleggio-yacht-isole-baleari","15":"product_cat-noleggio-yacht-italia","16":"product_cat-noleggio-yacht-liguria","17":"product_cat-noleggio-yacht-maiorca","18":"product_cat-noleggio-yacht-mediterraneo","19":"product_cat-mega-yacht-noleggio","20":"product_cat-noleggio-yacht-porto-cervo","21":"product_cat-noleggio-yacht-portofino","22":"product_cat-noleggio-yacht-sanremo","23":"product_cat-noleggio-yacht-sardegna","24":"product_cat-noleggio-yacht-sicilia","25":"product_cat-super-yacht-noleggio","26":"product_cat-noleggio-yacht-motore","27":"product_tag-34mt-50mt","28":"product_tag-mega-yacht","29":"product_tag-yacht-a-motore","30":"product_tag-yacht-di-lusso","31":"product_tag-yacht-green","32":"pa_cantieri-perini-navi","33":"pa_lunghezza-49-mt","34":"desktop-align-left","35":"tablet-align-left","36":"mobile-align-left","38":"first","39":"instock","40":"shipping-taxable","41":"product-type-simple"},"acf":[],"_links":{"self":[{"href":"https:\/\/verdeblu.com\/it\/wp-json\/wp\/v2\/product\/1518","targetHints":{"allow":["GET"]}}],"collection":[{"href":"https:\/\/verdeblu.com\/it\/wp-json\/wp\/v2\/product"}],"about":[{"href":"https:\/\/verdeblu.com\/it\/wp-json\/wp\/v2\/types\/product"}],"wp:featuredmedia":[{"embeddable":true,"href":"https:\/\/verdeblu.com\/it\/wp-json\/wp\/v2\/media\/1519"}],"wp:attachment":[{"href":"https:\/\/verdeblu.com\/it\/wp-json\/wp\/v2\/media?parent=1518"}],"wp:term":[{"taxonomy":"product_cat","embeddable":true,"href":"https:\/\/verdeblu.com\/it\/wp-json\/wp\/v2\/product_cat?post=1518"},{"taxonomy":"product_tag","embeddable":true,"href":"https:\/\/verdeblu.com\/it\/wp-json\/wp\/v2\/product_tag?post=1518"}],"curies":[{"name":"wp","href":"https:\/\/api.w.org\/{rel}","templated":true}]}}