{"id":1668,"date":"2023-11-20T14:38:31","date_gmt":"2023-11-20T13:38:31","guid":{"rendered":"https:\/\/nuovo.verdeblu.com\/?post_type=product&#038;p=1668"},"modified":"2025-04-17T11:43:54","modified_gmt":"2025-04-17T09:43:54","slug":"aix","status":"publish","type":"product","link":"https:\/\/verdeblu.com\/it\/aix\/","title":{"rendered":"Sanlorenzo 44 mt"},"content":{"rendered":"<p>Sanlorenzo 44 mt \/ Motor Yacht a Noleggio <\/p>\n<p>Finalista dei World Superyacht Awards. Considerato il superyacht di nuova costruzione pi\u00f9 significativo da noleggiare in Australia, non sorprende che questo splendido superyacht sia stato nominato tra i primi 4 motoryacht semi-dislocanti o plananti dei World Superyacht Awards 2023.  Il Motor Yacht costruito nel 2022 da Sanlorenzo e consegnato a luglio 2022 rappresenta lo scafo n. 6 dei modelli Alloy di grande successo.<br \/>\nIl design degli esterni e degli interni \u00e8 stato creato da Zuccon International Project, mentre Sanlorenzo ha sviluppato la sua architettura navale.<br \/>\nRispetto a yacht a motore di dimensioni simili, la sua velocit\u00e0 di crociera e la velocit\u00e0 massima sono circa quattro nodi sopra la media.<br \/>\nDopo un&#8217;estate di successo nel Mediterraneo e varato a Monaco, AIX \u00e8 ora in transito verso l&#8217;Australia. Al suo arrivo, il Sanlorenzo 44 mt rappresenter\u00e0 lo yacht impiegato a charter pi\u00f9 recente e avanzato con sede nel Pacifico meridionale.<br \/>\nQueste tutte le sue aree di navigazione: Australia &#8211; East Coast &amp; Great Barrier Reef, Australia &#8211; West Coast &amp; Kimberley, Fiji, New Caledonia, Papua New Guinea, Solomon Islands, Tonga, Vanuatu. <\/p>\n","protected":false},"excerpt":{"rendered":"<p><span style=\"font-weight: bold;\">Bassa Stagione:<\/span> 225.000 $\/sett<br \/>\n<span style=\"font-weight: bold;\">Alta Stagione:<\/span> 225.000 $\/sett<br \/>\n<span style=\"font-weight: bold;\">Lunghezza mt:<\/span> 44.5<br \/>\n<span style=\"font-weight: bold;\">Cabine:<\/span> 5<br \/>\n<span style=\"font-weight: bold;\">Tipo di Yacht:<\/span> Motor Yacht<br \/>\n<span style=\"font-weight: bold;\">Anno:<\/span> 2022<br \/>\n<span style=\"font-weight: bold;\">Modello:\u00a0<\/span> Superyacht<br \/>\n<span style=\"font-weight: bold;\">Cantiere: <\/span>Sanlorenzo<\/p>\n","protected":false},"featured_media":1669,"template":"","meta":{"site-sidebar-layout":"default","site-content-layout":"","ast-site-content-layout":"default","site-content-style":"default","site-sidebar-style":"default","ast-global-header-display":"","ast-banner-title-visibility":"","ast-main-header-display":"","ast-hfb-above-header-display":"","ast-hfb-below-header-display":"","ast-hfb-mobile-header-display":"","site-post-title":"","ast-breadcrumbs-content":"","ast-featured-img":"","footer-sml-layout":"","theme-transparent-header-meta":"default","adv-header-id-meta":"","stick-header-meta":"default","header-above-stick-meta":"","header-main-stick-meta":"","header-below-stick-meta":"","astra-migrate-meta-layouts":"set","ast-page-background-enabled":"default","ast-page-background-meta":{"desktop":{"background-color":"var(--ast-global-color-4)","background-image":"","background-repeat":"repeat","background-position":"center center","background-size":"auto","background-attachment":"scroll","background-type":"","background-media":"","overlay-type":"","overlay-color":"","overlay-opacity":"","overlay-gradient":""},"tablet":{"background-color":"","background-image":"","background-repeat":"repeat","background-position":"center center","background-size":"auto","background-attachment":"scroll","background-type":"","background-media":"","overlay-type":"","overlay-color":"","overlay-opacity":"","overlay-gradient":""},"mobile":{"background-color":"","background-image":"","background-repeat":"repeat","background-position":"center center","background-size":"auto","background-attachment":"scroll","background-type":"","background-media":"","overlay-type":"","overlay-color":"","overlay-opacity":"","overlay-gradient":""}},"ast-content-background-meta":{"desktop":{"background-color":"var(--ast-global-color-5)","background-image":"","background-repeat":"repeat","background-position":"center center","background-size":"auto","background-attachment":"scroll","background-type":"","background-media":"","overlay-type":"","overlay-color":"","overlay-opacity":"","overlay-gradient":""},"tablet":{"background-color":"var(--ast-global-color-5)","background-image":"","background-repeat":"repeat","background-position":"center center","background-size":"auto","background-attachment":"scroll","background-type":"","background-media":"","overlay-type":"","overlay-color":"","overlay-opacity":"","overlay-gradient":""},"mobile":{"background-color":"var(--ast-global-color-5)","background-image":"","background-repeat":"repeat","background-position":"center center","background-size":"auto","background-attachment":"scroll","background-type":"","background-media":"","overlay-type":"","overlay-color":"","overlay-opacity":"","overlay-gradient":""}},"_joinchat":[]},"product_cat":[44,22,67,1016,42,66,1014,50,45],"product_tag":[843,498,842,522],"class_list":{"0":"post-1668","1":"product","2":"type-product","3":"status-publish","4":"has-post-thumbnail","6":"product_cat-noleggio-yacht-australia","7":"product_cat-destinazioni-yacht","8":"product_cat-noleggio-yacht-figi","9":"product_cat-fiji","10":"product_cat-noleggio-yacht-oceano-pacifico","11":"product_cat-noleggio-yacht-polinesia","12":"product_cat-sidney","13":"product_cat-super-yacht-noleggio","14":"product_cat-tipologie-yacht","15":"product_tag-aix","16":"product_tag-34mt-50mt","17":"product_tag-superyacht","18":"product_tag-yacht-a-motore","19":"pa_cantieri-sanlorenzo","20":"pa_lunghezza-44-mt","21":"desktop-align-left","22":"tablet-align-left","23":"mobile-align-left","25":"first","26":"instock","27":"shipping-taxable","28":"product-type-simple"},"acf":[],"_links":{"self":[{"href":"https:\/\/verdeblu.com\/it\/wp-json\/wp\/v2\/product\/1668","targetHints":{"allow":["GET"]}}],"collection":[{"href":"https:\/\/verdeblu.com\/it\/wp-json\/wp\/v2\/product"}],"about":[{"href":"https:\/\/verdeblu.com\/it\/wp-json\/wp\/v2\/types\/product"}],"wp:featuredmedia":[{"embeddable":true,"href":"https:\/\/verdeblu.com\/it\/wp-json\/wp\/v2\/media\/1669"}],"wp:attachment":[{"href":"https:\/\/verdeblu.com\/it\/wp-json\/wp\/v2\/media?parent=1668"}],"wp:term":[{"taxonomy":"product_cat","embeddable":true,"href":"https:\/\/verdeblu.com\/it\/wp-json\/wp\/v2\/product_cat?post=1668"},{"taxonomy":"product_tag","embeddable":true,"href":"https:\/\/verdeblu.com\/it\/wp-json\/wp\/v2\/product_tag?post=1668"}],"curies":[{"name":"wp","href":"https:\/\/api.w.org\/{rel}","templated":true}]}}