{"id":1769,"date":"2023-11-20T16:28:59","date_gmt":"2023-11-20T15:28:59","guid":{"rendered":"https:\/\/nuovo.verdeblu.com\/?post_type=product&#038;p=1769"},"modified":"2025-04-16T10:35:01","modified_gmt":"2025-04-16T08:35:01","slug":"swan-131","status":"publish","type":"product","link":"https:\/\/verdeblu.com\/it\/swan-131\/","title":{"rendered":"Swan 131\u2019"},"content":{"rendered":"<p><strong>Swan 131\u2019<\/strong>\/ Sailing Yacht a Noleggio <\/p>\n<p><strong> Lo Swan 131\u2019 <\/strong>, Aristarchos, 40 metri di lunghezza e una superficie velica di 989 metri quadrati,  \u00e8 lo yacht a noleggio pi\u00f9 grande mai costruito da Nautor&#8217;s Swan il cantiere finlandese famoso in tutto il mondo per i suoi magnifici Yachts di Lusso.<br \/>  Il suo cockpit \u00e8 molto ombreggiato, mentre gli ampi ponti offrono ampi spazi relax, permettendo agli ospiti di crogiolarsi al sole nel brivido della navigazione. Il cockpit inoltre presenta comodi posti a sedere e un gran tavolo, creando un ambiente perfetto per cenare all&#8217;aperto. Gli interni eleganti sono in legno di noce, intagliato con sottili elementi a tema marino. Il salone rialzato, inondato di luce naturale, offre viste panoramiche e comprende un&#8217;ampia zona pranzo, confortevoli sedute, un tavolo da gioco, un bar e molto altro per creare uno spazio invitante perfetto in cui ritirarsi dopo un&#8217;intensa giornata a mare.<br \/>\nDire che l&#8217;esperienza di navigazione a bordo di questo Swan durante la crociera \u00e8 travolgente, grazie al mix di eleganza  e capacit\u00e0 prestazionali eccezionali nel gestire il vento, \u00e8 un eufemismo. <br \/>\nLo Yacht naviga soprattutto in Grecia e nel Est Mediterraneo ( Grecia, Grecia Ionica, Peloponneso,Isole Cicladi e Turchia)  <br \/> <br \/>\nGli ospiti a bordo avranno la possibilit\u00e0 di divertirsi con i molti gochi acquatici: tender, Wakeboard , Snorkeling equipment , Waterskis, Seabob, Fishing equipment, Tubing, Monoski, SUP .\n<\/p>\n<p><strong>Sistemazione Ospiti<\/strong>: lo yacht ha 3 cabine ensuite per ospitare fino a 8 persone. Una Master cabin di straordinaria bellezza, dedicata all&#8217;armatore con 2 letti matrimoniali e un bagno privato in marmo con 2 lavandini e box doccia in vetro. DVD, TV LCD, HI-FY. La seconda cabina matrimoniale \u00e8 dotata anche di letto estraibile adatto a un bambino o accompagnatore, anch&#8217;essa con bagno privato in marmo e vasca ed infine una grande cabina doppia twin con 2 letti singoli<\/p>\n<p><strong>Equipaggio<\/strong>: L&#8217;equipaggio \u00e8 composto da 6 membri. Il Capitano, Dimitris Pavlidis \u00e8 di nazionalit\u00e0 greca, calmo, paziente, confidente e positivo.Lo chef, Apostolos Souris, anche lui greco, \u00e8 membro della Association Athens Chef Club. La Stewardess Katerina Panagopoulou, greca, originaria della penisola del Peloponneso, ha studiato Scienze Motorie presso l&#8217;Universit\u00e0 Democrito della Tracia, \u00e8 specializzata in sport e attivit\u00e0 all&#8217;aria aperta e sport acquatici. Ama la natura, ama il mare e viaggiare. Ha lavorato come maestra di sci, come maestra di equitazione e come maestra di arrampicata.<\/p>\n","protected":false},"excerpt":{"rendered":"<p><span style=\"font-weight: bold;\">Bassa Stagione:<\/span> 75.000 \u20ac\/sett<br \/>\n<span style=\"font-weight: bold;\">Alta Stagione:<\/span> 85.000 \u20ac\/sett<br \/>\n<span style=\"font-weight: bold;\">Lunghezza mt:<\/span> 39.93<br \/>\n<span style=\"font-weight: bold;\">Cabine:<\/span> 3<br \/>\n<span style=\"font-weight: bold;\">Tipo di Yacht:<\/span> Sailing Yacht<br \/>\n<span style=\"font-weight: bold;\">Anno:<\/span> 2006<br \/>\n<span style=\"font-weight: bold;\">Modello:<\/span> Luxury S\/Y SWAN 131&#8242;<br \/>\n<span style=\"font-weight: bold;\">Cantiere:<\/span> Nautor&#8217;s Swan<\/p>\n","protected":false},"featured_media":1770,"template":"","meta":{"site-sidebar-layout":"default","site-content-layout":"","ast-site-content-layout":"default","site-content-style":"default","site-sidebar-style":"default","ast-global-header-display":"","ast-banner-title-visibility":"","ast-main-header-display":"","ast-hfb-above-header-display":"","ast-hfb-below-header-display":"","ast-hfb-mobile-header-display":"","site-post-title":"","ast-breadcrumbs-content":"","ast-featured-img":"","footer-sml-layout":"","theme-transparent-header-meta":"default","adv-header-id-meta":"","stick-header-meta":"default","header-above-stick-meta":"","header-main-stick-meta":"","header-below-stick-meta":"","astra-migrate-meta-layouts":"set","ast-page-background-enabled":"default","ast-page-background-meta":{"desktop":{"background-color":"var(--ast-global-color-4)","background-image":"","background-repeat":"repeat","background-position":"center center","background-size":"auto","background-attachment":"scroll","background-type":"","background-media":"","overlay-type":"","overlay-color":"","overlay-opacity":"","overlay-gradient":""},"tablet":{"background-color":"","background-image":"","background-repeat":"repeat","background-position":"center center","background-size":"auto","background-attachment":"scroll","background-type":"","background-media":"","overlay-type":"","overlay-color":"","overlay-opacity":"","overlay-gradient":""},"mobile":{"background-color":"","background-image":"","background-repeat":"repeat","background-position":"center center","background-size":"auto","background-attachment":"scroll","background-type":"","background-media":"","overlay-type":"","overlay-color":"","overlay-opacity":"","overlay-gradient":""}},"ast-content-background-meta":{"desktop":{"background-color":"var(--ast-global-color-5)","background-image":"","background-repeat":"repeat","background-position":"center center","background-size":"auto","background-attachment":"scroll","background-type":"","background-media":"","overlay-type":"","overlay-color":"","overlay-opacity":"","overlay-gradient":""},"tablet":{"background-color":"var(--ast-global-color-5)","background-image":"","background-repeat":"repeat","background-position":"center center","background-size":"auto","background-attachment":"scroll","background-type":"","background-media":"","overlay-type":"","overlay-color":"","overlay-opacity":"","overlay-gradient":""},"mobile":{"background-color":"var(--ast-global-color-5)","background-image":"","background-repeat":"repeat","background-position":"center center","background-size":"auto","background-attachment":"scroll","background-type":"","background-media":"","overlay-type":"","overlay-color":"","overlay-opacity":"","overlay-gradient":""}},"_joinchat":[]},"product_cat":[1032,1128,1008,22,61,787,789,1140,1009,40,788,45,62,46],"product_tag":[498,523],"class_list":{"0":"post-1769","1":"product","2":"type-product","3":"status-publish","4":"has-post-thumbnail","6":"product_cat-noleggio-yacht-atene","7":"product_cat-noleggio-yacht-bodrum","8":"product_cat-corfu-grecia-ionica","9":"product_cat-destinazioni-yacht","10":"product_cat-noleggio-yacht-grecia","11":"product_cat-grecia-ionica","12":"product_cat-noleggio-yacht-isole-cicladi","13":"product_cat-noleggio-yacht-isole-ionie","14":"product_cat-lefkas-grecia-ionica","15":"product_cat-noleggio-yacht-mediterraneo","16":"product_cat-mikonos","17":"product_cat-tipologie-yacht","18":"product_cat-noleggio-yacht-turchia","19":"product_cat-noleggio-yacht-vela","20":"product_tag-34mt-50mt","21":"product_tag-yacht-a-vela","22":"pa_cantieri-nautors-swan","23":"pa_lunghezza-39-mt","24":"desktop-align-left","25":"tablet-align-left","26":"mobile-align-left","28":"first","29":"instock","30":"shipping-taxable","31":"product-type-simple"},"acf":[],"_links":{"self":[{"href":"https:\/\/verdeblu.com\/it\/wp-json\/wp\/v2\/product\/1769","targetHints":{"allow":["GET"]}}],"collection":[{"href":"https:\/\/verdeblu.com\/it\/wp-json\/wp\/v2\/product"}],"about":[{"href":"https:\/\/verdeblu.com\/it\/wp-json\/wp\/v2\/types\/product"}],"wp:featuredmedia":[{"embeddable":true,"href":"https:\/\/verdeblu.com\/it\/wp-json\/wp\/v2\/media\/1770"}],"wp:attachment":[{"href":"https:\/\/verdeblu.com\/it\/wp-json\/wp\/v2\/media?parent=1769"}],"wp:term":[{"taxonomy":"product_cat","embeddable":true,"href":"https:\/\/verdeblu.com\/it\/wp-json\/wp\/v2\/product_cat?post=1769"},{"taxonomy":"product_tag","embeddable":true,"href":"https:\/\/verdeblu.com\/it\/wp-json\/wp\/v2\/product_tag?post=1769"}],"curies":[{"name":"wp","href":"https:\/\/api.w.org\/{rel}","templated":true}]}}