{"id":1896,"date":"2023-11-23T21:46:07","date_gmt":"2023-11-23T20:46:07","guid":{"rendered":"https:\/\/nuovo.verdeblu.com\/?post_type=product&#038;p=1896"},"modified":"2025-04-17T11:36:39","modified_gmt":"2025-04-17T09:36:39","slug":"daloli","status":"publish","type":"product","link":"https:\/\/verdeblu.com\/it\/daloli\/","title":{"rendered":"Daloli"},"content":{"rendered":"<p>Saloli \/ Motor Yacht for Charter <\/p>\n<p>REFIT 2018<br \/>\nProgettato dall&#8217;iconico designer di yacht, Frank Mulder, lo yacht DALOLI \u00e8 stato costruito nel 1995 per la famiglia reale del Sultano del Brunei. Lo yacht \u00e9 stato ampiamente ristrutturato nel 2007, 2012 e nel 2018 e fino ad oggi \u00e8 considerato unoi migliori scafi dei megayacht.<br \/>\nDALOLI \u00e8 lo yacht ideale per charters all&#8217;esplorazione delle meraviglie della Grecia, sia quella antica che quella moderna e delle sue centinaia di isole che punteggiano le acque azzurre del Mar Ionio e dell&#8217;Egeo.<br \/>\nKey features<br \/>\nNuovi divani e tapparelle elettriche nel Salon, Ampia gamma di giochi d&#8217;acqua inclusi 2 seabobs !!!<br \/>\nNuovo divano e lettini nella zona di Sundeck.<br<br \/>\n<strong>Sistemazione Ospiti<\/strong>: DALOLI can accommodate 10 to 12 guests in 5 luxurious staterooms, a master suite, two queen-bedded VIP staterooms and 2 a twin cabin. Guest cabin interiors are characterised by generous space, statement furnishings, leather panelling, mirrored surfaces and smooth lines that echo the shimmer and light of the sea. The master cabin boasts marble bathroom with Jacuzzi tub. The guest twins have pullman beds.<\/p>\n<p><strong>Equipaggio<\/strong> supercool composto da otto membri con ottimi testimonials!<\/p>\n","protected":false},"excerpt":{"rendered":"<p><span style=\"font-weight: bold;\">Bassa Stagione:<\/span> 63.000 \u20ac\/sett<br \/>\n<span style=\"font-weight: bold;\">Alta Stagione:<\/span> 75.500 \u20ac\/sett<br \/>\n<span style=\"font-weight: bold;\">Lunghezza mt:<\/span> 36<br \/>\n<span style=\"font-weight: bold;\">Cabine:<\/span> 5<br \/>\n<span style=\"font-weight: bold;\">Tipo di Yacht:<\/span> Motor Yacht<br \/>\n<span style=\"font-weight: bold;\">Anno:<\/span><br \/>\n<span style=\"font-weight: bold;\">Modello:<\/span> Baglietto 120<br \/>\n<span style=\"font-weight: bold;\">Cantiere:<\/span> Baglietto<\/p>\n","protected":false},"featured_media":1906,"template":"","meta":{"site-sidebar-layout":"default","site-content-layout":"","ast-site-content-layout":"default","site-content-style":"default","site-sidebar-style":"default","ast-global-header-display":"","ast-banner-title-visibility":"","ast-main-header-display":"","ast-hfb-above-header-display":"","ast-hfb-below-header-display":"","ast-hfb-mobile-header-display":"","site-post-title":"","ast-breadcrumbs-content":"","ast-featured-img":"","footer-sml-layout":"","theme-transparent-header-meta":"default","adv-header-id-meta":"","stick-header-meta":"default","header-above-stick-meta":"","header-main-stick-meta":"","header-below-stick-meta":"","astra-migrate-meta-layouts":"set","ast-page-background-enabled":"default","ast-page-background-meta":{"desktop":{"background-color":"var(--ast-global-color-4)","background-image":"","background-repeat":"repeat","background-position":"center center","background-size":"auto","background-attachment":"scroll","background-type":"","background-media":"","overlay-type":"","overlay-color":"","overlay-opacity":"","overlay-gradient":""},"tablet":{"background-color":"","background-image":"","background-repeat":"repeat","background-position":"center center","background-size":"auto","background-attachment":"scroll","background-type":"","background-media":"","overlay-type":"","overlay-color":"","overlay-opacity":"","overlay-gradient":""},"mobile":{"background-color":"","background-image":"","background-repeat":"repeat","background-position":"center center","background-size":"auto","background-attachment":"scroll","background-type":"","background-media":"","overlay-type":"","overlay-color":"","overlay-opacity":"","overlay-gradient":""}},"ast-content-background-meta":{"desktop":{"background-color":"var(--ast-global-color-5)","background-image":"","background-repeat":"repeat","background-position":"center center","background-size":"auto","background-attachment":"scroll","background-type":"","background-media":"","overlay-type":"","overlay-color":"","overlay-opacity":"","overlay-gradient":""},"tablet":{"background-color":"var(--ast-global-color-5)","background-image":"","background-repeat":"repeat","background-position":"center center","background-size":"auto","background-attachment":"scroll","background-type":"","background-media":"","overlay-type":"","overlay-color":"","overlay-opacity":"","overlay-gradient":""},"mobile":{"background-color":"var(--ast-global-color-5)","background-image":"","background-repeat":"repeat","background-position":"center center","background-size":"auto","background-attachment":"scroll","background-type":"","background-media":"","overlay-type":"","overlay-color":"","overlay-opacity":"","overlay-gradient":""}},"_joinchat":[]},"product_cat":[22,61,40,45,47],"product_tag":[498,522],"class_list":{"0":"post-1896","1":"product","2":"type-product","3":"status-publish","4":"has-post-thumbnail","6":"product_cat-destinazioni-yacht","7":"product_cat-noleggio-yacht-grecia","8":"product_cat-noleggio-yacht-mediterraneo","9":"product_cat-tipologie-yacht","10":"product_cat-noleggio-yacht-motore","11":"product_tag-34mt-50mt","12":"product_tag-yacht-a-motore","13":"pa_cantieri-baglietto","14":"pa_lunghezza-36-mt","15":"desktop-align-left","16":"tablet-align-left","17":"mobile-align-left","19":"first","20":"instock","21":"shipping-taxable","22":"product-type-simple"},"acf":[],"_links":{"self":[{"href":"https:\/\/verdeblu.com\/it\/wp-json\/wp\/v2\/product\/1896","targetHints":{"allow":["GET"]}}],"collection":[{"href":"https:\/\/verdeblu.com\/it\/wp-json\/wp\/v2\/product"}],"about":[{"href":"https:\/\/verdeblu.com\/it\/wp-json\/wp\/v2\/types\/product"}],"wp:featuredmedia":[{"embeddable":true,"href":"https:\/\/verdeblu.com\/it\/wp-json\/wp\/v2\/media\/1906"}],"wp:attachment":[{"href":"https:\/\/verdeblu.com\/it\/wp-json\/wp\/v2\/media?parent=1896"}],"wp:term":[{"taxonomy":"product_cat","embeddable":true,"href":"https:\/\/verdeblu.com\/it\/wp-json\/wp\/v2\/product_cat?post=1896"},{"taxonomy":"product_tag","embeddable":true,"href":"https:\/\/verdeblu.com\/it\/wp-json\/wp\/v2\/product_tag?post=1896"}],"curies":[{"name":"wp","href":"https:\/\/api.w.org\/{rel}","templated":true}]}}