{"id":1983,"date":"2023-11-24T10:38:36","date_gmt":"2023-11-24T09:38:36","guid":{"rendered":"https:\/\/nuovo.verdeblu.com\/?post_type=product&#038;p=1983"},"modified":"2025-04-16T10:15:52","modified_gmt":"2025-04-16T08:15:52","slug":"solleone","status":"publish","type":"product","link":"https:\/\/verdeblu.com\/it\/solleone\/","title":{"rendered":"Solleone"},"content":{"rendered":"<p>Solleone \/ Yacht a Vela a Noleggio <\/p>\n<p>Yacht a Noleggio Occasionale &#8211; IVA esente &#8211;<strong> LO YACHT NON E&#8217; PIU DISPONIBILE PER IL CHARTER<\/strong><\/p>\n<p>Un yacht di 35 metri di pura energia, Swan 115 SOLLEONE \u00e8 un capolavorodi design e di passione. Nel progetto di Germ\u00e1n Frers e nei raffinati interni curati da Michele B\u00f6nan, Solleone unisce i colori del Mediterraneo alla purezza delle linee nordiche. Ogni ambiente \u00e8 un omaggio alla grandezza del mare, dallo splendido deck alle sontuose cabine.<br \/>\nSOLLEONE \u00e8 caratterizzato da un ampio salone sul ponte suddiviso in livelli: il livello superiore offre un&#8217;ampia zona salone mentre il livello inferiore ospita una zona pranzo privata in grado di ospitare fino a 12 ospiti.<\/p>\n<p><strong>Sistemazione Ospiti<\/strong>:  SOLLEONE offre sistemazioni in 3 grandi cabine ospiti e 1 cabina armatoriale + pi\u00f9 un&#8217; area equipaggio x 1 capitano e 4 altri membri.<br \/>\nQuesto splendido yacht a vela \u00e9 in grado di offrire prestazioni di navigazione esilaranti nel confort e nello stile sicuro.<\/p>\n","protected":false},"excerpt":{"rendered":"<p><span style=\"font-weight: bold;\">Bassa Stagione:<\/span> 110.000 \u20ac\/sett<br \/>\n<span style=\"font-weight: bold;\">Alta Stagione:<\/span> 110.000 \u20ac\/sett<br \/>\n<span style=\"font-weight: bold;\">Lunghezza mt:<\/span> 35<br \/>\n<span style=\"font-weight: bold;\">Cabine:<\/span> 4<br \/>\n<span style=\"font-weight: bold;\">Tipo di Yacht:<\/span> Sailing Yacht<br \/>\n<span style=\"font-weight: bold;\">Anno:<\/span> 2015<br \/>\n<span style=\"font-weight: bold;\">Modello:<\/span> Swan 115<br \/>\n<span style=\"font-weight: bold;\">Cantiere:<\/span> Nautor Swan<\/p>\n","protected":false},"featured_media":1984,"template":"","meta":{"site-sidebar-layout":"default","site-content-layout":"","ast-site-content-layout":"default","site-content-style":"default","site-sidebar-style":"default","ast-global-header-display":"","ast-banner-title-visibility":"","ast-main-header-display":"","ast-hfb-above-header-display":"","ast-hfb-below-header-display":"","ast-hfb-mobile-header-display":"","site-post-title":"","ast-breadcrumbs-content":"","ast-featured-img":"","footer-sml-layout":"","theme-transparent-header-meta":"default","adv-header-id-meta":"","stick-header-meta":"default","header-above-stick-meta":"","header-main-stick-meta":"","header-below-stick-meta":"","astra-migrate-meta-layouts":"set","ast-page-background-enabled":"default","ast-page-background-meta":{"desktop":{"background-color":"var(--ast-global-color-4)","background-image":"","background-repeat":"repeat","background-position":"center center","background-size":"auto","background-attachment":"scroll","background-type":"","background-media":"","overlay-type":"","overlay-color":"","overlay-opacity":"","overlay-gradient":""},"tablet":{"background-color":"","background-image":"","background-repeat":"repeat","background-position":"center center","background-size":"auto","background-attachment":"scroll","background-type":"","background-media":"","overlay-type":"","overlay-color":"","overlay-opacity":"","overlay-gradient":""},"mobile":{"background-color":"","background-image":"","background-repeat":"repeat","background-position":"center center","background-size":"auto","background-attachment":"scroll","background-type":"","background-media":"","overlay-type":"","overlay-color":"","overlay-opacity":"","overlay-gradient":""}},"ast-content-background-meta":{"desktop":{"background-color":"var(--ast-global-color-5)","background-image":"","background-repeat":"repeat","background-position":"center center","background-size":"auto","background-attachment":"scroll","background-type":"","background-media":"","overlay-type":"","overlay-color":"","overlay-opacity":"","overlay-gradient":""},"tablet":{"background-color":"var(--ast-global-color-5)","background-image":"","background-repeat":"repeat","background-position":"center center","background-size":"auto","background-attachment":"scroll","background-type":"","background-media":"","overlay-type":"","overlay-color":"","overlay-opacity":"","overlay-gradient":""},"mobile":{"background-color":"var(--ast-global-color-5)","background-image":"","background-repeat":"repeat","background-position":"center center","background-size":"auto","background-attachment":"scroll","background-type":"","background-media":"","overlay-type":"","overlay-color":"","overlay-opacity":"","overlay-gradient":""}},"_joinchat":[]},"product_cat":[88,775,103,77,90,22,100,102,101,777,56,40,112,772,92,45,46],"product_tag":[498,523],"class_list":{"0":"post-1983","1":"product","2":"type-product","3":"status-publish","4":"has-post-thumbnail","6":"product_cat-noleggio-yacht-arcipelago-toscano","7":"product_cat-noleggio-yacht-cagliari","8":"product_cat-noleggio-yacht-capraia","9":"product_cat-noleggio-yacht-corsica","10":"product_cat-noleggio-yacht-costiera-amalfitana","11":"product_cat-destinazioni-yacht","12":"product_cat-noleggio-yacht-elba","13":"product_cat-noleggio-yacht-giannutri","14":"product_cat-noleggio-yacht-giglio","15":"product_cat-ibiza","16":"product_cat-noleggio-yacht-italia","17":"product_cat-noleggio-yacht-mediterraneo","18":"product_cat-noleggio-yacht-napoli","19":"product_cat-noleggio-yacht-porto-cervo","20":"product_cat-noleggio-yacht-sardegna","21":"product_cat-tipologie-yacht","22":"product_cat-noleggio-yacht-vela","23":"product_tag-34mt-50mt","24":"product_tag-yacht-a-vela","25":"pa_cantieri-nautors-swan","26":"pa_lunghezza-35-mt","27":"desktop-align-left","28":"tablet-align-left","29":"mobile-align-left","31":"first","32":"instock","33":"shipping-taxable","34":"product-type-simple"},"acf":[],"_links":{"self":[{"href":"https:\/\/verdeblu.com\/it\/wp-json\/wp\/v2\/product\/1983","targetHints":{"allow":["GET"]}}],"collection":[{"href":"https:\/\/verdeblu.com\/it\/wp-json\/wp\/v2\/product"}],"about":[{"href":"https:\/\/verdeblu.com\/it\/wp-json\/wp\/v2\/types\/product"}],"wp:featuredmedia":[{"embeddable":true,"href":"https:\/\/verdeblu.com\/it\/wp-json\/wp\/v2\/media\/1984"}],"wp:attachment":[{"href":"https:\/\/verdeblu.com\/it\/wp-json\/wp\/v2\/media?parent=1983"}],"wp:term":[{"taxonomy":"product_cat","embeddable":true,"href":"https:\/\/verdeblu.com\/it\/wp-json\/wp\/v2\/product_cat?post=1983"},{"taxonomy":"product_tag","embeddable":true,"href":"https:\/\/verdeblu.com\/it\/wp-json\/wp\/v2\/product_tag?post=1983"}],"curies":[{"name":"wp","href":"https:\/\/api.w.org\/{rel}","templated":true}]}}