{"id":1985,"date":"2023-11-24T10:45:44","date_gmt":"2023-11-24T09:45:44","guid":{"rendered":"https:\/\/nuovo.verdeblu.com\/?post_type=product&#038;p=1985"},"modified":"2025-04-17T12:20:37","modified_gmt":"2025-04-17T10:20:37","slug":"sunreef-che","status":"publish","type":"product","link":"https:\/\/verdeblu.com\/it\/sunreef-che\/","title":{"rendered":"Sunreef CHE"},"content":{"rendered":"<p>Che \/ Catamarano di Lusso a Noleggio <\/p>\n<p>AREA di NAVIGAZIONE &#8211; Sud della Francia-Costa Azzurra<br \/>\nAnno di Costruzione 2010, ref. 2016.<br \/>\nIl finalista dei World Superyacht Awards per il miglior yacht a vela nella gamma da 30 a 45 metri dopo il suo primo anno in mare, CHE appartiene a un club elitario di superyacht come uno dei pi\u00f9 grandi catamarani a vele spiegate mai costruiti. La sua stabilit\u00e0 suprema non significa praticamente nessun sbandamento o rollio quando CHE \u00e8 all&#8217;ancora, e anche su mari agitati la crociera \u00e8 agevole e facile, con il suo pescaggio basso che rende possibile una navigazione veloce, raggiungendo 12-15 nodi e pi\u00f9 con un buon vento.<br \/>\nCostruito al Sunreef Yard nel 2010 con una squisita attenzione ai dettagli, CHE attira l&#8217;attenzione con le sue linee eleganti, l&#8217;efficiente sovrastruttura e l&#8217;ampia zona giorno. Ha ricevuto aggiornamenti continui per soddisfare le ambizioni del suo proprietario, con tutti i lussi velici e le comodit\u00e0 degne del suo status di superyacht<br \/>\nAccomodation\u00a08 persone in 4 cabine di cui: 3 doppie con letti in piano ed una singola. Tutte e quattro le cabine sono doppie, cos\u00ec che consentono un elevato grado di comfort durante i passaggi oceanici e sono dotate di materassi in memory foam. La quarta cabina per gli ospiti \u00e8 dotata di un letto castello singolo e di un Pullman, che lo rende ideale per il porto. Le docce sono separate da doppie porte in vetro e le griglie ovali in teak sotto i piedi sono un richiamo alla tradizione della vela.<br \/>\nAria Condizionata in tutta la barca.<br \/>\nEquipaggio\u00a0: Capitano Sebastian Aberg (finlandese) + 4<br \/>\nCharter Terms: Myba Terms: il prezzo include: noleggio dello yacht, salario, assicurazioni e pasti equipaggio. Tutto il resto \u00e9 escluso<br \/>\nTender &amp; water toys\u00a0Zodiac Yachtline Deluxe 530 Yamacha 115A, Zodiac Cadet 310S, sci d&#8217;acqua, attrezzatura subacquea, attrezzatura per lo snorkeling, 1 seabob, 2 kayak,, selezione di giocattoli gonfiabili<\/p>\n","protected":false},"excerpt":{"rendered":"<p><span style=\"font-weight: bold;\">Bassa Stagione:<\/span> 70.000 \u20ac\/sett<br \/>\n<span style=\"font-weight: bold;\">Alta Stagione:<\/span> 75.000 \u20ac\/sett<br \/>\n<span style=\"font-weight: bold;\">Lunghezza mt:<\/span> 34.72<br \/>\n<span style=\"font-weight: bold;\">Cabine:<\/span> 4<br \/>\n<span style=\"font-weight: bold;\">Tipo di Yacht:<\/span> Catamarano<br \/>\n<span style=\"font-weight: bold;\">Anno:<\/span> 2010<br \/>\n<span style=\"font-weight: bold;\">Modello:<\/span> 114&#8242;<br \/>\n<span style=\"font-weight: bold;\">Cantiere:<\/span> Sunreef Yachts<\/p>\n","protected":false},"featured_media":1986,"template":"","meta":{"site-sidebar-layout":"default","site-content-layout":"","ast-site-content-layout":"default","site-content-style":"default","site-sidebar-style":"default","ast-global-header-display":"","ast-banner-title-visibility":"","ast-main-header-display":"","ast-hfb-above-header-display":"","ast-hfb-below-header-display":"","ast-hfb-mobile-header-display":"","site-post-title":"","ast-breadcrumbs-content":"","ast-featured-img":"","footer-sml-layout":"","theme-transparent-header-meta":"default","adv-header-id-meta":"","stick-header-meta":"default","header-above-stick-meta":"","header-main-stick-meta":"","header-below-stick-meta":"","astra-migrate-meta-layouts":"set","ast-page-background-enabled":"default","ast-page-background-meta":{"desktop":{"background-color":"var(--ast-global-color-4)","background-image":"","background-repeat":"repeat","background-position":"center center","background-size":"auto","background-attachment":"scroll","background-type":"","background-media":"","overlay-type":"","overlay-color":"","overlay-opacity":"","overlay-gradient":""},"tablet":{"background-color":"","background-image":"","background-repeat":"repeat","background-position":"center center","background-size":"auto","background-attachment":"scroll","background-type":"","background-media":"","overlay-type":"","overlay-color":"","overlay-opacity":"","overlay-gradient":""},"mobile":{"background-color":"","background-image":"","background-repeat":"repeat","background-position":"center center","background-size":"auto","background-attachment":"scroll","background-type":"","background-media":"","overlay-type":"","overlay-color":"","overlay-opacity":"","overlay-gradient":""}},"ast-content-background-meta":{"desktop":{"background-color":"var(--ast-global-color-5)","background-image":"","background-repeat":"repeat","background-position":"center center","background-size":"auto","background-attachment":"scroll","background-type":"","background-media":"","overlay-type":"","overlay-color":"","overlay-opacity":"","overlay-gradient":""},"tablet":{"background-color":"var(--ast-global-color-5)","background-image":"","background-repeat":"repeat","background-position":"center center","background-size":"auto","background-attachment":"scroll","background-type":"","background-media":"","overlay-type":"","overlay-color":"","overlay-opacity":"","overlay-gradient":""},"mobile":{"background-color":"var(--ast-global-color-5)","background-image":"","background-repeat":"repeat","background-position":"center center","background-size":"auto","background-attachment":"scroll","background-type":"","background-media":"","overlay-type":"","overlay-color":"","overlay-opacity":"","overlay-gradient":""}},"_joinchat":[]},"product_cat":[48,76,22,40,45],"product_tag":[519,498],"class_list":{"0":"post-1985","1":"product","2":"type-product","3":"status-publish","4":"has-post-thumbnail","6":"product_cat-catamarano-noleggio","7":"product_cat-noleggio-yacht-costa-azzurra","8":"product_cat-destinazioni-yacht","9":"product_cat-noleggio-yacht-mediterraneo","10":"product_cat-tipologie-yacht","11":"product_tag-catamarano","12":"product_tag-34mt-50mt","13":"pa_cantieri-sunreef-yachts","14":"pa_lunghezza-34-mt","15":"desktop-align-left","16":"tablet-align-left","17":"mobile-align-left","19":"first","20":"instock","21":"shipping-taxable","22":"product-type-simple"},"acf":[],"_links":{"self":[{"href":"https:\/\/verdeblu.com\/it\/wp-json\/wp\/v2\/product\/1985","targetHints":{"allow":["GET"]}}],"collection":[{"href":"https:\/\/verdeblu.com\/it\/wp-json\/wp\/v2\/product"}],"about":[{"href":"https:\/\/verdeblu.com\/it\/wp-json\/wp\/v2\/types\/product"}],"wp:featuredmedia":[{"embeddable":true,"href":"https:\/\/verdeblu.com\/it\/wp-json\/wp\/v2\/media\/1986"}],"wp:attachment":[{"href":"https:\/\/verdeblu.com\/it\/wp-json\/wp\/v2\/media?parent=1985"}],"wp:term":[{"taxonomy":"product_cat","embeddable":true,"href":"https:\/\/verdeblu.com\/it\/wp-json\/wp\/v2\/product_cat?post=1985"},{"taxonomy":"product_tag","embeddable":true,"href":"https:\/\/verdeblu.com\/it\/wp-json\/wp\/v2\/product_tag?post=1985"}],"curies":[{"name":"wp","href":"https:\/\/api.w.org\/{rel}","templated":true}]}}