{"id":2015,"date":"2023-11-27T17:08:57","date_gmt":"2023-11-27T16:08:57","guid":{"rendered":"https:\/\/nuovo.verdeblu.com\/?post_type=product&#038;p=2015"},"modified":"2025-04-16T10:14:57","modified_gmt":"2025-04-16T08:14:57","slug":"nephele","status":"publish","type":"product","link":"https:\/\/verdeblu.com\/it\/nephele\/","title":{"rendered":"S\/Y Nephele"},"content":{"rendered":"<p><strong>Nephele<\/strong> \/ Yacht a Vela a Noleggio <\/p>\n<p>La presenza di Nephele attira sempre una gran folla nel pi\u00f9 grani porti dei super yachts. Il designer e i costruttori hanno lavorato insieme per ottenere un perfetto equilibrio tra linee pulite ed eleganti e una finitura di qualit\u00e0, non solo piacevole alla vista, ma anche una barca da crociera mondiale molto capace.<br \/>\nPochi yacht possono raggiungere l&#8217;equilibrio tra comfort supremo e prestazioni elevate, mantenendo comunque un&#8217;affidabilit\u00e0 che ti dar\u00e0 la sicurezza di esplorare le destinazioni di crociera pi\u00f9 remote.<br \/>\nAccomodation: 3 cabine (1 matrimoniale, 2 doppie)<br \/>\nL&#8217;interno \u00e8 rifinito in faggio europeo abbinato a tessuti e moquette dai toni neutri per dare un tocco leggero e spazioso. La sistemazione per gli ospiti \u00e8 a poppa del Salone attraverso un corridoio centrale che conduce in primo luogo a due cabine gemelle contrapposte, (Pullmans ormeggio nella cabina di Starboard), in secondo luogo, alla cabina armatoriale a tutto baglio. Grazie al legno chiaro, ai tessuti neutri e all&#8217;abbondante luce naturale, le cabine appaiaono confortevoli e molto accoglienti.<\/p>\n","protected":false},"excerpt":{"rendered":"<p><span style=\"font-weight: bold;\">Bassa Stagione:<\/span> 69.000 US $\/sett<br \/>\n<span style=\"font-weight: bold;\">Alta Stagione:<\/span> 78.000 US $\/sett<br \/>\n<span style=\"font-weight: bold;\">Lunghezza mt:<\/span> 34.17<br \/>\n<span style=\"font-weight: bold;\">Cabine:<\/span> 3<br \/>\n<span style=\"font-weight: bold;\">Tipo di Yacht:<\/span> Sailing Yacht<br \/>\n<span style=\"font-weight: bold;\">Anno:<\/span> 2002<br \/>\n<span style=\"font-weight: bold;\">Modello:<\/span> Sloop<br \/>\n<span style=\"font-weight: bold;\">Cantiere:<\/span> McMullen &amp; Wing, Auckland<\/p>\n","protected":false},"featured_media":2016,"template":"","meta":{"site-sidebar-layout":"default","site-content-layout":"","ast-site-content-layout":"default","site-content-style":"default","site-sidebar-style":"default","ast-global-header-display":"","ast-banner-title-visibility":"","ast-main-header-display":"","ast-hfb-above-header-display":"","ast-hfb-below-header-display":"","ast-hfb-mobile-header-display":"","site-post-title":"","ast-breadcrumbs-content":"","ast-featured-img":"","footer-sml-layout":"","theme-transparent-header-meta":"default","adv-header-id-meta":"","stick-header-meta":"default","header-above-stick-meta":"","header-main-stick-meta":"","header-below-stick-meta":"","astra-migrate-meta-layouts":"set","ast-page-background-enabled":"default","ast-page-background-meta":{"desktop":{"background-color":"var(--ast-global-color-4)","background-image":"","background-repeat":"repeat","background-position":"center center","background-size":"auto","background-attachment":"scroll","background-type":"","background-media":"","overlay-type":"","overlay-color":"","overlay-opacity":"","overlay-gradient":""},"tablet":{"background-color":"","background-image":"","background-repeat":"repeat","background-position":"center center","background-size":"auto","background-attachment":"scroll","background-type":"","background-media":"","overlay-type":"","overlay-color":"","overlay-opacity":"","overlay-gradient":""},"mobile":{"background-color":"","background-image":"","background-repeat":"repeat","background-position":"center center","background-size":"auto","background-attachment":"scroll","background-type":"","background-media":"","overlay-type":"","overlay-color":"","overlay-opacity":"","overlay-gradient":""}},"ast-content-background-meta":{"desktop":{"background-color":"var(--ast-global-color-5)","background-image":"","background-repeat":"repeat","background-position":"center center","background-size":"auto","background-attachment":"scroll","background-type":"","background-media":"","overlay-type":"","overlay-color":"","overlay-opacity":"","overlay-gradient":""},"tablet":{"background-color":"var(--ast-global-color-5)","background-image":"","background-repeat":"repeat","background-position":"center center","background-size":"auto","background-attachment":"scroll","background-type":"","background-media":"","overlay-type":"","overlay-color":"","overlay-opacity":"","overlay-gradient":""},"mobile":{"background-color":"var(--ast-global-color-5)","background-image":"","background-repeat":"repeat","background-position":"center center","background-size":"auto","background-attachment":"scroll","background-type":"","background-media":"","overlay-type":"","overlay-color":"","overlay-opacity":"","overlay-gradient":""}},"_joinchat":[]},"product_cat":[22,42,45,46],"product_tag":[498,523],"class_list":{"0":"post-2015","1":"product","2":"type-product","3":"status-publish","4":"has-post-thumbnail","6":"product_cat-destinazioni-yacht","7":"product_cat-noleggio-yacht-oceano-pacifico","8":"product_cat-tipologie-yacht","9":"product_cat-noleggio-yacht-vela","10":"product_tag-34mt-50mt","11":"product_tag-yacht-a-vela","12":"pa_cantieri-mcmullen-wing","13":"pa_lunghezza-34-mt","14":"desktop-align-left","15":"tablet-align-left","16":"mobile-align-left","18":"first","19":"instock","20":"shipping-taxable","21":"product-type-simple"},"acf":[],"_links":{"self":[{"href":"https:\/\/verdeblu.com\/it\/wp-json\/wp\/v2\/product\/2015","targetHints":{"allow":["GET"]}}],"collection":[{"href":"https:\/\/verdeblu.com\/it\/wp-json\/wp\/v2\/product"}],"about":[{"href":"https:\/\/verdeblu.com\/it\/wp-json\/wp\/v2\/types\/product"}],"wp:featuredmedia":[{"embeddable":true,"href":"https:\/\/verdeblu.com\/it\/wp-json\/wp\/v2\/media\/2016"}],"wp:attachment":[{"href":"https:\/\/verdeblu.com\/it\/wp-json\/wp\/v2\/media?parent=2015"}],"wp:term":[{"taxonomy":"product_cat","embeddable":true,"href":"https:\/\/verdeblu.com\/it\/wp-json\/wp\/v2\/product_cat?post=2015"},{"taxonomy":"product_tag","embeddable":true,"href":"https:\/\/verdeblu.com\/it\/wp-json\/wp\/v2\/product_tag?post=2015"}],"curies":[{"name":"wp","href":"https:\/\/api.w.org\/{rel}","templated":true}]}}