{"id":2100,"date":"2023-11-28T12:02:07","date_gmt":"2023-11-28T11:02:07","guid":{"rendered":"https:\/\/nuovo.verdeblu.com\/?post_type=product&#038;p=2100"},"modified":"2025-04-17T11:33:24","modified_gmt":"2025-04-17T09:33:24","slug":"alvium","status":"publish","type":"product","link":"https:\/\/verdeblu.com\/it\/alvium\/","title":{"rendered":"Alvium"},"content":{"rendered":"<p><strong>ALVIUM<\/strong> \/ Motor yacht a Noleggio<\/p>\n<p>ALVIUM, Motor Yacht Ferretti Custom Line, 33 mt (106&#8242;) costruito nel 2022, \u00e8 stato progettato per la velocit\u00e0. E&#8217; uno yacht elegante e potente, \u00e8 la combinazione perfetta di potenza e lusso.<br \/>\nGli interni sono moderni e sofisticati, con un eccellente livello di comfort: Lo yacht, nello stile Ferretti, \u00e9 stato costruito utilizzando solo i materiali pi\u00f9 esclusivi.<br \/>\nGli spazi dello yacht sono interconnessi come una scultura, per formare una sequenza fluida di volumi che percorrono tutta la sua lunghezza. Il dettaglio pi\u00f9 impressionante sono le grandi finestre laterali, tre su ciascun lato del salone. Leggermente inclinati verso l&#8217;esterno, esaltano la sensazione di spaziosit\u00e0.<br \/>\nIl soggiorno \u00e8 arredato con pezzi di design e dispone di un tavolo da pranzo per dieci ospiti, la cui superficie in vetro riflette la luce naturale. Tutti gli spazi godono di un&#8217;impressionante altezza del soffitto di 2,1 metri, che anche da sola creerebbe un senso di spaziosit\u00e0.<br \/>\nIl flybridge si estende su 53 metri quadrati, parte dei quali protetti da un hard top con due lucernari, ed \u00e8 abbastanza grande da poter essere considerato un terzo ponte. \u00c8 collegato al pozzetto di poppa tramite una scala brillantemente posizionata.<br \/>\nAlvium \u00e9 uno yacht che irradia potenza e lusso. L&#8217;hardtop scorrevole, situato nel salone, consente alla luce naturale di inondare gli interni quando aperto, offrendo un senso unico di libert\u00e0 e pace.<br \/>\nLa poppa ospita un&#8217;altra area spettacolare che comprende un solarium e una dinette.<\/p>\n<p><strong>Sistemazione ospiti<\/strong>: ALVIUM pu\u00f2 ospitare comodamente 12 ospiti in cinque lussuose cabine con bagno privato, tra cui una suite armatoriale a tutto baglio sul ponte principale, con bagni per lui e per lei separati da una doccia centrale. Altre quattro eleganti cabine sono situate sul ponte inferiore, composto da due cabine VIP e due cabine doppie con pullman.<br \/>\n<strong>Equipaggio<\/strong>: L&#8217;equipaggio \u00e8 composto da 5 membri (tutti spagnoli), il Coomandante (Jos\u00e9 Caro Paredes), lo Chef carlos (originario di Palma de Mallorca), un Capo Ingegnere, una Hostess e un Deck-hand<\/p>\n<p>Alvium ha base a Ibiza\/ Formentera, ma \u00e8 disponibile anche per charter a Maiorca e Minorca su richiesta.<\/p>\n","protected":false},"excerpt":{"rendered":"<p><span style=\"font-weight: bold;\">Bassa Stagione:<\/span> 115.000 \u20ac\/sett<br \/>\n<span style=\"font-weight: bold;\">Alta Stagione:<\/span> 135.000 \u20ac\/sett<br \/>\n<span style=\"font-weight: bold;\">Lunghezza mt:<\/span> 33<br \/>\n<span style=\"font-weight: bold;\">Cabine:<\/span> 5<br \/>\n<span style=\"font-weight: bold;\">Tipo di Yacht:<\/span> Motor Yacht<br \/>\n<span style=\"font-weight: bold;\">Anno:<\/span> 2022<br \/>\n<span style=\"font-weight: bold;\">Modello:<\/span> Custom Line<br \/>\n<span style=\"font-weight: bold;\">Cantiere:<\/span> Ferretti<\/p>\n","protected":false},"featured_media":6951,"template":"","meta":{"site-sidebar-layout":"default","site-content-layout":"","ast-site-content-layout":"default","site-content-style":"default","site-sidebar-style":"default","ast-global-header-display":"","ast-banner-title-visibility":"","ast-main-header-display":"","ast-hfb-above-header-display":"","ast-hfb-below-header-display":"","ast-hfb-mobile-header-display":"","site-post-title":"","ast-breadcrumbs-content":"","ast-featured-img":"","footer-sml-layout":"","theme-transparent-header-meta":"default","adv-header-id-meta":"","stick-header-meta":"default","header-above-stick-meta":"","header-main-stick-meta":"","header-below-stick-meta":"","astra-migrate-meta-layouts":"set","ast-page-background-enabled":"default","ast-page-background-meta":{"desktop":{"background-color":"var(--ast-global-color-4)","background-image":"","background-repeat":"repeat","background-position":"center center","background-size":"auto","background-attachment":"scroll","background-type":"","background-media":"","overlay-type":"","overlay-color":"","overlay-opacity":"","overlay-gradient":""},"tablet":{"background-color":"","background-image":"","background-repeat":"repeat","background-position":"center center","background-size":"auto","background-attachment":"scroll","background-type":"","background-media":"","overlay-type":"","overlay-color":"","overlay-opacity":"","overlay-gradient":""},"mobile":{"background-color":"","background-image":"","background-repeat":"repeat","background-position":"center center","background-size":"auto","background-attachment":"scroll","background-type":"","background-media":"","overlay-type":"","overlay-color":"","overlay-opacity":"","overlay-gradient":""}},"ast-content-background-meta":{"desktop":{"background-color":"var(--ast-global-color-5)","background-image":"","background-repeat":"repeat","background-position":"center center","background-size":"auto","background-attachment":"scroll","background-type":"","background-media":"","overlay-type":"","overlay-color":"","overlay-opacity":"","overlay-gradient":""},"tablet":{"background-color":"var(--ast-global-color-5)","background-image":"","background-repeat":"repeat","background-position":"center center","background-size":"auto","background-attachment":"scroll","background-type":"","background-media":"","overlay-type":"","overlay-color":"","overlay-opacity":"","overlay-gradient":""},"mobile":{"background-color":"var(--ast-global-color-5)","background-image":"","background-repeat":"repeat","background-position":"center center","background-size":"auto","background-attachment":"scroll","background-type":"","background-media":"","overlay-type":"","overlay-color":"","overlay-opacity":"","overlay-gradient":""}},"_joinchat":[]},"product_cat":[22,837,777,85,84,836,40,45,47],"product_tag":[497,522],"class_list":{"0":"post-2100","1":"product","2":"type-product","3":"status-publish","4":"has-post-thumbnail","6":"product_cat-destinazioni-yacht","7":"product_cat-noleggio-yacht-formentera","8":"product_cat-ibiza","9":"product_cat-noleggio-yacht-ibiza","10":"product_cat-noleggio-yacht-isole-baleari","11":"product_cat-noleggio-yacht-maiorca","12":"product_cat-noleggio-yacht-mediterraneo","13":"product_cat-tipologie-yacht","14":"product_cat-noleggio-yacht-motore","15":"product_tag-24mt-34mt","16":"product_tag-yacht-a-motore","17":"pa_cantieri-ferretti","18":"pa_lunghezza-33-mt","19":"desktop-align-left","20":"tablet-align-left","21":"mobile-align-left","23":"first","24":"instock","25":"shipping-taxable","26":"product-type-simple"},"acf":[],"_links":{"self":[{"href":"https:\/\/verdeblu.com\/it\/wp-json\/wp\/v2\/product\/2100","targetHints":{"allow":["GET"]}}],"collection":[{"href":"https:\/\/verdeblu.com\/it\/wp-json\/wp\/v2\/product"}],"about":[{"href":"https:\/\/verdeblu.com\/it\/wp-json\/wp\/v2\/types\/product"}],"wp:featuredmedia":[{"embeddable":true,"href":"https:\/\/verdeblu.com\/it\/wp-json\/wp\/v2\/media\/6951"}],"wp:attachment":[{"href":"https:\/\/verdeblu.com\/it\/wp-json\/wp\/v2\/media?parent=2100"}],"wp:term":[{"taxonomy":"product_cat","embeddable":true,"href":"https:\/\/verdeblu.com\/it\/wp-json\/wp\/v2\/product_cat?post=2100"},{"taxonomy":"product_tag","embeddable":true,"href":"https:\/\/verdeblu.com\/it\/wp-json\/wp\/v2\/product_tag?post=2100"}],"curies":[{"name":"wp","href":"https:\/\/api.w.org\/{rel}","templated":true}]}}