{"id":2117,"date":"2023-11-28T13:27:29","date_gmt":"2023-11-28T12:27:29","guid":{"rendered":"https:\/\/nuovo.verdeblu.com\/?post_type=product&#038;p=2117"},"modified":"2025-01-07T18:33:29","modified_gmt":"2025-01-07T17:33:29","slug":"askari","status":"publish","type":"product","link":"https:\/\/verdeblu.com\/it\/askari\/","title":{"rendered":"Askari"},"content":{"rendered":"<p><strong>Askari<\/strong>\/ Motor Yacht a Noleggio <br \/> <br \/>\nDISPONIBILE NELLA POLINESIA FRANCESE <\/p>\n<p>Prendendo il suo nome dalla parola swahili che significa &#8220;guardia&#8221; o &#8220;protettore&#8221;, <strong> ASKARI<\/strong> ha esplorato alcuni degli angoli pi\u00f9 remoti del mondo ed \u00e8 a suo agio sia in un porto affollato che all&#8217;ancora al largo di una bellissima spiaggia o baia. <br \/> <br \/>\nDa quando ha terminato una ristrutturazione totale nel 2017, questa yacht a motore di lusso ha navigato dai Caraibi a Trinidad, fino alla Nuova Zelanda e all&#8217;Australia, con innumerevoli soste sulle isole lungo le sue rotte.<\/p>\n<p>Ora \u00e9 di base in Polinesia a Tahiti, dove effettua charters tra le sue meravigliose isole . Askari asar\u00e0 disponibile per la crociera nelle Isole della Societ\u00e0 e nelle Tuamotu per immersioni straordinarie, pesca fantastica e tramonti indimenticabii .<\/p>\n<p>Sono richiesti un minimo di 7 giorni per  charter che si svolgono alle Tuamotu, a meno non ci sia un altro charter gi\u00e0 prenotato nella stessa zona.<br \/>\nCon un capitano eccezionale e un equipaggio esperto, gli ospiti possono rilassarsi e godersi gli sport acquatici e le attivit\u00e0 all&#8217;aperto, visitare la citt\u00e0 e fare shopping alla ricerca di tesori esotici. Di certo, un mondo di scoperte e avventure vi attender\u00e0 a bordo di Askari.<\/p>\n<p><strong>Sistemazione ospiti<\/strong>: Askari ha 5 cabine (tre doppie e 2 twin) a disposizione per un massimo di 10 persone.<\/p>\n<p><strong>Equipaggio<\/strong> Claud Akers (sudafricano). Claud e Askari sono inseparabili da oltre vent&#8217;anni, prima come ingegnere capo e ora come capitano. + altri 6 membri <\/p>\n","protected":false},"excerpt":{"rendered":"<p><span style=\"font-weight: bold;\">Bassa Stagione:<\/span> 90.000 US$\/sett<br \/>\n<span style=\"font-weight: bold;\">Alta Stagione:<\/span> 100.000 US$\/sett<br \/>\n<span style=\"font-weight: bold;\">Lunghezza mt:<\/span> 32.87<br \/>\n<span style=\"font-weight: bold;\">Cabine:<\/span> 5<br \/>\n<span style=\"font-weight: bold;\">Tipo di Yacht:<\/span> Motor\u00a0Yacht<br \/>\n<span style=\"font-weight: bold;\">Anno:<\/span> 1971 &#8211; Refit 2017<br \/>\n<span style=\"font-weight: bold;\">Modello:<\/span> Luxury Motor Yacht<br \/>\n<span style=\"font-weight: bold;\">Cantiere:<\/span> Sermons<\/p>\n","protected":false},"featured_media":2118,"template":"","meta":{"site-sidebar-layout":"default","site-content-layout":"","ast-site-content-layout":"default","site-content-style":"default","site-sidebar-style":"default","ast-global-header-display":"","ast-banner-title-visibility":"","ast-main-header-display":"","ast-hfb-above-header-display":"","ast-hfb-below-header-display":"","ast-hfb-mobile-header-display":"","site-post-title":"","ast-breadcrumbs-content":"","ast-featured-img":"","footer-sml-layout":"","theme-transparent-header-meta":"default","adv-header-id-meta":"","stick-header-meta":"default","header-above-stick-meta":"","header-main-stick-meta":"","header-below-stick-meta":"","astra-migrate-meta-layouts":"set","ast-page-background-enabled":"default","ast-page-background-meta":{"desktop":{"background-color":"var(--ast-global-color-4)","background-image":"","background-repeat":"repeat","background-position":"center center","background-size":"auto","background-attachment":"scroll","background-type":"","background-media":"","overlay-type":"","overlay-color":"","overlay-opacity":"","overlay-gradient":""},"tablet":{"background-color":"","background-image":"","background-repeat":"repeat","background-position":"center center","background-size":"auto","background-attachment":"scroll","background-type":"","background-media":"","overlay-type":"","overlay-color":"","overlay-opacity":"","overlay-gradient":""},"mobile":{"background-color":"","background-image":"","background-repeat":"repeat","background-position":"center center","background-size":"auto","background-attachment":"scroll","background-type":"","background-media":"","overlay-type":"","overlay-color":"","overlay-opacity":"","overlay-gradient":""}},"ast-content-background-meta":{"desktop":{"background-color":"var(--ast-global-color-5)","background-image":"","background-repeat":"repeat","background-position":"center center","background-size":"auto","background-attachment":"scroll","background-type":"","background-media":"","overlay-type":"","overlay-color":"","overlay-opacity":"","overlay-gradient":""},"tablet":{"background-color":"var(--ast-global-color-5)","background-image":"","background-repeat":"repeat","background-position":"center center","background-size":"auto","background-attachment":"scroll","background-type":"","background-media":"","overlay-type":"","overlay-color":"","overlay-opacity":"","overlay-gradient":""},"mobile":{"background-color":"var(--ast-global-color-5)","background-image":"","background-repeat":"repeat","background-position":"center center","background-size":"auto","background-attachment":"scroll","background-type":"","background-media":"","overlay-type":"","overlay-color":"","overlay-opacity":"","overlay-gradient":""}},"_joinchat":[]},"product_cat":[22,42,66,45,47],"product_tag":[497,522],"class_list":{"0":"post-2117","1":"product","2":"type-product","3":"status-publish","4":"has-post-thumbnail","6":"product_cat-destinazioni-yacht","7":"product_cat-noleggio-yacht-oceano-pacifico","8":"product_cat-noleggio-yacht-polinesia","9":"product_cat-tipologie-yacht","10":"product_cat-noleggio-yacht-motore","11":"product_tag-24mt-34mt","12":"product_tag-yacht-a-motore","13":"pa_cantieri-sermons","14":"pa_lunghezza-32-mt","15":"desktop-align-left","16":"tablet-align-left","17":"mobile-align-left","19":"first","20":"instock","21":"shipping-taxable","22":"product-type-simple"},"acf":[],"_links":{"self":[{"href":"https:\/\/verdeblu.com\/it\/wp-json\/wp\/v2\/product\/2117","targetHints":{"allow":["GET"]}}],"collection":[{"href":"https:\/\/verdeblu.com\/it\/wp-json\/wp\/v2\/product"}],"about":[{"href":"https:\/\/verdeblu.com\/it\/wp-json\/wp\/v2\/types\/product"}],"wp:featuredmedia":[{"embeddable":true,"href":"https:\/\/verdeblu.com\/it\/wp-json\/wp\/v2\/media\/2118"}],"wp:attachment":[{"href":"https:\/\/verdeblu.com\/it\/wp-json\/wp\/v2\/media?parent=2117"}],"wp:term":[{"taxonomy":"product_cat","embeddable":true,"href":"https:\/\/verdeblu.com\/it\/wp-json\/wp\/v2\/product_cat?post=2117"},{"taxonomy":"product_tag","embeddable":true,"href":"https:\/\/verdeblu.com\/it\/wp-json\/wp\/v2\/product_tag?post=2117"}],"curies":[{"name":"wp","href":"https:\/\/api.w.org\/{rel}","templated":true}]}}