{"id":2249,"date":"2023-11-28T19:00:06","date_gmt":"2023-11-28T18:00:06","guid":{"rendered":"https:\/\/nuovo.verdeblu.com\/?post_type=product&#038;p=2249"},"modified":"2025-04-17T11:30:25","modified_gmt":"2025-04-17T09:30:25","slug":"ethna","status":"publish","type":"product","link":"https:\/\/verdeblu.com\/it\/ethna\/","title":{"rendered":"Ethna"},"content":{"rendered":"<p><strong>ETHNA <\/strong>(ex Penelope)\/ Yacht con Equipaggio a Noleggio<\/p>\n<p>ETHNA \u00e8 un fantastico Ferretti Custom Line 97 costruito nel 2008 e completamente rinnovato nel 2018 e nuovi lavori sono previsti per il 2020. . Lo yacht vanta ampi spazi confortevoli ed eleganti arredi e decorazioni. <\/p>\n<p>Il luminoso salone del ponte principale incorpora una rilassante area lounge e un grande tavolo di vetro che crea l&#8217;ambiente ideale per cene formali o familairi. Verso prua, la Stateroom Master dispone di letto matrimoniale, un grande divano, vanity \/ scrivania e bagno privato.<br \/> Il suo spazio esterno \u00e8 abbondante. Il grande ponte di poppa, completo di tavolo in teak, \u00e8 ideale per cenare all&#8217;aperto con la famiglia e gli amici, mentre la zona prendisole a prua offre una fuga pi\u00f9 privata.<br \/>\nL&#8217;incredibile flybridge con ulteriori aree per i pasti, conversare o prendere il sole, un bar all&#8217;aperto, e una Jacuzzi rotonda, perfetta per rinfrescarsi, tutto aiuta a rilassarsi e godere degli incredibili paesaggi mediterranei.<\/p>\n<p><strong>Sistemazione Ospiti<\/strong>: La barca \u00e9 in grado di ospitare fino a 10\/12 persone in 5 cabine.<br \/> <br \/>\n1 Master cabin nel  Main deck (ponte pricipale); nel  Lower deck (ponte inferiore)  altre 4 cabine confortevoli: due Suites Doppie e due Twins consigliabili per bambini piccoli o bambinaie), anche queste dotate di bagno privato.<\/p>\n<p><strong>Equipaggio<\/strong>: Un equipaggio dedicato e professionale di 5 persone gudate dal Comandante pi\u00f9 altri 4 membri  e un vasto assortimento di giochi d&#8217;acqua,  rendono questo yacht la scelta perfetta per una vacanza indimenticabile.<\/p>\n","protected":false},"excerpt":{"rendered":"<p><span style=\"font-weight: bold;\">Bassa Stagione:<\/span> 60.000 \u20ac\/sett<br \/>\n<span style=\"font-weight: bold;\">Alta Stagione:<\/span> 74.000 \u20ac\/sett<br \/>\n<span style=\"font-weight: bold;\">Lunghezza mt:<\/span> 30<br \/>\n<span style=\"font-weight: bold;\">Cabine:<\/span> 5<br \/>\n<span style=\"font-weight: bold;\">Tipo di Yacht:<\/span> Motor Yacht<br \/>\n<span style=\"font-weight: bold;\">Anno:<\/span> 2008 &#8211; Refit 2020<br \/>\n<span style=\"font-weight: bold;\">Modello:<\/span> Custom Line 97&#8242;<br \/>\n<span style=\"font-weight: bold;\">Cantiere:<\/span> Ferretti<\/p>\n","protected":false},"featured_media":2250,"template":"","meta":{"site-sidebar-layout":"default","site-content-layout":"","ast-site-content-layout":"default","site-content-style":"default","site-sidebar-style":"default","ast-global-header-display":"","ast-banner-title-visibility":"","ast-main-header-display":"","ast-hfb-above-header-display":"","ast-hfb-below-header-display":"","ast-hfb-mobile-header-display":"","site-post-title":"","ast-breadcrumbs-content":"","ast-featured-img":"","footer-sml-layout":"","theme-transparent-header-meta":"default","adv-header-id-meta":"","stick-header-meta":"default","header-above-stick-meta":"","header-main-stick-meta":"","header-below-stick-meta":"","astra-migrate-meta-layouts":"set","ast-page-background-enabled":"default","ast-page-background-meta":{"desktop":{"background-color":"var(--ast-global-color-4)","background-image":"","background-repeat":"repeat","background-position":"center center","background-size":"auto","background-attachment":"scroll","background-type":"","background-media":"","overlay-type":"","overlay-color":"","overlay-opacity":"","overlay-gradient":""},"tablet":{"background-color":"","background-image":"","background-repeat":"repeat","background-position":"center center","background-size":"auto","background-attachment":"scroll","background-type":"","background-media":"","overlay-type":"","overlay-color":"","overlay-opacity":"","overlay-gradient":""},"mobile":{"background-color":"","background-image":"","background-repeat":"repeat","background-position":"center center","background-size":"auto","background-attachment":"scroll","background-type":"","background-media":"","overlay-type":"","overlay-color":"","overlay-opacity":"","overlay-gradient":""}},"ast-content-background-meta":{"desktop":{"background-color":"var(--ast-global-color-5)","background-image":"","background-repeat":"repeat","background-position":"center center","background-size":"auto","background-attachment":"scroll","background-type":"","background-media":"","overlay-type":"","overlay-color":"","overlay-opacity":"","overlay-gradient":""},"tablet":{"background-color":"var(--ast-global-color-5)","background-image":"","background-repeat":"repeat","background-position":"center center","background-size":"auto","background-attachment":"scroll","background-type":"","background-media":"","overlay-type":"","overlay-color":"","overlay-opacity":"","overlay-gradient":""},"mobile":{"background-color":"var(--ast-global-color-5)","background-image":"","background-repeat":"repeat","background-position":"center center","background-size":"auto","background-attachment":"scroll","background-type":"","background-media":"","overlay-type":"","overlay-color":"","overlay-opacity":"","overlay-gradient":""}},"_joinchat":[]},"product_cat":[81,775,77,128,90,22,777,114,122,89,56,127,40,112,126,108,1017,772,82,113,92,91,118,45,124,110,47],"product_tag":[497,1074,895,882,522,1102],"class_list":{"0":"post-2249","1":"product","2":"type-product","3":"status-publish","4":"has-post-thumbnail","6":"product_cat-noleggio-yacht-bonifacio","7":"product_cat-noleggio-yacht-cagliari","8":"product_cat-noleggio-yacht-corsica","9":"product_cat-noleggio-yacht-costa-smeralda","10":"product_cat-noleggio-yacht-costiera-amalfitana","11":"product_cat-destinazioni-yacht","12":"product_cat-ibiza","13":"product_cat-noleggio-yacht-ischia","14":"product_cat-noleggio-yacht-isole-eolie","15":"product_cat-noleggio-yacht-isole-pontine","16":"product_cat-noleggio-yacht-italia","17":"product_cat-noleggio-yacht-la-maddalena","18":"product_cat-noleggio-yacht-mediterraneo","19":"product_cat-noleggio-yacht-napoli","20":"product_cat-noleggio-yacht-olbia","21":"product_cat-noleggio-yacht-palmarola","22":"product_cat-noleggio-yacht-ponza","23":"product_cat-noleggio-yacht-porto-cervo","24":"product_cat-noleggio-yacht-porto-vecchio","25":"product_cat-noleggio-yacht-procida","26":"product_cat-noleggio-yacht-sardegna","27":"product_cat-noleggio-yacht-sicilia","28":"product_cat-noleggio-yacht-sorrento","29":"product_cat-tipologie-yacht","30":"product_cat-noleggio-yacht-ustica","31":"product_cat-noleggio-yacht-ventotene","32":"product_cat-noleggio-yacht-motore","33":"product_tag-24mt-34mt","34":"product_tag-isole-egadi","35":"product_tag-isole-eolie","36":"product_tag-sicilia","37":"product_tag-yacht-a-motore","38":"product_tag-yacht-con-equipaggio","39":"pa_cantieri-ferretti","40":"pa_lunghezza-30-mt","41":"desktop-align-left","42":"tablet-align-left","43":"mobile-align-left","45":"first","46":"instock","47":"shipping-taxable","48":"product-type-simple"},"acf":[],"_links":{"self":[{"href":"https:\/\/verdeblu.com\/it\/wp-json\/wp\/v2\/product\/2249","targetHints":{"allow":["GET"]}}],"collection":[{"href":"https:\/\/verdeblu.com\/it\/wp-json\/wp\/v2\/product"}],"about":[{"href":"https:\/\/verdeblu.com\/it\/wp-json\/wp\/v2\/types\/product"}],"wp:featuredmedia":[{"embeddable":true,"href":"https:\/\/verdeblu.com\/it\/wp-json\/wp\/v2\/media\/2250"}],"wp:attachment":[{"href":"https:\/\/verdeblu.com\/it\/wp-json\/wp\/v2\/media?parent=2249"}],"wp:term":[{"taxonomy":"product_cat","embeddable":true,"href":"https:\/\/verdeblu.com\/it\/wp-json\/wp\/v2\/product_cat?post=2249"},{"taxonomy":"product_tag","embeddable":true,"href":"https:\/\/verdeblu.com\/it\/wp-json\/wp\/v2\/product_tag?post=2249"}],"curies":[{"name":"wp","href":"https:\/\/api.w.org\/{rel}","templated":true}]}}