{"id":2293,"date":"2023-11-28T19:41:38","date_gmt":"2023-11-28T18:41:38","guid":{"rendered":"https:\/\/nuovo.verdeblu.com\/?post_type=product&#038;p=2293"},"modified":"2025-04-17T11:29:18","modified_gmt":"2025-04-17T09:29:18","slug":"annabel","status":"publish","type":"product","link":"https:\/\/verdeblu.com\/it\/annabel\/","title":{"rendered":"Annabel II"},"content":{"rendered":"<p><strong>ANNABEL II<\/strong> \/ Yacht a Motore con Equipaggio a Noleggio <\/p>\n<p>Lo Yacht a Motore ANNABEL II \u00e8 stato varato nel 2009 e rinnovato nel 2018, \u00e8 un design Horizon di 29 mt che pu\u00f2 ospitare fino a 10 persone, in 4 cabine convertibili .<br \/>\nIl suo elegante salone principale \u00e8 a pianta aperta con salone a poppa, sala da pranzo formale e piano situato sul lato di dritta. L&#8217;ingresso conduce alla cucina in stile country.<br \/>\nSul ponte inferiore si trova una cabina armatoriale a tutto baglio, una cabina VIP a tutto baglio e 2 cabine doppie, ciascuna delle quali pu\u00f2 essere convertita in una cabina king a tutta larghezza.<br \/>\nSul Ponte principale c\u2019\u00e8 una zona di poppa ombreggiata con sala da pranzo all&#8217;aperto, seguita da una grande piattaforma da bagno sullo specchio di poppa. <br \/> <br \/>\nSu ponte di prua invece,  un comodo spazio per sedute e lettini rialzati.<br \/>\nANNABEL II ha un ampio prendisole che offre una jacuzzi deluxe, lettini, cene all&#8217;aperto, cocktail bar e ombra parziale.<br \/>\n<strong>Equipaggio<\/strong>: Capitano + 4 membri dell&#8217;equipaggio.<\/p>\n","protected":false},"excerpt":{"rendered":"<p><span style=\"font-weight: bold;\">Bassa Stagione:<\/span> 44.000 \u20ac\/sett<br \/>\n<span style=\"font-weight: bold;\">Alta Stagione:<\/span> 49.000 \u20ac\/sett<br \/>\n<span style=\"font-weight: bold;\">Lunghezza mt:<\/span> 29.6<br \/>\n<span style=\"font-weight: bold;\">Cabine:<\/span> 4<br \/>\n<span style=\"font-weight: bold;\">Tipo di Yacht:<\/span> Motor Yacht<br \/>\n<span style=\"font-weight: bold;\">Anno:<\/span> 2009<br \/>\n<span style=\"font-weight: bold;\">Modello:<\/span><br \/>\n<span style=\"font-weight: bold;\">Cantiere:<\/span> Horizon Yachts<\/p>\n","protected":false},"featured_media":2294,"template":"","meta":{"site-sidebar-layout":"default","site-content-layout":"","ast-site-content-layout":"default","site-content-style":"default","site-sidebar-style":"default","ast-global-header-display":"","ast-banner-title-visibility":"","ast-main-header-display":"","ast-hfb-above-header-display":"","ast-hfb-below-header-display":"","ast-hfb-mobile-header-display":"","site-post-title":"","ast-breadcrumbs-content":"","ast-featured-img":"","footer-sml-layout":"","theme-transparent-header-meta":"default","adv-header-id-meta":"","stick-header-meta":"default","header-above-stick-meta":"","header-main-stick-meta":"","header-below-stick-meta":"","astra-migrate-meta-layouts":"set","ast-page-background-enabled":"default","ast-page-background-meta":{"desktop":{"background-color":"var(--ast-global-color-4)","background-image":"","background-repeat":"repeat","background-position":"center center","background-size":"auto","background-attachment":"scroll","background-type":"","background-media":"","overlay-type":"","overlay-color":"","overlay-opacity":"","overlay-gradient":""},"tablet":{"background-color":"","background-image":"","background-repeat":"repeat","background-position":"center center","background-size":"auto","background-attachment":"scroll","background-type":"","background-media":"","overlay-type":"","overlay-color":"","overlay-opacity":"","overlay-gradient":""},"mobile":{"background-color":"","background-image":"","background-repeat":"repeat","background-position":"center center","background-size":"auto","background-attachment":"scroll","background-type":"","background-media":"","overlay-type":"","overlay-color":"","overlay-opacity":"","overlay-gradient":""}},"ast-content-background-meta":{"desktop":{"background-color":"var(--ast-global-color-5)","background-image":"","background-repeat":"repeat","background-position":"center center","background-size":"auto","background-attachment":"scroll","background-type":"","background-media":"","overlay-type":"","overlay-color":"","overlay-opacity":"","overlay-gradient":""},"tablet":{"background-color":"var(--ast-global-color-5)","background-image":"","background-repeat":"repeat","background-position":"center center","background-size":"auto","background-attachment":"scroll","background-type":"","background-media":"","overlay-type":"","overlay-color":"","overlay-opacity":"","overlay-gradient":""},"mobile":{"background-color":"var(--ast-global-color-5)","background-image":"","background-repeat":"repeat","background-position":"center center","background-size":"auto","background-attachment":"scroll","background-type":"","background-media":"","overlay-type":"","overlay-color":"","overlay-opacity":"","overlay-gradient":""}},"_joinchat":[]},"product_cat":[59,22,40,60,75,45,47,74],"product_tag":[936,497,522,1102],"class_list":{"0":"post-2293","1":"product","2":"type-product","3":"status-publish","4":"has-post-thumbnail","6":"product_cat-noleggio-yacht-croazia","7":"product_cat-destinazioni-yacht","8":"product_cat-noleggio-yacht-mediterraneo","9":"product_cat-noleggio-yacht-montenegro","10":"product_cat-noleggio-yacht-spalato","11":"product_cat-tipologie-yacht","12":"product_cat-noleggio-yacht-motore","13":"product_cat-noleggio-yacht-zara","14":"product_tag-croazia","15":"product_tag-24mt-34mt","16":"product_tag-yacht-a-motore","17":"product_tag-yacht-con-equipaggio","18":"pa_cantieri-horizon-yachts","19":"pa_lunghezza-29-mt","20":"desktop-align-left","21":"tablet-align-left","22":"mobile-align-left","24":"first","25":"instock","26":"shipping-taxable","27":"product-type-simple"},"acf":[],"_links":{"self":[{"href":"https:\/\/verdeblu.com\/it\/wp-json\/wp\/v2\/product\/2293","targetHints":{"allow":["GET"]}}],"collection":[{"href":"https:\/\/verdeblu.com\/it\/wp-json\/wp\/v2\/product"}],"about":[{"href":"https:\/\/verdeblu.com\/it\/wp-json\/wp\/v2\/types\/product"}],"wp:featuredmedia":[{"embeddable":true,"href":"https:\/\/verdeblu.com\/it\/wp-json\/wp\/v2\/media\/2294"}],"wp:attachment":[{"href":"https:\/\/verdeblu.com\/it\/wp-json\/wp\/v2\/media?parent=2293"}],"wp:term":[{"taxonomy":"product_cat","embeddable":true,"href":"https:\/\/verdeblu.com\/it\/wp-json\/wp\/v2\/product_cat?post=2293"},{"taxonomy":"product_tag","embeddable":true,"href":"https:\/\/verdeblu.com\/it\/wp-json\/wp\/v2\/product_tag?post=2293"}],"curies":[{"name":"wp","href":"https:\/\/api.w.org\/{rel}","templated":true}]}}