{"id":2320,"date":"2023-11-28T20:13:23","date_gmt":"2023-11-28T19:13:23","guid":{"rendered":"https:\/\/nuovo.verdeblu.com\/?post_type=product&#038;p=2320"},"modified":"2025-10-18T11:40:40","modified_gmt":"2025-10-18T09:40:40","slug":"kawai","status":"publish","type":"product","link":"https:\/\/verdeblu.com\/it\/kawai\/","title":{"rendered":"Kawai"},"content":{"rendered":"<p><strong>KAWAI<\/strong>\/ Motor Yacht a Noleggio<\/p>\n<p>Kawai \u00e9 uno splendido modello di Mangusta 92, costruito dal cantiere di Viareggio Overmarine nel 2010 e refitted nel 2021.<br \/>\nVeloce ed elegante  Kawai \u00e8 un esempio di moda e stile di costruzione di yacht italiani con le pi\u00f9 recenti tecniche di costruzione. Il cantiere navale Overmarine \u00e8 riconosciuto in tutto il mondo non solo per i suoi raffinati allestimenti di lusso, che abbondano, ma anche per le alte prestazioni. Con una velocit\u00e0 massima di circa 40 nodi e una velocit\u00e0 di crociera di 30 nodi, il Motor Yacht Kawai aggiunge prestazioni e velocit\u00e0 al suo look aerodinamico ed elegante.<\/p>\n<p>Di Base in Sardegna durante la maggior parte dell&#8217;estate, lo yacht charter Kawai \u00e8 l&#8217;ideale per vivere lo stile mondano di Porto Cervo ma altrettanto per godersi il sole nelle calette e nelle baie lungo la Costa Smeralda, le splendide isole dell&#8217;Arcipelago della Maddalena e la Corsica.<\/p>\n<p><strong>Sistemazione Ospiti<\/strong>: Kawai, Mangusta 92, ospita a dormire da 6 a 7 persone in 3 cabine ensuite ( 1 Master, 1 Vip ed 1 Twin) e 12 persone in navigazione.<\/p>\n<p><strong>Equipaggio<\/strong>:  L&#8217;equipaggio di Kawai \u00e9 composto da tre membri. Comandante, Secondo\/deckhand, Hostess\/Cuoca . Sono tutti nativi della Sardegna e quindi gran conoscitori dell&#8217; area di navigazione, i suoi gusti e le sue tradizioni.<\/p>\n","protected":false},"excerpt":{"rendered":"<p><span style=\"font-weight: bold;\">Bassa Stagione:<\/span> 55.000 \u20ac\/sett<br \/>\n<span style=\"font-weight: bold;\">Alta Stagione:<\/span> 65.000 \u20ac\/sett<br \/>\n<span style=\"font-weight: bold;\">Lunghezza mt:<\/span> 28.3<br \/>\n<span style=\"font-weight: bold;\">Cabine:<\/span> 3<br \/>\n<span style=\"font-weight: bold;\">Tipo di Yacht:<\/span> Motor Yacht<br \/>\n<span style=\"font-weight: bold;\">Anno:<\/span> 2010 &#8211; refit 2021<br \/>\n<span style=\"font-weight: bold;\">Modello:<\/span> Mangusta 92<br \/>\n<span style=\"font-weight: bold;\">Cantiere:<\/span> Overmarine<\/p>\n","protected":false},"featured_media":2321,"template":"","meta":{"site-sidebar-layout":"default","site-content-layout":"","ast-site-content-layout":"default","site-content-style":"default","site-sidebar-style":"default","ast-global-header-display":"","ast-banner-title-visibility":"","ast-main-header-display":"","ast-hfb-above-header-display":"","ast-hfb-below-header-display":"","ast-hfb-mobile-header-display":"","site-post-title":"","ast-breadcrumbs-content":"","ast-featured-img":"","footer-sml-layout":"","theme-transparent-header-meta":"default","adv-header-id-meta":"","stick-header-meta":"default","header-above-stick-meta":"","header-main-stick-meta":"","header-below-stick-meta":"","astra-migrate-meta-layouts":"set","ast-page-background-enabled":"default","ast-page-background-meta":{"desktop":{"background-color":"var(--ast-global-color-4)","background-image":"","background-repeat":"repeat","background-position":"center center","background-size":"auto","background-attachment":"scroll","background-type":"","background-media":"","overlay-type":"","overlay-color":"","overlay-opacity":"","overlay-gradient":""},"tablet":{"background-color":"","background-image":"","background-repeat":"repeat","background-position":"center center","background-size":"auto","background-attachment":"scroll","background-type":"","background-media":"","overlay-type":"","overlay-color":"","overlay-opacity":"","overlay-gradient":""},"mobile":{"background-color":"","background-image":"","background-repeat":"repeat","background-position":"center center","background-size":"auto","background-attachment":"scroll","background-type":"","background-media":"","overlay-type":"","overlay-color":"","overlay-opacity":"","overlay-gradient":""}},"ast-content-background-meta":{"desktop":{"background-color":"var(--ast-global-color-5)","background-image":"","background-repeat":"repeat","background-position":"center center","background-size":"auto","background-attachment":"scroll","background-type":"","background-media":"","overlay-type":"","overlay-color":"","overlay-opacity":"","overlay-gradient":""},"tablet":{"background-color":"var(--ast-global-color-5)","background-image":"","background-repeat":"repeat","background-position":"center center","background-size":"auto","background-attachment":"scroll","background-type":"","background-media":"","overlay-type":"","overlay-color":"","overlay-opacity":"","overlay-gradient":""},"mobile":{"background-color":"var(--ast-global-color-5)","background-image":"","background-repeat":"repeat","background-position":"center center","background-size":"auto","background-attachment":"scroll","background-type":"","background-media":"","overlay-type":"","overlay-color":"","overlay-opacity":"","overlay-gradient":""}},"_joinchat":[]},"product_cat":[77,128,22,56,40,92,45,47],"product_tag":[497,522],"class_list":{"0":"post-2320","1":"product","2":"type-product","3":"status-publish","4":"has-post-thumbnail","6":"product_cat-noleggio-yacht-corsica","7":"product_cat-noleggio-yacht-costa-smeralda","8":"product_cat-destinazioni-yacht","9":"product_cat-noleggio-yacht-italia","10":"product_cat-noleggio-yacht-mediterraneo","11":"product_cat-noleggio-yacht-sardegna","12":"product_cat-tipologie-yacht","13":"product_cat-noleggio-yacht-motore","14":"product_tag-24mt-34mt","15":"product_tag-yacht-a-motore","16":"pa_cantieri-overmarine","17":"pa_lunghezza-28-mt","18":"desktop-align-left","19":"tablet-align-left","20":"mobile-align-left","22":"first","23":"instock","24":"shipping-taxable","25":"product-type-simple"},"acf":[],"_links":{"self":[{"href":"https:\/\/verdeblu.com\/it\/wp-json\/wp\/v2\/product\/2320","targetHints":{"allow":["GET"]}}],"collection":[{"href":"https:\/\/verdeblu.com\/it\/wp-json\/wp\/v2\/product"}],"about":[{"href":"https:\/\/verdeblu.com\/it\/wp-json\/wp\/v2\/types\/product"}],"wp:featuredmedia":[{"embeddable":true,"href":"https:\/\/verdeblu.com\/it\/wp-json\/wp\/v2\/media\/2321"}],"wp:attachment":[{"href":"https:\/\/verdeblu.com\/it\/wp-json\/wp\/v2\/media?parent=2320"}],"wp:term":[{"taxonomy":"product_cat","embeddable":true,"href":"https:\/\/verdeblu.com\/it\/wp-json\/wp\/v2\/product_cat?post=2320"},{"taxonomy":"product_tag","embeddable":true,"href":"https:\/\/verdeblu.com\/it\/wp-json\/wp\/v2\/product_tag?post=2320"}],"curies":[{"name":"wp","href":"https:\/\/api.w.org\/{rel}","templated":true}]}}