{"id":2422,"date":"2023-11-30T16:25:42","date_gmt":"2023-11-30T15:25:42","guid":{"rendered":"https:\/\/nuovo.verdeblu.com\/?post_type=product&#038;p=2422"},"modified":"2025-04-17T11:26:14","modified_gmt":"2025-04-17T09:26:14","slug":"danzas","status":"publish","type":"product","link":"https:\/\/verdeblu.com\/it\/danzas\/","title":{"rendered":"Danzas"},"content":{"rendered":"<p><strong>DANZAS \/ Motor Yacht a Noleggio <\/strong><\/p>\n<p>\u00a0DANZAS ha sede tutto l&#8217;anno a Marina Botafoch, Ibiza. Situata sulla muraglia esterna del porto, con vista sulla Dalt Villa di Ibiza (patrimonio mondiale dell&#8217;UNESCO).<br \/>\nArgento, elegante e veloce, il Pershing 90, Danzas, colpisce sicuramente. Con il suo profilo snello e aerodinamico, il suo spettacolare aspetto argento metallizzato e le prestazioni da purosangue, il 90 piedi fa girare la testa e non manca il suo obiettivo. Il layout complessivo bilancia gli spazi interni ed esterni e allo stesso tempo offre molti spazi privati, facendo sembrare lo yacht pi\u00f9 grande. Oltre alla zona pranzo di poppa con prendisole, c&#8217;\u00e8 una zona pranzo privata a prua, cosa che non si vede tutti i giorni, con piattaforma prendisole e lettini sul fly. La piattaforma da bagno di poppa abbassabile \u00e8 spaziosa e confortevole. Il layout degli interni offre uno stile moderno, ma non minimalista, e ottimizza l&#8217;uso dello spazio, ospitando una grande cabina Master a poppa, una VIP a prua e due cabine doppie identiche su entrambi i lati. Il Pershing 90 Danzas \u00e8 l&#8217;emblema del grande design e della squisita manifattura combinati con prestazioni al top.<br \/>\nLo yacht open-space &#8220;Danzas&#8221; da 27,42 m\/90&#8242; , totalmente dotato di Aria Condizionata, del cantiere italiano Pershing \u00e8  stato costruito nel 2007 e restaurato nel 2021 con uno scafo in vetroresina e una sovrastruttura in vetroresina. Alimentata da due motori MTU, naviga comodamente a 33 nodi, raggiunge una velocit\u00e0 massima di 44 nodi con un&#8217;autonomia fino a 445 miglia nautiche dai suoi serbatoi di carburante da 9.000 litri. Con un pescaggio basso di 1,65 m\/5&#8217;5&#8243; Danzas pu\u00f2 ancorare pi\u00f9 vicino alle insenature e alle baie riparate durante la notte.<br \/>\nDanzas ha una buona selezione di giochi acquatici e accessori per intrattenere i suoi ospiti durante il charter. Prendi il mare con le moto d&#8217;acqua che ti offrono potenza e controllo sull&#8217;acqua. Un&#8217;altra caratteristica eccellente sono gli sci nautici che sono estremamente divertenti sia che tu sia un principiante o un professionista esperto. Se ci\u00f2 non bastasse, Danzas dispone anche di paddleboard e attrezzatura per lo snorkeling. Danzas sfoggia anche un Avon Jet Tender per trasportarti con facilit\u00e0.<\/p>\n<p>Danzas offre  ai tuoi ospiti la piattaforma perfetta su cui godere il vostro prossimo noleggio di yacht di lusso.<\/p>\n<p><strong> Sistemazione Ospiti<\/strong>: Danzas offre sistemazioni flessibili per un massimo di 8 ospiti in 4 suites composte da una master suite, una cabina VIP e due Twin. <\/p>\n<p><strong> Equipaggio<\/strong>: Il Capitano Emil Valentinov, cresciuto tra la Bulgaria e la Spagna, parla fluentemente Bulgaro, Russo, Spagnolo e Inglese.Sempre attratto dal mare, ha iniziato dal lato mercantile e dopo 5 anni \u00e8 passato ai charter privati. Ha una vasta esperienza sia a vela che a motore ed \u00e8 anche un ottimo meccanico. Nerea Lopez, spagnola di Ibiza \u00e8 chef di Danzas e proviene dal mondo della moda. Sempre sorridente e solare come le sue prelibatezze. Maria Jesus S\u00e1nchez, spagnola, completa il team: Mar\u00eda \u00e8 il nuovo membro dell&#8217;equipaggio di Danzas, \u00e8 stata una grande aggiunta alla squadra. Non aiuta solo con il servizio agli ospiti, ma \u00e8 anche coinvolta nella navigazione, assistendo Emil durante le manovre.<br \/>\nMaria \u00e8 molto comunicativa e ha un&#8217;eccezionale attenzione ai dettagli. Maria si definisce un&#8217;amante degli sport da tavola e gode di qualsiasi sport ad esso correlato, dal surf allo snowboard. Inoltre Maria pratica yoga e le piace condividere le sue conoscenze al riguardo. Ha molto potenziale nell&#8217;artigianato e ama viaggiare nel tempo libero.<\/p>\n","protected":false},"excerpt":{"rendered":"<p><span style=\"font-weight: bold;\">Bassa Stagione:<\/span> 66.500 \u20ac\/sett<br \/>\n<span style=\"font-weight: bold;\">Alta Stagione:<\/span> 80.000 \u20ac\/sett<br \/>\n<span style=\"font-weight: bold;\">Lunghezza mt:<\/span> 27.5<br \/>\n<span style=\"font-weight: bold;\">Cabine:<\/span> 4 doppie<br \/>\n<span style=\"font-weight: bold;\">Tipo di Yacht:<\/span> Motor Yacht<br \/>\n<span style=\"font-weight: bold;\">Anno:<\/span> 2007\/2019<br \/>\n<span style=\"font-weight: bold;\">Modello:<\/span> Pershing 90<br \/>\n<span style=\"font-weight: bold;\">Cantiere:<\/span> Pershing<\/p>\n","protected":false},"featured_media":2423,"template":"","meta":{"site-sidebar-layout":"default","site-content-layout":"","ast-site-content-layout":"default","site-content-style":"default","site-sidebar-style":"default","ast-global-header-display":"","ast-banner-title-visibility":"","ast-main-header-display":"","ast-hfb-above-header-display":"","ast-hfb-below-header-display":"","ast-hfb-mobile-header-display":"","site-post-title":"","ast-breadcrumbs-content":"","ast-featured-img":"","footer-sml-layout":"","theme-transparent-header-meta":"default","adv-header-id-meta":"","stick-header-meta":"default","header-above-stick-meta":"","header-main-stick-meta":"","header-below-stick-meta":"","astra-migrate-meta-layouts":"set","ast-page-background-enabled":"default","ast-page-background-meta":{"desktop":{"background-color":"var(--ast-global-color-4)","background-image":"","background-repeat":"repeat","background-position":"center center","background-size":"auto","background-attachment":"scroll","background-type":"","background-media":"","overlay-type":"","overlay-color":"","overlay-opacity":"","overlay-gradient":""},"tablet":{"background-color":"","background-image":"","background-repeat":"repeat","background-position":"center center","background-size":"auto","background-attachment":"scroll","background-type":"","background-media":"","overlay-type":"","overlay-color":"","overlay-opacity":"","overlay-gradient":""},"mobile":{"background-color":"","background-image":"","background-repeat":"repeat","background-position":"center center","background-size":"auto","background-attachment":"scroll","background-type":"","background-media":"","overlay-type":"","overlay-color":"","overlay-opacity":"","overlay-gradient":""}},"ast-content-background-meta":{"desktop":{"background-color":"var(--ast-global-color-5)","background-image":"","background-repeat":"repeat","background-position":"center center","background-size":"auto","background-attachment":"scroll","background-type":"","background-media":"","overlay-type":"","overlay-color":"","overlay-opacity":"","overlay-gradient":""},"tablet":{"background-color":"var(--ast-global-color-5)","background-image":"","background-repeat":"repeat","background-position":"center center","background-size":"auto","background-attachment":"scroll","background-type":"","background-media":"","overlay-type":"","overlay-color":"","overlay-opacity":"","overlay-gradient":""},"mobile":{"background-color":"var(--ast-global-color-5)","background-image":"","background-repeat":"repeat","background-position":"center center","background-size":"auto","background-attachment":"scroll","background-type":"","background-media":"","overlay-type":"","overlay-color":"","overlay-opacity":"","overlay-gradient":""}},"_joinchat":[]},"product_cat":[22,837,85,84,836,40,45,47],"product_tag":[497,914,780,798,913,522],"class_list":{"0":"post-2422","1":"product","2":"type-product","3":"status-publish","4":"has-post-thumbnail","6":"product_cat-destinazioni-yacht","7":"product_cat-noleggio-yacht-formentera","8":"product_cat-noleggio-yacht-ibiza","9":"product_cat-noleggio-yacht-isole-baleari","10":"product_cat-noleggio-yacht-maiorca","11":"product_cat-noleggio-yacht-mediterraneo","12":"product_cat-tipologie-yacht","13":"product_cat-noleggio-yacht-motore","14":"product_tag-24mt-34mt","15":"product_tag-formentera","16":"product_tag-ibiza","17":"product_tag-mediterraneo","18":"product_tag-spagna","19":"product_tag-yacht-a-motore","20":"pa_cantieri-pershing","21":"pa_lunghezza-27-mt","22":"desktop-align-left","23":"tablet-align-left","24":"mobile-align-left","26":"first","27":"instock","28":"shipping-taxable","29":"product-type-simple"},"acf":[],"_links":{"self":[{"href":"https:\/\/verdeblu.com\/it\/wp-json\/wp\/v2\/product\/2422","targetHints":{"allow":["GET"]}}],"collection":[{"href":"https:\/\/verdeblu.com\/it\/wp-json\/wp\/v2\/product"}],"about":[{"href":"https:\/\/verdeblu.com\/it\/wp-json\/wp\/v2\/types\/product"}],"wp:featuredmedia":[{"embeddable":true,"href":"https:\/\/verdeblu.com\/it\/wp-json\/wp\/v2\/media\/2423"}],"wp:attachment":[{"href":"https:\/\/verdeblu.com\/it\/wp-json\/wp\/v2\/media?parent=2422"}],"wp:term":[{"taxonomy":"product_cat","embeddable":true,"href":"https:\/\/verdeblu.com\/it\/wp-json\/wp\/v2\/product_cat?post=2422"},{"taxonomy":"product_tag","embeddable":true,"href":"https:\/\/verdeblu.com\/it\/wp-json\/wp\/v2\/product_tag?post=2422"}],"curies":[{"name":"wp","href":"https:\/\/api.w.org\/{rel}","templated":true}]}}