{"id":2453,"date":"2023-11-30T17:47:54","date_gmt":"2023-11-30T16:47:54","guid":{"rendered":"https:\/\/nuovo.verdeblu.com\/?post_type=product&#038;p=2453"},"modified":"2025-04-17T11:25:48","modified_gmt":"2025-04-17T09:25:48","slug":"shalimar-ii","status":"publish","type":"product","link":"https:\/\/verdeblu.com\/it\/shalimar-ii\/","title":{"rendered":"Shalimar II"},"content":{"rendered":"<p><strong>Shalimara<\/strong> \/ Motor yacht a Noleggio <\/p>\n<p>Shalimar II, Pershing 90, \u00e8 una delle migliori opzioni per scoprire Ibiza e le Isole Baleari.<br \/>\nCon l&#8217;ormeggio a Marina Ibiza, questo superyacht di 28 metri di lunghezza \u00e8 definito dalla sua aggressivit\u00e0, eleganza e velocit\u00e0. La barca ha una velocit\u00e0 massima di 45 nodi e un profilo estremamente aerodinamico.<br \/>\nShalimmar II ospita 8 persone in 4 cabine a dormire e 12 per la giornata .<br \/>\nShalimar ha una grande sala da pranzo, un ampio flybridge e comode e svariate aree per prendere il sole.<br \/>\nShalimar II \u00e8 lo yacht perfetto per rilassarsi, prendere il sole e socializzare con la famiglia e gli amici.<br \/>\nA bordo si potr\u00e0 godere di un servizio eccellente dato dal suo Capitano, Mario Vilar, hostess, marinaio e la Chef italiana che ha vinto la Chef Competition al Myba Charter Show a Barcelona nel maggio 2019. Grande anche la gamma dei watertoys a bordo a disposizioe degli ospiti.<\/p>\n","protected":false},"excerpt":{"rendered":"<p><span style=\"font-weight: bold;\">Bassa Stagione:<\/span> 57.000 \u20ac\/sett<br \/>\n<span style=\"font-weight: bold;\">Alta Stagione:<\/span> 69.900 \u20ac\/sett<br \/>\n<span style=\"font-weight: bold;\">Lunghezza mt:<\/span> 27.4<br \/>\n<span style=\"font-weight: bold;\">Cabine:<\/span> 4<br \/>\n<span style=\"font-weight: bold;\">Tipo di Yacht:<\/span> Motor Yacht<br \/>\n<span style=\"font-weight: bold;\">Anno:<\/span> 2009<br \/>\n<span style=\"font-weight: bold;\">Modello:<\/span> Pershing 90<br \/>\n<span style=\"font-weight: bold;\">Cantiere:<\/span> Pershing<\/p>\n","protected":false},"featured_media":2454,"template":"","meta":{"site-sidebar-layout":"default","site-content-layout":"","ast-site-content-layout":"default","site-content-style":"default","site-sidebar-style":"default","ast-global-header-display":"","ast-banner-title-visibility":"","ast-main-header-display":"","ast-hfb-above-header-display":"","ast-hfb-below-header-display":"","ast-hfb-mobile-header-display":"","site-post-title":"","ast-breadcrumbs-content":"","ast-featured-img":"","footer-sml-layout":"","theme-transparent-header-meta":"default","adv-header-id-meta":"","stick-header-meta":"default","header-above-stick-meta":"","header-main-stick-meta":"","header-below-stick-meta":"","astra-migrate-meta-layouts":"set","ast-page-background-enabled":"default","ast-page-background-meta":{"desktop":{"background-color":"var(--ast-global-color-4)","background-image":"","background-repeat":"repeat","background-position":"center center","background-size":"auto","background-attachment":"scroll","background-type":"","background-media":"","overlay-type":"","overlay-color":"","overlay-opacity":"","overlay-gradient":""},"tablet":{"background-color":"","background-image":"","background-repeat":"repeat","background-position":"center center","background-size":"auto","background-attachment":"scroll","background-type":"","background-media":"","overlay-type":"","overlay-color":"","overlay-opacity":"","overlay-gradient":""},"mobile":{"background-color":"","background-image":"","background-repeat":"repeat","background-position":"center center","background-size":"auto","background-attachment":"scroll","background-type":"","background-media":"","overlay-type":"","overlay-color":"","overlay-opacity":"","overlay-gradient":""}},"ast-content-background-meta":{"desktop":{"background-color":"var(--ast-global-color-5)","background-image":"","background-repeat":"repeat","background-position":"center center","background-size":"auto","background-attachment":"scroll","background-type":"","background-media":"","overlay-type":"","overlay-color":"","overlay-opacity":"","overlay-gradient":""},"tablet":{"background-color":"var(--ast-global-color-5)","background-image":"","background-repeat":"repeat","background-position":"center center","background-size":"auto","background-attachment":"scroll","background-type":"","background-media":"","overlay-type":"","overlay-color":"","overlay-opacity":"","overlay-gradient":""},"mobile":{"background-color":"var(--ast-global-color-5)","background-image":"","background-repeat":"repeat","background-position":"center center","background-size":"auto","background-attachment":"scroll","background-type":"","background-media":"","overlay-type":"","overlay-color":"","overlay-opacity":"","overlay-gradient":""}},"_joinchat":[]},"product_cat":[22,837,85,84,836,40,45,47],"product_tag":[497,522],"class_list":{"0":"post-2453","1":"product","2":"type-product","3":"status-publish","4":"has-post-thumbnail","6":"product_cat-destinazioni-yacht","7":"product_cat-noleggio-yacht-formentera","8":"product_cat-noleggio-yacht-ibiza","9":"product_cat-noleggio-yacht-isole-baleari","10":"product_cat-noleggio-yacht-maiorca","11":"product_cat-noleggio-yacht-mediterraneo","12":"product_cat-tipologie-yacht","13":"product_cat-noleggio-yacht-motore","14":"product_tag-24mt-34mt","15":"product_tag-yacht-a-motore","16":"pa_cantieri-pershing","17":"pa_lunghezza-27-mt","18":"desktop-align-left","19":"tablet-align-left","20":"mobile-align-left","22":"first","23":"instock","24":"shipping-taxable","25":"product-type-simple"},"acf":[],"_links":{"self":[{"href":"https:\/\/verdeblu.com\/it\/wp-json\/wp\/v2\/product\/2453","targetHints":{"allow":["GET"]}}],"collection":[{"href":"https:\/\/verdeblu.com\/it\/wp-json\/wp\/v2\/product"}],"about":[{"href":"https:\/\/verdeblu.com\/it\/wp-json\/wp\/v2\/types\/product"}],"wp:featuredmedia":[{"embeddable":true,"href":"https:\/\/verdeblu.com\/it\/wp-json\/wp\/v2\/media\/2454"}],"wp:attachment":[{"href":"https:\/\/verdeblu.com\/it\/wp-json\/wp\/v2\/media?parent=2453"}],"wp:term":[{"taxonomy":"product_cat","embeddable":true,"href":"https:\/\/verdeblu.com\/it\/wp-json\/wp\/v2\/product_cat?post=2453"},{"taxonomy":"product_tag","embeddable":true,"href":"https:\/\/verdeblu.com\/it\/wp-json\/wp\/v2\/product_tag?post=2453"}],"curies":[{"name":"wp","href":"https:\/\/api.w.org\/{rel}","templated":true}]}}