{"id":2468,"date":"2023-11-30T18:25:00","date_gmt":"2023-11-30T17:25:00","guid":{"rendered":"https:\/\/nuovo.verdeblu.com\/?post_type=product&#038;p=2468"},"modified":"2025-02-14T22:29:03","modified_gmt":"2025-02-14T21:29:03","slug":"don-michele","status":"publish","type":"product","link":"https:\/\/verdeblu.com\/it\/don-michele\/","title":{"rendered":"Don Michele"},"content":{"rendered":"<p><strong>Don Michele<\/strong> \/ Motor yacht a Noleggio <\/p>\n<p>Un perfetto connubio di funzionalit\u00e0, design, tradizione e tecnologia, il superyacht Don Michele \u00e8 un&#8217;imbarcazione di alta qualit\u00e0, completamente personalizzata, caratterizzata da raffinatezza ed eleganza.<br \/>\nDistribuito su tre meravigliosi ponti, lo yacht di lusso Don Michele vanta ampi spazi esterni, un incredibile piano superiore di 85 mq e interni raffinati e lussuosi, arredati con gusto e realizzati con i migliori materiali.<br \/>\nAccomodation Il ponte inferiore ospita 5 deliziose cabine, tra cui la suite armatoriale, due cabine VIP a due letti e due cabine ospiti con letti a castello. Ogni cabina \u00e8 dotata di bagno privato, doccia separata, armadio, scrivania, cassaforte e aria condizionata. Tv-Lcd DVD con collegamento Sky disponibile in ogni cabina: Tv-Lcd DVD 40 &#8220;in cabina armatore e Tv-Lcd DVD 32&#8221; in tutte le altre cabine.<br \/>\nIl ponte principale ospita un ampio salone con TV-Lcd DVD da 46 &#8220;, cucina e sala da pranzo separate Lo yacht \u00e8 dotato di Wifi, musica Dolby Surround all&#8217;interno e all&#8217;esterno.<br \/>\nQuartiere equipaggio separato con 2 cabine.<br \/>\nDon Michele ha accessibilit\u00e0 per sedie a rotelle ed \u00e8 attrezzato per ospiti con disabilit\u00e0 e passeggeri con mobilit\u00e0 ridotta.<\/p>\n","protected":false},"excerpt":{"rendered":"<p><span style=\"font-weight: bold;\">Bassa Stagione:<\/span> 43.000 \u20ac\/sett<br \/>\n<span style=\"font-weight: bold;\">Alta Stagione:<\/span> 52.000 \u20ac\/sett<br \/>\n<span style=\"font-weight: bold;\">Lunghezza mt:<\/span> 27.3<br \/>\n<span style=\"font-weight: bold;\">Cabine:<\/span> 5<br \/>\n<span style=\"font-weight: bold;\">Tipo di Yacht:<\/span> Motor Yacht<br \/>\n<span style=\"font-weight: bold;\">Anno:<\/span> 2016<br \/>\n<span style=\"font-weight: bold;\">Modello:<\/span><br \/>\n<span style=\"font-weight: bold;\">Cantiere:<\/span> C-Boat<\/p>\n","protected":false},"featured_media":2469,"template":"","meta":{"site-sidebar-layout":"default","site-content-layout":"","ast-site-content-layout":"default","site-content-style":"default","site-sidebar-style":"default","ast-global-header-display":"","ast-banner-title-visibility":"","ast-main-header-display":"","ast-hfb-above-header-display":"","ast-hfb-below-header-display":"","ast-hfb-mobile-header-display":"","site-post-title":"","ast-breadcrumbs-content":"","ast-featured-img":"","footer-sml-layout":"","theme-transparent-header-meta":"default","adv-header-id-meta":"","stick-header-meta":"default","header-above-stick-meta":"","header-main-stick-meta":"","header-below-stick-meta":"","astra-migrate-meta-layouts":"set","ast-page-background-enabled":"default","ast-page-background-meta":{"desktop":{"background-color":"var(--ast-global-color-4)","background-image":"","background-repeat":"repeat","background-position":"center center","background-size":"auto","background-attachment":"scroll","background-type":"","background-media":"","overlay-type":"","overlay-color":"","overlay-opacity":"","overlay-gradient":""},"tablet":{"background-color":"","background-image":"","background-repeat":"repeat","background-position":"center center","background-size":"auto","background-attachment":"scroll","background-type":"","background-media":"","overlay-type":"","overlay-color":"","overlay-opacity":"","overlay-gradient":""},"mobile":{"background-color":"","background-image":"","background-repeat":"repeat","background-position":"center center","background-size":"auto","background-attachment":"scroll","background-type":"","background-media":"","overlay-type":"","overlay-color":"","overlay-opacity":"","overlay-gradient":""}},"ast-content-background-meta":{"desktop":{"background-color":"var(--ast-global-color-5)","background-image":"","background-repeat":"repeat","background-position":"center center","background-size":"auto","background-attachment":"scroll","background-type":"","background-media":"","overlay-type":"","overlay-color":"","overlay-opacity":"","overlay-gradient":""},"tablet":{"background-color":"var(--ast-global-color-5)","background-image":"","background-repeat":"repeat","background-position":"center center","background-size":"auto","background-attachment":"scroll","background-type":"","background-media":"","overlay-type":"","overlay-color":"","overlay-opacity":"","overlay-gradient":""},"mobile":{"background-color":"var(--ast-global-color-5)","background-image":"","background-repeat":"repeat","background-position":"center center","background-size":"auto","background-attachment":"scroll","background-type":"","background-media":"","overlay-type":"","overlay-color":"","overlay-opacity":"","overlay-gradient":""}},"_joinchat":[]},"product_cat":[88,81,775,1145,1123,98,77,76,128,90,22,114,122,89,56,127,40,112,126,108,123,1017,772,82,939,99,1124,113,92,91,118,45,124,110,47],"product_tag":[497,522,1102],"class_list":{"0":"post-2468","1":"product","2":"type-product","3":"status-publish","4":"has-post-thumbnail","6":"product_cat-noleggio-yacht-arcipelago-toscano","7":"product_cat-noleggio-yacht-bonifacio","8":"product_cat-noleggio-yacht-cagliari","9":"product_cat-noleggio-cannes","10":"product_cat-noleggio-yacht-capri","11":"product_cat-noleggio-yacht-cinque-terre","12":"product_cat-noleggio-yacht-corsica","13":"product_cat-noleggio-yacht-costa-azzurra","14":"product_cat-noleggio-yacht-costa-smeralda","15":"product_cat-noleggio-yacht-costiera-amalfitana","16":"product_cat-destinazioni-yacht","17":"product_cat-noleggio-yacht-ischia","18":"product_cat-noleggio-yacht-isole-eolie","19":"product_cat-noleggio-yacht-isole-pontine","20":"product_cat-noleggio-yacht-italia","21":"product_cat-noleggio-yacht-la-maddalena","22":"product_cat-noleggio-yacht-mediterraneo","23":"product_cat-noleggio-yacht-napoli","24":"product_cat-noleggio-yacht-olbia","25":"product_cat-noleggio-yacht-palmarola","26":"product_cat-noleggio-yacht-pantelleria","27":"product_cat-noleggio-yacht-ponza","28":"product_cat-noleggio-yacht-porto-cervo","29":"product_cat-noleggio-yacht-porto-vecchio","30":"product_cat-noleggio-yacht-portofino","31":"product_cat-noleggio-yacht-portovenere","32":"product_cat-noleggio-yacht-positano","33":"product_cat-noleggio-yacht-procida","34":"product_cat-noleggio-yacht-sardegna","35":"product_cat-noleggio-yacht-sicilia","36":"product_cat-noleggio-yacht-sorrento","37":"product_cat-tipologie-yacht","38":"product_cat-noleggio-yacht-ustica","39":"product_cat-noleggio-yacht-ventotene","40":"product_cat-noleggio-yacht-motore","41":"product_tag-24mt-34mt","42":"product_tag-yacht-a-motore","43":"product_tag-yacht-con-equipaggio","44":"pa_cantieri-c-boat","45":"pa_lunghezza-27-mt","46":"desktop-align-left","47":"tablet-align-left","48":"mobile-align-left","50":"first","51":"instock","52":"shipping-taxable","53":"product-type-simple"},"acf":[],"_links":{"self":[{"href":"https:\/\/verdeblu.com\/it\/wp-json\/wp\/v2\/product\/2468","targetHints":{"allow":["GET"]}}],"collection":[{"href":"https:\/\/verdeblu.com\/it\/wp-json\/wp\/v2\/product"}],"about":[{"href":"https:\/\/verdeblu.com\/it\/wp-json\/wp\/v2\/types\/product"}],"wp:featuredmedia":[{"embeddable":true,"href":"https:\/\/verdeblu.com\/it\/wp-json\/wp\/v2\/media\/2469"}],"wp:attachment":[{"href":"https:\/\/verdeblu.com\/it\/wp-json\/wp\/v2\/media?parent=2468"}],"wp:term":[{"taxonomy":"product_cat","embeddable":true,"href":"https:\/\/verdeblu.com\/it\/wp-json\/wp\/v2\/product_cat?post=2468"},{"taxonomy":"product_tag","embeddable":true,"href":"https:\/\/verdeblu.com\/it\/wp-json\/wp\/v2\/product_tag?post=2468"}],"curies":[{"name":"wp","href":"https:\/\/api.w.org\/{rel}","templated":true}]}}