{"id":2584,"date":"2023-12-04T17:08:48","date_gmt":"2023-12-04T16:08:48","guid":{"rendered":"https:\/\/nuovo.verdeblu.com\/?post_type=product&#038;p=2584"},"modified":"2026-01-31T18:57:15","modified_gmt":"2026-01-31T17:57:15","slug":"minou","status":"publish","type":"product","link":"https:\/\/verdeblu.com\/it\/minou\/","title":{"rendered":"Minou"},"content":{"rendered":"<p><strong>MINOU<\/strong> \/ Yacht a Noleggio<\/p>\n<p><strong>MINOU<\/strong>, Motor Yacht Canados 86  \u00e9 stato varato nel 2003 da Canados  uno dei principali cantieri navali del Mediterraneo. <br \/> Gli interni portano la firma dal noto designer Achille Salvagni. Nel 2022 lo yacht \u00e8 stato sottoposto ad un importante refitting durante il quale si \u00e8 provveduto alla sostituzione delle moquette e delle tappezzerie, alla riverniciatura, al rinnovamento della cucina e degli impianti di bordo.<\/p>\n<p>Lo yacht presenta spazi molto ampi per la sua categoria. Il pozzetto \u00e8 dotato di un tavolo con 10 posti dove sedersi comodamente per pranzare o cenare. Il flybridge, d&#8217;altra parte \u00e8 caratterizzato da due tavoli componibili in uno solo per poter accogliere numerosi ospiti e trascorrere insieme momenti indimenticabili.\u00a0 Un ampio e comodo divano ed un prendisole per due persone completano l&#8217;arredamento. A prua, poi, c&#8217;\u00e8 un secondo prendisole\u00a0 che pu\u00f2 ospitare fino a 4 persone.<br \/>\nIl salone si distingue per le linee essenziali e il design minimale. Per gli ospiti che desiderano prendersi una pausa rilassante dalla vita di bordo \u00e8 a disposizione un televisore a scomparsa da 42 pollici, con ricezione satellitare e canali SKY. La barca \u00e8 inoltre dotata di impianto audio con surround e permette di ricevere musica da dispositivi mobili tramite Bluetooth con distribuzione del suono tra gli ambienti: salone, pozzetto, flybridge e prua.Aria condizionata, Stabilizzatori all&#8217;ancora, Stabilizzatori in navigazione, Connessione WiFi a bordo<br \/>\nLa motorizzazione del Minou permette all&#8217;imbarcazione di spostarsi anche a basse velocit\u00e0 (11-12 nodi) di giorno e di notte con un consumo decisamente inferiore rispetto agli altri yacht della sua categoria.<\/p>\n<p><strong>Sistemazione Ospiti:<\/strong>Il Canados 86 Minou dispone di 4 comode cabine e pu\u00f2 ospitare fino a 10 persone. Lo yacht dispone di una cabina armatoriale con letto king size e cabina armadio; una cabina VIP con letto queen size e due cabine ospiti con letti separati e due pullman bed completano la sistemazione a bordo. Tutte le cabine offrono suite con doccia Wifi e Sky TV.<\/p>\n<p><strong>Equipaggio:<\/strong> L&#8217;equipaggio \u00e8 composto unicamente da membri italiani. Il comandante, esperto professionista vi far\u00e0 navigare tra  itineari  affascnanti per crociere da sogno tra la Costiera Amalfitana, Sicilia e la Sardegna. La Chef \u00e8 Anna Coronato specializzata in cucina Indiana Francese e Mediterranea. Anna  utilizza ingredienti sempre freschi e ha una grande attemzione anche  per le ricette vegane in caso ci fossero clienti vegani o vegetariani a bordo.<\/p>\n","protected":false},"excerpt":{"rendered":"<p><span style=\"font-weight: bold;\">Bassa Stagione:<\/span> 43.000 \u20ac\/sett<br \/>\n<span style=\"font-weight: bold;\">Alta Stagione:<\/span> 48.000 \u20ac\/sett <br \/>\n<span style=\"font-weight: bold;\">Lunghezza mt:<\/span> 26.5 <br \/>\n<span style=\"font-weight: bold;\">Cabine:<\/span> 4 <br \/>\n<span style=\"font-weight: bold;\">Tipo di Yacht:<\/span> Motor Yacht<br \/>\n<span style=\"font-weight: bold;\">Anno:<\/span> 2003 &#8211; Refit 2018 e 2022 <br \/>\n<span style=\"font-weight: bold;\">Modello:<\/span> Canados 86 <br \/>\n<span style=\"font-weight: bold;\">Cantiere:<\/span> Canados <\/p>\n","protected":false},"featured_media":2585,"template":"","meta":{"site-sidebar-layout":"default","site-content-layout":"","ast-site-content-layout":"default","site-content-style":"default","site-sidebar-style":"default","ast-global-header-display":"","ast-banner-title-visibility":"","ast-main-header-display":"","ast-hfb-above-header-display":"","ast-hfb-below-header-display":"","ast-hfb-mobile-header-display":"","site-post-title":"","ast-breadcrumbs-content":"","ast-featured-img":"","footer-sml-layout":"","theme-transparent-header-meta":"default","adv-header-id-meta":"","stick-header-meta":"default","header-above-stick-meta":"","header-main-stick-meta":"","header-below-stick-meta":"","astra-migrate-meta-layouts":"set","ast-page-background-enabled":"default","ast-page-background-meta":{"desktop":{"background-color":"var(--ast-global-color-4)","background-image":"","background-repeat":"repeat","background-position":"center center","background-size":"auto","background-attachment":"scroll","background-type":"","background-media":"","overlay-type":"","overlay-color":"","overlay-opacity":"","overlay-gradient":""},"tablet":{"background-color":"","background-image":"","background-repeat":"repeat","background-position":"center center","background-size":"auto","background-attachment":"scroll","background-type":"","background-media":"","overlay-type":"","overlay-color":"","overlay-opacity":"","overlay-gradient":""},"mobile":{"background-color":"","background-image":"","background-repeat":"repeat","background-position":"center center","background-size":"auto","background-attachment":"scroll","background-type":"","background-media":"","overlay-type":"","overlay-color":"","overlay-opacity":"","overlay-gradient":""}},"ast-content-background-meta":{"desktop":{"background-color":"var(--ast-global-color-5)","background-image":"","background-repeat":"repeat","background-position":"center center","background-size":"auto","background-attachment":"scroll","background-type":"","background-media":"","overlay-type":"","overlay-color":"","overlay-opacity":"","overlay-gradient":""},"tablet":{"background-color":"var(--ast-global-color-5)","background-image":"","background-repeat":"repeat","background-position":"center center","background-size":"auto","background-attachment":"scroll","background-type":"","background-media":"","overlay-type":"","overlay-color":"","overlay-opacity":"","overlay-gradient":""},"mobile":{"background-color":"var(--ast-global-color-5)","background-image":"","background-repeat":"repeat","background-position":"center center","background-size":"auto","background-attachment":"scroll","background-type":"","background-media":"","overlay-type":"","overlay-color":"","overlay-opacity":"","overlay-gradient":""}},"_joinchat":[]},"product_cat":[90,22,56,40,112,92,91,45,47],"product_tag":[497,522],"class_list":{"0":"post-2584","1":"product","2":"type-product","3":"status-publish","4":"has-post-thumbnail","6":"product_cat-noleggio-yacht-costiera-amalfitana","7":"product_cat-destinazioni-yacht","8":"product_cat-noleggio-yacht-italia","9":"product_cat-noleggio-yacht-mediterraneo","10":"product_cat-noleggio-yacht-napoli","11":"product_cat-noleggio-yacht-sardegna","12":"product_cat-noleggio-yacht-sicilia","13":"product_cat-tipologie-yacht","14":"product_cat-noleggio-yacht-motore","15":"product_tag-24mt-34mt","16":"product_tag-yacht-a-motore","17":"pa_cantieri-canados","18":"pa_lunghezza-26-mt","19":"desktop-align-left","20":"tablet-align-left","21":"mobile-align-left","23":"first","24":"instock","25":"shipping-taxable","26":"product-type-simple"},"acf":[],"_links":{"self":[{"href":"https:\/\/verdeblu.com\/it\/wp-json\/wp\/v2\/product\/2584","targetHints":{"allow":["GET"]}}],"collection":[{"href":"https:\/\/verdeblu.com\/it\/wp-json\/wp\/v2\/product"}],"about":[{"href":"https:\/\/verdeblu.com\/it\/wp-json\/wp\/v2\/types\/product"}],"wp:featuredmedia":[{"embeddable":true,"href":"https:\/\/verdeblu.com\/it\/wp-json\/wp\/v2\/media\/2585"}],"wp:attachment":[{"href":"https:\/\/verdeblu.com\/it\/wp-json\/wp\/v2\/media?parent=2584"}],"wp:term":[{"taxonomy":"product_cat","embeddable":true,"href":"https:\/\/verdeblu.com\/it\/wp-json\/wp\/v2\/product_cat?post=2584"},{"taxonomy":"product_tag","embeddable":true,"href":"https:\/\/verdeblu.com\/it\/wp-json\/wp\/v2\/product_tag?post=2584"}],"curies":[{"name":"wp","href":"https:\/\/api.w.org\/{rel}","templated":true}]}}