{"id":2586,"date":"2023-12-04T17:16:39","date_gmt":"2023-12-04T16:16:39","guid":{"rendered":"https:\/\/nuovo.verdeblu.com\/?post_type=product&#038;p=2586"},"modified":"2025-04-17T11:21:55","modified_gmt":"2025-04-17T09:21:55","slug":"mowana","status":"publish","type":"product","link":"https:\/\/verdeblu.com\/it\/mowana\/","title":{"rendered":"Mowana"},"content":{"rendered":"<p>MOWANA \u00e8 un nuovissimo Motor Yacht 86&#8242; varato da Sunseeker nel 2019. \u00c8 uno dei pi\u00f9 recenti yachts in charter in Croazia! La sua velocit\u00e0 massima raggiunge i 30 nodi ed \u00e8 uno yacht di dimensione ideale per esplorare l&#8217; Adriatico.<br \/>\nAccomodation\u00a0Le cabine sono situate al ponte inferiore<br \/>\nCabina armatoriale con letto super king, spogliatoio, chaise longue e zona vanity a met\u00e0 nave;<br \/>\nCabina VIP con letto super king e vanity situata a prua;<br \/>\nLe altre due cabine di dritta e di sinistra possono essere con letto super king o con due letti gemelli in piano.<br \/>\nTutte le cabine sono dotate di bagno privato, TV a schermo piatto e sono rifinite nei minimi dettagli con piumoni e lenzuola di lusso, tende oscuranti, sistemi di intrattenimento, aria condizionata, asciugamani, asciugacapelli e accappatoio.<br \/>\nL&#8217;equipaggio di Mowana \u00e8 altamente raccomandato e \u00e8 appassionato e fornisce un servizio di altissima qualit\u00e0, il suo lavoro di squadra senza interruzioni assicura che le vostre vacanze si svolgano in modo perfetto.<br \/>\nIl capitano David conosce la variegata costa croata come un palmo della sua mano e pianificher\u00e0 con cura l&#8217;itinerario perfetto. Michelle la hostess \u00e8 sempre a disposizione per prendersi cura degli ospiti e si dedica in particolare a garantire che questi godano di ogni momento del loro tempo a bordo.<br \/>\nWater Toys\u00a0:<br \/>\nWilliams Jet Tender, Wakeboard, Sci nautico, Trainabili, Stand up paddle board, Kayak, 2 Seabob, Nuovo jet ski.<\/p>\n","protected":false},"excerpt":{"rendered":"<p><span style=\"font-weight: bold;\">Bassa Stagione:<\/span><br \/>\n<span style=\"font-weight: bold;\">Alta Stagione:<\/span><br \/>\n<span style=\"font-weight: bold;\">Lunghezza mt:<\/span> 26.3<br \/>\n<span style=\"font-weight: bold;\">Cabine:<\/span> 4<br \/>\n<span style=\"font-weight: bold;\">Tipo di Yacht:<\/span> Motor Yacht<br \/>\n<span style=\"font-weight: bold;\">Anno:<\/span> 2019<br \/>\n<span style=\"font-weight: bold;\">Modello:<\/span> Sunseeker 86<br \/>\n<span style=\"font-weight: bold;\">Cantiere:<\/span> Sunseeker Yachts<\/p>\n","protected":false},"featured_media":2587,"template":"","meta":{"site-sidebar-layout":"default","site-content-layout":"","ast-site-content-layout":"default","site-content-style":"default","site-sidebar-style":"default","ast-global-header-display":"","ast-banner-title-visibility":"","ast-main-header-display":"","ast-hfb-above-header-display":"","ast-hfb-below-header-display":"","ast-hfb-mobile-header-display":"","site-post-title":"","ast-breadcrumbs-content":"","ast-featured-img":"","footer-sml-layout":"","theme-transparent-header-meta":"default","adv-header-id-meta":"","stick-header-meta":"default","header-above-stick-meta":"","header-main-stick-meta":"","header-below-stick-meta":"","astra-migrate-meta-layouts":"set","ast-page-background-enabled":"default","ast-page-background-meta":{"desktop":{"background-color":"var(--ast-global-color-4)","background-image":"","background-repeat":"repeat","background-position":"center center","background-size":"auto","background-attachment":"scroll","background-type":"","background-media":"","overlay-type":"","overlay-color":"","overlay-opacity":"","overlay-gradient":""},"tablet":{"background-color":"","background-image":"","background-repeat":"repeat","background-position":"center center","background-size":"auto","background-attachment":"scroll","background-type":"","background-media":"","overlay-type":"","overlay-color":"","overlay-opacity":"","overlay-gradient":""},"mobile":{"background-color":"","background-image":"","background-repeat":"repeat","background-position":"center center","background-size":"auto","background-attachment":"scroll","background-type":"","background-media":"","overlay-type":"","overlay-color":"","overlay-opacity":"","overlay-gradient":""}},"ast-content-background-meta":{"desktop":{"background-color":"var(--ast-global-color-5)","background-image":"","background-repeat":"repeat","background-position":"center center","background-size":"auto","background-attachment":"scroll","background-type":"","background-media":"","overlay-type":"","overlay-color":"","overlay-opacity":"","overlay-gradient":""},"tablet":{"background-color":"var(--ast-global-color-5)","background-image":"","background-repeat":"repeat","background-position":"center center","background-size":"auto","background-attachment":"scroll","background-type":"","background-media":"","overlay-type":"","overlay-color":"","overlay-opacity":"","overlay-gradient":""},"mobile":{"background-color":"var(--ast-global-color-5)","background-image":"","background-repeat":"repeat","background-position":"center center","background-size":"auto","background-attachment":"scroll","background-type":"","background-media":"","overlay-type":"","overlay-color":"","overlay-opacity":"","overlay-gradient":""}},"_joinchat":[]},"product_cat":[59,22,56,40,45,47],"product_tag":[497,522],"class_list":{"0":"post-2586","1":"product","2":"type-product","3":"status-publish","4":"has-post-thumbnail","6":"product_cat-noleggio-yacht-croazia","7":"product_cat-destinazioni-yacht","8":"product_cat-noleggio-yacht-italia","9":"product_cat-noleggio-yacht-mediterraneo","10":"product_cat-tipologie-yacht","11":"product_cat-noleggio-yacht-motore","12":"product_tag-24mt-34mt","13":"product_tag-yacht-a-motore","14":"pa_cantieri-sunseeker-yachts","15":"pa_lunghezza-26-mt","16":"desktop-align-left","17":"tablet-align-left","18":"mobile-align-left","20":"first","21":"instock","22":"shipping-taxable","23":"product-type-simple"},"acf":[],"_links":{"self":[{"href":"https:\/\/verdeblu.com\/it\/wp-json\/wp\/v2\/product\/2586","targetHints":{"allow":["GET"]}}],"collection":[{"href":"https:\/\/verdeblu.com\/it\/wp-json\/wp\/v2\/product"}],"about":[{"href":"https:\/\/verdeblu.com\/it\/wp-json\/wp\/v2\/types\/product"}],"wp:featuredmedia":[{"embeddable":true,"href":"https:\/\/verdeblu.com\/it\/wp-json\/wp\/v2\/media\/2587"}],"wp:attachment":[{"href":"https:\/\/verdeblu.com\/it\/wp-json\/wp\/v2\/media?parent=2586"}],"wp:term":[{"taxonomy":"product_cat","embeddable":true,"href":"https:\/\/verdeblu.com\/it\/wp-json\/wp\/v2\/product_cat?post=2586"},{"taxonomy":"product_tag","embeddable":true,"href":"https:\/\/verdeblu.com\/it\/wp-json\/wp\/v2\/product_tag?post=2586"}],"curies":[{"name":"wp","href":"https:\/\/api.w.org\/{rel}","templated":true}]}}