{"id":2594,"date":"2023-12-04T17:26:43","date_gmt":"2023-12-04T16:26:43","guid":{"rendered":"https:\/\/nuovo.verdeblu.com\/?post_type=product&#038;p=2594"},"modified":"2025-04-16T10:06:34","modified_gmt":"2025-04-16T08:06:34","slug":"orianda","status":"publish","type":"product","link":"https:\/\/verdeblu.com\/it\/orianda\/","title":{"rendered":"Orianda"},"content":{"rendered":"<p><strong>Orianda<\/strong> \/ Yacht classico a Vela a Noleggio<\/p>\n<p>ORIANDA \u00e9 Un elegante veliero classico  d&#8217;epoca  con una lunga e fantastica storia ora disponibile per fantastici charter nel Mediterraneo.<br \/>\nIdeale se stai cercando uno yacht classico da charter, lo Schooner Orianda \u00e8 ora disponibile dopo un importante refitting. Questa bellissimo yacht con vela di trinchetta da 85 piedi \u00e8 stato creato negli ultimi giorni di un&#8217;epoca passata, quando l&#8217;eleganza era parte integrante della suprema avventura a vela. Costruito nel 1937 in Danimarca dal famoso progettista di yacht da regata O.W. Dahlstrom, oggi Orianda \u00e8 stato completamente ristrutturato e dotato di ogni comfort e tecnologia all&#8217;avanguardia: aria condizionata, dissalatore, Flat TV, sistema audio Hi-Fi in tutto lo yacht.<\/p>\n<p><strong>Sistemazione ospiti<\/strong>:  Orianda \u00e8 uno dei pochi yacht classici che pu\u00f2 ospitare fino a 8 ospiti in 4 cabine + tre membri dell&#8217;equipaggio ed \u00e8 pronta a portarvi in \u200b\u200bun sogno di navigazione in eleganza.<\/p>\n<p><strong>Equipaggio<\/strong>: Comandante dell&#8217;equipaggio Sebastiano Marulli d&#8217;Ascoli (italiano) + altri 2 membri<\/p>\n","protected":false},"excerpt":{"rendered":"<p><span style=\"font-weight: bold;\">Bassa Stagione:<\/span> 28.500 + VAT \u20ac\/sett<br \/>\n<span style=\"font-weight: bold;\">Alta Stagione:<\/span> 30.000 + VAT \u20ac\/sett<br \/>\n<span style=\"font-weight: bold;\">Lunghezza mt:<\/span> 26<br \/>\n<span style=\"font-weight: bold;\">Cabine:<\/span> 4<br \/>\n<span style=\"font-weight: bold;\">Tipo di Yacht:<\/span> Yacht a Vela d&#8217;Epoca<br \/>\n<span style=\"font-weight: bold;\">Anno:<\/span> 1937 &#8211; Refit 2010\/16<br \/>\n<span style=\"font-weight: bold;\">Modello:<\/span> Shooner<br \/>\n<span style=\"font-weight: bold;\">Cantiere:<\/span> Anderson<br \/>\n<span style=\"font-weight: bold;\">Area di Navigazione:<\/span> Italia, Francia  <\/p>\n","protected":false},"featured_media":2595,"template":"","meta":{"site-sidebar-layout":"default","site-content-layout":"","ast-site-content-layout":"default","site-content-style":"default","site-sidebar-style":"default","ast-global-header-display":"","ast-banner-title-visibility":"","ast-main-header-display":"","ast-hfb-above-header-display":"","ast-hfb-below-header-display":"","ast-hfb-mobile-header-display":"","site-post-title":"","ast-breadcrumbs-content":"","ast-featured-img":"","footer-sml-layout":"","theme-transparent-header-meta":"default","adv-header-id-meta":"","stick-header-meta":"default","header-above-stick-meta":"","header-main-stick-meta":"","header-below-stick-meta":"","astra-migrate-meta-layouts":"set","ast-page-background-enabled":"default","ast-page-background-meta":{"desktop":{"background-color":"var(--ast-global-color-4)","background-image":"","background-repeat":"repeat","background-position":"center center","background-size":"auto","background-attachment":"scroll","background-type":"","background-media":"","overlay-type":"","overlay-color":"","overlay-opacity":"","overlay-gradient":""},"tablet":{"background-color":"","background-image":"","background-repeat":"repeat","background-position":"center center","background-size":"auto","background-attachment":"scroll","background-type":"","background-media":"","overlay-type":"","overlay-color":"","overlay-opacity":"","overlay-gradient":""},"mobile":{"background-color":"","background-image":"","background-repeat":"repeat","background-position":"center center","background-size":"auto","background-attachment":"scroll","background-type":"","background-media":"","overlay-type":"","overlay-color":"","overlay-opacity":"","overlay-gradient":""}},"ast-content-background-meta":{"desktop":{"background-color":"var(--ast-global-color-5)","background-image":"","background-repeat":"repeat","background-position":"center center","background-size":"auto","background-attachment":"scroll","background-type":"","background-media":"","overlay-type":"","overlay-color":"","overlay-opacity":"","overlay-gradient":""},"tablet":{"background-color":"var(--ast-global-color-5)","background-image":"","background-repeat":"repeat","background-position":"center center","background-size":"auto","background-attachment":"scroll","background-type":"","background-media":"","overlay-type":"","overlay-color":"","overlay-opacity":"","overlay-gradient":""},"mobile":{"background-color":"var(--ast-global-color-5)","background-image":"","background-repeat":"repeat","background-position":"center center","background-size":"auto","background-attachment":"scroll","background-type":"","background-media":"","overlay-type":"","overlay-color":"","overlay-opacity":"","overlay-gradient":""}},"_joinchat":[]},"product_cat":[775,77,128,22,56,127,40,126,772,92,91,45,46],"product_tag":[497,523,1038],"class_list":{"0":"post-2594","1":"product","2":"type-product","3":"status-publish","4":"has-post-thumbnail","6":"product_cat-noleggio-yacht-cagliari","7":"product_cat-noleggio-yacht-corsica","8":"product_cat-noleggio-yacht-costa-smeralda","9":"product_cat-destinazioni-yacht","10":"product_cat-noleggio-yacht-italia","11":"product_cat-noleggio-yacht-la-maddalena","12":"product_cat-noleggio-yacht-mediterraneo","13":"product_cat-noleggio-yacht-olbia","14":"product_cat-noleggio-yacht-porto-cervo","15":"product_cat-noleggio-yacht-sardegna","16":"product_cat-noleggio-yacht-sicilia","17":"product_cat-tipologie-yacht","18":"product_cat-noleggio-yacht-vela","19":"product_tag-24mt-34mt","20":"product_tag-yacht-a-vela","21":"product_tag-yacht-depoca","22":"pa_lunghezza-26-mt","23":"desktop-align-left","24":"tablet-align-left","25":"mobile-align-left","27":"first","28":"instock","29":"shipping-taxable","30":"product-type-simple"},"acf":[],"_links":{"self":[{"href":"https:\/\/verdeblu.com\/it\/wp-json\/wp\/v2\/product\/2594","targetHints":{"allow":["GET"]}}],"collection":[{"href":"https:\/\/verdeblu.com\/it\/wp-json\/wp\/v2\/product"}],"about":[{"href":"https:\/\/verdeblu.com\/it\/wp-json\/wp\/v2\/types\/product"}],"wp:featuredmedia":[{"embeddable":true,"href":"https:\/\/verdeblu.com\/it\/wp-json\/wp\/v2\/media\/2595"}],"wp:attachment":[{"href":"https:\/\/verdeblu.com\/it\/wp-json\/wp\/v2\/media?parent=2594"}],"wp:term":[{"taxonomy":"product_cat","embeddable":true,"href":"https:\/\/verdeblu.com\/it\/wp-json\/wp\/v2\/product_cat?post=2594"},{"taxonomy":"product_tag","embeddable":true,"href":"https:\/\/verdeblu.com\/it\/wp-json\/wp\/v2\/product_tag?post=2594"}],"curies":[{"name":"wp","href":"https:\/\/api.w.org\/{rel}","templated":true}]}}