{"id":2604,"date":"2023-12-04T18:05:35","date_gmt":"2023-12-04T17:05:35","guid":{"rendered":"https:\/\/nuovo.verdeblu.com\/?post_type=product&#038;p=2604"},"modified":"2025-02-06T17:58:05","modified_gmt":"2025-02-06T16:58:05","slug":"gulet-maria-giovanna","status":"publish","type":"product","link":"https:\/\/verdeblu.com\/it\/gulet-maria-giovanna\/","title":{"rendered":"Caicco Maria Giovanna"},"content":{"rendered":"<p><strong>Maria Giovanna<\/strong> \/ Caicco a Noleggio <\/p>\n<p>MARIA GIOVANNA \u00e8 un caicco turco di 23,80 costruito in mogano e iroko.<br \/>\nLa barca \u00e9 il risultato dell\u2019incontro tra la tradizione del design e dei materiali con la modernit\u00e0 degli equipaggiamenti, \u00e8 tra i caicchi charter  pi\u00f9 belli e meglio attrezzati della tipologia.<br \/>\nTappezzerie dai colori pastello, ceramiche positanesi, carabottini, biancheria in lino e cotone ricamata e personalizzata, lampade in ottone e tappetini intrecciati con corda marinara: abili artigiani locali hanno lavorato per rendere unico e raffinato ogni particolare dell\u2019imbarcazione.<br \/>\nLa barca ha grandi spazi sia all&#8217;interno che all&#8217;esterno.<br \/>\nAria climatizzata in tutta la barca. Un&#8217; ampia zona poppiera con cockpit ombreggiato con ampio tavolo e sedute per 12 persone. Un comodo ponte di prua con eleganti materassini prendisole. Ponte in teak con zona a prua dedicata al relax.<\/p>\n<p><strong>Sistemazione ospiti<\/strong>: \u00a0Maria Giovanna ha 6 comode cabine doppie di cui 4 a due letti e 2 matrimoniali con 3o letto pulman.<\/p>\n<p>Crew: 4\/5 persone di equipaggio danno a questa barca un servizio di gran classe ed un charter di alto livello.<br \/>\nIn cucina lo Chef offre cibi selezionati con l&#8217;utilizzo di prodotti tipici locali .<\/p>\n<p>Maria Giovanna \u00e9 di base a Positano per charters lungo la costiera amalfitana , Capri, ischia e Procida. Altre aree su richiesta.<\/p>\n","protected":false},"excerpt":{"rendered":"<p><span style=\"font-weight: bold;\">Bassa Stagione:<\/span> 1.900 + IVA \u20ac\/giorno<br \/>\n<span style=\"font-weight: bold;\">Alta Stagione:<\/span> 2.400 + IVA \u20ac\/giorno<br \/>\n<span style=\"font-weight: bold;\">Lunghezza mt:<\/span> 26<br \/>\n<span style=\"font-weight: bold;\">Cabine:<\/span> 6<br \/>\n<span style=\"font-weight: bold;\">Tipo di Yacht:<\/span> Caicco \/ Gulet<br \/>\n<span style=\"font-weight: bold;\">Anno:<\/span> 1997<br \/>\n<span style=\"font-weight: bold;\">Modello:<\/span> Caicco de luxe<br \/>\n<span style=\"font-weight: bold;\">Cantiere:<\/span> Turco<\/p>\n","protected":false},"featured_media":2606,"template":"","meta":{"site-sidebar-layout":"default","site-content-layout":"","ast-site-content-layout":"default","site-content-style":"default","site-sidebar-style":"default","ast-global-header-display":"","ast-banner-title-visibility":"","ast-main-header-display":"","ast-hfb-above-header-display":"","ast-hfb-below-header-display":"","ast-hfb-mobile-header-display":"","site-post-title":"","ast-breadcrumbs-content":"","ast-featured-img":"","footer-sml-layout":"","theme-transparent-header-meta":"default","adv-header-id-meta":"","stick-header-meta":"default","header-above-stick-meta":"","header-main-stick-meta":"","header-below-stick-meta":"","astra-migrate-meta-layouts":"set","ast-page-background-enabled":"default","ast-page-background-meta":{"desktop":{"background-color":"var(--ast-global-color-4)","background-image":"","background-repeat":"repeat","background-position":"center center","background-size":"auto","background-attachment":"scroll","background-type":"","background-media":"","overlay-type":"","overlay-color":"","overlay-opacity":"","overlay-gradient":""},"tablet":{"background-color":"","background-image":"","background-repeat":"repeat","background-position":"center center","background-size":"auto","background-attachment":"scroll","background-type":"","background-media":"","overlay-type":"","overlay-color":"","overlay-opacity":"","overlay-gradient":""},"mobile":{"background-color":"","background-image":"","background-repeat":"repeat","background-position":"center center","background-size":"auto","background-attachment":"scroll","background-type":"","background-media":"","overlay-type":"","overlay-color":"","overlay-opacity":"","overlay-gradient":""}},"ast-content-background-meta":{"desktop":{"background-color":"var(--ast-global-color-5)","background-image":"","background-repeat":"repeat","background-position":"center center","background-size":"auto","background-attachment":"scroll","background-type":"","background-media":"","overlay-type":"","overlay-color":"","overlay-opacity":"","overlay-gradient":""},"tablet":{"background-color":"var(--ast-global-color-5)","background-image":"","background-repeat":"repeat","background-position":"center center","background-size":"auto","background-attachment":"scroll","background-type":"","background-media":"","overlay-type":"","overlay-color":"","overlay-opacity":"","overlay-gradient":""},"mobile":{"background-color":"var(--ast-global-color-5)","background-image":"","background-repeat":"repeat","background-position":"center center","background-size":"auto","background-attachment":"scroll","background-type":"","background-media":"","overlay-type":"","overlay-color":"","overlay-opacity":"","overlay-gradient":""}},"_joinchat":[]},"product_cat":[90,22,114,122,89,56,40,112,108,123,1017,113,91,118,45,124,110],"product_tag":[497],"class_list":{"0":"post-2604","1":"product","2":"type-product","3":"status-publish","4":"has-post-thumbnail","6":"product_cat-noleggio-yacht-costiera-amalfitana","7":"product_cat-destinazioni-yacht","8":"product_cat-noleggio-yacht-ischia","9":"product_cat-noleggio-yacht-isole-eolie","10":"product_cat-noleggio-yacht-isole-pontine","11":"product_cat-noleggio-yacht-italia","12":"product_cat-noleggio-yacht-mediterraneo","13":"product_cat-noleggio-yacht-napoli","14":"product_cat-noleggio-yacht-palmarola","15":"product_cat-noleggio-yacht-pantelleria","16":"product_cat-noleggio-yacht-ponza","17":"product_cat-noleggio-yacht-procida","18":"product_cat-noleggio-yacht-sicilia","19":"product_cat-noleggio-yacht-sorrento","20":"product_cat-tipologie-yacht","21":"product_cat-noleggio-yacht-ustica","22":"product_cat-noleggio-yacht-ventotene","23":"product_tag-24mt-34mt","24":"pa_cantieri-turco","25":"pa_lunghezza-26-mt","26":"desktop-align-left","27":"tablet-align-left","28":"mobile-align-left","30":"first","31":"instock","32":"shipping-taxable","33":"product-type-simple"},"acf":[],"_links":{"self":[{"href":"https:\/\/verdeblu.com\/it\/wp-json\/wp\/v2\/product\/2604","targetHints":{"allow":["GET"]}}],"collection":[{"href":"https:\/\/verdeblu.com\/it\/wp-json\/wp\/v2\/product"}],"about":[{"href":"https:\/\/verdeblu.com\/it\/wp-json\/wp\/v2\/types\/product"}],"wp:featuredmedia":[{"embeddable":true,"href":"https:\/\/verdeblu.com\/it\/wp-json\/wp\/v2\/media\/2606"}],"wp:attachment":[{"href":"https:\/\/verdeblu.com\/it\/wp-json\/wp\/v2\/media?parent=2604"}],"wp:term":[{"taxonomy":"product_cat","embeddable":true,"href":"https:\/\/verdeblu.com\/it\/wp-json\/wp\/v2\/product_cat?post=2604"},{"taxonomy":"product_tag","embeddable":true,"href":"https:\/\/verdeblu.com\/it\/wp-json\/wp\/v2\/product_tag?post=2604"}],"curies":[{"name":"wp","href":"https:\/\/api.w.org\/{rel}","templated":true}]}}