{"id":2675,"date":"2023-12-04T19:08:14","date_gmt":"2023-12-04T18:08:14","guid":{"rendered":"https:\/\/nuovo.verdeblu.com\/?post_type=product&#038;p=2675"},"modified":"2025-04-17T11:19:35","modified_gmt":"2025-04-17T09:19:35","slug":"octavia","status":"publish","type":"product","link":"https:\/\/verdeblu.com\/it\/octavia\/","title":{"rendered":"Octavia"},"content":{"rendered":"<p><strong>Octavia<\/strong> \/ Motor Yacht a Noleggio <\/p>\n<p>Refit 2015.<br \/>\nOCTAVIA, Sunseeker Predator 82 \u00e9 di base in Sardegna a Porto Cervo ed  \u00e9 ormeggiata proprio di fronte allo Yacht Club. Il costo dell&#8217;ormeggio \u00e9 incluso nel prezzo.<br \/>\nOctavia \u00e9 anche disponibile per imbarchi a Napoli, Amalfi Coast, Positano, Sicilia, Roma, Genova, Portofino, Capri, Monaco, Cannes, St Tropez, Nizza and all the French Riviera. Some delivery fees may be asked.<br \/>\nOCTAVIA ha recentemente intrapreso un accurato refit presso Sunseeker assicurandosi di essere in perfette condizioni e al culmine dello stile e delle prestazioni.<\/p>\n<p><strong>Sistemazione Ospiti<\/strong>: \u00a04 cabine per 8 ospiti (2 cabine matrimoniali, 1 Twin ed una con letti a castello )<\/p>\n","protected":false},"excerpt":{"rendered":"<p><span style=\"font-weight: bold;\">Bassa Stagione:<\/span> 36.000 \u20ac\/sett<br \/>\n<span style=\"font-weight: bold;\">Alta Stagione:<\/span> 42.000 \u20ac\/sett<br \/>\n<span style=\"font-weight: bold;\">Lunghezza mt:<\/span> 25<br \/>\n<span style=\"font-weight: bold;\">Cabine:<\/span> 4<br \/>\n<span style=\"font-weight: bold;\">Tipo di Yacht:<\/span> Motor Yacht<br \/>\n<span style=\"font-weight: bold;\">Anno:<\/span> 2006 &#8211; Refit 2015<br \/>\n<span style=\"font-weight: bold;\">Modello:<\/span> Predator 82<br \/>\n<span style=\"font-weight: bold;\">Cantiere:<\/span> Sunseeker Yachts<\/p>\n","protected":false},"featured_media":2676,"template":"","meta":{"site-sidebar-layout":"default","site-content-layout":"","ast-site-content-layout":"default","site-content-style":"default","site-sidebar-style":"default","ast-global-header-display":"","ast-banner-title-visibility":"","ast-main-header-display":"","ast-hfb-above-header-display":"","ast-hfb-below-header-display":"","ast-hfb-mobile-header-display":"","site-post-title":"","ast-breadcrumbs-content":"","ast-featured-img":"","footer-sml-layout":"","theme-transparent-header-meta":"default","adv-header-id-meta":"","stick-header-meta":"default","header-above-stick-meta":"","header-main-stick-meta":"","header-below-stick-meta":"","astra-migrate-meta-layouts":"set","ast-page-background-enabled":"default","ast-page-background-meta":{"desktop":{"background-color":"var(--ast-global-color-4)","background-image":"","background-repeat":"repeat","background-position":"center center","background-size":"auto","background-attachment":"scroll","background-type":"","background-media":"","overlay-type":"","overlay-color":"","overlay-opacity":"","overlay-gradient":""},"tablet":{"background-color":"","background-image":"","background-repeat":"repeat","background-position":"center center","background-size":"auto","background-attachment":"scroll","background-type":"","background-media":"","overlay-type":"","overlay-color":"","overlay-opacity":"","overlay-gradient":""},"mobile":{"background-color":"","background-image":"","background-repeat":"repeat","background-position":"center center","background-size":"auto","background-attachment":"scroll","background-type":"","background-media":"","overlay-type":"","overlay-color":"","overlay-opacity":"","overlay-gradient":""}},"ast-content-background-meta":{"desktop":{"background-color":"var(--ast-global-color-5)","background-image":"","background-repeat":"repeat","background-position":"center center","background-size":"auto","background-attachment":"scroll","background-type":"","background-media":"","overlay-type":"","overlay-color":"","overlay-opacity":"","overlay-gradient":""},"tablet":{"background-color":"var(--ast-global-color-5)","background-image":"","background-repeat":"repeat","background-position":"center center","background-size":"auto","background-attachment":"scroll","background-type":"","background-media":"","overlay-type":"","overlay-color":"","overlay-opacity":"","overlay-gradient":""},"mobile":{"background-color":"var(--ast-global-color-5)","background-image":"","background-repeat":"repeat","background-position":"center center","background-size":"auto","background-attachment":"scroll","background-type":"","background-media":"","overlay-type":"","overlay-color":"","overlay-opacity":"","overlay-gradient":""}},"_joinchat":[]},"product_cat":[775,77,128,22,56,127,40,126,772,92,45,47],"product_tag":[497,522],"class_list":{"0":"post-2675","1":"product","2":"type-product","3":"status-publish","4":"has-post-thumbnail","6":"product_cat-noleggio-yacht-cagliari","7":"product_cat-noleggio-yacht-corsica","8":"product_cat-noleggio-yacht-costa-smeralda","9":"product_cat-destinazioni-yacht","10":"product_cat-noleggio-yacht-italia","11":"product_cat-noleggio-yacht-la-maddalena","12":"product_cat-noleggio-yacht-mediterraneo","13":"product_cat-noleggio-yacht-olbia","14":"product_cat-noleggio-yacht-porto-cervo","15":"product_cat-noleggio-yacht-sardegna","16":"product_cat-tipologie-yacht","17":"product_cat-noleggio-yacht-motore","18":"product_tag-24mt-34mt","19":"product_tag-yacht-a-motore","20":"pa_cantieri-sunseeker-yachts","21":"pa_lunghezza-25-mt","22":"desktop-align-left","23":"tablet-align-left","24":"mobile-align-left","26":"first","27":"instock","28":"shipping-taxable","29":"product-type-simple"},"acf":[],"_links":{"self":[{"href":"https:\/\/verdeblu.com\/it\/wp-json\/wp\/v2\/product\/2675","targetHints":{"allow":["GET"]}}],"collection":[{"href":"https:\/\/verdeblu.com\/it\/wp-json\/wp\/v2\/product"}],"about":[{"href":"https:\/\/verdeblu.com\/it\/wp-json\/wp\/v2\/types\/product"}],"wp:featuredmedia":[{"embeddable":true,"href":"https:\/\/verdeblu.com\/it\/wp-json\/wp\/v2\/media\/2676"}],"wp:attachment":[{"href":"https:\/\/verdeblu.com\/it\/wp-json\/wp\/v2\/media?parent=2675"}],"wp:term":[{"taxonomy":"product_cat","embeddable":true,"href":"https:\/\/verdeblu.com\/it\/wp-json\/wp\/v2\/product_cat?post=2675"},{"taxonomy":"product_tag","embeddable":true,"href":"https:\/\/verdeblu.com\/it\/wp-json\/wp\/v2\/product_tag?post=2675"}],"curies":[{"name":"wp","href":"https:\/\/api.w.org\/{rel}","templated":true}]}}