{"id":2702,"date":"2023-12-04T19:19:56","date_gmt":"2023-12-04T18:19:56","guid":{"rendered":"https:\/\/nuovo.verdeblu.com\/?post_type=product&#038;p=2702"},"modified":"2025-11-29T23:52:26","modified_gmt":"2025-11-29T22:52:26","slug":"sanlorenzo-em3","status":"publish","type":"product","link":"https:\/\/verdeblu.com\/it\/sanlorenzo-em3\/","title":{"rendered":"Sanlorenzo EM3"},"content":{"rendered":"<p><strong>Sanlorenzo EM3<\/strong> \/ Motor Yacht Sanlorenzo con Equipaggio a Noleggio <\/p>\n<p>Il nuovissimo <strong> Sanlorenzo SD 90 EM3<\/strong> per charter \u00e8 un motor yacht di lusso di 27,43 metri progettato per fornire i pi\u00f9 alti standard di vivibilit\u00e0 con nuove soluzioni introdotte sia esternamente che internamente che donano una percezione dello spazio totalmente rivista.<br \/>\nIl design esterno, firmato dallo studio Zuccon International Project, \u00e8 il risultato di una complessa ricerca stilistica che trova un perfetto equilibrio nelle forme e nei volumi.<br \/>\nIl design degli interni del Sanlorenzo SD 90 EM3 \u00e8 curato da Patricia Urquiola che interpreta gli spazi portando a bordo la propria visione con un approccio strettamente legato alla trasformabilit\u00e0.<br \/>\nL&#8217;SD 90 si estende su due ponti e mezzo e presenta un flybridge aperto configurato con un ponte inferiore e un ponte principale. La zona di prua del ponte principale \u00e8 concepita a tutto baglio parziale garantendo una zona interna pi\u00f9 spaziosa rispetto ad un layout tradizionale. EM3 ha base a Marina di Pisa (Toscana). Disponibile lungo il Mar Tirreno e nel Mediterraneo occidentale.<\/p>\n<p><strong>Sistemazione per gli ospiti<\/strong>: il Sanlorenzo EM3 pu\u00f2 ospitare fino a 8 (+1) petsone in 4 cabine. La cabina armatoriale nel ponte principale a prua, due cabine VIP nel ponte inferiore a centro barca e una cabina doppia trasformabile in cabina doppia con un letto superiore aggiuntivo. Tutte le cabine sono dotate di bagno privato.<\/p>\n<p><strong>Equipaggio<\/strong>:  Il Capitano \u00e8 Stefano Liggio, Membro orgoglioso di \u201cItalian Yachtmasters\u201d, parla fluentemente italiano, inglese, spagnolo. La Chef, Marisol Alvarez Guzman \u00e8 spagnola e  parla spagnolo, italiano e inglese, \u00e8 specializzata in Sushi e Cucina Mediterranea.<\/p>\n","protected":false},"excerpt":{"rendered":"<p><span style=\"font-weight: bold;\">Bassa Stagione:<\/span> 75.000 \u20ac\/sett + Vat + Apa<br \/>\n<span style=\"font-weight: bold;\">Alta Stagione:<\/span> 95.000 \u20ac\/sett + Vat + Apa<br \/>\n<span style=\"font-weight: bold;\">Lunghezza mt:<\/span> 27.43 metri (90&#8242;)<br \/>\n<span style=\"font-weight: bold;\">Cabine:<\/span> 4<br \/>\n<span style=\"font-weight: bold;\">Tipo di Yacht:<\/span> Motor Yacht<br \/>\n<span style=\"font-weight: bold;\">Anno:<\/span> 2023<br \/>\n<span style=\"font-weight: bold;\">Modello:<\/span> Sanlorenzo SD 90<br \/>\n<span style=\"font-weight: bold;\">Cantiere:<\/span> Sanlorenzo<\/p>\n","protected":false},"featured_media":2703,"template":"","meta":{"site-sidebar-layout":"default","site-content-layout":"","ast-site-content-layout":"default","site-content-style":"default","site-sidebar-style":"default","ast-global-header-display":"","ast-banner-title-visibility":"","ast-main-header-display":"","ast-hfb-above-header-display":"","ast-hfb-below-header-display":"","ast-hfb-mobile-header-display":"","site-post-title":"","ast-breadcrumbs-content":"","ast-featured-img":"","footer-sml-layout":"","theme-transparent-header-meta":"default","adv-header-id-meta":"","stick-header-meta":"default","header-above-stick-meta":"","header-main-stick-meta":"","header-below-stick-meta":"","astra-migrate-meta-layouts":"set","ast-page-background-enabled":"default","ast-page-background-meta":{"desktop":{"background-color":"var(--ast-global-color-4)","background-image":"","background-repeat":"repeat","background-position":"center center","background-size":"auto","background-attachment":"scroll","background-type":"","background-media":"","overlay-type":"","overlay-color":"","overlay-opacity":"","overlay-gradient":""},"tablet":{"background-color":"","background-image":"","background-repeat":"repeat","background-position":"center center","background-size":"auto","background-attachment":"scroll","background-type":"","background-media":"","overlay-type":"","overlay-color":"","overlay-opacity":"","overlay-gradient":""},"mobile":{"background-color":"","background-image":"","background-repeat":"repeat","background-position":"center center","background-size":"auto","background-attachment":"scroll","background-type":"","background-media":"","overlay-type":"","overlay-color":"","overlay-opacity":"","overlay-gradient":""}},"ast-content-background-meta":{"desktop":{"background-color":"var(--ast-global-color-5)","background-image":"","background-repeat":"repeat","background-position":"center center","background-size":"auto","background-attachment":"scroll","background-type":"","background-media":"","overlay-type":"","overlay-color":"","overlay-opacity":"","overlay-gradient":""},"tablet":{"background-color":"var(--ast-global-color-5)","background-image":"","background-repeat":"repeat","background-position":"center center","background-size":"auto","background-attachment":"scroll","background-type":"","background-media":"","overlay-type":"","overlay-color":"","overlay-opacity":"","overlay-gradient":""},"mobile":{"background-color":"var(--ast-global-color-5)","background-image":"","background-repeat":"repeat","background-position":"center center","background-size":"auto","background-attachment":"scroll","background-type":"","background-media":"","overlay-type":"","overlay-color":"","overlay-opacity":"","overlay-gradient":""}},"_joinchat":[]},"product_cat":[88,1125,103,22,100,102,101,56,45,47],"product_tag":[497,910,522,863],"class_list":{"0":"post-2702","1":"product","2":"type-product","3":"status-publish","4":"has-post-thumbnail","6":"product_cat-noleggio-yacht-arcipelago-toscano","7":"product_cat-noleggio-yacht-argentario","8":"product_cat-noleggio-yacht-capraia","9":"product_cat-destinazioni-yacht","10":"product_cat-noleggio-yacht-elba","11":"product_cat-noleggio-yacht-giannutri","12":"product_cat-noleggio-yacht-giglio","13":"product_cat-noleggio-yacht-italia","14":"product_cat-tipologie-yacht","15":"product_cat-noleggio-yacht-motore","16":"product_tag-24mt-34mt","17":"product_tag-toscana","18":"product_tag-yacht-a-motore","19":"product_tag-yacht-a-noleggio","20":"pa_cantieri-sanlorenzo","21":"pa_lunghezza-24-mt","22":"desktop-align-left","23":"tablet-align-left","24":"mobile-align-left","26":"first","27":"instock","28":"shipping-taxable","29":"product-type-simple"},"acf":[],"_links":{"self":[{"href":"https:\/\/verdeblu.com\/it\/wp-json\/wp\/v2\/product\/2702","targetHints":{"allow":["GET"]}}],"collection":[{"href":"https:\/\/verdeblu.com\/it\/wp-json\/wp\/v2\/product"}],"about":[{"href":"https:\/\/verdeblu.com\/it\/wp-json\/wp\/v2\/types\/product"}],"wp:featuredmedia":[{"embeddable":true,"href":"https:\/\/verdeblu.com\/it\/wp-json\/wp\/v2\/media\/2703"}],"wp:attachment":[{"href":"https:\/\/verdeblu.com\/it\/wp-json\/wp\/v2\/media?parent=2702"}],"wp:term":[{"taxonomy":"product_cat","embeddable":true,"href":"https:\/\/verdeblu.com\/it\/wp-json\/wp\/v2\/product_cat?post=2702"},{"taxonomy":"product_tag","embeddable":true,"href":"https:\/\/verdeblu.com\/it\/wp-json\/wp\/v2\/product_tag?post=2702"}],"curies":[{"name":"wp","href":"https:\/\/api.w.org\/{rel}","templated":true}]}}