{"id":2721,"date":"2023-12-04T19:33:49","date_gmt":"2023-12-04T18:33:49","guid":{"rendered":"https:\/\/nuovo.verdeblu.com\/?post_type=product&#038;p=2721"},"modified":"2025-04-17T12:19:48","modified_gmt":"2025-04-17T10:19:48","slug":"sunreef-80-seiya","status":"publish","type":"product","link":"https:\/\/verdeblu.com\/it\/sunreef-80-seiya\/","title":{"rendered":"Sunreef 80 Seiya"},"content":{"rendered":"<p><strong>SEYIA <\/strong> \/ Catamarano a Motore a Noleggio<\/p>\n<p>Il Catamarano <strong>SEIYA<\/strong> Sunreef 80 Power \u00e8 un grande motoryacht di lusso da capogiro della nuovissima gamma 80 Sunreef Power presentata ufficialmente per la prima volta al Cannes Yachting Festival 2019. Questo catamarano porta il lusso e la navigabilit\u00e0 insieme alla sostenibilit\u00e0 a una nuova dimensione, estendendo gli spazi abitativi all&#8217;estremo.<\/p>\n<p><strong>Sistemazione ospiti<\/strong>: SEIYA pu\u00f2 ospitare 8 persone a dormire in 4 cabine di cui 3 doppie ed una Twin convertible.<br \/>\nSEIYA offre straordinarie strutture per l&#8217;intrattenimento e il tempo libero che la rendono l&#8217;opzione charter ideale per la famiglia e gli amici.<br \/>\n<strong>Equipaggio<\/strong>: Seiya \u00e9 gestito da un equipaggio professionale e attento di 4 persone (Comandante francese L\u00e9opold Cl\u00e9menard, Hostess, Chef e deck-hand).<\/p>\n<p>Lo yacht \u00e8 disponibile per charter in Italia, Sardegna, Corsica e in Costa Azzurra. Ha base a La Seyne-sur-Mer, Var, in Provenza.<\/p>\n","protected":false},"excerpt":{"rendered":"<p><span style=\"font-weight: bold;\">Bassa Stagione:<\/span> 65.000 \u20ac\/sett<br \/>\n<span style=\"font-weight: bold;\">Alta Stagione:<\/span> 75.000 \u20ac\/sett<br \/>\n<span style=\"font-weight: bold;\">Lunghezza mt:<\/span> 24.38<br \/>\n<span style=\"font-weight: bold;\">Cabine:<\/span> 4<br \/>\n<span style=\"font-weight: bold;\">Tipo di Yacht:<\/span> Catamarano<br \/>\n<span style=\"font-weight: bold;\">Anno:<\/span> 2020<br \/>\n<span style=\"font-weight: bold;\">Modello:<\/span> Sunreef Power 80&#8217;Eco<br \/>\n<span style=\"font-weight: bold;\">Cantiere:<\/span> Sunreef Yachts<\/p>\n","protected":false},"featured_media":2722,"template":"","meta":{"site-sidebar-layout":"default","site-content-layout":"","ast-site-content-layout":"default","site-content-style":"default","site-sidebar-style":"default","ast-global-header-display":"","ast-banner-title-visibility":"","ast-main-header-display":"","ast-hfb-above-header-display":"","ast-hfb-below-header-display":"","ast-hfb-mobile-header-display":"","site-post-title":"","ast-breadcrumbs-content":"","ast-featured-img":"","footer-sml-layout":"","theme-transparent-header-meta":"default","adv-header-id-meta":"","stick-header-meta":"default","header-above-stick-meta":"","header-main-stick-meta":"","header-below-stick-meta":"","astra-migrate-meta-layouts":"set","ast-page-background-enabled":"default","ast-page-background-meta":{"desktop":{"background-color":"var(--ast-global-color-4)","background-image":"","background-repeat":"repeat","background-position":"center center","background-size":"auto","background-attachment":"scroll","background-type":"","background-media":"","overlay-type":"","overlay-color":"","overlay-opacity":"","overlay-gradient":""},"tablet":{"background-color":"","background-image":"","background-repeat":"repeat","background-position":"center center","background-size":"auto","background-attachment":"scroll","background-type":"","background-media":"","overlay-type":"","overlay-color":"","overlay-opacity":"","overlay-gradient":""},"mobile":{"background-color":"","background-image":"","background-repeat":"repeat","background-position":"center center","background-size":"auto","background-attachment":"scroll","background-type":"","background-media":"","overlay-type":"","overlay-color":"","overlay-opacity":"","overlay-gradient":""}},"ast-content-background-meta":{"desktop":{"background-color":"var(--ast-global-color-5)","background-image":"","background-repeat":"repeat","background-position":"center center","background-size":"auto","background-attachment":"scroll","background-type":"","background-media":"","overlay-type":"","overlay-color":"","overlay-opacity":"","overlay-gradient":""},"tablet":{"background-color":"var(--ast-global-color-5)","background-image":"","background-repeat":"repeat","background-position":"center center","background-size":"auto","background-attachment":"scroll","background-type":"","background-media":"","overlay-type":"","overlay-color":"","overlay-opacity":"","overlay-gradient":""},"mobile":{"background-color":"var(--ast-global-color-5)","background-image":"","background-repeat":"repeat","background-position":"center center","background-size":"auto","background-attachment":"scroll","background-type":"","background-media":"","overlay-type":"","overlay-color":"","overlay-opacity":"","overlay-gradient":""}},"_joinchat":[]},"product_cat":[40,81,48,77,76,128,22,56,127,126,772,82,92,45],"product_tag":[519,497],"class_list":{"0":"post-2721","1":"product","2":"type-product","3":"status-publish","4":"has-post-thumbnail","6":"product_cat-noleggio-yacht-mediterraneo","7":"product_cat-noleggio-yacht-bonifacio","8":"product_cat-catamarano-noleggio","9":"product_cat-noleggio-yacht-corsica","10":"product_cat-noleggio-yacht-costa-azzurra","11":"product_cat-noleggio-yacht-costa-smeralda","12":"product_cat-destinazioni-yacht","13":"product_cat-noleggio-yacht-italia","14":"product_cat-noleggio-yacht-la-maddalena","15":"product_cat-noleggio-yacht-olbia","16":"product_cat-noleggio-yacht-porto-cervo","17":"product_cat-noleggio-yacht-porto-vecchio","18":"product_cat-noleggio-yacht-sardegna","19":"product_cat-tipologie-yacht","20":"product_tag-catamarano","21":"product_tag-24mt-34mt","22":"pa_cantieri-sunreef-yachts","23":"pa_lunghezza-24-mt","24":"desktop-align-left","25":"tablet-align-left","26":"mobile-align-left","28":"first","29":"instock","30":"shipping-taxable","31":"product-type-simple"},"acf":[],"_links":{"self":[{"href":"https:\/\/verdeblu.com\/it\/wp-json\/wp\/v2\/product\/2721","targetHints":{"allow":["GET"]}}],"collection":[{"href":"https:\/\/verdeblu.com\/it\/wp-json\/wp\/v2\/product"}],"about":[{"href":"https:\/\/verdeblu.com\/it\/wp-json\/wp\/v2\/types\/product"}],"wp:featuredmedia":[{"embeddable":true,"href":"https:\/\/verdeblu.com\/it\/wp-json\/wp\/v2\/media\/2722"}],"wp:attachment":[{"href":"https:\/\/verdeblu.com\/it\/wp-json\/wp\/v2\/media?parent=2721"}],"wp:term":[{"taxonomy":"product_cat","embeddable":true,"href":"https:\/\/verdeblu.com\/it\/wp-json\/wp\/v2\/product_cat?post=2721"},{"taxonomy":"product_tag","embeddable":true,"href":"https:\/\/verdeblu.com\/it\/wp-json\/wp\/v2\/product_tag?post=2721"}],"curies":[{"name":"wp","href":"https:\/\/api.w.org\/{rel}","templated":true}]}}