{"id":2870,"date":"2023-12-04T23:45:55","date_gmt":"2023-12-04T22:45:55","guid":{"rendered":"https:\/\/nuovo.verdeblu.com\/?post_type=product&#038;p=2870"},"modified":"2025-04-17T11:16:21","modified_gmt":"2025-04-17T09:16:21","slug":"salty","status":"publish","type":"product","link":"https:\/\/verdeblu.com\/it\/salty\/","title":{"rendered":"Salty"},"content":{"rendered":"<p><strong>Salty <\/strong>\/ Motor Yacht a Noleggio<\/p>\n<p>Salty \u00e8 un lussuoso yacht a motore di 23,8 m completamente rinnovato nel 2019 che offre charter con equipaggio in Grecia.<br \/>\nSalty dispone di un&#8217;accogliente e confortevole area lounge e di una zona pranzo. Pu\u00f2 ospitare fino a 8 persone nelle sue 4 cabine spaziose ed eleganti tutte con servizi privati.<br \/>\nIl suo equipaggio professionale di 4 persone render\u00e0 indimenticabili le vostre vacanze in barca.<br \/>\nLa barca ha un moderno salone principale con splendidi mobili in color crema e legno.<br \/>\nSalty offre anche molto spazio sul ponte per una variet\u00e0 di attivit\u00e0 all&#8217;aperto, una confortevole zona pranzo per drink e cene all&#8217;aperto, mentre il solarium \u00e8 ben disposto con un&#8217;ulteriore area lounge e ampi prendisole.<\/p>\n","protected":false},"excerpt":{"rendered":"<p><span style=\"font-weight: bold\">Bassa Stagione:<\/span> 30.000 \u20ac\/sett<br \/>\n<span style=\"font-weight: bold\">Alta Stagione:<\/span> 30.000 \u20ac\/sett<br \/>\n<span style=\"font-weight: bold\">Lunghezza mt:<\/span> 23.85<br \/>\n<span style=\"font-weight: bold\">Cabine:<\/span> 4<br \/>\n<span style=\"font-weight: bold\">Tipo di Yacht:<\/span> Motor Yacht<br \/>\n<span style=\"font-weight: bold\">Anno:<\/span> 2011 &#8211; <strong>Refit<\/strong> 2019<br \/>\n<span style=\"font-weight: bold\">Modello:<\/span><br \/>\n<span style=\"font-weight: bold\">Cantiere:<\/span> Alalunga<\/p>\n","protected":false},"featured_media":2871,"template":"","meta":{"site-sidebar-layout":"default","site-content-layout":"","ast-site-content-layout":"default","site-content-style":"default","site-sidebar-style":"default","ast-global-header-display":"","ast-banner-title-visibility":"","ast-main-header-display":"","ast-hfb-above-header-display":"","ast-hfb-below-header-display":"","ast-hfb-mobile-header-display":"","site-post-title":"","ast-breadcrumbs-content":"","ast-featured-img":"","footer-sml-layout":"","theme-transparent-header-meta":"default","adv-header-id-meta":"","stick-header-meta":"default","header-above-stick-meta":"","header-main-stick-meta":"","header-below-stick-meta":"","astra-migrate-meta-layouts":"set","ast-page-background-enabled":"default","ast-page-background-meta":{"desktop":{"background-color":"var(--ast-global-color-4)","background-image":"","background-repeat":"repeat","background-position":"center center","background-size":"auto","background-attachment":"scroll","background-type":"","background-media":"","overlay-type":"","overlay-color":"","overlay-opacity":"","overlay-gradient":""},"tablet":{"background-color":"","background-image":"","background-repeat":"repeat","background-position":"center center","background-size":"auto","background-attachment":"scroll","background-type":"","background-media":"","overlay-type":"","overlay-color":"","overlay-opacity":"","overlay-gradient":""},"mobile":{"background-color":"","background-image":"","background-repeat":"repeat","background-position":"center center","background-size":"auto","background-attachment":"scroll","background-type":"","background-media":"","overlay-type":"","overlay-color":"","overlay-opacity":"","overlay-gradient":""}},"ast-content-background-meta":{"desktop":{"background-color":"var(--ast-global-color-5)","background-image":"","background-repeat":"repeat","background-position":"center center","background-size":"auto","background-attachment":"scroll","background-type":"","background-media":"","overlay-type":"","overlay-color":"","overlay-opacity":"","overlay-gradient":""},"tablet":{"background-color":"var(--ast-global-color-5)","background-image":"","background-repeat":"repeat","background-position":"center center","background-size":"auto","background-attachment":"scroll","background-type":"","background-media":"","overlay-type":"","overlay-color":"","overlay-opacity":"","overlay-gradient":""},"mobile":{"background-color":"var(--ast-global-color-5)","background-image":"","background-repeat":"repeat","background-position":"center center","background-size":"auto","background-attachment":"scroll","background-type":"","background-media":"","overlay-type":"","overlay-color":"","overlay-opacity":"","overlay-gradient":""}},"_joinchat":[]},"product_cat":[1032,1008,22,61,787,789,1140,1009,40,45,47],"product_tag":[496,522],"class_list":{"0":"post-2870","1":"product","2":"type-product","3":"status-publish","4":"has-post-thumbnail","6":"product_cat-noleggio-yacht-atene","7":"product_cat-corfu-grecia-ionica","8":"product_cat-destinazioni-yacht","9":"product_cat-noleggio-yacht-grecia","10":"product_cat-grecia-ionica","11":"product_cat-noleggio-yacht-isole-cicladi","12":"product_cat-noleggio-yacht-isole-ionie","13":"product_cat-lefkas-grecia-ionica","14":"product_cat-noleggio-yacht-mediterraneo","15":"product_cat-tipologie-yacht","16":"product_cat-noleggio-yacht-motore","17":"product_tag-15mt-24mt","18":"product_tag-yacht-a-motore","19":"pa_cantieri-alalunga","20":"pa_lunghezza-23-mt","21":"desktop-align-left","22":"tablet-align-left","23":"mobile-align-left","25":"first","26":"instock","27":"shipping-taxable","28":"product-type-simple"},"acf":[],"_links":{"self":[{"href":"https:\/\/verdeblu.com\/it\/wp-json\/wp\/v2\/product\/2870","targetHints":{"allow":["GET"]}}],"collection":[{"href":"https:\/\/verdeblu.com\/it\/wp-json\/wp\/v2\/product"}],"about":[{"href":"https:\/\/verdeblu.com\/it\/wp-json\/wp\/v2\/types\/product"}],"wp:featuredmedia":[{"embeddable":true,"href":"https:\/\/verdeblu.com\/it\/wp-json\/wp\/v2\/media\/2871"}],"wp:attachment":[{"href":"https:\/\/verdeblu.com\/it\/wp-json\/wp\/v2\/media?parent=2870"}],"wp:term":[{"taxonomy":"product_cat","embeddable":true,"href":"https:\/\/verdeblu.com\/it\/wp-json\/wp\/v2\/product_cat?post=2870"},{"taxonomy":"product_tag","embeddable":true,"href":"https:\/\/verdeblu.com\/it\/wp-json\/wp\/v2\/product_tag?post=2870"}],"curies":[{"name":"wp","href":"https:\/\/api.w.org\/{rel}","templated":true}]}}