{"id":2951,"date":"2023-12-05T09:57:01","date_gmt":"2023-12-05T08:57:01","guid":{"rendered":"https:\/\/nuovo.verdeblu.com\/?post_type=product&#038;p=2951"},"modified":"2025-04-17T11:14:38","modified_gmt":"2025-04-17T09:14:38","slug":"legendary","status":"publish","type":"product","link":"https:\/\/verdeblu.com\/it\/legendary\/","title":{"rendered":"Legendary"},"content":{"rendered":"<p><strong>LEGENDARY<\/strong>\/ Yacht a Noleggio.<\/p>\n<p>LEGENDARY, \u00a0ex Shalimar, Motor Yacht Pershing 72. Il cantiere italiano Pershing fa parte del Gruppo Ferretti e come ama dire di se: &#8220;dal 1985 abbiamo rivoluzionato il mondo dello yachting, senz\u2019alcun desiderio di imitare noi stessi o altri &#8220;.<br \/>\nVero, lo yacht rappresenta il puro design italiano espressione del suo cantiere \u00a0 con un carattere aggressivo e il cuore di una supercar. Legendary \u00e8 l&#8217;emblema dello sport sul mare.<br \/>\nLegendary ispira lusso e ammirazione ogni volta che esce in mare, un motor yacht open a cui \u00e9 impossibile passare inosservato.<br \/>\nIl suo porto d&#8217;origine \u00e8 il Marina Ibiza nelle Isole Baleari, nella parte pi\u00f9 esclusiva del porto turistico, accanto al famoso ristorante Lio. Legendary \u00e9 anche disponibile per il noleggio a Formentera, Maiorca e Minorca.<\/p>\n<p><strong>Sistemazione ospiti<\/strong> Questo modello di Pershing 72, pu\u00f2 ospitare fino a 12 persone durante il giorno e 7 a dormire\u00a0 in 4 lussuose cabine con bagno privato. (1 Master, 1 Vip, 1 twin e una singola).<\/p>\n<p><strong>Equipaggio<\/strong> Il servizio eccezionale a bordo di Legendary \u00e8 fornito dal un Equipaggio di tre persone composto dal Comandante spagnolo Rub\u00e9n R\u00f3denas Bonet, uno Chef e una Hostess.<\/p>\n<p>L&#8217; Ormeggio al Marina di Ibiza \u00e9 incluso nel prezzo<\/p>\n","protected":false},"excerpt":{"rendered":"<p><span style=\"font-weight: bold;\">Bassa Stagione:<\/span> 41.300 \u20ac\/sett<br \/>\n<span style=\"font-weight: bold;\">Alta Stagione:<\/span> 49.700 \u20ac\/sett<br \/>\n<span style=\"font-weight: bold;\">Lunghezza mt:<\/span> 22.3<br \/>\n<span style=\"font-weight: bold;\">Cabine:<\/span> 4<br \/>\n<span style=\"font-weight: bold;\">Tipo di Yacht:<\/span> Motor Yacht<br \/>\n<span style=\"font-weight: bold;\">Anno:<\/span> 2008 &#8211; <strong>Refit<\/strong>: 2018<br \/>\n<span style=\"font-weight: bold;\">Modello:<\/span> Pershing 72&#8242;<br \/>\n<span style=\"font-weight: bold;\">Cantiere:<\/span> Pershing<\/p>\n","protected":false},"featured_media":2952,"template":"","meta":{"site-sidebar-layout":"default","site-content-layout":"","ast-site-content-layout":"default","site-content-style":"default","site-sidebar-style":"default","ast-global-header-display":"","ast-banner-title-visibility":"","ast-main-header-display":"","ast-hfb-above-header-display":"","ast-hfb-below-header-display":"","ast-hfb-mobile-header-display":"","site-post-title":"","ast-breadcrumbs-content":"","ast-featured-img":"","footer-sml-layout":"","theme-transparent-header-meta":"default","adv-header-id-meta":"","stick-header-meta":"default","header-above-stick-meta":"","header-main-stick-meta":"","header-below-stick-meta":"","astra-migrate-meta-layouts":"set","ast-page-background-enabled":"default","ast-page-background-meta":{"desktop":{"background-color":"var(--ast-global-color-4)","background-image":"","background-repeat":"repeat","background-position":"center center","background-size":"auto","background-attachment":"scroll","background-type":"","background-media":"","overlay-type":"","overlay-color":"","overlay-opacity":"","overlay-gradient":""},"tablet":{"background-color":"","background-image":"","background-repeat":"repeat","background-position":"center center","background-size":"auto","background-attachment":"scroll","background-type":"","background-media":"","overlay-type":"","overlay-color":"","overlay-opacity":"","overlay-gradient":""},"mobile":{"background-color":"","background-image":"","background-repeat":"repeat","background-position":"center center","background-size":"auto","background-attachment":"scroll","background-type":"","background-media":"","overlay-type":"","overlay-color":"","overlay-opacity":"","overlay-gradient":""}},"ast-content-background-meta":{"desktop":{"background-color":"var(--ast-global-color-5)","background-image":"","background-repeat":"repeat","background-position":"center center","background-size":"auto","background-attachment":"scroll","background-type":"","background-media":"","overlay-type":"","overlay-color":"","overlay-opacity":"","overlay-gradient":""},"tablet":{"background-color":"var(--ast-global-color-5)","background-image":"","background-repeat":"repeat","background-position":"center center","background-size":"auto","background-attachment":"scroll","background-type":"","background-media":"","overlay-type":"","overlay-color":"","overlay-opacity":"","overlay-gradient":""},"mobile":{"background-color":"var(--ast-global-color-5)","background-image":"","background-repeat":"repeat","background-position":"center center","background-size":"auto","background-attachment":"scroll","background-type":"","background-media":"","overlay-type":"","overlay-color":"","overlay-opacity":"","overlay-gradient":""}},"_joinchat":[]},"product_cat":[22,837,85,84,836,40,45,47],"product_tag":[496,522],"class_list":{"0":"post-2951","1":"product","2":"type-product","3":"status-publish","4":"has-post-thumbnail","6":"product_cat-destinazioni-yacht","7":"product_cat-noleggio-yacht-formentera","8":"product_cat-noleggio-yacht-ibiza","9":"product_cat-noleggio-yacht-isole-baleari","10":"product_cat-noleggio-yacht-maiorca","11":"product_cat-noleggio-yacht-mediterraneo","12":"product_cat-tipologie-yacht","13":"product_cat-noleggio-yacht-motore","14":"product_tag-15mt-24mt","15":"product_tag-yacht-a-motore","16":"pa_cantieri-pershing","17":"pa_lunghezza-22-mt","18":"desktop-align-left","19":"tablet-align-left","20":"mobile-align-left","22":"first","23":"instock","24":"shipping-taxable","25":"product-type-simple"},"acf":[],"_links":{"self":[{"href":"https:\/\/verdeblu.com\/it\/wp-json\/wp\/v2\/product\/2951","targetHints":{"allow":["GET"]}}],"collection":[{"href":"https:\/\/verdeblu.com\/it\/wp-json\/wp\/v2\/product"}],"about":[{"href":"https:\/\/verdeblu.com\/it\/wp-json\/wp\/v2\/types\/product"}],"wp:featuredmedia":[{"embeddable":true,"href":"https:\/\/verdeblu.com\/it\/wp-json\/wp\/v2\/media\/2952"}],"wp:attachment":[{"href":"https:\/\/verdeblu.com\/it\/wp-json\/wp\/v2\/media?parent=2951"}],"wp:term":[{"taxonomy":"product_cat","embeddable":true,"href":"https:\/\/verdeblu.com\/it\/wp-json\/wp\/v2\/product_cat?post=2951"},{"taxonomy":"product_tag","embeddable":true,"href":"https:\/\/verdeblu.com\/it\/wp-json\/wp\/v2\/product_tag?post=2951"}],"curies":[{"name":"wp","href":"https:\/\/api.w.org\/{rel}","templated":true}]}}