{"id":2974,"date":"2023-12-05T14:50:27","date_gmt":"2023-12-05T13:50:27","guid":{"rendered":"https:\/\/nuovo.verdeblu.com\/?post_type=product&#038;p=2974"},"modified":"2025-04-16T10:03:13","modified_gmt":"2025-04-16T08:03:13","slug":"red-carpet","status":"publish","type":"product","link":"https:\/\/verdeblu.com\/it\/red-carpet\/","title":{"rendered":"Red Carpet"},"content":{"rendered":"<p><strong>Red Carpet <\/strong>\/ Yacht a Vela a Noleggio <\/p>\n<p>Durante la stagione estiva RED CARPET ha base in Sardegna, a Portisco Marina.<br \/>\nQuesto Vismara V71, Red Carpet, \u00e8 stato progettato come una barca da regata vincente dotata di tecnologia all&#8217;avanguardia per soddisfare le aspettative del velista appassionato che vuole trascorrere le sue vacanze in barca a vela su uno yacht performante, veloce, divertente e sportivo ma pur sempre molto confortevole.<br \/>\nRed Carpet \u00e8 costruito in carbonio. Le sue linee d&#8217;acqua eleganti e veloci garantiscono eccellenti caratteristiche idrodinamiche.<\/p>\n<p><strong>Sistemazione Ospiti:<\/strong> Gli interni funzionali e confortevoli hanno dettagli esclusivi che fanno la differenza. Ognuna delle tre cabine Twin con aria condizionata dispone di bagno privato con doccia separata ed \u00e8 accessibile dall&#8217;ampia dinette arredata con divani comodi e da un doppio tavolo da caff\u00e8 e da pranzo.<br \/>\nl&#8217;Equipaggio ha una propria cabina a prua con accesso esterno dal ponte<br \/>\nIl portellone di poppa serve come piattaforma da bagno a mare ed \u00e8 dotato di una scala molto comoda per risalire a bordo e con una doccia calda e fredda.<br \/>\nUn barbecue a gas retrattile a poppa consente agli ospiti di fare ottime grigliate sia in porto che all&#8217;ancora.<\/p>\n<p><strong>Equipaggio<\/strong>: il Capitano Ezio Castelli di Red Carpet,  ha una lunga esperienza su diversi yacht a vela di oltre 60 piedi e sulla navigazione oceanica. Ha svolto la sua formazione presso la Royal Yachting Association nel Regno Unito, l&#8217;associazione di formazione nautica pi\u00f9 conosciuta e apprezzata al mondo.<br \/>\nEzio \u00e8 Istruttore di RYA Cruising ed \u00e8 sempre felice di insegnare i segreti della vela ai suoi ospiti, compresi i pi\u00f9 piccoli. Il suo inglese \u00e8 buono e parla anche spagnolo di base.<br \/>\nColoro a cui \u00e8 capitato di avere Ezio come skipper, lo descrivono come una persona altamente professionale, discreta e riservata quando richiesto.<\/p>\n","protected":false},"excerpt":{"rendered":"<p><span style=\"font-weight: bold;\">Bassa Stagione:<\/span> 14.640 \u20ac\/sett<br \/>\n<span style=\"font-weight: bold;\">Alta Stagione:<\/span> 18.300 \u20ac\/sett<br \/>\n<span style=\"font-weight: bold;\">Lunghezza mt:<\/span> 21.82<br \/>\n<span style=\"font-weight: bold;\">Cabine:<\/span> 3<br \/>\n<span style=\"font-weight: bold;\">Tipo di Yacht:<\/span> Sailing Yacht<br \/>\n<span style=\"font-weight: bold;\">Anno:<\/span> 2017<br \/>\n<span style=\"font-weight: bold;\">Modello:<\/span> V71<br \/>\n<span style=\"font-weight: bold;\">Cantiere:<\/span> Vismara<\/p>\n","protected":false},"featured_media":2975,"template":"","meta":{"site-sidebar-layout":"default","site-content-layout":"","ast-site-content-layout":"default","site-content-style":"default","site-sidebar-style":"default","ast-global-header-display":"","ast-banner-title-visibility":"","ast-main-header-display":"","ast-hfb-above-header-display":"","ast-hfb-below-header-display":"","ast-hfb-mobile-header-display":"","site-post-title":"","ast-breadcrumbs-content":"","ast-featured-img":"","footer-sml-layout":"","theme-transparent-header-meta":"default","adv-header-id-meta":"","stick-header-meta":"default","header-above-stick-meta":"","header-main-stick-meta":"","header-below-stick-meta":"","astra-migrate-meta-layouts":"set","ast-page-background-enabled":"default","ast-page-background-meta":{"desktop":{"background-color":"var(--ast-global-color-4)","background-image":"","background-repeat":"repeat","background-position":"center center","background-size":"auto","background-attachment":"scroll","background-type":"","background-media":"","overlay-type":"","overlay-color":"","overlay-opacity":"","overlay-gradient":""},"tablet":{"background-color":"","background-image":"","background-repeat":"repeat","background-position":"center center","background-size":"auto","background-attachment":"scroll","background-type":"","background-media":"","overlay-type":"","overlay-color":"","overlay-opacity":"","overlay-gradient":""},"mobile":{"background-color":"","background-image":"","background-repeat":"repeat","background-position":"center center","background-size":"auto","background-attachment":"scroll","background-type":"","background-media":"","overlay-type":"","overlay-color":"","overlay-opacity":"","overlay-gradient":""}},"ast-content-background-meta":{"desktop":{"background-color":"var(--ast-global-color-5)","background-image":"","background-repeat":"repeat","background-position":"center center","background-size":"auto","background-attachment":"scroll","background-type":"","background-media":"","overlay-type":"","overlay-color":"","overlay-opacity":"","overlay-gradient":""},"tablet":{"background-color":"var(--ast-global-color-5)","background-image":"","background-repeat":"repeat","background-position":"center center","background-size":"auto","background-attachment":"scroll","background-type":"","background-media":"","overlay-type":"","overlay-color":"","overlay-opacity":"","overlay-gradient":""},"mobile":{"background-color":"var(--ast-global-color-5)","background-image":"","background-repeat":"repeat","background-position":"center center","background-size":"auto","background-attachment":"scroll","background-type":"","background-media":"","overlay-type":"","overlay-color":"","overlay-opacity":"","overlay-gradient":""}},"_joinchat":[]},"product_cat":[775,128,56,127,126,772,92,46],"product_tag":[496,523],"class_list":{"0":"post-2974","1":"product","2":"type-product","3":"status-publish","4":"has-post-thumbnail","6":"product_cat-noleggio-yacht-cagliari","7":"product_cat-noleggio-yacht-costa-smeralda","8":"product_cat-noleggio-yacht-italia","9":"product_cat-noleggio-yacht-la-maddalena","10":"product_cat-noleggio-yacht-olbia","11":"product_cat-noleggio-yacht-porto-cervo","12":"product_cat-noleggio-yacht-sardegna","13":"product_cat-noleggio-yacht-vela","14":"product_tag-15mt-24mt","15":"product_tag-yacht-a-vela","16":"pa_cantieri-vismara","17":"pa_lunghezza-21-mt","18":"desktop-align-left","19":"tablet-align-left","20":"mobile-align-left","22":"first","23":"instock","24":"shipping-taxable","25":"product-type-simple"},"acf":[],"_links":{"self":[{"href":"https:\/\/verdeblu.com\/it\/wp-json\/wp\/v2\/product\/2974","targetHints":{"allow":["GET"]}}],"collection":[{"href":"https:\/\/verdeblu.com\/it\/wp-json\/wp\/v2\/product"}],"about":[{"href":"https:\/\/verdeblu.com\/it\/wp-json\/wp\/v2\/types\/product"}],"wp:featuredmedia":[{"embeddable":true,"href":"https:\/\/verdeblu.com\/it\/wp-json\/wp\/v2\/media\/2975"}],"wp:attachment":[{"href":"https:\/\/verdeblu.com\/it\/wp-json\/wp\/v2\/media?parent=2974"}],"wp:term":[{"taxonomy":"product_cat","embeddable":true,"href":"https:\/\/verdeblu.com\/it\/wp-json\/wp\/v2\/product_cat?post=2974"},{"taxonomy":"product_tag","embeddable":true,"href":"https:\/\/verdeblu.com\/it\/wp-json\/wp\/v2\/product_tag?post=2974"}],"curies":[{"name":"wp","href":"https:\/\/api.w.org\/{rel}","templated":true}]}}