{"id":3037,"date":"2023-12-05T16:34:19","date_gmt":"2023-12-05T15:34:19","guid":{"rendered":"https:\/\/nuovo.verdeblu.com\/?post_type=product&#038;p=3037"},"modified":"2025-04-17T12:14:11","modified_gmt":"2025-04-17T10:14:11","slug":"sunreef-74-ombre-blu","status":"publish","type":"product","link":"https:\/\/verdeblu.com\/it\/sunreef-74-ombre-blu\/","title":{"rendered":"Sunreef 74 Ombre Blu"},"content":{"rendered":"<p><strong>OMBRE BLU 3 <\/strong>\/Catamarano con Equipaggio a Noleggio<\/p>\n<p>OMBRE BLU , catamarano Lagoon 74,  \u00e8 uno yacht ormai molto famoso nel settore del Noleggio di lusso  che offre vacanze indimenticabili per ospiti esigenti e velisti appassionati. <\/p>\n<p>Gli interni sono  quelli di una barca classica e classica  \u00e8 stata l&#8217;ispirazione per questo catamarano a vela Sunreef 74 concepito completamente \u201ccustom\u201d.<br \/>\n<br \/> Il tutto a bordo \u00e8 completato da elementi decorativi in ottone provenienti da navi passeggeri originali del XVII, XVIII e XIX secolo, come vecchie lampade, sgabelli da bar, maniglie delle porte e ringhiere. <\/p>\n<p>Il salone luminoso e spazioso offre agli ospiti ampie viste sul mare durante la navigazione e vasti panorami all&#8217;ancora. <\/p>\n<p>A bordo di OMBRE BLU\u00b3 gli ospiti possono usufruire di diverse aree di intrattenimento e relax al sole o all&#8217;ombra. <\/p>\n<p><strong>Sistemazione ospiti<\/strong>:  Lo yacht pu\u00f2 ospitare fino a 6 persone in 3 cabine doppie ed \u00e8 perfetta per 3 coppie.  Ogni cabina ha un suo tocco speciale.<\/p>\n<p><strong>Equipaggio<\/strong> OMBRE BLU\u00b3 ha un equipaggio di 3 persone, il cui unico desiderio \u00e8 quello di creare una fantastica esperienza a bordo.<br \/>Il Comandante\/Chef  (proveniente da una famiglia di Chef) \u00e8 Francesco CANDIANI, Francesco \u00e8 anche PADI Master Scuba Diver Trainer ed \u00e8 lieto di offrire corsi di immersione a tutti i livelli rilasciando relativa certificazione.<br \/>\n<br \/>La Hostess, sua moglie, Melissa (australiana), \u00e8 totalmente dedicata agli ospiti ed esperta massaggiatrice (a bordo c&#8217;\u00e9 un lettino da massaggi). Melissa oltre ad essere madre lingua inglese parla un ottimo italiano. <\/p>\n","protected":false},"excerpt":{"rendered":"<p><span style=\"font-weight: bold;\">Bassa Stagione:<\/span> 35.000 \u20ac\/sett<br \/>\n<span style=\"font-weight: bold;\">Alta Stagione:<\/span> 35.000 \u20ac\/sett<br \/>\n<span style=\"font-weight: bold;\">Lunghezza mt:<\/span> 20.04<br \/>\n<span style=\"font-weight: bold;\">Cabine:<\/span> 3<br \/>\n<span style=\"font-weight: bold;\">Tipo di Yacht:<\/span> Catamarano<br \/>\n<span style=\"font-weight: bold;\">Anno:<\/span> 2010 &#8211; Refit 2018<br \/>\n<span style=\"font-weight: bold;\">Modello:<\/span> Sunreef 74<br \/>\n<span style=\"font-weight: bold;\">Cantiere:<\/span> Sunreef Yachts<\/p>\n","protected":false},"featured_media":3038,"template":"","meta":{"site-sidebar-layout":"default","site-content-layout":"","ast-site-content-layout":"default","site-content-style":"default","site-sidebar-style":"default","ast-global-header-display":"","ast-banner-title-visibility":"","ast-main-header-display":"","ast-hfb-above-header-display":"","ast-hfb-below-header-display":"","ast-hfb-mobile-header-display":"","site-post-title":"","ast-breadcrumbs-content":"","ast-featured-img":"","footer-sml-layout":"","theme-transparent-header-meta":"default","adv-header-id-meta":"","stick-header-meta":"default","header-above-stick-meta":"","header-main-stick-meta":"","header-below-stick-meta":"","astra-migrate-meta-layouts":"set","ast-page-background-enabled":"default","ast-page-background-meta":{"desktop":{"background-color":"var(--ast-global-color-4)","background-image":"","background-repeat":"repeat","background-position":"center center","background-size":"auto","background-attachment":"scroll","background-type":"","background-media":"","overlay-type":"","overlay-color":"","overlay-opacity":"","overlay-gradient":""},"tablet":{"background-color":"","background-image":"","background-repeat":"repeat","background-position":"center center","background-size":"auto","background-attachment":"scroll","background-type":"","background-media":"","overlay-type":"","overlay-color":"","overlay-opacity":"","overlay-gradient":""},"mobile":{"background-color":"","background-image":"","background-repeat":"repeat","background-position":"center center","background-size":"auto","background-attachment":"scroll","background-type":"","background-media":"","overlay-type":"","overlay-color":"","overlay-opacity":"","overlay-gradient":""}},"ast-content-background-meta":{"desktop":{"background-color":"var(--ast-global-color-5)","background-image":"","background-repeat":"repeat","background-position":"center center","background-size":"auto","background-attachment":"scroll","background-type":"","background-media":"","overlay-type":"","overlay-color":"","overlay-opacity":"","overlay-gradient":""},"tablet":{"background-color":"var(--ast-global-color-5)","background-image":"","background-repeat":"repeat","background-position":"center center","background-size":"auto","background-attachment":"scroll","background-type":"","background-media":"","overlay-type":"","overlay-color":"","overlay-opacity":"","overlay-gradient":""},"mobile":{"background-color":"var(--ast-global-color-5)","background-image":"","background-repeat":"repeat","background-position":"center center","background-size":"auto","background-attachment":"scroll","background-type":"","background-media":"","overlay-type":"","overlay-color":"","overlay-opacity":"","overlay-gradient":""}},"_joinchat":[]},"product_cat":[88,775,48,128,90,114,122,89,127,112,126,108,1017,772,113,92,91,118],"product_tag":[519,496,895,968,882,1102],"class_list":{"0":"post-3037","1":"product","2":"type-product","3":"status-publish","4":"has-post-thumbnail","6":"product_cat-noleggio-yacht-arcipelago-toscano","7":"product_cat-noleggio-yacht-cagliari","8":"product_cat-catamarano-noleggio","9":"product_cat-noleggio-yacht-costa-smeralda","10":"product_cat-noleggio-yacht-costiera-amalfitana","11":"product_cat-noleggio-yacht-ischia","12":"product_cat-noleggio-yacht-isole-eolie","13":"product_cat-noleggio-yacht-isole-pontine","14":"product_cat-noleggio-yacht-la-maddalena","15":"product_cat-noleggio-yacht-napoli","16":"product_cat-noleggio-yacht-olbia","17":"product_cat-noleggio-yacht-palmarola","18":"product_cat-noleggio-yacht-ponza","19":"product_cat-noleggio-yacht-porto-cervo","20":"product_cat-noleggio-yacht-procida","21":"product_cat-noleggio-yacht-sardegna","22":"product_cat-noleggio-yacht-sicilia","23":"product_cat-noleggio-yacht-sorrento","24":"product_tag-catamarano","25":"product_tag-15mt-24mt","26":"product_tag-isole-eolie","27":"product_tag-sardinia","28":"product_tag-sicilia","29":"product_tag-yacht-con-equipaggio","30":"pa_cantieri-sunreef-yachts","31":"pa_lunghezza-20-mt","32":"desktop-align-left","33":"tablet-align-left","34":"mobile-align-left","36":"first","37":"instock","38":"shipping-taxable","39":"product-type-simple"},"acf":[],"_links":{"self":[{"href":"https:\/\/verdeblu.com\/it\/wp-json\/wp\/v2\/product\/3037","targetHints":{"allow":["GET"]}}],"collection":[{"href":"https:\/\/verdeblu.com\/it\/wp-json\/wp\/v2\/product"}],"about":[{"href":"https:\/\/verdeblu.com\/it\/wp-json\/wp\/v2\/types\/product"}],"wp:featuredmedia":[{"embeddable":true,"href":"https:\/\/verdeblu.com\/it\/wp-json\/wp\/v2\/media\/3038"}],"wp:attachment":[{"href":"https:\/\/verdeblu.com\/it\/wp-json\/wp\/v2\/media?parent=3037"}],"wp:term":[{"taxonomy":"product_cat","embeddable":true,"href":"https:\/\/verdeblu.com\/it\/wp-json\/wp\/v2\/product_cat?post=3037"},{"taxonomy":"product_tag","embeddable":true,"href":"https:\/\/verdeblu.com\/it\/wp-json\/wp\/v2\/product_tag?post=3037"}],"curies":[{"name":"wp","href":"https:\/\/api.w.org\/{rel}","templated":true}]}}