{"id":3083,"date":"2023-12-05T17:02:46","date_gmt":"2023-12-05T16:02:46","guid":{"rendered":"https:\/\/nuovo.verdeblu.com\/?post_type=product&#038;p=3083"},"modified":"2025-04-17T12:13:42","modified_gmt":"2025-04-17T10:13:42","slug":"lagoon-62-kaskazi-four","status":"publish","type":"product","link":"https:\/\/verdeblu.com\/it\/lagoon-62-kaskazi-four\/","title":{"rendered":"Lagoon 62 Kaskazi Four"},"content":{"rendered":"<p><strong>Kaskazi Four \/ Catamarano a Noleggio<\/strong><\/p>\n<p>Kaskazi  Four \u00e9 un Catamarano Lagoon 62 che fa base alle Isole Eolie a Stromboli e Milazzo. La sua area di navigazione preferita \u00e9 quindi quella delle Eolie, la Sicilia, Napoli, la Costiera Amalfitana e le Isole Pontine.<br \/>\nIn caso di imbarco in Sardegna o Corsica si richiede un charter di un minimo di 10 giorni pi\u00f9 pagamento di spese di trasferimento.<\/p>\n<p>Kaskazi Four \u00e8 stato varato nel maggio del 2016 ed ha avuto un general refit nel 2023. . Rispetto a yacht simili, \u00e8 molto innovativo: lo scafo \u00e9 verniciato antracite metallizzato, interni con quattro cabine ospiti doppie, ognuna con bagno privato e doccia, cucina al piano inferiore che permette di avere un enorme salone al piano superiore. Le due cabine nello scafo di dritta possono anche essere trasformate in una suite unica.<\/p>\n<p><strong>Sistemazione Ospiti<\/strong>:\u00a0 Kaskazi IV \u00e9 ora offerto con nuovi ambienti creati da Nauta per i &#8220;grandi&#8221; Lagoon. Interni che incorporano elegantemente finiture in legno, tappezzerie, rivestimenti e ogni cabina \u00e8 dotata di bagni con docce separate, ampio spazio di guardaroba e stivaggio.<\/p>\n<p><strong>Equipaggio<\/strong>: Kaskazi IV \u00e8 gestita dal Capitano Francesco Rinauro e dal suo equipaggio che conoscono approfonditamente e meglio di chiunque altro la zona di navigazione estiva preferita dove vivono e operano da sempre: la costa sud occidentale dell&#8217;Italia, la Sicilia, le Isole Eolie, l&#8217;arcipelago di Ponza, Capri, Ischia, Procida.<\/p>\n","protected":false},"excerpt":{"rendered":"<p><span style=\"font-weight: bold;\">Bassa Stagione:<\/span> 26.000 \u20ac\/sett<br \/>\n<span style=\"font-weight: bold;\">Alta Stagione:<\/span> 30.000 \u20ac\/sett<br \/>\n<span style=\"font-weight: bold;\">Lunghezza mt:<\/span> 18.9<br \/>\n<span style=\"font-weight: bold;\">Cabine:<\/span> 4<br \/>\n<span style=\"font-weight: bold;\">Tipo di Yacht:<\/span> Catamarano<br \/>\n<span style=\"font-weight: bold;\">Anno:<\/span> 2016 &#8211; Refit: 2023<br \/>\n<span style=\"font-weight: bold;\">Modello:<\/span> Lagoon 62<br \/>\n<span style=\"font-weight: bold;\">Cantiere:<\/span> Lagoon<\/p>\n","protected":false},"featured_media":3084,"template":"","meta":{"site-sidebar-layout":"default","site-content-layout":"","ast-site-content-layout":"default","site-content-style":"default","site-sidebar-style":"default","ast-global-header-display":"","ast-banner-title-visibility":"","ast-main-header-display":"","ast-hfb-above-header-display":"","ast-hfb-below-header-display":"","ast-hfb-mobile-header-display":"","site-post-title":"","ast-breadcrumbs-content":"","ast-featured-img":"","footer-sml-layout":"","theme-transparent-header-meta":"default","adv-header-id-meta":"","stick-header-meta":"default","header-above-stick-meta":"","header-main-stick-meta":"","header-below-stick-meta":"","astra-migrate-meta-layouts":"set","ast-page-background-enabled":"default","ast-page-background-meta":{"desktop":{"background-color":"var(--ast-global-color-4)","background-image":"","background-repeat":"repeat","background-position":"center center","background-size":"auto","background-attachment":"scroll","background-type":"","background-media":"","overlay-type":"","overlay-color":"","overlay-opacity":"","overlay-gradient":""},"tablet":{"background-color":"","background-image":"","background-repeat":"repeat","background-position":"center center","background-size":"auto","background-attachment":"scroll","background-type":"","background-media":"","overlay-type":"","overlay-color":"","overlay-opacity":"","overlay-gradient":""},"mobile":{"background-color":"","background-image":"","background-repeat":"repeat","background-position":"center center","background-size":"auto","background-attachment":"scroll","background-type":"","background-media":"","overlay-type":"","overlay-color":"","overlay-opacity":"","overlay-gradient":""}},"ast-content-background-meta":{"desktop":{"background-color":"var(--ast-global-color-5)","background-image":"","background-repeat":"repeat","background-position":"center center","background-size":"auto","background-attachment":"scroll","background-type":"","background-media":"","overlay-type":"","overlay-color":"","overlay-opacity":"","overlay-gradient":""},"tablet":{"background-color":"var(--ast-global-color-5)","background-image":"","background-repeat":"repeat","background-position":"center center","background-size":"auto","background-attachment":"scroll","background-type":"","background-media":"","overlay-type":"","overlay-color":"","overlay-opacity":"","overlay-gradient":""},"mobile":{"background-color":"var(--ast-global-color-5)","background-image":"","background-repeat":"repeat","background-position":"center center","background-size":"auto","background-attachment":"scroll","background-type":"","background-media":"","overlay-type":"","overlay-color":"","overlay-opacity":"","overlay-gradient":""}},"_joinchat":[]},"product_cat":[48,90,22,114,1129,122,89,56,40,108,123,113,91,118,124],"product_tag":[519,496],"class_list":{"0":"post-3083","1":"product","2":"type-product","3":"status-publish","4":"has-post-thumbnail","6":"product_cat-catamarano-noleggio","7":"product_cat-noleggio-yacht-costiera-amalfitana","8":"product_cat-destinazioni-yacht","9":"product_cat-noleggio-yacht-ischia","10":"product_cat-noleggio-yacht-isole-egadi","11":"product_cat-noleggio-yacht-isole-eolie","12":"product_cat-noleggio-yacht-isole-pontine","13":"product_cat-noleggio-yacht-italia","14":"product_cat-noleggio-yacht-mediterraneo","15":"product_cat-noleggio-yacht-palmarola","16":"product_cat-noleggio-yacht-pantelleria","17":"product_cat-noleggio-yacht-procida","18":"product_cat-noleggio-yacht-sicilia","19":"product_cat-noleggio-yacht-sorrento","20":"product_cat-noleggio-yacht-ustica","21":"product_tag-catamarano","22":"product_tag-15mt-24mt","23":"pa_cantieri-lagoon","24":"pa_lunghezza-32","25":"desktop-align-left","26":"tablet-align-left","27":"mobile-align-left","29":"first","30":"instock","31":"shipping-taxable","32":"product-type-simple"},"acf":[],"_links":{"self":[{"href":"https:\/\/verdeblu.com\/it\/wp-json\/wp\/v2\/product\/3083","targetHints":{"allow":["GET"]}}],"collection":[{"href":"https:\/\/verdeblu.com\/it\/wp-json\/wp\/v2\/product"}],"about":[{"href":"https:\/\/verdeblu.com\/it\/wp-json\/wp\/v2\/types\/product"}],"wp:featuredmedia":[{"embeddable":true,"href":"https:\/\/verdeblu.com\/it\/wp-json\/wp\/v2\/media\/3084"}],"wp:attachment":[{"href":"https:\/\/verdeblu.com\/it\/wp-json\/wp\/v2\/media?parent=3083"}],"wp:term":[{"taxonomy":"product_cat","embeddable":true,"href":"https:\/\/verdeblu.com\/it\/wp-json\/wp\/v2\/product_cat?post=3083"},{"taxonomy":"product_tag","embeddable":true,"href":"https:\/\/verdeblu.com\/it\/wp-json\/wp\/v2\/product_tag?post=3083"}],"curies":[{"name":"wp","href":"https:\/\/api.w.org\/{rel}","templated":true}]}}