{"id":3109,"date":"2023-12-05T17:32:45","date_gmt":"2023-12-05T16:32:45","guid":{"rendered":"https:\/\/nuovo.verdeblu.com\/?post_type=product&#038;p=3109"},"modified":"2025-04-17T12:12:47","modified_gmt":"2025-04-17T10:12:47","slug":"lagoon-62-soleanis-ii","status":"publish","type":"product","link":"https:\/\/verdeblu.com\/it\/lagoon-62-soleanis-ii\/","title":{"rendered":"Lagoon 62 Soleanis II"},"content":{"rendered":"<p><strong>SOLEANIS II  \/ Catamarano con Equipaggio a Noleggio<\/strong>, Lagoon Esense 62.<\/p>\n<p>Uno dei pi\u00f9 bei Catamarani a Vela naviganti in Italia con un allestimento a 5 Stelle dedicato al Noleggio di Lusso con Equipaggio con Base a Salerno.<br \/>\nLa barca \u00e9 spazioso ed elegante ed interamente costruito con alta tecnologia.<\/p>\n<p>il Lagoon 620 Essense Soleanis II vi far\u00e0 sentire a casa mentre scoprirete le bellezze del Mar Mediterraneo. La barca ha un salone con tutti i comfort ed ampi spazi esterni. Sul ponte superiore comodi prendisole e divani per relax e &#8220;tintarella&#8221;. A bordo di Soleanis II potrete svegliarti la mattina e tuffarvi direttamente in mare dalla sua ampia piattaforma di poppa.<\/p>\n<p><strong>Sistemazione ospiti<\/strong> Soleanis ha 4 comode cabine doppie con bagno. Pu\u00f2 ospitare da 8 a 10 persone. Per tutti gli ospiti in omaggio Acqua di Parma courtesy kit.<\/p>\n<p><strong>Crew<\/strong>: L&#8217;Equipaggio di Soleanis II \u00e9 composto di 4 membri: il Comandante, lo Chef, 1 Hostess e 1 deck-hand.<\/p>\n<p><strong>A proposito della cucina<\/strong>. Grande attenzione viene data a bordo di Soleanis II alla scoperta dei sapori dell&#8217; antica tradizionale cucina Mediterranea ed in particolare a quella della Campania e della Sicilia. Un&#8217;esperienza unica ed esclusiva, un viaggio nella storia delle nostre tradizioni italiane che render\u00e0 la vostra vacanza ancora pi\u00f9 memorabile e che vi permetter\u00e0 di vivere un affascinante avventura culinaria a bordo.<\/p>\n","protected":false},"excerpt":{"rendered":"<p><span style=\"font-weight: bold;\">Bassa Stagione: <\/span>21.000\u20ac\/sett<br \/>\n<span style=\"font-weight: bold;\">Alta Stagione:<\/span> 27.000 \u20ac\/sett<br \/>\n<span style=\"font-weight: bold;\">Lunghezza mt:<\/span> 18.9<br \/>\n<span style=\"font-weight: bold;\">Cabine:<\/span> 5<br \/>\n<span style=\"font-weight: bold;\">Tipo di Yacht:<\/span> Catamarano a Vela<br \/>\n<span style=\"font-weight: bold;\">Anno:<\/span> 2017<br \/>\n<span style=\"font-weight: bold;\">Modello:<\/span> Lagoon 62 Essense<br \/>\n<span style=\"font-weight: bold;\">Cantiere:<\/span> Lagoon<\/p>\n","protected":false},"featured_media":3110,"template":"","meta":{"site-sidebar-layout":"default","site-content-layout":"","ast-site-content-layout":"default","site-content-style":"default","site-sidebar-style":"default","ast-global-header-display":"","ast-banner-title-visibility":"","ast-main-header-display":"","ast-hfb-above-header-display":"","ast-hfb-below-header-display":"","ast-hfb-mobile-header-display":"","site-post-title":"","ast-breadcrumbs-content":"","ast-featured-img":"","footer-sml-layout":"","theme-transparent-header-meta":"default","adv-header-id-meta":"","stick-header-meta":"default","header-above-stick-meta":"","header-main-stick-meta":"","header-below-stick-meta":"","astra-migrate-meta-layouts":"set","ast-page-background-enabled":"default","ast-page-background-meta":{"desktop":{"background-color":"var(--ast-global-color-4)","background-image":"","background-repeat":"repeat","background-position":"center center","background-size":"auto","background-attachment":"scroll","background-type":"","background-media":"","overlay-type":"","overlay-color":"","overlay-opacity":"","overlay-gradient":""},"tablet":{"background-color":"","background-image":"","background-repeat":"repeat","background-position":"center center","background-size":"auto","background-attachment":"scroll","background-type":"","background-media":"","overlay-type":"","overlay-color":"","overlay-opacity":"","overlay-gradient":""},"mobile":{"background-color":"","background-image":"","background-repeat":"repeat","background-position":"center center","background-size":"auto","background-attachment":"scroll","background-type":"","background-media":"","overlay-type":"","overlay-color":"","overlay-opacity":"","overlay-gradient":""}},"ast-content-background-meta":{"desktop":{"background-color":"var(--ast-global-color-5)","background-image":"","background-repeat":"repeat","background-position":"center center","background-size":"auto","background-attachment":"scroll","background-type":"","background-media":"","overlay-type":"","overlay-color":"","overlay-opacity":"","overlay-gradient":""},"tablet":{"background-color":"var(--ast-global-color-5)","background-image":"","background-repeat":"repeat","background-position":"center center","background-size":"auto","background-attachment":"scroll","background-type":"","background-media":"","overlay-type":"","overlay-color":"","overlay-opacity":"","overlay-gradient":""},"mobile":{"background-color":"var(--ast-global-color-5)","background-image":"","background-repeat":"repeat","background-position":"center center","background-size":"auto","background-attachment":"scroll","background-type":"","background-media":"","overlay-type":"","overlay-color":"","overlay-opacity":"","overlay-gradient":""}},"_joinchat":[]},"product_cat":[1123,48,128,90,114,122,89,56,40,112,126,108,123,1017,772,1124,113,92,91,118,124,110],"product_tag":[519,496,1074,895,937],"class_list":{"0":"post-3109","1":"product","2":"type-product","3":"status-publish","4":"has-post-thumbnail","6":"product_cat-noleggio-yacht-capri","7":"product_cat-catamarano-noleggio","8":"product_cat-noleggio-yacht-costa-smeralda","9":"product_cat-noleggio-yacht-costiera-amalfitana","10":"product_cat-noleggio-yacht-ischia","11":"product_cat-noleggio-yacht-isole-eolie","12":"product_cat-noleggio-yacht-isole-pontine","13":"product_cat-noleggio-yacht-italia","14":"product_cat-noleggio-yacht-mediterraneo","15":"product_cat-noleggio-yacht-napoli","16":"product_cat-noleggio-yacht-olbia","17":"product_cat-noleggio-yacht-palmarola","18":"product_cat-noleggio-yacht-pantelleria","19":"product_cat-noleggio-yacht-ponza","20":"product_cat-noleggio-yacht-porto-cervo","21":"product_cat-noleggio-yacht-positano","22":"product_cat-noleggio-yacht-procida","23":"product_cat-noleggio-yacht-sardegna","24":"product_cat-noleggio-yacht-sicilia","25":"product_cat-noleggio-yacht-sorrento","26":"product_cat-noleggio-yacht-ustica","27":"product_cat-noleggio-yacht-ventotene","28":"product_tag-catamarano","29":"product_tag-15mt-24mt","30":"product_tag-isole-egadi","31":"product_tag-isole-eolie","32":"product_tag-lagoon","33":"pa_cantieri-lagoon","34":"pa_lunghezza-32","35":"desktop-align-left","36":"tablet-align-left","37":"mobile-align-left","39":"first","40":"instock","41":"shipping-taxable","42":"product-type-simple"},"acf":[],"_links":{"self":[{"href":"https:\/\/verdeblu.com\/it\/wp-json\/wp\/v2\/product\/3109","targetHints":{"allow":["GET"]}}],"collection":[{"href":"https:\/\/verdeblu.com\/it\/wp-json\/wp\/v2\/product"}],"about":[{"href":"https:\/\/verdeblu.com\/it\/wp-json\/wp\/v2\/types\/product"}],"wp:featuredmedia":[{"embeddable":true,"href":"https:\/\/verdeblu.com\/it\/wp-json\/wp\/v2\/media\/3110"}],"wp:attachment":[{"href":"https:\/\/verdeblu.com\/it\/wp-json\/wp\/v2\/media?parent=3109"}],"wp:term":[{"taxonomy":"product_cat","embeddable":true,"href":"https:\/\/verdeblu.com\/it\/wp-json\/wp\/v2\/product_cat?post=3109"},{"taxonomy":"product_tag","embeddable":true,"href":"https:\/\/verdeblu.com\/it\/wp-json\/wp\/v2\/product_tag?post=3109"}],"curies":[{"name":"wp","href":"https:\/\/api.w.org\/{rel}","templated":true}]}}