{"id":3127,"date":"2023-12-05T17:37:22","date_gmt":"2023-12-05T16:37:22","guid":{"rendered":"https:\/\/nuovo.verdeblu.com\/?post_type=product&#038;p=3127"},"modified":"2025-04-17T12:12:20","modified_gmt":"2025-04-17T10:12:20","slug":"lagoon-62-nova","status":"publish","type":"product","link":"https:\/\/verdeblu.com\/it\/lagoon-62-nova\/","title":{"rendered":"Lagoon 62 Nova"},"content":{"rendered":"<p><strong>NOVA\/ Catamarano a Noleggio<\/strong><\/p>\n<p>Nova \u00e8 un catamarano Lagoon 620 disponibile per charter  \u200b\u200bcon equipaggio in tutta la Grecia. Costruito nel 2010\/2011 presso il cantiere navale CNB, una divisione del Groupe B\u00e9n\u00e9teau e rinnovato nel 2020, Nova \u00e8 l&#8217;ammiraglia della gamma di catamarani da crociera Lagoon progettati dagli architetti Marc Van Peteghem e Vincent Lauriot Prevost.<br \/>\nUn catamarano dal design impeccabile con opere d&#8217;arte originali di artisti famosi che decorano i suoi interni e uno chef pluripremiato che prepara i pasti. <\/p>\n<p><strong>Sistemazine ospiti<\/strong>: Nova pu\u00f2 ospitare comodamente fino a 8 passeggeri nelle sue 4 cabine e la comodit\u00e0 dei catamarani. <\/p>\n<p><strong>Equipaggio:<\/strong> Il Capitano greco Costas Chiotis, il suo bravo ed esperto Chef Sotiris Bebedelis e il resto dell&#8217;equipaggio  sono sempre pronti ad offrire un&#8217;indimenticabile esperienza di navigazione in Grecia e le sue affascinanti isole,<\/p>\n","protected":false},"excerpt":{"rendered":"<p><span style=\"font-weight: bold;\">Bassa Stagione:<\/span>\u20ac 19.600\/sett + IVA 12% \u20ac\/sett<br \/>\n<span style=\"font-weight: bold;\">Alta Stagione:<\/span> \u20ac 27.300\/sett + IVA 12% \u20ac\/sett<br \/>\n<span style=\"font-weight: bold;\">Lunghezza mt:<\/span> 18.9<br \/>\n<span style=\"font-weight: bold;\">Cabine:<\/span> 4<br \/>\n<span style=\"font-weight: bold;\">Tipo di Yacht:<\/span> Catamarano<br \/>\n<span style=\"font-weight: bold;\">Anno:<\/span> 2011 &#8211; Refit 2020<br \/>\n<span style=\"font-weight: bold;\">Modello: <\/span> Lagoon 62<br \/>\n<span style=\"font-weight: bold;\">Cantiere:<\/span> Lagoon<\/p>\n","protected":false},"featured_media":3129,"template":"","meta":{"site-sidebar-layout":"default","site-content-layout":"","ast-site-content-layout":"default","site-content-style":"default","site-sidebar-style":"default","ast-global-header-display":"","ast-banner-title-visibility":"","ast-main-header-display":"","ast-hfb-above-header-display":"","ast-hfb-below-header-display":"","ast-hfb-mobile-header-display":"","site-post-title":"","ast-breadcrumbs-content":"","ast-featured-img":"","footer-sml-layout":"","theme-transparent-header-meta":"default","adv-header-id-meta":"","stick-header-meta":"default","header-above-stick-meta":"","header-main-stick-meta":"","header-below-stick-meta":"","astra-migrate-meta-layouts":"set","ast-page-background-enabled":"default","ast-page-background-meta":{"desktop":{"background-color":"var(--ast-global-color-4)","background-image":"","background-repeat":"repeat","background-position":"center center","background-size":"auto","background-attachment":"scroll","background-type":"","background-media":"","overlay-type":"","overlay-color":"","overlay-opacity":"","overlay-gradient":""},"tablet":{"background-color":"","background-image":"","background-repeat":"repeat","background-position":"center center","background-size":"auto","background-attachment":"scroll","background-type":"","background-media":"","overlay-type":"","overlay-color":"","overlay-opacity":"","overlay-gradient":""},"mobile":{"background-color":"","background-image":"","background-repeat":"repeat","background-position":"center center","background-size":"auto","background-attachment":"scroll","background-type":"","background-media":"","overlay-type":"","overlay-color":"","overlay-opacity":"","overlay-gradient":""}},"ast-content-background-meta":{"desktop":{"background-color":"var(--ast-global-color-5)","background-image":"","background-repeat":"repeat","background-position":"center center","background-size":"auto","background-attachment":"scroll","background-type":"","background-media":"","overlay-type":"","overlay-color":"","overlay-opacity":"","overlay-gradient":""},"tablet":{"background-color":"var(--ast-global-color-5)","background-image":"","background-repeat":"repeat","background-position":"center center","background-size":"auto","background-attachment":"scroll","background-type":"","background-media":"","overlay-type":"","overlay-color":"","overlay-opacity":"","overlay-gradient":""},"mobile":{"background-color":"var(--ast-global-color-5)","background-image":"","background-repeat":"repeat","background-position":"center center","background-size":"auto","background-attachment":"scroll","background-type":"","background-media":"","overlay-type":"","overlay-color":"","overlay-opacity":"","overlay-gradient":""}},"_joinchat":[]},"product_cat":[1032,48,1008,22,61,787,789,40,45],"product_tag":[519,496],"class_list":{"0":"post-3127","1":"product","2":"type-product","3":"status-publish","4":"has-post-thumbnail","6":"product_cat-noleggio-yacht-atene","7":"product_cat-catamarano-noleggio","8":"product_cat-corfu-grecia-ionica","9":"product_cat-destinazioni-yacht","10":"product_cat-noleggio-yacht-grecia","11":"product_cat-grecia-ionica","12":"product_cat-noleggio-yacht-isole-cicladi","13":"product_cat-noleggio-yacht-mediterraneo","14":"product_cat-tipologie-yacht","15":"product_tag-catamarano","16":"product_tag-15mt-24mt","17":"pa_cantieri-lagoon","18":"pa_lunghezza-32","19":"desktop-align-left","20":"tablet-align-left","21":"mobile-align-left","23":"first","24":"instock","25":"shipping-taxable","26":"product-type-simple"},"acf":[],"_links":{"self":[{"href":"https:\/\/verdeblu.com\/it\/wp-json\/wp\/v2\/product\/3127","targetHints":{"allow":["GET"]}}],"collection":[{"href":"https:\/\/verdeblu.com\/it\/wp-json\/wp\/v2\/product"}],"about":[{"href":"https:\/\/verdeblu.com\/it\/wp-json\/wp\/v2\/types\/product"}],"wp:featuredmedia":[{"embeddable":true,"href":"https:\/\/verdeblu.com\/it\/wp-json\/wp\/v2\/media\/3129"}],"wp:attachment":[{"href":"https:\/\/verdeblu.com\/it\/wp-json\/wp\/v2\/media?parent=3127"}],"wp:term":[{"taxonomy":"product_cat","embeddable":true,"href":"https:\/\/verdeblu.com\/it\/wp-json\/wp\/v2\/product_cat?post=3127"},{"taxonomy":"product_tag","embeddable":true,"href":"https:\/\/verdeblu.com\/it\/wp-json\/wp\/v2\/product_tag?post=3127"}],"curies":[{"name":"wp","href":"https:\/\/api.w.org\/{rel}","templated":true}]}}