{"id":3168,"date":"2023-12-05T18:57:58","date_gmt":"2023-12-05T17:57:58","guid":{"rendered":"https:\/\/nuovo.verdeblu.com\/?post_type=product&#038;p=3168"},"modified":"2025-04-17T12:11:10","modified_gmt":"2025-04-17T10:11:10","slug":"lagoon-62-shida","status":"publish","type":"product","link":"https:\/\/verdeblu.com\/it\/lagoon-62-shida\/","title":{"rendered":"Lagoon 62 Shida"},"content":{"rendered":"<p><strong>SHIDA <\/strong>\/ Catamarano a Noleggio<\/p>\n<p>SHIDA \u00e9 un bel Lagoon 62 del 2010 con 4 cabine progettato da Van Peteghem Lauriot per il rinomatissimo cantiere francese, famoso per i suoi catamarani. SHIDA \u00e8 arredato in modo impeccabile e lussuoso , sia negli interni che negli esterni.<br \/>\nLo yacht, molto popolare per il Noleggio di Lusso con equipaggio, \u00e9 sempre stato estremamente ben manutenuto dal suo armatore e ad oggi \u00e9 uno dei catamarani Lagoon pi\u00f9 interessanti tra quelli che navigano tra Isole Pontine, il Sud Tirreno e la Sicilia.<\/p>\n<p><strong>Sistemazione ospiti<\/strong>: SHIDA ha 3 cabine  per accomodare 6 ospiti di cui una armatoriale con divanetto e uscita in pozzetto; un altra grande cabina a centro barca e 1 cabina twin  a prua. Tutte con bagno privato, TV con Sky decoder, stereo e digitale satellitare. Aria condizionata in tutti gli ambienti.<\/p>\n<p><strong>Equipaggio<\/strong>: Comandante + 2 altri membri. Il Comandante, Fernando MELLINO, originario di Nerano (nel cuore della Costiera Amalfitana, localit\u00e0 conosciuta anche per i suoi &#8220;spaghetti con zucchine alla Nerano&#8221; ) \u00e9 molto famoso per la sua conoscenza dell&#8217;area di navigazione, la sua professionalit\u00e0, la grande simpatia e le sue ottime capacit\u00e0 culinarie !<br \/>\nUna tra le tante testimonianze degli entusiasti clienti : &#8221; The crew made our experience such a fabulous memory and one we will always remember. Their hospitality was superb and their service was so heartfelt, that we felt we were royalty. The comandante was an excellent chef, and his crew was also excellent!&#8221;<\/p>\n","protected":false},"excerpt":{"rendered":"<p><span style=\"font-weight: bold;\">Bassa Stagione:<\/span> 21.000 \u20ac\/sett<br \/>\n<span style=\"font-weight: bold;\">Alta Stagione:<\/span> 22.500 \u20ac\/sett<br \/>\n<span style=\"font-weight: bold;\">Lunghezza mt:<\/span> 18.9<br \/>\n<span style=\"font-weight: bold;\">Cabine:<\/span> 3<br \/>\n<span style=\"font-weight: bold;\">Tipo di Yacht:<\/span> Catamarano<br \/>\n<span style=\"font-weight: bold;\">Anno:<\/span> 2010<br \/>\n<span style=\"font-weight: bold;\">Modello:<\/span> 62<br \/>\n<span style=\"font-weight: bold;\">Cantiere:<\/span> Lagoon<\/p>\n","protected":false},"featured_media":3169,"template":"","meta":{"site-sidebar-layout":"default","site-content-layout":"","ast-site-content-layout":"default","site-content-style":"default","site-sidebar-style":"default","ast-global-header-display":"","ast-banner-title-visibility":"","ast-main-header-display":"","ast-hfb-above-header-display":"","ast-hfb-below-header-display":"","ast-hfb-mobile-header-display":"","site-post-title":"","ast-breadcrumbs-content":"","ast-featured-img":"","footer-sml-layout":"","theme-transparent-header-meta":"default","adv-header-id-meta":"","stick-header-meta":"default","header-above-stick-meta":"","header-main-stick-meta":"","header-below-stick-meta":"","astra-migrate-meta-layouts":"set","ast-page-background-enabled":"default","ast-page-background-meta":{"desktop":{"background-color":"var(--ast-global-color-4)","background-image":"","background-repeat":"repeat","background-position":"center center","background-size":"auto","background-attachment":"scroll","background-type":"","background-media":"","overlay-type":"","overlay-color":"","overlay-opacity":"","overlay-gradient":""},"tablet":{"background-color":"","background-image":"","background-repeat":"repeat","background-position":"center center","background-size":"auto","background-attachment":"scroll","background-type":"","background-media":"","overlay-type":"","overlay-color":"","overlay-opacity":"","overlay-gradient":""},"mobile":{"background-color":"","background-image":"","background-repeat":"repeat","background-position":"center center","background-size":"auto","background-attachment":"scroll","background-type":"","background-media":"","overlay-type":"","overlay-color":"","overlay-opacity":"","overlay-gradient":""}},"ast-content-background-meta":{"desktop":{"background-color":"var(--ast-global-color-5)","background-image":"","background-repeat":"repeat","background-position":"center center","background-size":"auto","background-attachment":"scroll","background-type":"","background-media":"","overlay-type":"","overlay-color":"","overlay-opacity":"","overlay-gradient":""},"tablet":{"background-color":"var(--ast-global-color-5)","background-image":"","background-repeat":"repeat","background-position":"center center","background-size":"auto","background-attachment":"scroll","background-type":"","background-media":"","overlay-type":"","overlay-color":"","overlay-opacity":"","overlay-gradient":""},"mobile":{"background-color":"var(--ast-global-color-5)","background-image":"","background-repeat":"repeat","background-position":"center center","background-size":"auto","background-attachment":"scroll","background-type":"","background-media":"","overlay-type":"","overlay-color":"","overlay-opacity":"","overlay-gradient":""}},"_joinchat":[]},"product_cat":[48,90,22,89,56],"product_tag":[519,496],"class_list":{"0":"post-3168","1":"product","2":"type-product","3":"status-publish","4":"has-post-thumbnail","6":"product_cat-catamarano-noleggio","7":"product_cat-noleggio-yacht-costiera-amalfitana","8":"product_cat-destinazioni-yacht","9":"product_cat-noleggio-yacht-isole-pontine","10":"product_cat-noleggio-yacht-italia","11":"product_tag-catamarano","12":"product_tag-15mt-24mt","13":"pa_cantieri-lagoon","14":"pa_lunghezza-32","15":"desktop-align-left","16":"tablet-align-left","17":"mobile-align-left","19":"first","20":"instock","21":"shipping-taxable","22":"product-type-simple"},"acf":[],"_links":{"self":[{"href":"https:\/\/verdeblu.com\/it\/wp-json\/wp\/v2\/product\/3168","targetHints":{"allow":["GET"]}}],"collection":[{"href":"https:\/\/verdeblu.com\/it\/wp-json\/wp\/v2\/product"}],"about":[{"href":"https:\/\/verdeblu.com\/it\/wp-json\/wp\/v2\/types\/product"}],"wp:featuredmedia":[{"embeddable":true,"href":"https:\/\/verdeblu.com\/it\/wp-json\/wp\/v2\/media\/3169"}],"wp:attachment":[{"href":"https:\/\/verdeblu.com\/it\/wp-json\/wp\/v2\/media?parent=3168"}],"wp:term":[{"taxonomy":"product_cat","embeddable":true,"href":"https:\/\/verdeblu.com\/it\/wp-json\/wp\/v2\/product_cat?post=3168"},{"taxonomy":"product_tag","embeddable":true,"href":"https:\/\/verdeblu.com\/it\/wp-json\/wp\/v2\/product_tag?post=3168"}],"curies":[{"name":"wp","href":"https:\/\/api.w.org\/{rel}","templated":true}]}}