{"id":3194,"date":"2023-12-05T19:09:41","date_gmt":"2023-12-05T18:09:41","guid":{"rendered":"https:\/\/nuovo.verdeblu.com\/?post_type=product&#038;p=3194"},"modified":"2025-04-17T12:10:46","modified_gmt":"2025-04-17T10:10:46","slug":"astoria","status":"publish","type":"product","link":"https:\/\/verdeblu.com\/it\/astoria\/","title":{"rendered":"Astoria"},"content":{"rendered":"<p><strong>ASTORIA \/ Catamarano a Noleggio<\/strong><\/p>\n<p>Catamarano costuito da Fountaine Pajot del 2021 . Uno yacht con un flybridge dalle dimensioni mozzafiato&#8230; il pi\u00f9 grande della sua categoria! Lo yacht raggiunge la perfetta combinazione di spazio e intimit\u00e0, il Catamarano ASTORIA Vi incanter\u00e0 e ispirer\u00e0 esperienze di navigazione che riuniscono amici o famiglia per momenti indimenticabili.<\/p>\n<p>Il Catmarano ASTORIA \u00e8 stato attentamente progettato per creare spazi che soddisfino l&#8217;incontro sociale pi\u00f9 vivace fino ai momenti di solitudine pi\u00f9 rilassanti.<\/p>\n<p>Il suo ampio pozzetto da 27,5 m2, il suo ponte di prua con postazioni prendisole modulari, il suo flybridge da 30 m2 e le sue generose cabine offrono tutte l&#8217;opportunit\u00e0 di impegnarsi o riflettere in ambienti dinamici o pi\u00f9 tranquilli. Astoria, Ispirando la socialit\u00e0 con le sue zone giorno generose e raffinate, con la disposizione della cucina, il suo ampio salone principale con accesso sia al ponte di prua che a quello di poppa \u00e8 uno yacht perfetto per vacanze ad ogni livello.<br \/>\nASTORIA incarna lo stile di vita francese che celebra la filosofia del &#8220;carpe diem&#8221;.<\/p>\n<p><strong>Sistemazione ospiti<\/strong>: Astoria ospita fino a 10 persone in 5 cabine di cui una grande cabina armatoriale, quattro con letto matrimoniale tutte con bagno privato. <\/p>\n<p><strong>Equipaggio<\/strong> l&#8217;Equipaggio \u00e9 composto dal Comandante Dimitar Stoyanov (bulgaro) e da altri 2 membri. Captain Dimitri \u00e8 un appassionato amante del mare e sempre felice di accogliere gli ospiti a bordo di Astoria e offrire un&#8217;esperienza charter eccezionale nelle splendide isole greche dove si sente a casa. <\/p>\n<p>Godete di tutti i piaceri della navigazione e divertitevi a bordo del S\/Y ASTORIA <\/p>\n<p>Guardate il video:\u00a0<a href=\"https:\/\/www.youtube.com\/watch?v=K2r8mKq0e0Y&amp;feature=youtu.be\/\" target=\"_blank\" rel=\"noopener\">Visit Yacht Astoria<\/a><\/p>\n","protected":false},"excerpt":{"rendered":"<p><span style=\"font-weight: bold;\">Bassa Stagione:<\/span> 24.900 \u20ac\/sett<br \/>\n<span style=\"font-weight: bold;\">Alta Stagione:<\/span> 35.000 \u20ac\/sett<br \/>\n<span style=\"font-weight: bold;\">Lunghezza mt:<\/span> 18.78<br \/>\n<span style=\"font-weight: bold;\">Cabine:<\/span> 5<br \/>\n<span style=\"font-weight: bold;\">Tipo di Yacht:<\/span> Catamarano<br \/>\n<span style=\"font-weight: bold;\">Anno:<\/span> 2021<br \/>\n<span style=\"font-weight: bold;\">Modello:<\/span> Samana 59<br \/>\n<span style=\"font-weight: bold;\">Cantiere:<\/span> Fountain Pajot<\/p>\n","protected":false},"featured_media":3195,"template":"","meta":{"site-sidebar-layout":"default","site-content-layout":"","ast-site-content-layout":"default","site-content-style":"default","site-sidebar-style":"default","ast-global-header-display":"","ast-banner-title-visibility":"","ast-main-header-display":"","ast-hfb-above-header-display":"","ast-hfb-below-header-display":"","ast-hfb-mobile-header-display":"","site-post-title":"","ast-breadcrumbs-content":"","ast-featured-img":"","footer-sml-layout":"","theme-transparent-header-meta":"default","adv-header-id-meta":"","stick-header-meta":"default","header-above-stick-meta":"","header-main-stick-meta":"","header-below-stick-meta":"","astra-migrate-meta-layouts":"set","ast-page-background-enabled":"default","ast-page-background-meta":{"desktop":{"background-color":"var(--ast-global-color-4)","background-image":"","background-repeat":"repeat","background-position":"center center","background-size":"auto","background-attachment":"scroll","background-type":"","background-media":"","overlay-type":"","overlay-color":"","overlay-opacity":"","overlay-gradient":""},"tablet":{"background-color":"","background-image":"","background-repeat":"repeat","background-position":"center center","background-size":"auto","background-attachment":"scroll","background-type":"","background-media":"","overlay-type":"","overlay-color":"","overlay-opacity":"","overlay-gradient":""},"mobile":{"background-color":"","background-image":"","background-repeat":"repeat","background-position":"center center","background-size":"auto","background-attachment":"scroll","background-type":"","background-media":"","overlay-type":"","overlay-color":"","overlay-opacity":"","overlay-gradient":""}},"ast-content-background-meta":{"desktop":{"background-color":"var(--ast-global-color-5)","background-image":"","background-repeat":"repeat","background-position":"center center","background-size":"auto","background-attachment":"scroll","background-type":"","background-media":"","overlay-type":"","overlay-color":"","overlay-opacity":"","overlay-gradient":""},"tablet":{"background-color":"var(--ast-global-color-5)","background-image":"","background-repeat":"repeat","background-position":"center center","background-size":"auto","background-attachment":"scroll","background-type":"","background-media":"","overlay-type":"","overlay-color":"","overlay-opacity":"","overlay-gradient":""},"mobile":{"background-color":"var(--ast-global-color-5)","background-image":"","background-repeat":"repeat","background-position":"center center","background-size":"auto","background-attachment":"scroll","background-type":"","background-media":"","overlay-type":"","overlay-color":"","overlay-opacity":"","overlay-gradient":""}},"_joinchat":[]},"product_cat":[48,22,61,40,45],"product_tag":[519,496],"class_list":{"0":"post-3194","1":"product","2":"type-product","3":"status-publish","4":"has-post-thumbnail","6":"product_cat-catamarano-noleggio","7":"product_cat-destinazioni-yacht","8":"product_cat-noleggio-yacht-grecia","9":"product_cat-noleggio-yacht-mediterraneo","10":"product_cat-tipologie-yacht","11":"product_tag-catamarano","12":"product_tag-15mt-24mt","13":"pa_cantieri-fountain-pajot","14":"pa_lunghezza-32","15":"desktop-align-left","16":"tablet-align-left","17":"mobile-align-left","19":"first","20":"instock","21":"shipping-taxable","22":"product-type-simple"},"acf":[],"_links":{"self":[{"href":"https:\/\/verdeblu.com\/it\/wp-json\/wp\/v2\/product\/3194","targetHints":{"allow":["GET"]}}],"collection":[{"href":"https:\/\/verdeblu.com\/it\/wp-json\/wp\/v2\/product"}],"about":[{"href":"https:\/\/verdeblu.com\/it\/wp-json\/wp\/v2\/types\/product"}],"wp:featuredmedia":[{"embeddable":true,"href":"https:\/\/verdeblu.com\/it\/wp-json\/wp\/v2\/media\/3195"}],"wp:attachment":[{"href":"https:\/\/verdeblu.com\/it\/wp-json\/wp\/v2\/media?parent=3194"}],"wp:term":[{"taxonomy":"product_cat","embeddable":true,"href":"https:\/\/verdeblu.com\/it\/wp-json\/wp\/v2\/product_cat?post=3194"},{"taxonomy":"product_tag","embeddable":true,"href":"https:\/\/verdeblu.com\/it\/wp-json\/wp\/v2\/product_tag?post=3194"}],"curies":[{"name":"wp","href":"https:\/\/api.w.org\/{rel}","templated":true}]}}