{"id":3262,"date":"2023-12-05T19:39:14","date_gmt":"2023-12-05T18:39:14","guid":{"rendered":"https:\/\/nuovo.verdeblu.com\/?post_type=product&#038;p=3262"},"modified":"2025-04-17T12:08:40","modified_gmt":"2025-04-17T10:08:40","slug":"sunreef-60-calma","status":"publish","type":"product","link":"https:\/\/verdeblu.com\/it\/sunreef-60-calma\/","title":{"rendered":"Sunreef 60 Calma"},"content":{"rendered":"<p><strong>CALMA<\/strong> \/ Catamarano a Noleggio <\/p>\n<p><strong>Calma<\/strong>, Catamarano Sunreef 60, varato nel 2020 dal cantiere polacco  Sunreef Yachts  e\u2019 una delle ultime  novit\u00e0 della flotta di Sunreef Yachts Charter che delizier\u00e0 gli ospiti con il suo design di lusso  e il massimo comfort nelle pi\u00f9 belle zone del Mediterraneo tra cui le Baleari, in estate e i Caraibi,  Bahamas in inverno.<\/p>\n<p><strong>Sistemazione ospiti<\/strong>: \u00a0Il layout del catamarano CALMA prevede 5 esclusive cabine doppie con bagno privato per dieci ospiti, un elegante salone con accoglienti zone relax e pranzo e una funzionale cucina, che offre la possibilit\u00e0 di osservare uno chef professionista in azione.<br \/>\nGrazie alla porta scorrevole del salone, gli eleganti interni del catamarno  CALMA  si fondono naturalmente con l&#8217;esterno, aprendosi sull&#8217;ampio ponte di poppa riparato e sulla splendida terrazza anteriore. Lo spazioso flybridge \u00e8 dotato di barbecue, angolo bar e numerosi posti a sedere per godersi le splendide viste panoramiche.<\/p>\n<p><strong>Equipaggio<\/strong>: L&#8217;equipaggio del catamarano  CALMA \u00e9 composto da 3 membri: il \u00a0Comandante (spagnolo) + 2 altri membri (deck-hand e 1 Hostess). <\/p>\n","protected":false},"excerpt":{"rendered":"<p><span style=\"font-weight: bold;\">Bassa Stagione:<\/span> 38.500 \u20ac\/sett<br \/>\n<span style=\"font-weight: bold;\">Alta Stagione:<\/span> 44.500 \u20ac\/sett<br \/>\n<span style=\"font-weight: bold;\">Lunghezza mt:<\/span> 18,40<br \/>\n<span style=\"font-weight: bold;\">Cabine:<\/span> 5<br \/>\n<span style=\"font-weight: bold;\">Tipo di Yacht:<\/span> Catamarano<br \/>\n<span style=\"font-weight: bold;\">Anno:<\/span> 2020<br \/>\n<span style=\"font-weight: bold;\">Modello:<\/span> Sunreef 60<br \/>\n<span style=\"font-weight: bold;\">Cantiere:<\/span> Sunreef Yachts<\/p>\n","protected":false},"featured_media":5561,"template":"","meta":{"site-sidebar-layout":"default","site-content-layout":"","ast-site-content-layout":"default","site-content-style":"default","site-sidebar-style":"default","ast-global-header-display":"","ast-banner-title-visibility":"","ast-main-header-display":"","ast-hfb-above-header-display":"","ast-hfb-below-header-display":"","ast-hfb-mobile-header-display":"","site-post-title":"","ast-breadcrumbs-content":"","ast-featured-img":"","footer-sml-layout":"","theme-transparent-header-meta":"default","adv-header-id-meta":"","stick-header-meta":"default","header-above-stick-meta":"","header-main-stick-meta":"","header-below-stick-meta":"","astra-migrate-meta-layouts":"set","ast-page-background-enabled":"default","ast-page-background-meta":{"desktop":{"background-color":"var(--ast-global-color-4)","background-image":"","background-repeat":"repeat","background-position":"center center","background-size":"auto","background-attachment":"scroll","background-type":"","background-media":"","overlay-type":"","overlay-color":"","overlay-opacity":"","overlay-gradient":""},"tablet":{"background-color":"","background-image":"","background-repeat":"repeat","background-position":"center center","background-size":"auto","background-attachment":"scroll","background-type":"","background-media":"","overlay-type":"","overlay-color":"","overlay-opacity":"","overlay-gradient":""},"mobile":{"background-color":"","background-image":"","background-repeat":"repeat","background-position":"center center","background-size":"auto","background-attachment":"scroll","background-type":"","background-media":"","overlay-type":"","overlay-color":"","overlay-opacity":"","overlay-gradient":""}},"ast-content-background-meta":{"desktop":{"background-color":"var(--ast-global-color-5)","background-image":"","background-repeat":"repeat","background-position":"center center","background-size":"auto","background-attachment":"scroll","background-type":"","background-media":"","overlay-type":"","overlay-color":"","overlay-opacity":"","overlay-gradient":""},"tablet":{"background-color":"var(--ast-global-color-5)","background-image":"","background-repeat":"repeat","background-position":"center center","background-size":"auto","background-attachment":"scroll","background-type":"","background-media":"","overlay-type":"","overlay-color":"","overlay-opacity":"","overlay-gradient":""},"mobile":{"background-color":"var(--ast-global-color-5)","background-image":"","background-repeat":"repeat","background-position":"center center","background-size":"auto","background-attachment":"scroll","background-type":"","background-media":"","overlay-type":"","overlay-color":"","overlay-opacity":"","overlay-gradient":""}},"_joinchat":[]},"product_cat":[41,48,22,837,85,84,836,40,45],"product_tag":[519,496],"class_list":{"0":"post-3262","1":"product","2":"type-product","3":"status-publish","4":"has-post-thumbnail","6":"product_cat-noleggio-yacht-caraibi","7":"product_cat-catamarano-noleggio","8":"product_cat-destinazioni-yacht","9":"product_cat-noleggio-yacht-formentera","10":"product_cat-noleggio-yacht-ibiza","11":"product_cat-noleggio-yacht-isole-baleari","12":"product_cat-noleggio-yacht-maiorca","13":"product_cat-noleggio-yacht-mediterraneo","14":"product_cat-tipologie-yacht","15":"product_tag-catamarano","16":"product_tag-15mt-24mt","17":"pa_cantieri-sunreef-yachts","18":"pa_lunghezza-32","19":"desktop-align-left","20":"tablet-align-left","21":"mobile-align-left","23":"first","24":"instock","25":"shipping-taxable","26":"product-type-simple"},"acf":[],"_links":{"self":[{"href":"https:\/\/verdeblu.com\/it\/wp-json\/wp\/v2\/product\/3262","targetHints":{"allow":["GET"]}}],"collection":[{"href":"https:\/\/verdeblu.com\/it\/wp-json\/wp\/v2\/product"}],"about":[{"href":"https:\/\/verdeblu.com\/it\/wp-json\/wp\/v2\/types\/product"}],"wp:featuredmedia":[{"embeddable":true,"href":"https:\/\/verdeblu.com\/it\/wp-json\/wp\/v2\/media\/5561"}],"wp:attachment":[{"href":"https:\/\/verdeblu.com\/it\/wp-json\/wp\/v2\/media?parent=3262"}],"wp:term":[{"taxonomy":"product_cat","embeddable":true,"href":"https:\/\/verdeblu.com\/it\/wp-json\/wp\/v2\/product_cat?post=3262"},{"taxonomy":"product_tag","embeddable":true,"href":"https:\/\/verdeblu.com\/it\/wp-json\/wp\/v2\/product_tag?post=3262"}],"curies":[{"name":"wp","href":"https:\/\/api.w.org\/{rel}","templated":true}]}}