{"id":3330,"date":"2023-12-05T20:42:23","date_gmt":"2023-12-05T19:42:23","guid":{"rendered":"https:\/\/nuovo.verdeblu.com\/?post_type=product&#038;p=3330"},"modified":"2025-04-17T12:06:45","modified_gmt":"2025-04-17T10:06:45","slug":"madinina","status":"publish","type":"product","link":"https:\/\/verdeblu.com\/it\/madinina\/","title":{"rendered":"Lagoon 52 Madinina"},"content":{"rendered":"<p><strong>MADININA \/ Catamarano a Noleggio<\/strong> <\/p>\n<p>MADININA \u00e9 una nuova versione di Lagoon 52 F che continua a stupire i suoi ospiti e tutti gli amanti dei catamarani. <br \/>\nLa barca ha Linee eleganti, design degli interni sofisticato, ampie zone soggiorno e grandi prestazioni di navigazione che fanno di questo modello un classico yacht a vela per famiglie o gruppi di amici che vogliono trascorrere vacanze confortevoli ed elegati al tempo stesso.<\/p>\n<p><strong>Sistemazione ospiti<\/strong>: Madinina ha 4 cabine tra cui una cabina armatoriale, una cabina VIP e due cabine doppie con letto queen size ed \u00e8 quindi lo yacht charter ideale per rilassarsi e godere il mare in tutto comfort<\/p>\n<p>Allontanatievi quindi dagli obblighi della vita quotidiana e rilassatevi negli splendidi scenari della Grecia, nelle sue acque cristalline e nelle calette tranquille mentre sarete coccolat1 dal suo eccezionale equipaggio.<\/p>\n<p><strong>Equipaggio<\/strong> Comandante Socrates Koyros (greco) che nonostante il suo passato di  regatante di successo avendo ottenuto un 5\u00b0 posto nella World Youth Sailing Championship nel 2007 e un 8\u00b0  posto nella World Men&#8217;s Championship del 2008 \u00e8 costantemente alla ricerca di modi per elevare le sue capacit\u00e0 e ascendere ai livelli pi\u00f9 alti nel suo campo. Lo affiancano egregiamente  altri 2 membri ( uno Chef ad una Hostess\/deckhand).<\/p>\n<p>MADININA possiede una vasta gamma di giochi d&#8217;acqua per far s\u00ec che, durante la vostra vacanza, non ci sar\u00e0 mai un solo momento di noia!<br \/>\n<a href=\"https:\/\/vimeo.com\/641413914\" target=\"_blank\" rel=\"noopener\">Guarda il Video<\/a><\/p>\n","protected":false},"excerpt":{"rendered":"<p><span style=\"font-weight: bold;\">Bassa Stagione:<\/span> 16.000 \u20ac\/sett<br \/>\n<span style=\"font-weight: bold;\">Mezza Stagione:<\/span> 19.000 \u20ac\/sett<br \/>\n<span style=\"font-weight: bold;\">Alta Stagione:<\/span> 21.000 \u20ac\/sett<br \/>\n<span style=\"font-weight: bold;\">Lunghezza mt:<\/span> 15.85<br \/>\n<span style=\"font-weight: bold;\">Cabine:<\/span> 4<br \/>\n<span style=\"font-weight: bold;\">Tipo di Yacht:<\/span> Catamarano<br \/>\n<span style=\"font-weight: bold;\">Anno:<\/span> 2021<br \/>\n<span style=\"font-weight: bold;\">Modello:<\/span> Lagoon 52F<br \/>\n<span style=\"font-weight: bold;\">Cantiere:<\/span> Lagoon<\/p>\n","protected":false},"featured_media":3331,"template":"","meta":{"site-sidebar-layout":"default","site-content-layout":"","ast-site-content-layout":"default","site-content-style":"default","site-sidebar-style":"default","ast-global-header-display":"","ast-banner-title-visibility":"","ast-main-header-display":"","ast-hfb-above-header-display":"","ast-hfb-below-header-display":"","ast-hfb-mobile-header-display":"","site-post-title":"","ast-breadcrumbs-content":"","ast-featured-img":"","footer-sml-layout":"","theme-transparent-header-meta":"default","adv-header-id-meta":"","stick-header-meta":"default","header-above-stick-meta":"","header-main-stick-meta":"","header-below-stick-meta":"","astra-migrate-meta-layouts":"set","ast-page-background-enabled":"default","ast-page-background-meta":{"desktop":{"background-color":"var(--ast-global-color-4)","background-image":"","background-repeat":"repeat","background-position":"center center","background-size":"auto","background-attachment":"scroll","background-type":"","background-media":"","overlay-type":"","overlay-color":"","overlay-opacity":"","overlay-gradient":""},"tablet":{"background-color":"","background-image":"","background-repeat":"repeat","background-position":"center center","background-size":"auto","background-attachment":"scroll","background-type":"","background-media":"","overlay-type":"","overlay-color":"","overlay-opacity":"","overlay-gradient":""},"mobile":{"background-color":"","background-image":"","background-repeat":"repeat","background-position":"center center","background-size":"auto","background-attachment":"scroll","background-type":"","background-media":"","overlay-type":"","overlay-color":"","overlay-opacity":"","overlay-gradient":""}},"ast-content-background-meta":{"desktop":{"background-color":"var(--ast-global-color-5)","background-image":"","background-repeat":"repeat","background-position":"center center","background-size":"auto","background-attachment":"scroll","background-type":"","background-media":"","overlay-type":"","overlay-color":"","overlay-opacity":"","overlay-gradient":""},"tablet":{"background-color":"var(--ast-global-color-5)","background-image":"","background-repeat":"repeat","background-position":"center center","background-size":"auto","background-attachment":"scroll","background-type":"","background-media":"","overlay-type":"","overlay-color":"","overlay-opacity":"","overlay-gradient":""},"mobile":{"background-color":"var(--ast-global-color-5)","background-image":"","background-repeat":"repeat","background-position":"center center","background-size":"auto","background-attachment":"scroll","background-type":"","background-media":"","overlay-type":"","overlay-color":"","overlay-opacity":"","overlay-gradient":""}},"_joinchat":[]},"product_cat":[48,22,61,40,45],"product_tag":[519,496],"class_list":{"0":"post-3330","1":"product","2":"type-product","3":"status-publish","4":"has-post-thumbnail","6":"product_cat-catamarano-noleggio","7":"product_cat-destinazioni-yacht","8":"product_cat-noleggio-yacht-grecia","9":"product_cat-noleggio-yacht-mediterraneo","10":"product_cat-tipologie-yacht","11":"product_tag-catamarano","12":"product_tag-15mt-24mt","13":"pa_cantieri-lagoon","14":"pa_lunghezza-15-mt","15":"desktop-align-left","16":"tablet-align-left","17":"mobile-align-left","19":"first","20":"instock","21":"shipping-taxable","22":"product-type-simple"},"acf":[],"_links":{"self":[{"href":"https:\/\/verdeblu.com\/it\/wp-json\/wp\/v2\/product\/3330","targetHints":{"allow":["GET"]}}],"collection":[{"href":"https:\/\/verdeblu.com\/it\/wp-json\/wp\/v2\/product"}],"about":[{"href":"https:\/\/verdeblu.com\/it\/wp-json\/wp\/v2\/types\/product"}],"wp:featuredmedia":[{"embeddable":true,"href":"https:\/\/verdeblu.com\/it\/wp-json\/wp\/v2\/media\/3331"}],"wp:attachment":[{"href":"https:\/\/verdeblu.com\/it\/wp-json\/wp\/v2\/media?parent=3330"}],"wp:term":[{"taxonomy":"product_cat","embeddable":true,"href":"https:\/\/verdeblu.com\/it\/wp-json\/wp\/v2\/product_cat?post=3330"},{"taxonomy":"product_tag","embeddable":true,"href":"https:\/\/verdeblu.com\/it\/wp-json\/wp\/v2\/product_tag?post=3330"}],"curies":[{"name":"wp","href":"https:\/\/api.w.org\/{rel}","templated":true}]}}