{"id":3373,"date":"2023-12-05T21:01:13","date_gmt":"2023-12-05T20:01:13","guid":{"rendered":"https:\/\/nuovo.verdeblu.com\/?post_type=product&#038;p=3373"},"modified":"2025-04-17T12:05:31","modified_gmt":"2025-04-17T10:05:31","slug":"ohana","status":"publish","type":"product","link":"https:\/\/verdeblu.com\/it\/ohana\/","title":{"rendered":"Lagoon 50 Ohana"},"content":{"rendered":"<p><strong>OHANA<\/strong>\/ Catamarano a Noleggio<\/p>\n<p><strong>OHANA<\/strong>, \u00e9 un catamarano Lagoon 50, disponibile con base in Sicilia alle Isole Eolie e le Isole Egadi Costiera amalfitana e Golfo di Napoli. <\/p>\n<p>OHANA \u00e8 un lussuoso catamarano con 3 membri di equipaggio, che pu\u00f2 ospitare fino a 10 persone in 4 spaziose cabine doppie e una cabina pi\u00f9 piccola suggerita per  i bambini per charter nelle pi\u00f9 belle aree di navigazione italiane. <\/p>\n<p>Con il suo versatile pozzetto di prua situato immediatamente adiacente all\u2019enorme vetrata panoramica, questo Lagoon 50 offre molti spazi per socializzare e passare spendide giornate.<br \/>\nVeleggiare a bordo di Ohana \u00e8 dove e come desiderate. La generosit\u00e0 dello spazio interno \u00e8 eguagliata solo dal lusso dell\u2019allestimento. <\/p>\n","protected":false},"excerpt":{"rendered":"<p><span style=\"font-weight: bold;\">Bassa Stagione:<\/span> da 9.000 \u20ac \/sett + Extra<br \/>\n<span style=\"font-weight: bold;\">Alta Stagione:<\/span> fino a 13.500 \u20ac\/sett + Extra<br \/>\n<span style=\"font-weight: bold;\">Lunghezza mt:<\/span> 14.75<br \/>\n<span style=\"font-weight: bold;\">Cabine:<\/span> 5<br \/>\n<span style=\"font-weight: bold;\">Tipo di Yacht:<\/span> Catamarano<br \/>\n<span style=\"font-weight: bold;\">Anno:<\/span> 2019<br \/>\n<span style=\"font-weight: bold;\">Modello:<\/span> Lagoon 50<br \/>\n<span style=\"font-weight: bold;\">Cantiere:<\/span> Lagoon<\/p>\n","protected":false},"featured_media":3374,"template":"","meta":{"site-sidebar-layout":"default","site-content-layout":"","ast-site-content-layout":"default","site-content-style":"default","site-sidebar-style":"default","ast-global-header-display":"","ast-banner-title-visibility":"","ast-main-header-display":"","ast-hfb-above-header-display":"","ast-hfb-below-header-display":"","ast-hfb-mobile-header-display":"","site-post-title":"","ast-breadcrumbs-content":"","ast-featured-img":"","footer-sml-layout":"","theme-transparent-header-meta":"default","adv-header-id-meta":"","stick-header-meta":"default","header-above-stick-meta":"","header-main-stick-meta":"","header-below-stick-meta":"","astra-migrate-meta-layouts":"set","ast-page-background-enabled":"default","ast-page-background-meta":{"desktop":{"background-color":"var(--ast-global-color-4)","background-image":"","background-repeat":"repeat","background-position":"center center","background-size":"auto","background-attachment":"scroll","background-type":"","background-media":"","overlay-type":"","overlay-color":"","overlay-opacity":"","overlay-gradient":""},"tablet":{"background-color":"","background-image":"","background-repeat":"repeat","background-position":"center center","background-size":"auto","background-attachment":"scroll","background-type":"","background-media":"","overlay-type":"","overlay-color":"","overlay-opacity":"","overlay-gradient":""},"mobile":{"background-color":"","background-image":"","background-repeat":"repeat","background-position":"center center","background-size":"auto","background-attachment":"scroll","background-type":"","background-media":"","overlay-type":"","overlay-color":"","overlay-opacity":"","overlay-gradient":""}},"ast-content-background-meta":{"desktop":{"background-color":"var(--ast-global-color-5)","background-image":"","background-repeat":"repeat","background-position":"center center","background-size":"auto","background-attachment":"scroll","background-type":"","background-media":"","overlay-type":"","overlay-color":"","overlay-opacity":"","overlay-gradient":""},"tablet":{"background-color":"var(--ast-global-color-5)","background-image":"","background-repeat":"repeat","background-position":"center center","background-size":"auto","background-attachment":"scroll","background-type":"","background-media":"","overlay-type":"","overlay-color":"","overlay-opacity":"","overlay-gradient":""},"mobile":{"background-color":"var(--ast-global-color-5)","background-image":"","background-repeat":"repeat","background-position":"center center","background-size":"auto","background-attachment":"scroll","background-type":"","background-media":"","overlay-type":"","overlay-color":"","overlay-opacity":"","overlay-gradient":""}},"_joinchat":[]},"product_cat":[48,90,22,114,122,89,56,108,1017,113,91,118,45,124,110],"product_tag":[519,496],"class_list":{"0":"post-3373","1":"product","2":"type-product","3":"status-publish","4":"has-post-thumbnail","6":"product_cat-catamarano-noleggio","7":"product_cat-noleggio-yacht-costiera-amalfitana","8":"product_cat-destinazioni-yacht","9":"product_cat-noleggio-yacht-ischia","10":"product_cat-noleggio-yacht-isole-eolie","11":"product_cat-noleggio-yacht-isole-pontine","12":"product_cat-noleggio-yacht-italia","13":"product_cat-noleggio-yacht-palmarola","14":"product_cat-noleggio-yacht-ponza","15":"product_cat-noleggio-yacht-procida","16":"product_cat-noleggio-yacht-sicilia","17":"product_cat-noleggio-yacht-sorrento","18":"product_cat-tipologie-yacht","19":"product_cat-noleggio-yacht-ustica","20":"product_cat-noleggio-yacht-ventotene","21":"product_tag-catamarano","22":"product_tag-15mt-24mt","23":"pa_cantieri-lagoon","24":"pa_lunghezza-14-mt","25":"desktop-align-left","26":"tablet-align-left","27":"mobile-align-left","29":"first","30":"instock","31":"shipping-taxable","32":"product-type-simple"},"acf":[],"_links":{"self":[{"href":"https:\/\/verdeblu.com\/it\/wp-json\/wp\/v2\/product\/3373","targetHints":{"allow":["GET"]}}],"collection":[{"href":"https:\/\/verdeblu.com\/it\/wp-json\/wp\/v2\/product"}],"about":[{"href":"https:\/\/verdeblu.com\/it\/wp-json\/wp\/v2\/types\/product"}],"wp:featuredmedia":[{"embeddable":true,"href":"https:\/\/verdeblu.com\/it\/wp-json\/wp\/v2\/media\/3374"}],"wp:attachment":[{"href":"https:\/\/verdeblu.com\/it\/wp-json\/wp\/v2\/media?parent=3373"}],"wp:term":[{"taxonomy":"product_cat","embeddable":true,"href":"https:\/\/verdeblu.com\/it\/wp-json\/wp\/v2\/product_cat?post=3373"},{"taxonomy":"product_tag","embeddable":true,"href":"https:\/\/verdeblu.com\/it\/wp-json\/wp\/v2\/product_tag?post=3373"}],"curies":[{"name":"wp","href":"https:\/\/api.w.org\/{rel}","templated":true}]}}