{"id":5730,"date":"2024-03-06T16:51:51","date_gmt":"2024-03-06T15:51:51","guid":{"rendered":"https:\/\/verdeblu.com\/?post_type=product&#038;p=5730"},"modified":"2024-11-13T12:10:53","modified_gmt":"2024-11-13T11:10:53","slug":"shades-of-grey","status":"publish","type":"product","link":"https:\/\/verdeblu.com\/it\/shades-of-grey\/","title":{"rendered":"Shades of Grey"},"content":{"rendered":"<p><strong>SHADES OF GREY<\/strong> \/ Catamarano a Noleggio <\/p>\n<p>BRAND NEW SUNREEF 80 SAILING CATAMARAN &#8220;SHADES OF GREY&#8221; FOR CHARTER IN BALEARICS WITH <strong>WATER SLIDE<\/strong><br \/>Foto credit: renderings by Sunreef Yachts.<\/p>\n<p>Il catamarno <strong>SHADES OF GREY<\/strong>, Sunreef 80, che sar\u00e0 varato nell&#8217; Aprile 2024 dal Cantiere polacco Sunreef Yachts, \u00e9  l&#8217;apice del lusso e della raffinatezza nel regno dei catamarani a vela, realizzato per elevare la tua esperienza nelle splendide acque delle Isole Baleari. Gi\u00e0 salendo a bordo di questa magnifico catmarano, rimarrai immediatamente travolto dalla sua perfetta fusione tra l&#8217;opulento design esterno e i sontuosi spazi interni.<\/p>\n<p>Si accede al Sunreef 80 tramite una passerella idraulica, nel pozzetto si trova il tavolo da pranzo che pu\u00f2 ospitare fino a 9 persone. Il prendisole nel pozzetto pu\u00f2 essere trasformato in un divano. La piattaforma di poppa \u00e8 idraulica e permette un facile accesso al mare, offre spazio aggiuntivo per rilassarsi e alloggiare il tender.  Di notte 8 fari subacquei regalano una vista suggestiva e di grande atmosfera.<\/p>\n<p>La disposizione del salone \u00e8 pensata per il relax, i grandi divani su entrambi i lati ti invitano a godere del tempo di qualit\u00e0 con la tua famiglia e amici. I  tavolini al centro del salone possono essere trasformati in tavolo da pranzo. Da tutti i divani si ha un&#8217;ottima vista sull&#8217;enorme TV pop-up nel salone. <\/p>\n<p>Il flybridge offre una zona living unica: il tavolino con divano circostante pu\u00f2 essere convertito in tavolo da pranzo, il bar con sgabelli \u00e8 il posto migliore per gustare un cocktail, mentre lo Chef prepara la vostra cena barbecue. Una volta rimosso il Jetski dal flybridge, l&#8217;intera area dietro il divano si trasforma in un enorme prendisole a tutta larghezza del flybridge. Il flybridge \u00e8 completamente coperto da un bimini hardtop per garantire ombra anche durante le giornate pi\u00f9 calde.<\/p>\n<p><strong>Sistemazione Ospiti<\/strong>:  Shades of Grey pu\u00f2 ospitare fino a 9 persone in 4 cabine  (1 Master con letto King size, 1 Vip con letto Queen size, 1 Doppia con letto Queen ed una Tripla con letti singoli). Tutte le cabine hanno il loro bagno privato.<\/p>\n<p><strong>Equipaggio<\/strong>: l&#8217;Equipaggio di Shades of Grey \u00e9 composto da 4 membri: Comandante Borja Garriga-Nogu\u00e9s  (spagnolo) , First Mate, Chef Rodrigo Perry (coombiano\/portoghese) e una  Hostess.<\/p>\n<p><strong>SHADES OF GREY<\/strong> ha uno speciale aggiornamento del banco batterie al litio in modalit\u00e0 notturna, che consente di spegnere i generatori durante la notte. <br \/><strong>Quindi, l&#8217;unico rumore che sentirete durante la notte sara quello della musica delle onde.<\/strong><\/p>\n","protected":false},"excerpt":{"rendered":"<p><span style=\"font-weight: bold\">Bassa Stagione:<\/span> 80.000 \u20ac\/sett<br \/>\n<span style=\"font-weight: bold\">Alta Stagione:<\/span> 70.000 \u20ac\/sett<br \/>\n<span style=\"font-weight: bold\">Lunghezza mt:<\/span> 23,70 mt<br \/>\n<span style=\"font-weight: bold\">Cabine:<\/span> 4<br \/>\n<span style=\"font-weight: bold\">Tipo di Yacht:<\/span> Catamarano<br \/>\n<span style=\"font-weight: bold\">Anno:<\/span> 2024<br \/>\n<span style=\"font-weight: bold\">Modello:<\/span> Sunreef 80<br \/>\n<span style=\"font-weight: bold\">Cantiere:<\/span> Sunreef Yachts<\/p>\n","protected":false},"featured_media":5782,"template":"","meta":{"site-sidebar-layout":"default","site-content-layout":"","ast-site-content-layout":"default","site-content-style":"default","site-sidebar-style":"default","ast-global-header-display":"","ast-banner-title-visibility":"","ast-main-header-display":"","ast-hfb-above-header-display":"","ast-hfb-below-header-display":"","ast-hfb-mobile-header-display":"","site-post-title":"","ast-breadcrumbs-content":"","ast-featured-img":"","footer-sml-layout":"","theme-transparent-header-meta":"default","adv-header-id-meta":"","stick-header-meta":"default","header-above-stick-meta":"","header-main-stick-meta":"","header-below-stick-meta":"","astra-migrate-meta-layouts":"set","ast-page-background-enabled":"default","ast-page-background-meta":{"desktop":{"background-color":"var(--ast-global-color-4)","background-image":"","background-repeat":"repeat","background-position":"center center","background-size":"auto","background-attachment":"scroll","background-type":"","background-media":"","overlay-type":"","overlay-color":"","overlay-opacity":"","overlay-gradient":""},"tablet":{"background-color":"","background-image":"","background-repeat":"repeat","background-position":"center center","background-size":"auto","background-attachment":"scroll","background-type":"","background-media":"","overlay-type":"","overlay-color":"","overlay-opacity":"","overlay-gradient":""},"mobile":{"background-color":"","background-image":"","background-repeat":"repeat","background-position":"center center","background-size":"auto","background-attachment":"scroll","background-type":"","background-media":"","overlay-type":"","overlay-color":"","overlay-opacity":"","overlay-gradient":""}},"ast-content-background-meta":{"desktop":{"background-color":"var(--ast-global-color-5)","background-image":"","background-repeat":"repeat","background-position":"center center","background-size":"auto","background-attachment":"scroll","background-type":"","background-media":"","overlay-type":"","overlay-color":"","overlay-opacity":"","overlay-gradient":""},"tablet":{"background-color":"var(--ast-global-color-5)","background-image":"","background-repeat":"repeat","background-position":"center center","background-size":"auto","background-attachment":"scroll","background-type":"","background-media":"","overlay-type":"","overlay-color":"","overlay-opacity":"","overlay-gradient":""},"mobile":{"background-color":"var(--ast-global-color-5)","background-image":"","background-repeat":"repeat","background-position":"center center","background-size":"auto","background-attachment":"scroll","background-type":"","background-media":"","overlay-type":"","overlay-color":"","overlay-opacity":"","overlay-gradient":""}},"_joinchat":[]},"product_cat":[48,128,22,837,85,84,836,40,92],"product_tag":[519,496],"class_list":{"0":"post-5730","1":"product","2":"type-product","3":"status-publish","4":"has-post-thumbnail","6":"product_cat-catamarano-noleggio","7":"product_cat-noleggio-yacht-costa-smeralda","8":"product_cat-destinazioni-yacht","9":"product_cat-noleggio-yacht-formentera","10":"product_cat-noleggio-yacht-ibiza","11":"product_cat-noleggio-yacht-isole-baleari","12":"product_cat-noleggio-yacht-maiorca","13":"product_cat-noleggio-yacht-mediterraneo","14":"product_cat-noleggio-yacht-sardegna","15":"product_tag-catamarano","16":"product_tag-15mt-24mt","17":"pa_cantieri-sunreef-yachts","18":"desktop-align-left","19":"tablet-align-left","20":"mobile-align-left","22":"first","23":"instock","24":"shipping-taxable","25":"product-type-simple"},"acf":[],"_links":{"self":[{"href":"https:\/\/verdeblu.com\/it\/wp-json\/wp\/v2\/product\/5730","targetHints":{"allow":["GET"]}}],"collection":[{"href":"https:\/\/verdeblu.com\/it\/wp-json\/wp\/v2\/product"}],"about":[{"href":"https:\/\/verdeblu.com\/it\/wp-json\/wp\/v2\/types\/product"}],"wp:featuredmedia":[{"embeddable":true,"href":"https:\/\/verdeblu.com\/it\/wp-json\/wp\/v2\/media\/5782"}],"wp:attachment":[{"href":"https:\/\/verdeblu.com\/it\/wp-json\/wp\/v2\/media?parent=5730"}],"wp:term":[{"taxonomy":"product_cat","embeddable":true,"href":"https:\/\/verdeblu.com\/it\/wp-json\/wp\/v2\/product_cat?post=5730"},{"taxonomy":"product_tag","embeddable":true,"href":"https:\/\/verdeblu.com\/it\/wp-json\/wp\/v2\/product_tag?post=5730"}],"curies":[{"name":"wp","href":"https:\/\/api.w.org\/{rel}","templated":true}]}}