{"id":5945,"date":"2024-04-02T22:58:44","date_gmt":"2024-04-02T20:58:44","guid":{"rendered":"https:\/\/verdeblu.com\/?post_type=product&#038;p=5945"},"modified":"2026-01-12T19:33:01","modified_gmt":"2026-01-12T18:33:01","slug":"ygo","status":"publish","type":"product","link":"https:\/\/verdeblu.com\/it\/ygo\/","title":{"rendered":"Sunreef 60 Ygo"},"content":{"rendered":"<p><strong>YGO.<\/strong>\/ Catmarano Sunreef 60 a Noleggio <\/p>\n<p><strong>YGO. <\/strong>, catamarano realizzato da Sunreef Yacht con 4 cabine en-suite per noleggi con equipaggio nel Mediterraneo, Isole Canarie, Maillorca, British Virgin Islands.<br \/>\nYGO, catamarano nuovissimo, realizzato quasi interamente in Teak, di recente costruzione (2022) \u00e9 uno dei catamarani 60&#8242; pi\u00f9 lussuosi e completamente attrezzati realizzati da Sunreef Yachts. Pu\u00f2 accomodare fino a 8 ospiti ed \u00e8 una barca attrezzata per fare viaggi indimenticabili nel massimo del lusso, comfort, svago e soprattutto sicurezza. <br \/>\nYGO. ha interni minimalisti e moderni e tutto il comfort e lo stile che trovi sui catamarani Sunreef. Il ponte di poppa \u00e8 spazioso e perfetto per pranzare all&#8217;ombra e cenare all&#8217;aperto. Due scale su entrambi i lati del ponte di poppa conducono alla piattaforma da bagno idraulica, per un facile accesso all&#8217;acqua. Il flybridge vanta un design accurato, ideale per un completo relax sotto il sole, offrendo allo stesso tempo spazio per chi desidera un po&#8217; d&#8217;ombra.<\/p>\n<p><strong>Sistemazione Ospiti<\/strong>: Il catamarano YGO. pu\u00f2 ospitare 8 persone in un totale di 4 cabine, 1 cabina matrimoniale con letto king size  e 3 cabine doppie con letto queen size. Tutte le cabine hanno bagno privato.<br \/>\nYGO. \u00e8 senza dubbio il catamarano pi\u00f9 completo della sua gamma e ideale per persone attive e sportive che amano godersi un&#8217;ampia gamma di giochi acquatici.<\/p>\n<p><strong>Equipaggio<\/strong>: Il suo equipaggio, motivato ed esperto, \u00e8 composto di tre membri: il Comandant Lu Dupey \u00e8 una donna, nata in argentina nel 1979. La sua esperienza \u00e8 sorprendente, i suoi hobbies: gli sports acquatici. Completano il team uno Chef che ha lavorato nei migliori ristoranti di Anversa in Belgio ed una Hostess, entrambe di nazionalit\u00e0 belga. <\/p>\n","protected":false},"excerpt":{"rendered":"<p><span style=\"font-weight: bold\">Bassa Stagione:<\/span> \u20ac39.000\/sett<br \/>\n<span style=\"font-weight: bold\">Alta Stagione:<\/span> \u20ac42.000\/sett<br \/>\n<span style=\"font-weight: bold\">Lunghezza:<\/span> 18.40 mt<br \/>\n<span style=\"font-weight: bold\">Cabine:<\/span> 4<br \/>\n<span style=\"font-weight: bold\">Tipo di Yacht:<\/span> Catamarano<br \/>\n<span style=\"font-weight: bold\">Anno:<\/span> 2022<br \/>\n<span style=\"font-weight: bold\">Modello:<\/span> Sunreef 60<br \/>\n<span style=\"font-weight: bold\">Cantiere:<\/span> Sunreef Yachts<\/p>\n","protected":false},"featured_media":5986,"template":"","meta":{"site-sidebar-layout":"default","site-content-layout":"","ast-site-content-layout":"default","site-content-style":"default","site-sidebar-style":"default","ast-global-header-display":"","ast-banner-title-visibility":"","ast-main-header-display":"","ast-hfb-above-header-display":"","ast-hfb-below-header-display":"","ast-hfb-mobile-header-display":"","site-post-title":"","ast-breadcrumbs-content":"","ast-featured-img":"","footer-sml-layout":"","theme-transparent-header-meta":"default","adv-header-id-meta":"","stick-header-meta":"default","header-above-stick-meta":"","header-main-stick-meta":"","header-below-stick-meta":"","astra-migrate-meta-layouts":"set","ast-page-background-enabled":"default","ast-page-background-meta":{"desktop":{"background-color":"var(--ast-global-color-4)","background-image":"","background-repeat":"repeat","background-position":"center center","background-size":"auto","background-attachment":"scroll","background-type":"","background-media":"","overlay-type":"","overlay-color":"","overlay-opacity":"","overlay-gradient":""},"tablet":{"background-color":"","background-image":"","background-repeat":"repeat","background-position":"center center","background-size":"auto","background-attachment":"scroll","background-type":"","background-media":"","overlay-type":"","overlay-color":"","overlay-opacity":"","overlay-gradient":""},"mobile":{"background-color":"","background-image":"","background-repeat":"repeat","background-position":"center center","background-size":"auto","background-attachment":"scroll","background-type":"","background-media":"","overlay-type":"","overlay-color":"","overlay-opacity":"","overlay-gradient":""}},"ast-content-background-meta":{"desktop":{"background-color":"var(--ast-global-color-5)","background-image":"","background-repeat":"repeat","background-position":"center center","background-size":"auto","background-attachment":"scroll","background-type":"","background-media":"","overlay-type":"","overlay-color":"","overlay-opacity":"","overlay-gradient":""},"tablet":{"background-color":"var(--ast-global-color-5)","background-image":"","background-repeat":"repeat","background-position":"center center","background-size":"auto","background-attachment":"scroll","background-type":"","background-media":"","overlay-type":"","overlay-color":"","overlay-opacity":"","overlay-gradient":""},"mobile":{"background-color":"var(--ast-global-color-5)","background-image":"","background-repeat":"repeat","background-position":"center center","background-size":"auto","background-attachment":"scroll","background-type":"","background-media":"","overlay-type":"","overlay-color":"","overlay-opacity":"","overlay-gradient":""}},"_joinchat":[]},"product_cat":[48,22,837,85,84,836,40,782,45],"product_tag":[783,519],"class_list":{"0":"post-5945","1":"product","2":"type-product","3":"status-publish","4":"has-post-thumbnail","6":"product_cat-catamarano-noleggio","7":"product_cat-destinazioni-yacht","8":"product_cat-noleggio-yacht-formentera","9":"product_cat-noleggio-yacht-ibiza","10":"product_cat-noleggio-yacht-isole-baleari","11":"product_cat-noleggio-yacht-maiorca","12":"product_cat-noleggio-yacht-mediterraneo","13":"product_cat-palma-de-mallorca","14":"product_cat-tipologie-yacht","15":"product_tag-barca-a-vela","16":"product_tag-catamarano","17":"pa_cantieri-sunreef-yachts","18":"pa_lunghezza-32","19":"desktop-align-left","20":"tablet-align-left","21":"mobile-align-left","23":"first","24":"instock","25":"shipping-taxable","26":"product-type-simple"},"acf":[],"_links":{"self":[{"href":"https:\/\/verdeblu.com\/it\/wp-json\/wp\/v2\/product\/5945","targetHints":{"allow":["GET"]}}],"collection":[{"href":"https:\/\/verdeblu.com\/it\/wp-json\/wp\/v2\/product"}],"about":[{"href":"https:\/\/verdeblu.com\/it\/wp-json\/wp\/v2\/types\/product"}],"wp:featuredmedia":[{"embeddable":true,"href":"https:\/\/verdeblu.com\/it\/wp-json\/wp\/v2\/media\/5986"}],"wp:attachment":[{"href":"https:\/\/verdeblu.com\/it\/wp-json\/wp\/v2\/media?parent=5945"}],"wp:term":[{"taxonomy":"product_cat","embeddable":true,"href":"https:\/\/verdeblu.com\/it\/wp-json\/wp\/v2\/product_cat?post=5945"},{"taxonomy":"product_tag","embeddable":true,"href":"https:\/\/verdeblu.com\/it\/wp-json\/wp\/v2\/product_tag?post=5945"}],"curies":[{"name":"wp","href":"https:\/\/api.w.org\/{rel}","templated":true}]}}