{"id":6010,"date":"2024-04-05T12:03:13","date_gmt":"2024-04-05T10:03:13","guid":{"rendered":"https:\/\/verdeblu.com\/?post_type=product&#038;p=6010"},"modified":"2026-01-20T12:09:41","modified_gmt":"2026-01-20T11:09:41","slug":"de-love","status":"publish","type":"product","link":"https:\/\/verdeblu.com\/it\/de-love\/","title":{"rendered":"De Love"},"content":{"rendered":"<p><strong>DE LOVE<\/strong>\/ Caicco a Noleggio <\/p>\n<p>Tutte le fotografie sono in rendering, presto le foto originali.<\/p>\n<p><strong>DE LOVE<\/strong>, Caicco turco  con 7 suites per noleggi con equipaggio nel Mediterraneo, in particolare la Turchia.<br \/>\nDe Love \u00e8 la nave gemella della King of the Sea da 10 cabine, ma offre alloggi pi\u00f9 ampi ed \u00e8 dotata di 7 suites per un totale di 14 ospiti a bordo. \u00c8 il nuovo concetto di yacht di lusso per grandi gruppi. Il nuovo design \u00e8 pi\u00f9 vicino al concetto di yacht a motore che a quello di caicco: grande flybridge con jacuzzi, comoda piattaforma marina al livello del mare, salone\/cokpit open space allo stesso livello.<br \/>\nSar\u00e0 pronta per il noleggio dal 1 luglio 2024.<\/p>\n<p><strong>Sistemazione Ospiti<\/strong>: Il Caicco Gulet De Love. pu\u00f2 ospitare 14 persone in un totale di 7 suites con letto king size   Tutte le cabine hanno bagno privato.<\/p>\n<p><strong>Equipaggio<\/strong>: I dati riguardanti la composizione dell&#8217;equipaggio per l&#8217;Estate 2024 non sono ancora stati resi noti<\/p>\n","protected":false},"excerpt":{"rendered":"<p><span style=\"font-weight: bold\">Bassa Stagione:<\/span> \u20ac70.000\/sett<br \/>\n<span style=\"font-weight: bold\">Alta Stagione:<\/span> \u20ac98.000\/sett<br \/>\n<span style=\"font-weight: bold\">Media Stagione:<\/span> \u20ac87.500\/sett<br \/>\n<span style=\"font-weight: bold\">Lunghezza:<\/span> 47.00 mt (154&#8242; 2&#8243;) <br \/>\n<span style=\"font-weight: bold\">Cabine:<\/span> 7<br \/>\n<span style=\"font-weight: bold\">Tipo di Yacht:<\/span> Sailing Yacht <br \/>\n<span style=\"font-weight: bold\">Anno:<\/span> 2024<br \/>\n<span style=\"font-weight: bold\">Modello:<\/span> caicco turco <br \/>\n<span style=\"font-weight: bold\">Cantiere:<\/span> Cantiere turco <\/p>\n","protected":false},"featured_media":6011,"template":"","meta":{"site-sidebar-layout":"default","site-content-layout":"","ast-site-content-layout":"default","site-content-style":"default","site-sidebar-style":"default","ast-global-header-display":"","ast-banner-title-visibility":"","ast-main-header-display":"","ast-hfb-above-header-display":"","ast-hfb-below-header-display":"","ast-hfb-mobile-header-display":"","site-post-title":"","ast-breadcrumbs-content":"","ast-featured-img":"","footer-sml-layout":"","theme-transparent-header-meta":"default","adv-header-id-meta":"","stick-header-meta":"default","header-above-stick-meta":"","header-main-stick-meta":"","header-below-stick-meta":"","astra-migrate-meta-layouts":"set","ast-page-background-enabled":"default","ast-page-background-meta":{"desktop":{"background-color":"var(--ast-global-color-4)","background-image":"","background-repeat":"repeat","background-position":"center center","background-size":"auto","background-attachment":"scroll","background-type":"","background-media":"","overlay-type":"","overlay-color":"","overlay-opacity":"","overlay-gradient":""},"tablet":{"background-color":"","background-image":"","background-repeat":"repeat","background-position":"center center","background-size":"auto","background-attachment":"scroll","background-type":"","background-media":"","overlay-type":"","overlay-color":"","overlay-opacity":"","overlay-gradient":""},"mobile":{"background-color":"","background-image":"","background-repeat":"repeat","background-position":"center center","background-size":"auto","background-attachment":"scroll","background-type":"","background-media":"","overlay-type":"","overlay-color":"","overlay-opacity":"","overlay-gradient":""}},"ast-content-background-meta":{"desktop":{"background-color":"var(--ast-global-color-5)","background-image":"","background-repeat":"repeat","background-position":"center center","background-size":"auto","background-attachment":"scroll","background-type":"","background-media":"","overlay-type":"","overlay-color":"","overlay-opacity":"","overlay-gradient":""},"tablet":{"background-color":"var(--ast-global-color-5)","background-image":"","background-repeat":"repeat","background-position":"center center","background-size":"auto","background-attachment":"scroll","background-type":"","background-media":"","overlay-type":"","overlay-color":"","overlay-opacity":"","overlay-gradient":""},"mobile":{"background-color":"var(--ast-global-color-5)","background-image":"","background-repeat":"repeat","background-position":"center center","background-size":"auto","background-attachment":"scroll","background-type":"","background-media":"","overlay-type":"","overlay-color":"","overlay-opacity":"","overlay-gradient":""}},"_joinchat":[]},"product_cat":[1128,791,22,792,40,62,46],"product_tag":[],"class_list":{"0":"post-6010","1":"product","2":"type-product","3":"status-publish","4":"has-post-thumbnail","6":"product_cat-noleggio-yacht-bodrum","7":"product_cat-caicco","8":"product_cat-destinazioni-yacht","9":"product_cat-marmaris","10":"product_cat-noleggio-yacht-mediterraneo","11":"product_cat-noleggio-yacht-turchia","12":"product_cat-noleggio-yacht-vela","13":"pa_lunghezza-47-mt","14":"desktop-align-left","15":"tablet-align-left","16":"mobile-align-left","18":"first","19":"instock","20":"shipping-taxable","21":"product-type-simple"},"acf":[],"_links":{"self":[{"href":"https:\/\/verdeblu.com\/it\/wp-json\/wp\/v2\/product\/6010","targetHints":{"allow":["GET"]}}],"collection":[{"href":"https:\/\/verdeblu.com\/it\/wp-json\/wp\/v2\/product"}],"about":[{"href":"https:\/\/verdeblu.com\/it\/wp-json\/wp\/v2\/types\/product"}],"wp:featuredmedia":[{"embeddable":true,"href":"https:\/\/verdeblu.com\/it\/wp-json\/wp\/v2\/media\/6011"}],"wp:attachment":[{"href":"https:\/\/verdeblu.com\/it\/wp-json\/wp\/v2\/media?parent=6010"}],"wp:term":[{"taxonomy":"product_cat","embeddable":true,"href":"https:\/\/verdeblu.com\/it\/wp-json\/wp\/v2\/product_cat?post=6010"},{"taxonomy":"product_tag","embeddable":true,"href":"https:\/\/verdeblu.com\/it\/wp-json\/wp\/v2\/product_tag?post=6010"}],"curies":[{"name":"wp","href":"https:\/\/api.w.org\/{rel}","templated":true}]}}