{"id":6175,"date":"2024-04-09T15:28:56","date_gmt":"2024-04-09T13:28:56","guid":{"rendered":"https:\/\/verdeblu.com\/?post_type=product&#038;p=6175"},"modified":"2025-02-20T12:04:25","modified_gmt":"2025-02-20T11:04:25","slug":"la-bella-vita","status":"publish","type":"product","link":"https:\/\/verdeblu.com\/it\/la-bella-vita\/","title":{"rendered":"La Bella Vita"},"content":{"rendered":"<p><strong>LA BELLA VITA<\/strong>\/ Caicco a Noleggio <\/p>\n<p><strong>LA BELLA VITA<\/strong>, Lo yacht fu costruito nel 2011 e completamente ristrutturato nell&#8217;inverno 2022\/2023 da Carpe Diem Yachting, interamente in legno \u00e8 dotato di Wifi e aria condizionata a bordo. La Bella Vita (ex Carpe Diem IV) \u00e8 un caicco di grande successo disponibile nelle acque turche di base a Marmaris. Le enormi dimensioni e la qualit\u00e0 dei legni utilizzati per la sua costruzione, pongono la barca ai pi\u00f9 alti standard del mercato. I punti forti di questo gioiello del mare sono soprattutto la presenza di moto d&#8217;acqua a bordo, spazi sorprendenti e legni pregiati, equipaggio professionale e di alto livello, sauna in una delle cabine armatoriali\n<\/p>\n<p><strong>Sistemazione Ospiti<\/strong>: Il Caicco Gulet La Bella Vita pu\u00f2 ospitare 12 persone in un totale di 6 suites, di cui 4 Matrimoniali, 1 Tripla, 1 Doppia<\/p>\n<p><strong>Equipaggio<\/strong>: L&#8217;equipaggio \u00e8 composto da 6 membri. Il capitano Ahmet Ucar \u00e8 turco ed ha 24 anni di esperienza di navigazione. Anche lo chef Salih Akcan, turco  \u00e8 invece molto giovane ma con gi\u00e0 tanta esperienza sulle spalle e varie stagioni su altri prestigiosi yachts prima di approdare a La Bella Vita<\/p>\n","protected":false},"excerpt":{"rendered":"<p><span style=\"font-weight: bold\">Bassa Stagione:<\/span> \u20ac38.500\/sett <br \/>\n<span style=\"font-weight: bold\">Media Stagione:<\/span> \u20ac49.000\/sett<br \/\n<span style=\"font-weight: bold\"><strong>Alta Stagione<\/strong>:<\/span> \u20ac56.000\/sett<br \/>\n<span style=\"font-weight: bold\">Lunghezza:<\/span> 47.00 mt (154&#8242; 2&#8243;) <br \/>\n<span style=\"font-weight: bold\">Cabine:<\/span> 9 <br \/>\n<span style=\"font-weight: bold\">Tipo di Yacht:<\/span> Sailing Yacht <br \/>\n<span style=\"font-weight: bold\">Anno:<\/span> 2011 (refit 2023)<br \/>\n<span style=\"font-weight: bold\">Modello:<\/span> caicco turco <br \/>\n<span style=\"font-weight: bold\">Cantiere:<\/span> Carpe Diem Yachting <\/p>\n","protected":false},"featured_media":6507,"template":"","meta":{"site-sidebar-layout":"default","site-content-layout":"","ast-site-content-layout":"default","site-content-style":"default","site-sidebar-style":"default","ast-global-header-display":"","ast-banner-title-visibility":"","ast-main-header-display":"","ast-hfb-above-header-display":"","ast-hfb-below-header-display":"","ast-hfb-mobile-header-display":"","site-post-title":"","ast-breadcrumbs-content":"","ast-featured-img":"","footer-sml-layout":"","theme-transparent-header-meta":"default","adv-header-id-meta":"","stick-header-meta":"default","header-above-stick-meta":"","header-main-stick-meta":"","header-below-stick-meta":"","astra-migrate-meta-layouts":"set","ast-page-background-enabled":"default","ast-page-background-meta":{"desktop":{"background-color":"var(--ast-global-color-4)","background-image":"","background-repeat":"repeat","background-position":"center center","background-size":"auto","background-attachment":"scroll","background-type":"","background-media":"","overlay-type":"","overlay-color":"","overlay-opacity":"","overlay-gradient":""},"tablet":{"background-color":"","background-image":"","background-repeat":"repeat","background-position":"center center","background-size":"auto","background-attachment":"scroll","background-type":"","background-media":"","overlay-type":"","overlay-color":"","overlay-opacity":"","overlay-gradient":""},"mobile":{"background-color":"","background-image":"","background-repeat":"repeat","background-position":"center center","background-size":"auto","background-attachment":"scroll","background-type":"","background-media":"","overlay-type":"","overlay-color":"","overlay-opacity":"","overlay-gradient":""}},"ast-content-background-meta":{"desktop":{"background-color":"var(--ast-global-color-5)","background-image":"","background-repeat":"repeat","background-position":"center center","background-size":"auto","background-attachment":"scroll","background-type":"","background-media":"","overlay-type":"","overlay-color":"","overlay-opacity":"","overlay-gradient":""},"tablet":{"background-color":"var(--ast-global-color-5)","background-image":"","background-repeat":"repeat","background-position":"center center","background-size":"auto","background-attachment":"scroll","background-type":"","background-media":"","overlay-type":"","overlay-color":"","overlay-opacity":"","overlay-gradient":""},"mobile":{"background-color":"var(--ast-global-color-5)","background-image":"","background-repeat":"repeat","background-position":"center center","background-size":"auto","background-attachment":"scroll","background-type":"","background-media":"","overlay-type":"","overlay-color":"","overlay-opacity":"","overlay-gradient":""}},"_joinchat":[]},"product_cat":[1128,22,40,62,46],"product_tag":[],"class_list":{"0":"post-6175","1":"product","2":"type-product","3":"status-publish","4":"has-post-thumbnail","6":"product_cat-noleggio-yacht-bodrum","7":"product_cat-destinazioni-yacht","8":"product_cat-noleggio-yacht-mediterraneo","9":"product_cat-noleggio-yacht-turchia","10":"product_cat-noleggio-yacht-vela","11":"pa_cantieri-carpe-die-yachting","12":"desktop-align-left","13":"tablet-align-left","14":"mobile-align-left","16":"first","17":"instock","18":"shipping-taxable","19":"product-type-simple"},"acf":[],"_links":{"self":[{"href":"https:\/\/verdeblu.com\/it\/wp-json\/wp\/v2\/product\/6175","targetHints":{"allow":["GET"]}}],"collection":[{"href":"https:\/\/verdeblu.com\/it\/wp-json\/wp\/v2\/product"}],"about":[{"href":"https:\/\/verdeblu.com\/it\/wp-json\/wp\/v2\/types\/product"}],"wp:featuredmedia":[{"embeddable":true,"href":"https:\/\/verdeblu.com\/it\/wp-json\/wp\/v2\/media\/6507"}],"wp:attachment":[{"href":"https:\/\/verdeblu.com\/it\/wp-json\/wp\/v2\/media?parent=6175"}],"wp:term":[{"taxonomy":"product_cat","embeddable":true,"href":"https:\/\/verdeblu.com\/it\/wp-json\/wp\/v2\/product_cat?post=6175"},{"taxonomy":"product_tag","embeddable":true,"href":"https:\/\/verdeblu.com\/it\/wp-json\/wp\/v2\/product_tag?post=6175"}],"curies":[{"name":"wp","href":"https:\/\/api.w.org\/{rel}","templated":true}]}}