{"id":6572,"date":"2024-04-14T13:29:56","date_gmt":"2024-04-14T11:29:56","guid":{"rendered":"https:\/\/verdeblu.com\/?post_type=product&#038;p=6572"},"modified":"2026-01-20T12:02:39","modified_gmt":"2026-01-20T11:02:39","slug":"all-about-u-2","status":"publish","type":"product","link":"https:\/\/verdeblu.com\/it\/all-about-u-2\/","title":{"rendered":"All About u 2"},"content":{"rendered":"<p><strong>ALL ABOUT U 2<\/strong>\/ Caicco a Noleggio <\/p>\n<p><strong>All About U 2<\/strong>,  \u00e8 uno yacht moderno, varato nel 2019 da Ada Yacht Work a Bodrum, Turchia.Questolussuoso Yacht \u00e8 stato progettato per offrire i pi\u00f9 alti standard in termini di comfort, servizio e navigazione. La sua enorme piattaforma beach-club ad apertura idraulica \u00e8 una vera e propria spiaggia privata e pu\u00f2 essere utilizzata anche per usufruire della vasta selezione di giochi acquatici disponibili a bordo.<br \/>\nGli spazi del ponte sono assolutamente stupendi: un fly bridge di 70 mq, un salone molto ampio ed elegante, un pozzetto per cocktail nella parte anteriore. Il ponte a poppa su cui cenare al chiaro di luna o pranzare cullati dal vento e baciati dal sole e la piattaforma da spiaggia danno agli ospiti l&#8217;opportunit\u00e0 di avere il proprio spazio privato o comune.<br \/>\n\u00c8 lo yacht perfetto per una fantastica vacanza in crociera nel Mediterraneo orientale.<br \/>\nVanta una vastissima selezione di giochi acquatici e la sua piattaforma idraulica consente di avere a bordo una vera e propria zona &#8220;Beach Club&#8221;. Un&#8217;altra chicca a bordo per una vacanza indimenticabile \u00e8 la Sala Massaggi a disposizione degli ospiti per rilassarsi.<br \/>\nIl Flybridge \u00e8 di ben 70 mq con bar e impianto audio discoteca.\n<\/p>\n<p><strong>Sistemazione Ospiti<\/strong>: 6 cabine doppie di lusso (1 armatoriale e 1 Vip) all ensuite, possono ospitare fino a 12 ospiti.Cabine ospiti 6: 1 armatoriale, 1 vip, 4 doppie<br \/>\nConfigurazione letti: 6 King<br \/>\nUna sala massaggi dedicata a disposizione degli ospiti.<br \/>\nA bordo \u00e8 disponibile una vasta selezione di giochi acquatici per adulti\/bambini.<\/p>\n<p><strong>Equipaggio<\/strong>: L&#8217;equipaggio \u00e8 composto da 10 membri di nazionalit\u00e0 turca. Il capitano Emir Karaman \u00e8 turco ed ha 29 anni, parla turco e inglese.Tra gli altri  membri ci sono: Koran Sakar, lo chef con pi\u00f9 di 20 anni di esperienza a bordo di yachts di lusso, anch&#8217;egli parla turco e inglese. Zafer Yilmaz, deckland e manager ed insegnante di bordo per gli sport acquatici. Erim Cicek pilota del Dinghy \u00e8 di origine inglese,nato in Inghilterra, ma di nazionalit\u00e0 turca, figlio di un capitano, naviga per mare da quando era bambino. <\/p>\n<p><a href=\"https:\/\/youtu.be\/33LgKDMkZPk\" target=\"_blank\" rel=\"noopener\"> GUARDA IL VIDEO <\/a><\/p>\n","protected":false},"excerpt":{"rendered":"<p><span style=\"font-weight: bold\">Bassa Stagione:<\/span> \u20ac170.000\/sett<br \/>\n<span style=\"font-weight: bold\">Alta Stagione:<\/span> \u20ac200.000\/sett <br \/\n<span style=\"font-weight: bold\">Media Stagione:<\/span> \u20ac120.000\/sett <br \/\n<span style=\"font-weight: bold\">Lunghezza:<\/span> 50.00 mt (164&#8242; 1&#8243;) <br \/>\n<span style=\"font-weight: bold\">Cabine:<\/span> 6 <br \/>\n<span style=\"font-weight: bold\">Tipo di Yacht:<\/span> Sailing Yacht <br \/>\n<span style=\"font-weight: bold\">Anno:<\/span> 2019<br \/>\n<span style=\"font-weight: bold\">Modello:<\/span> caicco turco <br \/>\n<span style=\"font-weight: bold\">Cantiere:<\/span> Ada Yacht Work<\/p>\n","protected":false},"featured_media":6573,"template":"","meta":{"site-sidebar-layout":"default","site-content-layout":"","ast-site-content-layout":"default","site-content-style":"default","site-sidebar-style":"default","ast-global-header-display":"","ast-banner-title-visibility":"","ast-main-header-display":"","ast-hfb-above-header-display":"","ast-hfb-below-header-display":"","ast-hfb-mobile-header-display":"","site-post-title":"","ast-breadcrumbs-content":"","ast-featured-img":"","footer-sml-layout":"","theme-transparent-header-meta":"default","adv-header-id-meta":"","stick-header-meta":"default","header-above-stick-meta":"","header-main-stick-meta":"","header-below-stick-meta":"","astra-migrate-meta-layouts":"set","ast-page-background-enabled":"default","ast-page-background-meta":{"desktop":{"background-color":"var(--ast-global-color-4)","background-image":"","background-repeat":"repeat","background-position":"center center","background-size":"auto","background-attachment":"scroll","background-type":"","background-media":"","overlay-type":"","overlay-color":"","overlay-opacity":"","overlay-gradient":""},"tablet":{"background-color":"","background-image":"","background-repeat":"repeat","background-position":"center center","background-size":"auto","background-attachment":"scroll","background-type":"","background-media":"","overlay-type":"","overlay-color":"","overlay-opacity":"","overlay-gradient":""},"mobile":{"background-color":"","background-image":"","background-repeat":"repeat","background-position":"center center","background-size":"auto","background-attachment":"scroll","background-type":"","background-media":"","overlay-type":"","overlay-color":"","overlay-opacity":"","overlay-gradient":""}},"ast-content-background-meta":{"desktop":{"background-color":"var(--ast-global-color-5)","background-image":"","background-repeat":"repeat","background-position":"center center","background-size":"auto","background-attachment":"scroll","background-type":"","background-media":"","overlay-type":"","overlay-color":"","overlay-opacity":"","overlay-gradient":""},"tablet":{"background-color":"var(--ast-global-color-5)","background-image":"","background-repeat":"repeat","background-position":"center center","background-size":"auto","background-attachment":"scroll","background-type":"","background-media":"","overlay-type":"","overlay-color":"","overlay-opacity":"","overlay-gradient":""},"mobile":{"background-color":"var(--ast-global-color-5)","background-image":"","background-repeat":"repeat","background-position":"center center","background-size":"auto","background-attachment":"scroll","background-type":"","background-media":"","overlay-type":"","overlay-color":"","overlay-opacity":"","overlay-gradient":""}},"_joinchat":[]},"product_cat":[1128,791,22,792,40,62,46],"product_tag":[797,798,799,523],"class_list":{"0":"post-6572","1":"product","2":"type-product","3":"status-publish","4":"has-post-thumbnail","6":"product_cat-noleggio-yacht-bodrum","7":"product_cat-caicco","8":"product_cat-destinazioni-yacht","9":"product_cat-marmaris","10":"product_cat-noleggio-yacht-mediterraneo","11":"product_cat-noleggio-yacht-turchia","12":"product_cat-noleggio-yacht-vela","13":"product_tag-caicco","14":"product_tag-mediterraneo","15":"product_tag-turchia","16":"product_tag-yacht-a-vela","17":"pa_cantieri-ada-yacht","18":"pa_lunghezza-50-mt","19":"desktop-align-left","20":"tablet-align-left","21":"mobile-align-left","23":"first","24":"instock","25":"shipping-taxable","26":"product-type-simple"},"acf":[],"_links":{"self":[{"href":"https:\/\/verdeblu.com\/it\/wp-json\/wp\/v2\/product\/6572","targetHints":{"allow":["GET"]}}],"collection":[{"href":"https:\/\/verdeblu.com\/it\/wp-json\/wp\/v2\/product"}],"about":[{"href":"https:\/\/verdeblu.com\/it\/wp-json\/wp\/v2\/types\/product"}],"wp:featuredmedia":[{"embeddable":true,"href":"https:\/\/verdeblu.com\/it\/wp-json\/wp\/v2\/media\/6573"}],"wp:attachment":[{"href":"https:\/\/verdeblu.com\/it\/wp-json\/wp\/v2\/media?parent=6572"}],"wp:term":[{"taxonomy":"product_cat","embeddable":true,"href":"https:\/\/verdeblu.com\/it\/wp-json\/wp\/v2\/product_cat?post=6572"},{"taxonomy":"product_tag","embeddable":true,"href":"https:\/\/verdeblu.com\/it\/wp-json\/wp\/v2\/product_tag?post=6572"}],"curies":[{"name":"wp","href":"https:\/\/api.w.org\/{rel}","templated":true}]}}